{"id":774,"date":"2021-06-09T15:58:31","date_gmt":"2021-06-09T12:58:31","guid":{"rendered":"https:\/\/genkim.com.tr\/kaucuk-sanayi\/"},"modified":"2022-06-25T20:31:48","modified_gmt":"2022-06-25T17:31:48","slug":"rubber-industry","status":"publish","type":"page","link":"https:\/\/genkim.com.tr\/en\/rubber-industry\/","title":{"rendered":"Rubber Industry"},"content":{"rendered":"<div class=\"wpb-content-wrapper\"><p>[vc_row][vc_column][vc_column_text]<\/p>\n<table class=\"t1\" style=\"width: 100%; height: 90px;\" cellspacing=\"0\" cellpadding=\"0\">\n<tbody>\n<tr style=\"height: 32px;\">\n<th class=\"td1\" style=\"width: 25.1689%; height: 32px; text-align: center;\" valign=\"middle\">\n<p class=\"p1\">\u00dcr\u00fcn ad\u0131<\/p>\n<\/th>\n<th class=\"td1\" style=\"width: 11.9932%; height: 32px; text-align: center;\" valign=\"middle\">\n<p class=\"p1\">\u0130yonik Yap\u0131<\/p>\n<\/th>\n<th class=\"td1\" style=\"width: 62.5%; height: 32px; text-align: center;\" valign=\"middle\">\n<p class=\"p1\">Uygulama Alan\u0131<\/p>\n<\/th>\n<\/tr>\n<tr>\n<td style=\"width: 25.1689%;\" width=\"185\">BRANGUMA 2000 S<\/td>\n<td class=\"td1\" style=\"width: 11.9932%; height: 10px;\" valign=\"middle\"><\/td>\n<td style=\"width: 62.5%;\" width=\"920\">Paraffinic Process Oil For Rubber Industry<\/td>\n<\/tr>\n<tr>\n<td style=\"width: 25.1689%;\">BRANGUMA 3000<\/td>\n<td class=\"td1\" style=\"width: 11.9932%; height: 18px;\" valign=\"middle\"><\/td>\n<td style=\"width: 62.5%;\">Paraffinic Process Oil For Rubber Industry<\/td>\n<\/tr>\n<tr>\n<td style=\"width: 25.1689%;\">BRANGUMA 4000<\/td>\n<td class=\"td1\" style=\"width: 11.9932%; height: 10px;\" valign=\"middle\"><\/td>\n<td style=\"width: 62.5%;\">Paraffinic Process Oil For Rubber Industry<\/td>\n<\/tr>\n<tr>\n<td style=\"width: 25.1689%;\">BRANGUMA 5000<\/td>\n<td class=\"td1\" style=\"width: 11.9932%; height: 10px;\" valign=\"middle\"><\/td>\n<td style=\"width: 62.5%;\">Paraffinic Process Oil For Rubber Industry<\/td>\n<\/tr>\n<tr>\n<td style=\"width: 25.1689%;\">STEARIC ACID<\/td>\n<td class=\"td1\" style=\"width: 11.9932%; height: 10px;\" valign=\"middle\"><\/td>\n<td style=\"width: 62.5%;\">Stearic Acid for Rubber Processing<\/td>\n<\/tr>\n<tr>\n<td style=\"width: 25.1689%;\">STEARIC ACID 01<\/td>\n<td style=\"width: 11.9932%;\"><\/td>\n<td style=\"width: 62.5%;\">Stearic Acid for Rubber Processing<\/td>\n<\/tr>\n<tr>\n<td style=\"width: 25.1689%;\">PEG 4000<\/td>\n<td style=\"width: 11.9932%;\"><\/td>\n<td style=\"width: 62.5%;\">PEG 4000<\/td>\n<\/tr>\n<tr>\n<td style=\"width: 25.1689%;\">BRANPLAST 2110<\/td>\n<td style=\"width: 11.9932%;\"><\/td>\n<td style=\"width: 62.5%;\">Silicone Based Realese Agent<\/td>\n<\/tr>\n<\/tbody>\n<\/table>\n<p>[\/vc_column_text][\/vc_column][\/vc_row]<\/p>\n<\/div>","protected":false},"excerpt":{"rendered":"<p>[vc_row][vc_column][vc_column_text] \u00dcr\u00fcn ad\u0131 \u0130yonik Yap\u0131 Uygulama Alan\u0131 BRANGUMA 2000 S Paraffinic Process Oil For Rubber Industry BRANGUMA 3000 Paraffinic Process Oil For Rubber Industry BRANGUMA 4000 Paraffinic Process Oil For Rubber Industry BRANGUMA 5000 Paraffinic Process Oil For Rubber Industry STEARIC ACID Stearic Acid for Rubber Processing STEARIC ACID 01 Stearic Acid for Rubber Processing&hellip;<\/p>\n","protected":false},"author":1,"featured_media":0,"parent":0,"menu_order":0,"comment_status":"closed","ping_status":"closed","template":"","meta":{"footnotes":""},"class_list":["post-774","page","type-page","status-publish","hentry","description-off"],"yoast_head":"<!-- This site is optimized with the Yoast SEO plugin v24.0 - https:\/\/yoast.com\/wordpress\/plugins\/seo\/ -->\n<title>Rubber Industry - GENK\u0130M<\/title>\n<meta name=\"robots\" content=\"index, follow, max-snippet:-1, max-image-preview:large, max-video-preview:-1\" \/>\n<link rel=\"canonical\" href=\"https:\/\/genkim.com.tr\/en\/rubber-industry\/\" \/>\n<meta property=\"og:locale\" content=\"en_US\" \/>\n<meta property=\"og:type\" content=\"article\" \/>\n<meta property=\"og:title\" content=\"Rubber Industry - GENK\u0130M\" \/>\n<meta property=\"og:description\" content=\"[vc_row][vc_column][vc_column_text] \u00dcr\u00fcn ad\u0131 \u0130yonik Yap\u0131 Uygulama Alan\u0131 BRANGUMA 2000 S Paraffinic Process Oil For Rubber Industry BRANGUMA 3000 Paraffinic Process Oil For Rubber Industry BRANGUMA 4000 Paraffinic Process Oil For Rubber Industry BRANGUMA 5000 Paraffinic Process Oil For Rubber Industry STEARIC ACID Stearic Acid for Rubber Processing STEARIC ACID 01 Stearic Acid for Rubber Processing&hellip;\" \/>\n<meta property=\"og:url\" content=\"https:\/\/genkim.com.tr\/en\/rubber-industry\/\" \/>\n<meta property=\"og:site_name\" content=\"GENK\u0130M\" \/>\n<meta property=\"article:modified_time\" content=\"2022-06-25T17:31:48+00:00\" \/>\n<meta name=\"twitter:card\" content=\"summary_large_image\" \/>\n<meta name=\"twitter:label1\" content=\"Est. reading time\" \/>\n\t<meta name=\"twitter:data1\" content=\"1 minute\" \/>\n<script type=\"application\/ld+json\" class=\"yoast-schema-graph\">{\"@context\":\"https:\/\/schema.org\",\"@graph\":[{\"@type\":\"WebPage\",\"@id\":\"https:\/\/genkim.com.tr\/en\/rubber-industry\/\",\"url\":\"https:\/\/genkim.com.tr\/en\/rubber-industry\/\",\"name\":\"Rubber Industry - GENK\u0130M\",\"isPartOf\":{\"@id\":\"https:\/\/genkim.com.tr\/#website\"},\"datePublished\":\"2021-06-09T12:58:31+00:00\",\"dateModified\":\"2022-06-25T17:31:48+00:00\",\"breadcrumb\":{\"@id\":\"https:\/\/genkim.com.tr\/en\/rubber-industry\/#breadcrumb\"},\"inLanguage\":\"en-US\",\"potentialAction\":[{\"@type\":\"ReadAction\",\"target\":[\"https:\/\/genkim.com.tr\/en\/rubber-industry\/\"]}]},{\"@type\":\"BreadcrumbList\",\"@id\":\"https:\/\/genkim.com.tr\/en\/rubber-industry\/#breadcrumb\",\"itemListElement\":[{\"@type\":\"ListItem\",\"position\":1,\"name\":\"Anasayfa\",\"item\":\"https:\/\/genkim.com.tr\/en\/\"},{\"@type\":\"ListItem\",\"position\":2,\"name\":\"Rubber Industry\"}]},{\"@type\":\"WebSite\",\"@id\":\"https:\/\/genkim.com.tr\/#website\",\"url\":\"https:\/\/genkim.com.tr\/\",\"name\":\"GENK\u0130M\",\"description\":\"Genel End\u00fcstriyel Kimyevi Maddeler\u0130 | Bursa\",\"potentialAction\":[{\"@type\":\"SearchAction\",\"target\":{\"@type\":\"EntryPoint\",\"urlTemplate\":\"https:\/\/genkim.com.tr\/?s={search_term_string}\"},\"query-input\":{\"@type\":\"PropertyValueSpecification\",\"valueRequired\":true,\"valueName\":\"search_term_string\"}}],\"inLanguage\":\"en-US\"}]}<\/script>\n<!-- \/ Yoast SEO plugin. -->","yoast_head_json":{"title":"Rubber Industry - GENK\u0130M","robots":{"index":"index","follow":"follow","max-snippet":"max-snippet:-1","max-image-preview":"max-image-preview:large","max-video-preview":"max-video-preview:-1"},"canonical":"https:\/\/genkim.com.tr\/en\/rubber-industry\/","og_locale":"en_US","og_type":"article","og_title":"Rubber Industry - GENK\u0130M","og_description":"[vc_row][vc_column][vc_column_text] \u00dcr\u00fcn ad\u0131 \u0130yonik Yap\u0131 Uygulama Alan\u0131 BRANGUMA 2000 S Paraffinic Process Oil For Rubber Industry BRANGUMA 3000 Paraffinic Process Oil For Rubber Industry BRANGUMA 4000 Paraffinic Process Oil For Rubber Industry BRANGUMA 5000 Paraffinic Process Oil For Rubber Industry STEARIC ACID Stearic Acid for Rubber Processing STEARIC ACID 01 Stearic Acid for Rubber Processing&hellip;","og_url":"https:\/\/genkim.com.tr\/en\/rubber-industry\/","og_site_name":"GENK\u0130M","article_modified_time":"2022-06-25T17:31:48+00:00","twitter_card":"summary_large_image","twitter_misc":{"Est. reading time":"1 minute"},"schema":{"@context":"https:\/\/schema.org","@graph":[{"@type":"WebPage","@id":"https:\/\/genkim.com.tr\/en\/rubber-industry\/","url":"https:\/\/genkim.com.tr\/en\/rubber-industry\/","name":"Rubber Industry - GENK\u0130M","isPartOf":{"@id":"https:\/\/genkim.com.tr\/#website"},"datePublished":"2021-06-09T12:58:31+00:00","dateModified":"2022-06-25T17:31:48+00:00","breadcrumb":{"@id":"https:\/\/genkim.com.tr\/en\/rubber-industry\/#breadcrumb"},"inLanguage":"en-US","potentialAction":[{"@type":"ReadAction","target":["https:\/\/genkim.com.tr\/en\/rubber-industry\/"]}]},{"@type":"BreadcrumbList","@id":"https:\/\/genkim.com.tr\/en\/rubber-industry\/#breadcrumb","itemListElement":[{"@type":"ListItem","position":1,"name":"Anasayfa","item":"https:\/\/genkim.com.tr\/en\/"},{"@type":"ListItem","position":2,"name":"Rubber Industry"}]},{"@type":"WebSite","@id":"https:\/\/genkim.com.tr\/#website","url":"https:\/\/genkim.com.tr\/","name":"GENK\u0130M","description":"Genel End\u00fcstriyel Kimyevi Maddeler\u0130 | Bursa","potentialAction":[{"@type":"SearchAction","target":{"@type":"EntryPoint","urlTemplate":"https:\/\/genkim.com.tr\/?s={search_term_string}"},"query-input":{"@type":"PropertyValueSpecification","valueRequired":true,"valueName":"search_term_string"}}],"inLanguage":"en-US"}]}},"_links":{"self":[{"href":"https:\/\/genkim.com.tr\/en\/wp-json\/wp\/v2\/pages\/774\/"}],"collection":[{"href":"https:\/\/genkim.com.tr\/en\/wp-json\/wp\/v2\/pages\/"}],"about":[{"href":"https:\/\/genkim.com.tr\/en\/wp-json\/wp\/v2\/types\/page\/"}],"author":[{"embeddable":true,"href":"https:\/\/genkim.com.tr\/en\/wp-json\/wp\/v2\/users\/1\/"}],"replies":[{"embeddable":true,"href":"https:\/\/genkim.com.tr\/en\/wp-json\/wp\/v2\/comments\/?post=774"}],"version-history":[{"count":2,"href":"https:\/\/genkim.com.tr\/en\/wp-json\/wp\/v2\/pages\/774\/revisions\/"}],"predecessor-version":[{"id":1127,"href":"https:\/\/genkim.com.tr\/en\/wp-json\/wp\/v2\/pages\/774\/revisions\/1127\/"}],"wp:attachment":[{"href":"https:\/\/genkim.com.tr\/en\/wp-json\/wp\/v2\/media\/?parent=774"}],"curies":[{"name":"wp","href":"https:\/\/api.w.org\/{rel}","templated":true}]}}