{"id":772,"date":"2021-06-09T15:47:03","date_gmt":"2021-06-09T12:47:03","guid":{"rendered":"https:\/\/genkim.com.tr\/ozel-yardimci-kimyasallar\/"},"modified":"2022-06-25T20:33:03","modified_gmt":"2022-06-25T17:33:03","slug":"special-auxiliary-chemicals","status":"publish","type":"page","link":"https:\/\/genkim.com.tr\/en\/special-auxiliary-chemicals\/","title":{"rendered":"Special Auxiliary Chemicals"},"content":{"rendered":"<div class=\"wpb-content-wrapper\"><p>[vc_row][vc_column][vc_column_text]<\/p>\n<table class=\"t1\" style=\"width: 100%; height: 662px;\" cellspacing=\"0\" cellpadding=\"0\">\n<tbody>\n<tr style=\"height: 32px;\">\n<th class=\"td1\" style=\"width: 25.1689%; height: 32px; text-align: center;\" valign=\"middle\">\n<p class=\"p1\">Product Name<\/p>\n<\/th>\n<th class=\"td1\" style=\"width: 11.9932%; height: 32px; text-align: center;\" valign=\"middle\">\n<p class=\"p1\">Ionic Character<\/p>\n<\/th>\n<th class=\"td1\" style=\"width: 62.5%; height: 32px; text-align: center;\" valign=\"middle\">\n<p class=\"p1\">Application Field<\/p>\n<\/th>\n<\/tr>\n<tr>\n<td style=\"width: 25.1689%;\" width=\"185\">LANAGEN AF<\/td>\n<td style=\"width: 11.9932%;\" width=\"155\">Anionic<\/td>\n<td style=\"width: 62.5%;\" width=\"920\">Anti-felting in woollens.<\/td>\n<\/tr>\n<tr>\n<td style=\"width: 25.1689%;\" width=\"185\">GENOX BB KONZ<\/td>\n<td style=\"width: 11.9932%;\" width=\"155\">Anionic<\/td>\n<td style=\"width: 62.5%;\">Sulfur dye antioxidant.<\/td>\n<\/tr>\n<tr>\n<td style=\"width: 25.1689%;\" width=\"185\">GENOX S<\/td>\n<td style=\"width: 11.9932%;\" width=\"155\">Anionic<\/td>\n<td style=\"width: 62.5%;\">Sulfur dyeing oxidation agent.<\/td>\n<\/tr>\n<tr>\n<td style=\"width: 25.1689%;\" width=\"185\">GENKOLA WB<\/td>\n<td style=\"width: 11.9932%;\" width=\"155\">Nonionic\/Anionic<\/td>\n<td style=\"width: 62.5%;\">Wash-resistant hem starch for knitted fabrics.<\/td>\n<\/tr>\n<tr>\n<td style=\"width: 25.1689%;\" width=\"185\">GENKIM MAC\u00a0 3<\/td>\n<td style=\"width: 11.9932%;\" width=\"155\">Cationic<\/td>\n<td style=\"width: 62.5%;\">Specially developed washing agent for in-machine cleaning of deposits such as oligomers, paints, silicones, and sizing.<\/td>\n<\/tr>\n<tr>\n<td style=\"width: 25.1689%;\" width=\"185\">GENOPTIK PB<\/td>\n<td style=\"width: 11.9932%;\" width=\"155\">Anionic<\/td>\n<td style=\"width: 62.5%;\">Concentrated optical brightener with blue nuance for cellulosic fibers.<\/td>\n<\/tr>\n<tr>\n<td style=\"width: 25.1689%;\" width=\"185\">GENOPTIK PES\/B<\/td>\n<td style=\"width: 11.9932%;\" width=\"155\">Anionic<\/td>\n<td style=\"width: 62.5%;\">Optical brightener with blue nuance for PES and its blends.<\/td>\n<\/tr>\n<tr>\n<td style=\"width: 25.1689%;\" width=\"185\">GENACRYL LTX 555<\/td>\n<td style=\"width: 11.9932%;\" width=\"155\">Nonionic<\/td>\n<td style=\"width: 62.5%;\">Soft and durable backing binder.<\/td>\n<\/tr>\n<tr>\n<td style=\"width: 25.1689%;\" width=\"185\">GENACRYL LT 111<\/td>\n<td style=\"width: 11.9932%;\" width=\"155\">Nonionic<\/td>\n<td style=\"width: 62.5%;\">Self-crosslinkable textile binder.<\/td>\n<\/tr>\n<tr>\n<td style=\"width: 25.1689%;\" width=\"185\">GENACRYL FSA<\/td>\n<td style=\"width: 11.9932%;\" width=\"155\">Nonionic<\/td>\n<td style=\"width: 62.5%;\">Textile and carpet binder.<\/td>\n<\/tr>\n<tr>\n<td style=\"width: 25.1689%;\" width=\"185\">GENACRYL LM 260<\/td>\n<td style=\"width: 11.9932%;\" width=\"155\">Nonionic<\/td>\n<td style=\"width: 62.5%;\" width=\"920\">Binder used to cover the backs of wool carpets.<\/td>\n<\/tr>\n<tr>\n<td style=\"width: 25.1689%;\" width=\"185\">APRETAN GT 40<\/td>\n<td style=\"width: 11.9932%;\" width=\"155\">Nonionic<\/td>\n<td style=\"width: 62.5%;\">Filling and stiffness agent used in all kinds of fibers.<\/td>\n<\/tr>\n<tr>\n<td style=\"width: 25.1689%;\" width=\"185\">GENKOLA WB<\/td>\n<td style=\"width: 11.9932%;\" width=\"155\">Nonionic\/Anionic<\/td>\n<td style=\"width: 62.5%;\">Wash-resistant, edge starching agent for knitted fabrics.<\/td>\n<\/tr>\n<tr>\n<td style=\"width: 25.1689%;\" width=\"185\">GENPLUS WG<\/td>\n<td style=\"width: 11.9932%;\" width=\"155\">Nonionic<\/td>\n<td style=\"width: 62.5%;\">Highly effective, very effective weight increaser.<\/td>\n<\/tr>\n<tr>\n<td style=\"width: 25.1689%;\" width=\"185\">GENACRYL HCP 104<\/td>\n<td style=\"width: 11.9932%;\" width=\"155\">Nonionic\/Anionic<\/td>\n<td style=\"width: 62.5%;\">Hard coating binder with high washing resistance.<\/td>\n<\/tr>\n<tr>\n<td style=\"width: 25.1689%;\" width=\"185\">GENACRYL SCP 160<\/td>\n<td style=\"width: 11.9932%;\" width=\"155\">Nonionic\/Anionic<\/td>\n<td style=\"width: 62.5%;\">Soft coating binder with high washing resistance.<\/td>\n<\/tr>\n<tr>\n<td style=\"width: 25.1689%;\" width=\"185\">GENACRYL NWB F3<\/td>\n<td style=\"width: 11.9932%;\" width=\"155\">Nonionic<\/td>\n<td style=\"width: 62.5%;\">Binder for needle punched carpet, rigid non-woven interlining and wadding.<\/td>\n<\/tr>\n<tr>\n<td style=\"width: 25.1689%;\" width=\"185\">GENACRYL VT 301<\/td>\n<td style=\"width: 11.9932%;\">Nonionic\/Slightly Anionic<\/td>\n<td style=\"width: 62.5%;\">Acrylic thickener for coating.<\/td>\n<\/tr>\n<tr>\n<td style=\"width: 25.1689%;\" width=\"185\">TURQUAT AA 9.1<\/td>\n<td style=\"width: 11.9932%;\"><\/td>\n<td style=\"width: 62.5%;\">Vegetable-based esterquat for the detergent industry.<\/td>\n<\/tr>\n<\/tbody>\n<\/table>\n<p>[\/vc_column_text][\/vc_column][\/vc_row]<\/p>\n<\/div>","protected":false},"excerpt":{"rendered":"<p>[vc_row][vc_column][vc_column_text] Product Name Ionic Character Application Field LANAGEN AF Anionic Anti-felting in woollens. GENOX BB KONZ Anionic Sulfur dye antioxidant. GENOX S Anionic Sulfur dyeing oxidation agent. GENKOLA WB Nonionic\/Anionic Wash-resistant hem starch for knitted fabrics. GENKIM MAC\u00a0 3 Cationic Specially developed washing agent for in-machine cleaning of deposits such as oligomers, paints, silicones, and&hellip;<\/p>\n","protected":false},"author":1,"featured_media":0,"parent":0,"menu_order":0,"comment_status":"closed","ping_status":"closed","template":"","meta":{"footnotes":""},"class_list":["post-772","page","type-page","status-publish","hentry","description-off"],"yoast_head":"<!-- This site is optimized with the Yoast SEO plugin v24.0 - https:\/\/yoast.com\/wordpress\/plugins\/seo\/ -->\n<title>Special Auxiliary Chemicals - GENK\u0130M<\/title>\n<meta name=\"robots\" content=\"index, follow, max-snippet:-1, max-image-preview:large, max-video-preview:-1\" \/>\n<link rel=\"canonical\" href=\"https:\/\/genkim.com.tr\/en\/special-auxiliary-chemicals\/\" \/>\n<meta property=\"og:locale\" content=\"en_US\" \/>\n<meta property=\"og:type\" content=\"article\" \/>\n<meta property=\"og:title\" content=\"Special Auxiliary Chemicals - GENK\u0130M\" \/>\n<meta property=\"og:description\" content=\"[vc_row][vc_column][vc_column_text] Product Name Ionic Character Application Field LANAGEN AF Anionic Anti-felting in woollens. GENOX BB KONZ Anionic Sulfur dye antioxidant. GENOX S Anionic Sulfur dyeing oxidation agent. GENKOLA WB Nonionic\/Anionic Wash-resistant hem starch for knitted fabrics. GENKIM MAC\u00a0 3 Cationic Specially developed washing agent for in-machine cleaning of deposits such as oligomers, paints, silicones, and&hellip;\" \/>\n<meta property=\"og:url\" content=\"https:\/\/genkim.com.tr\/en\/special-auxiliary-chemicals\/\" \/>\n<meta property=\"og:site_name\" content=\"GENK\u0130M\" \/>\n<meta property=\"article:modified_time\" content=\"2022-06-25T17:33:03+00:00\" \/>\n<meta name=\"twitter:card\" content=\"summary_large_image\" \/>\n<meta name=\"twitter:label1\" content=\"Est. reading time\" \/>\n\t<meta name=\"twitter:data1\" content=\"1 minute\" \/>\n<script type=\"application\/ld+json\" class=\"yoast-schema-graph\">{\"@context\":\"https:\/\/schema.org\",\"@graph\":[{\"@type\":\"WebPage\",\"@id\":\"https:\/\/genkim.com.tr\/en\/special-auxiliary-chemicals\/\",\"url\":\"https:\/\/genkim.com.tr\/en\/special-auxiliary-chemicals\/\",\"name\":\"Special Auxiliary Chemicals - GENK\u0130M\",\"isPartOf\":{\"@id\":\"https:\/\/genkim.com.tr\/#website\"},\"datePublished\":\"2021-06-09T12:47:03+00:00\",\"dateModified\":\"2022-06-25T17:33:03+00:00\",\"breadcrumb\":{\"@id\":\"https:\/\/genkim.com.tr\/en\/special-auxiliary-chemicals\/#breadcrumb\"},\"inLanguage\":\"en-US\",\"potentialAction\":[{\"@type\":\"ReadAction\",\"target\":[\"https:\/\/genkim.com.tr\/en\/special-auxiliary-chemicals\/\"]}]},{\"@type\":\"BreadcrumbList\",\"@id\":\"https:\/\/genkim.com.tr\/en\/special-auxiliary-chemicals\/#breadcrumb\",\"itemListElement\":[{\"@type\":\"ListItem\",\"position\":1,\"name\":\"Anasayfa\",\"item\":\"https:\/\/genkim.com.tr\/en\/\"},{\"@type\":\"ListItem\",\"position\":2,\"name\":\"Special Auxiliary Chemicals\"}]},{\"@type\":\"WebSite\",\"@id\":\"https:\/\/genkim.com.tr\/#website\",\"url\":\"https:\/\/genkim.com.tr\/\",\"name\":\"GENK\u0130M\",\"description\":\"Genel End\u00fcstriyel Kimyevi Maddeler\u0130 | Bursa\",\"potentialAction\":[{\"@type\":\"SearchAction\",\"target\":{\"@type\":\"EntryPoint\",\"urlTemplate\":\"https:\/\/genkim.com.tr\/?s={search_term_string}\"},\"query-input\":{\"@type\":\"PropertyValueSpecification\",\"valueRequired\":true,\"valueName\":\"search_term_string\"}}],\"inLanguage\":\"en-US\"}]}<\/script>\n<!-- \/ Yoast SEO plugin. -->","yoast_head_json":{"title":"Special Auxiliary Chemicals - GENK\u0130M","robots":{"index":"index","follow":"follow","max-snippet":"max-snippet:-1","max-image-preview":"max-image-preview:large","max-video-preview":"max-video-preview:-1"},"canonical":"https:\/\/genkim.com.tr\/en\/special-auxiliary-chemicals\/","og_locale":"en_US","og_type":"article","og_title":"Special Auxiliary Chemicals - GENK\u0130M","og_description":"[vc_row][vc_column][vc_column_text] Product Name Ionic Character Application Field LANAGEN AF Anionic Anti-felting in woollens. GENOX BB KONZ Anionic Sulfur dye antioxidant. GENOX S Anionic Sulfur dyeing oxidation agent. GENKOLA WB Nonionic\/Anionic Wash-resistant hem starch for knitted fabrics. GENKIM MAC\u00a0 3 Cationic Specially developed washing agent for in-machine cleaning of deposits such as oligomers, paints, silicones, and&hellip;","og_url":"https:\/\/genkim.com.tr\/en\/special-auxiliary-chemicals\/","og_site_name":"GENK\u0130M","article_modified_time":"2022-06-25T17:33:03+00:00","twitter_card":"summary_large_image","twitter_misc":{"Est. reading time":"1 minute"},"schema":{"@context":"https:\/\/schema.org","@graph":[{"@type":"WebPage","@id":"https:\/\/genkim.com.tr\/en\/special-auxiliary-chemicals\/","url":"https:\/\/genkim.com.tr\/en\/special-auxiliary-chemicals\/","name":"Special Auxiliary Chemicals - GENK\u0130M","isPartOf":{"@id":"https:\/\/genkim.com.tr\/#website"},"datePublished":"2021-06-09T12:47:03+00:00","dateModified":"2022-06-25T17:33:03+00:00","breadcrumb":{"@id":"https:\/\/genkim.com.tr\/en\/special-auxiliary-chemicals\/#breadcrumb"},"inLanguage":"en-US","potentialAction":[{"@type":"ReadAction","target":["https:\/\/genkim.com.tr\/en\/special-auxiliary-chemicals\/"]}]},{"@type":"BreadcrumbList","@id":"https:\/\/genkim.com.tr\/en\/special-auxiliary-chemicals\/#breadcrumb","itemListElement":[{"@type":"ListItem","position":1,"name":"Anasayfa","item":"https:\/\/genkim.com.tr\/en\/"},{"@type":"ListItem","position":2,"name":"Special Auxiliary Chemicals"}]},{"@type":"WebSite","@id":"https:\/\/genkim.com.tr\/#website","url":"https:\/\/genkim.com.tr\/","name":"GENK\u0130M","description":"Genel End\u00fcstriyel Kimyevi Maddeler\u0130 | Bursa","potentialAction":[{"@type":"SearchAction","target":{"@type":"EntryPoint","urlTemplate":"https:\/\/genkim.com.tr\/?s={search_term_string}"},"query-input":{"@type":"PropertyValueSpecification","valueRequired":true,"valueName":"search_term_string"}}],"inLanguage":"en-US"}]}},"_links":{"self":[{"href":"https:\/\/genkim.com.tr\/en\/wp-json\/wp\/v2\/pages\/772\/"}],"collection":[{"href":"https:\/\/genkim.com.tr\/en\/wp-json\/wp\/v2\/pages\/"}],"about":[{"href":"https:\/\/genkim.com.tr\/en\/wp-json\/wp\/v2\/types\/page\/"}],"author":[{"embeddable":true,"href":"https:\/\/genkim.com.tr\/en\/wp-json\/wp\/v2\/users\/1\/"}],"replies":[{"embeddable":true,"href":"https:\/\/genkim.com.tr\/en\/wp-json\/wp\/v2\/comments\/?post=772"}],"version-history":[{"count":2,"href":"https:\/\/genkim.com.tr\/en\/wp-json\/wp\/v2\/pages\/772\/revisions\/"}],"predecessor-version":[{"id":1129,"href":"https:\/\/genkim.com.tr\/en\/wp-json\/wp\/v2\/pages\/772\/revisions\/1129\/"}],"wp:attachment":[{"href":"https:\/\/genkim.com.tr\/en\/wp-json\/wp\/v2\/media\/?parent=772"}],"curies":[{"name":"wp","href":"https:\/\/api.w.org\/{rel}","templated":true}]}}