{"id":768,"date":"2021-06-09T16:07:24","date_gmt":"2021-06-09T13:07:24","guid":{"rendered":"https:\/\/genkim.com.tr\/emulsiyon-polimerleri-ve-endustriyel-yapistiricilar\/"},"modified":"2022-06-25T20:30:26","modified_gmt":"2022-06-25T17:30:26","slug":"emulsion-polymers-and-industrial-adhesives","status":"publish","type":"page","link":"https:\/\/genkim.com.tr\/en\/emulsion-polymers-and-industrial-adhesives\/","title":{"rendered":"Emulsion Polymers and Industrial Adhesives"},"content":{"rendered":"<div class=\"wpb-content-wrapper\"><p>[vc_row][vc_column][vc_column_text]<\/p>\n<table class=\"t1\" style=\"width: 100%; height: 490px;\" cellspacing=\"0\" cellpadding=\"0\">\n<tbody>\n<tr style=\"background-color: #4377c4;\">\n<th style=\"width: 87.6689%; text-align: center; height: 24px;\" colspan=\"2\">\n<p class=\"p1\"><strong><span style=\"color: #ffffff;\">Construction and Coatings<\/span><\/strong><\/p>\n<\/th>\n<\/tr>\n<tr style=\"height: 32px;\">\n<th class=\"td1\" style=\"width: 25.1689%; height: 32px; text-align: center;\" valign=\"middle\">\n<p class=\"p1\">Product Name<\/p>\n<\/th>\n<th class=\"td1\" style=\"width: 62.5%; height: 32px; text-align: center;\" valign=\"middle\">\n<p class=\"p1\">Application Field<\/p>\n<\/th>\n<\/tr>\n<tr>\n<td style=\"width: 25.1689%;\" width=\"185\">SORBUS INNOACRYL PREMIUM +<\/td>\n<td style=\"width: 62.5%;\" width=\"920\">Universal elastic binder for interior and exterior paints, water proofing and various sealant applications,<\/td>\n<\/tr>\n<tr>\n<td style=\"width: 25.1689%;\">SORBUS INNOACRYL ELEGANT +<\/td>\n<td style=\"width: 62.5%;\">Universal binder\u00a0 for interior and exterior paints, textured coatings,<\/td>\n<\/tr>\n<tr>\n<td style=\"width: 25.1689%;\">SORBUS INNOACRYL FORCE+<\/td>\n<td style=\"width: 62.5%;\">Universal binder\u00a0 for interior and exterior paints, textured coatings,<\/td>\n<\/tr>\n<tr>\n<td style=\"width: 25.1689%;\">SORBUS MEISTER COVERCOAT 06<\/td>\n<td style=\"width: 62.5%;\">Multipurpose pure acrylic binder for glossy paints<\/td>\n<\/tr>\n<tr>\n<td style=\"width: 25.1689%;\">SORBUS MEISTER CS 1660+<\/td>\n<td style=\"width: 62.5%;\">Binder for 2K cementitious waterproofing membranes<\/td>\n<\/tr>\n<tr>\n<td style=\"width: 25.1689%;\">SORBUS ULTRA-TACK 303.0<\/td>\n<td style=\"width: 62.5%;\">Water-based adhesive for tapes, medical plasters and pvc floorcoverings.<\/td>\n<\/tr>\n<tr>\n<td style=\"width: 25.1689%;\">SORBUS VT 301<\/td>\n<td style=\"width: 62.5%;\">Acrylic thickener for general purpose<\/td>\n<\/tr>\n<tr>\n<td style=\"width: 25.1689%;\">SORBUS DN 400<\/td>\n<td style=\"width: 62.5%;\">Dispersing agent<\/td>\n<\/tr>\n<tr>\n<td style=\"width: 25.1689%;\">SORBUS CA 2012<\/td>\n<td style=\"width: 62.5%;\">Coalesing agent<\/td>\n<\/tr>\n<tr>\n<td style=\"width: 25.1689%;\">DR. FOAM HPC<\/td>\n<td style=\"width: 62.5%;\">Concentrated antifoam agent<\/td>\n<\/tr>\n<tr>\n<td style=\"width: 25.1689%;\">GENSTOP FORS<\/td>\n<td style=\"width: 62.5%;\">Antifoam agent<\/td>\n<\/tr>\n<tr>\n<td style=\"width: 25.1689%;\">SORBUS FL 055i<\/td>\n<td style=\"width: 62.5%;\">General purpose for mozaic net application<\/td>\n<\/tr>\n<tr>\n<td style=\"width: 25.1689%;\">SORBUS FL 070<\/td>\n<td style=\"width: 62.5%;\">General purpose for mozaic net application<\/td>\n<\/tr>\n<tr>\n<td style=\"width: 25.1689%;\">SORBUS CM 901<\/td>\n<td style=\"width: 62.5%;\">Mineral oil based mould release agent for concrete application<\/td>\n<\/tr>\n<\/tbody>\n<\/table>\n<p>[\/vc_column_text][\/vc_column][\/vc_row][vc_row][vc_column][vc_column_text]<\/p>\n<table class=\"t1\" style=\"width: 100%; height: 136px;\" cellspacing=\"0\" cellpadding=\"0\">\n<tbody>\n<tr style=\"background-color: #4377c4;\">\n<th style=\"width: 87.6689%; text-align: center; height: 24px;\" colspan=\"2\">\n<p class=\"p1\"><strong><span style=\"color: #ffffff;\">Wood-Working and Furniture<\/span><\/strong><\/p>\n<\/th>\n<\/tr>\n<tr style=\"height: 32px;\">\n<th class=\"td1\" style=\"width: 25.1689%; height: 32px; text-align: center;\" valign=\"middle\">\n<p class=\"p1\">Product Name<\/p>\n<\/th>\n<th class=\"td1\" style=\"width: 62.5%; height: 32px; text-align: center;\" valign=\"middle\">\n<p class=\"p1\">Application Field<\/p>\n<\/th>\n<\/tr>\n<tr>\n<td style=\"width: 25.1689%;\" width=\"185\">SORBUS RLD 25<\/td>\n<td style=\"width: 62.5%;\" width=\"920\">Glue for woodworking.<\/td>\n<\/tr>\n<tr>\n<td style=\"width: 25.1689%;\">SORBUS RLD 55<\/td>\n<td style=\"width: 62.5%;\">D2 glue for woodworking.<\/td>\n<\/tr>\n<tr>\n<td style=\"width: 25.1689%;\">SORBUS RLD 95<\/td>\n<td style=\"width: 62.5%;\">D3 glue for woodworking.<\/td>\n<\/tr>\n<tr>\n<td style=\"width: 25.1689%;\">SORBUS RLD 95 PLUS<\/td>\n<td style=\"width: 62.5%;\">D3 glue for woodworking.<\/td>\n<\/tr>\n<tr>\n<td style=\"width: 25.1689%;\">SORBUS SR 55<\/td>\n<td style=\"width: 62.5%;\">PU adhesive for 3D membrane press application.<\/td>\n<\/tr>\n<tr>\n<td style=\"width: 25.1689%;\">SORBUS SR 60<\/td>\n<td style=\"width: 62.5%;\">PU adhesive for 3D membrane press application.<\/td>\n<\/tr>\n<tr>\n<td style=\"width: 25.1689%;\">SORBUS SV 8<\/td>\n<td style=\"width: 62.5%;\">Solvent<\/td>\n<\/tr>\n<\/tbody>\n<\/table>\n<p>[\/vc_column_text][\/vc_column][\/vc_row][vc_row][vc_column][vc_column_text]<\/p>\n<table class=\"t1\" style=\"width: 100%; height: 136px;\" cellspacing=\"0\" cellpadding=\"0\">\n<tbody>\n<tr style=\"background-color: #4377c4;\">\n<th style=\"width: 87.6689%; text-align: center; height: 24px;\" colspan=\"2\">\n<p class=\"p1\"><strong><span style=\"color: #ffffff;\">Paper and Packaging<\/span><\/strong><\/p>\n<\/th>\n<\/tr>\n<tr style=\"height: 32px;\">\n<th class=\"td1\" style=\"width: 25.1689%; height: 32px; text-align: center;\" valign=\"middle\">\n<p class=\"p1\">Product Name<\/p>\n<\/th>\n<th class=\"td1\" style=\"width: 62.5%; height: 32px; text-align: center;\" valign=\"middle\">\n<p class=\"p1\">Application Field<\/p>\n<\/th>\n<\/tr>\n<tr>\n<td style=\"width: 25.1689%;\" width=\"185\">SORBUS PL 505 NEW<\/td>\n<td style=\"width: 62.5%;\" width=\"920\">Lamination adhesive for tissue converting<\/td>\n<\/tr>\n<tr>\n<td style=\"width: 25.1689%;\">SORBUS PL 525 NEW<\/td>\n<td style=\"width: 62.5%;\">Core winding adhesive for tissue converting<\/td>\n<\/tr>\n<tr>\n<td style=\"width: 25.1689%;\">SORBUS PL 540 NEW<\/td>\n<td style=\"width: 62.5%;\">Pick up adhesive for tissue converting<\/td>\n<\/tr>\n<tr>\n<td style=\"width: 25.1689%;\">SORBUS PL 555 NEW<\/td>\n<td style=\"width: 62.5%;\">Tail tie adhesive for tissue converting<\/td>\n<\/tr>\n<tr>\n<td style=\"width: 25.1689%;\">SORBUS MASTERPAC 212<\/td>\n<td style=\"width: 62.5%;\">Water-based adhesive for packaging and paper converting applications<\/td>\n<\/tr>\n<tr>\n<td style=\"width: 25.1689%;\">SORBUS PK 240<\/td>\n<td style=\"width: 62.5%;\">Water-based adhesive for packaging and paper converting applications<\/td>\n<\/tr>\n<tr>\n<td style=\"width: 25.1689%;\">SORBUS MASTERCOR 01<\/td>\n<td style=\"width: 62.5%;\">Water-based adhesive for core winding and paper converting applications<\/td>\n<\/tr>\n<tr>\n<td style=\"width: 25.1689%;\">SORBUS CB 318 M<\/td>\n<td style=\"width: 62.5%;\">Water-based adhesive for core winding and paper converting applications<\/td>\n<\/tr>\n<tr>\n<td style=\"width: 25.1689%;\">SORBUS ULTRA-TACK 303.0<\/td>\n<td style=\"width: 62.5%;\">Water-based adhesive for tapes, medical plasters and pvc floorcoverings.<\/td>\n<\/tr>\n<tr>\n<td style=\"width: 25.1689%;\">SORBUS MEISTER PSA 60+<\/td>\n<td style=\"width: 62.5%;\">Water-based adhesive for tapes and medical plasters<\/td>\n<\/tr>\n<tr>\n<td style=\"width: 25.1689%;\">SORBUS MULTI-PROTECTOR F07<\/td>\n<td style=\"width: 62.5%;\">Water-based adhesive for production of protector film<\/td>\n<\/tr>\n<\/tbody>\n<\/table>\n<p>[\/vc_column_text][\/vc_column][\/vc_row]<\/p>\n<\/div>","protected":false},"excerpt":{"rendered":"<p>[vc_row][vc_column][vc_column_text] Construction and Coatings Product Name Application Field SORBUS INNOACRYL PREMIUM + Universal elastic binder for interior and exterior paints, water proofing and various sealant applications, SORBUS INNOACRYL ELEGANT + Universal binder\u00a0 for interior and exterior paints, textured coatings, SORBUS INNOACRYL FORCE+ Universal binder\u00a0 for interior and exterior paints, textured coatings, SORBUS MEISTER COVERCOAT 06&hellip;<\/p>\n","protected":false},"author":1,"featured_media":0,"parent":0,"menu_order":0,"comment_status":"closed","ping_status":"closed","template":"","meta":{"footnotes":""},"class_list":["post-768","page","type-page","status-publish","hentry","description-off"],"yoast_head":"<!-- This site is optimized with the Yoast SEO plugin v24.0 - https:\/\/yoast.com\/wordpress\/plugins\/seo\/ -->\n<title>Emulsion Polymers and Industrial Adhesives - GENK\u0130M<\/title>\n<meta name=\"robots\" content=\"index, follow, max-snippet:-1, max-image-preview:large, max-video-preview:-1\" \/>\n<link rel=\"canonical\" href=\"https:\/\/genkim.com.tr\/en\/emulsion-polymers-and-industrial-adhesives\/\" \/>\n<meta property=\"og:locale\" content=\"en_US\" \/>\n<meta property=\"og:type\" content=\"article\" \/>\n<meta property=\"og:title\" content=\"Emulsion Polymers and Industrial Adhesives - GENK\u0130M\" \/>\n<meta property=\"og:description\" content=\"[vc_row][vc_column][vc_column_text] Construction and Coatings Product Name Application Field SORBUS INNOACRYL PREMIUM + Universal elastic binder for interior and exterior paints, water proofing and various sealant applications, SORBUS INNOACRYL ELEGANT + Universal binder\u00a0 for interior and exterior paints, textured coatings, SORBUS INNOACRYL FORCE+ Universal binder\u00a0 for interior and exterior paints, textured coatings, SORBUS MEISTER COVERCOAT 06&hellip;\" \/>\n<meta property=\"og:url\" content=\"https:\/\/genkim.com.tr\/en\/emulsion-polymers-and-industrial-adhesives\/\" \/>\n<meta property=\"og:site_name\" content=\"GENK\u0130M\" \/>\n<meta property=\"article:modified_time\" content=\"2022-06-25T17:30:26+00:00\" \/>\n<meta name=\"twitter:card\" content=\"summary_large_image\" \/>\n<meta name=\"twitter:label1\" content=\"Est. reading time\" \/>\n\t<meta name=\"twitter:data1\" content=\"2 minutes\" \/>\n<script type=\"application\/ld+json\" class=\"yoast-schema-graph\">{\"@context\":\"https:\/\/schema.org\",\"@graph\":[{\"@type\":\"WebPage\",\"@id\":\"https:\/\/genkim.com.tr\/en\/emulsion-polymers-and-industrial-adhesives\/\",\"url\":\"https:\/\/genkim.com.tr\/en\/emulsion-polymers-and-industrial-adhesives\/\",\"name\":\"Emulsion Polymers and Industrial Adhesives - GENK\u0130M\",\"isPartOf\":{\"@id\":\"https:\/\/genkim.com.tr\/#website\"},\"datePublished\":\"2021-06-09T13:07:24+00:00\",\"dateModified\":\"2022-06-25T17:30:26+00:00\",\"breadcrumb\":{\"@id\":\"https:\/\/genkim.com.tr\/en\/emulsion-polymers-and-industrial-adhesives\/#breadcrumb\"},\"inLanguage\":\"en-US\",\"potentialAction\":[{\"@type\":\"ReadAction\",\"target\":[\"https:\/\/genkim.com.tr\/en\/emulsion-polymers-and-industrial-adhesives\/\"]}]},{\"@type\":\"BreadcrumbList\",\"@id\":\"https:\/\/genkim.com.tr\/en\/emulsion-polymers-and-industrial-adhesives\/#breadcrumb\",\"itemListElement\":[{\"@type\":\"ListItem\",\"position\":1,\"name\":\"Anasayfa\",\"item\":\"https:\/\/genkim.com.tr\/en\/\"},{\"@type\":\"ListItem\",\"position\":2,\"name\":\"Emulsion Polymers and Industrial Adhesives\"}]},{\"@type\":\"WebSite\",\"@id\":\"https:\/\/genkim.com.tr\/#website\",\"url\":\"https:\/\/genkim.com.tr\/\",\"name\":\"GENK\u0130M\",\"description\":\"Genel End\u00fcstriyel Kimyevi Maddeler\u0130 | Bursa\",\"potentialAction\":[{\"@type\":\"SearchAction\",\"target\":{\"@type\":\"EntryPoint\",\"urlTemplate\":\"https:\/\/genkim.com.tr\/?s={search_term_string}\"},\"query-input\":{\"@type\":\"PropertyValueSpecification\",\"valueRequired\":true,\"valueName\":\"search_term_string\"}}],\"inLanguage\":\"en-US\"}]}<\/script>\n<!-- \/ Yoast SEO plugin. -->","yoast_head_json":{"title":"Emulsion Polymers and Industrial Adhesives - GENK\u0130M","robots":{"index":"index","follow":"follow","max-snippet":"max-snippet:-1","max-image-preview":"max-image-preview:large","max-video-preview":"max-video-preview:-1"},"canonical":"https:\/\/genkim.com.tr\/en\/emulsion-polymers-and-industrial-adhesives\/","og_locale":"en_US","og_type":"article","og_title":"Emulsion Polymers and Industrial Adhesives - GENK\u0130M","og_description":"[vc_row][vc_column][vc_column_text] Construction and Coatings Product Name Application Field SORBUS INNOACRYL PREMIUM + Universal elastic binder for interior and exterior paints, water proofing and various sealant applications, SORBUS INNOACRYL ELEGANT + Universal binder\u00a0 for interior and exterior paints, textured coatings, SORBUS INNOACRYL FORCE+ Universal binder\u00a0 for interior and exterior paints, textured coatings, SORBUS MEISTER COVERCOAT 06&hellip;","og_url":"https:\/\/genkim.com.tr\/en\/emulsion-polymers-and-industrial-adhesives\/","og_site_name":"GENK\u0130M","article_modified_time":"2022-06-25T17:30:26+00:00","twitter_card":"summary_large_image","twitter_misc":{"Est. reading time":"2 minutes"},"schema":{"@context":"https:\/\/schema.org","@graph":[{"@type":"WebPage","@id":"https:\/\/genkim.com.tr\/en\/emulsion-polymers-and-industrial-adhesives\/","url":"https:\/\/genkim.com.tr\/en\/emulsion-polymers-and-industrial-adhesives\/","name":"Emulsion Polymers and Industrial Adhesives - GENK\u0130M","isPartOf":{"@id":"https:\/\/genkim.com.tr\/#website"},"datePublished":"2021-06-09T13:07:24+00:00","dateModified":"2022-06-25T17:30:26+00:00","breadcrumb":{"@id":"https:\/\/genkim.com.tr\/en\/emulsion-polymers-and-industrial-adhesives\/#breadcrumb"},"inLanguage":"en-US","potentialAction":[{"@type":"ReadAction","target":["https:\/\/genkim.com.tr\/en\/emulsion-polymers-and-industrial-adhesives\/"]}]},{"@type":"BreadcrumbList","@id":"https:\/\/genkim.com.tr\/en\/emulsion-polymers-and-industrial-adhesives\/#breadcrumb","itemListElement":[{"@type":"ListItem","position":1,"name":"Anasayfa","item":"https:\/\/genkim.com.tr\/en\/"},{"@type":"ListItem","position":2,"name":"Emulsion Polymers and Industrial Adhesives"}]},{"@type":"WebSite","@id":"https:\/\/genkim.com.tr\/#website","url":"https:\/\/genkim.com.tr\/","name":"GENK\u0130M","description":"Genel End\u00fcstriyel Kimyevi Maddeler\u0130 | Bursa","potentialAction":[{"@type":"SearchAction","target":{"@type":"EntryPoint","urlTemplate":"https:\/\/genkim.com.tr\/?s={search_term_string}"},"query-input":{"@type":"PropertyValueSpecification","valueRequired":true,"valueName":"search_term_string"}}],"inLanguage":"en-US"}]}},"_links":{"self":[{"href":"https:\/\/genkim.com.tr\/en\/wp-json\/wp\/v2\/pages\/768\/"}],"collection":[{"href":"https:\/\/genkim.com.tr\/en\/wp-json\/wp\/v2\/pages\/"}],"about":[{"href":"https:\/\/genkim.com.tr\/en\/wp-json\/wp\/v2\/types\/page\/"}],"author":[{"embeddable":true,"href":"https:\/\/genkim.com.tr\/en\/wp-json\/wp\/v2\/users\/1\/"}],"replies":[{"embeddable":true,"href":"https:\/\/genkim.com.tr\/en\/wp-json\/wp\/v2\/comments\/?post=768"}],"version-history":[{"count":5,"href":"https:\/\/genkim.com.tr\/en\/wp-json\/wp\/v2\/pages\/768\/revisions\/"}],"predecessor-version":[{"id":1125,"href":"https:\/\/genkim.com.tr\/en\/wp-json\/wp\/v2\/pages\/768\/revisions\/1125\/"}],"wp:attachment":[{"href":"https:\/\/genkim.com.tr\/en\/wp-json\/wp\/v2\/media\/?parent=768"}],"curies":[{"name":"wp","href":"https:\/\/api.w.org\/{rel}","templated":true}]}}