{"id":766,"date":"2021-06-09T02:07:25","date_gmt":"2021-06-08T23:07:25","guid":{"rendered":"https:\/\/genkim.com.tr\/denim\/"},"modified":"2022-06-25T20:25:11","modified_gmt":"2022-06-25T17:25:11","slug":"denim","status":"publish","type":"page","link":"https:\/\/genkim.com.tr\/en\/denim\/","title":{"rendered":"Denim"},"content":{"rendered":"<div class=\"wpb-content-wrapper\"><p>[vc_row][vc_column][vc_column_text]<\/p>\n<table class=\"t1\" style=\"width: 100%; height: 395px;\" cellspacing=\"0\" cellpadding=\"0\">\n<tbody>\n<tr style=\"height: 32px;\">\n<th class=\"td1\" style=\"width: 25.1689%; height: 32px; text-align: center;\" valign=\"middle\">\n<p class=\"p1\">Product Name<\/p>\n<\/th>\n<th class=\"td1\" style=\"width: 11.9932%; height: 32px; text-align: center;\" valign=\"middle\">\n<p class=\"p1\">Ionic Character<\/p>\n<\/th>\n<th class=\"td1\" style=\"width: 62.5%; height: 32px; text-align: center;\" valign=\"middle\">\n<p class=\"p1\">Application Field<\/p>\n<\/th>\n<\/tr>\n<tr>\n<td style=\"width: 25.1689%;\" width=\"185\">NEW ANTIBACKSTAIN EX<\/td>\n<td style=\"width: 11.9932%;\" width=\"155\">Nonionic<\/td>\n<td style=\"width: 62.5%;\" width=\"920\">Backwashing dispersing agent.<\/td>\n<\/tr>\n<tr>\n<td style=\"width: 25.1689%;\" width=\"185\">RESCATALIST O7<\/td>\n<td style=\"width: 11.9932%;\"><\/td>\n<td style=\"width: 62.5%;\">Resin catalyst.<\/td>\n<\/tr>\n<tr>\n<td style=\"width: 25.1689%;\" width=\"185\">ACTIVATOR GK<\/td>\n<td style=\"width: 11.9932%;\">Cationic<\/td>\n<td style=\"width: 62.5%;\" width=\"920\">Chlorite bleaching accelerator.<\/td>\n<\/tr>\n<tr>\n<td style=\"width: 25.1689%;\" width=\"185\">GENSTONE GW<\/td>\n<td style=\"width: 11.9932%;\"><\/td>\n<td style=\"width: 62.5%;\">Concentrated stone washing enzyme for cold and hot baths.<\/td>\n<\/tr>\n<tr>\n<td style=\"width: 25.1689%;\" width=\"185\">GENPIL UNI NE\/S<\/td>\n<td style=\"width: 11.9932%;\"><\/td>\n<td style=\"width: 62.5%;\">Neutral cellulase enzyme.<\/td>\n<\/tr>\n<tr>\n<td style=\"width: 25.1689%;\" width=\"185\">FINISH JET EXH<\/td>\n<td style=\"width: 11.9932%;\">Slightly Cationic<\/td>\n<td style=\"width: 62.5%;\">Nano micro silicone emulsion for exhaustion, providing elastic and slippery handle to all fibers.<\/td>\n<\/tr>\n<tr>\n<td style=\"width: 25.1689%;\" width=\"185\">FINISH SMW 300<\/td>\n<td style=\"width: 11.9932%;\">Slightly Cationic<\/td>\n<td style=\"width: 62.5%;\">Micro silicone emulsion used for fibers.<\/td>\n<\/tr>\n<tr>\n<td style=\"width: 25.1689%;\" width=\"185\">AVISOFT NY M<\/td>\n<td style=\"width: 11.9932%;\">Nonionic<\/td>\n<td style=\"width: 62.5%;\">Specially developed nonionic softener for denim.<\/td>\n<\/tr>\n<tr>\n<td style=\"width: 25.1689%;\" width=\"185\">GENAMIN Q<\/td>\n<td style=\"width: 11.9932%;\">Cationic<\/td>\n<td style=\"width: 62.5%;\">Concentrated paste cationic softener with lowest ozon yellowness.<\/td>\n<\/tr>\n<tr>\n<td style=\"width: 25.1689%;\" width=\"185\">HIDROSIL PURE<\/td>\n<td style=\"width: 11.9932%;\">Nonionic\/Slightly Cationic<\/td>\n<td style=\"width: 62.5%;\">Supersoft, volumizing, nonyellowing and exhaustable hydrophilic silicone.<\/td>\n<\/tr>\n<tr>\n<td style=\"width: 25.1689%;\" width=\"185\">GENACRYL HCP 104<\/td>\n<td style=\"width: 11.9932%;\">Anionic\/Nonionic<\/td>\n<td style=\"width: 62.5%;\">Hard filling and wash resistant finish suitable for spraying method.<\/td>\n<\/tr>\n<tr>\n<td style=\"width: 25.1689%;\" width=\"185\">GENACRYL SCP 160<\/td>\n<td style=\"width: 11.9932%;\">Anionic\/Nonionic<\/td>\n<td style=\"width: 62.5%;\">Soft filling and wash resistant finish suitable for spraying method.<\/td>\n<\/tr>\n<tr>\n<td style=\"width: 25.1689%;\" width=\"185\">GENFAST FY LIQ K<\/td>\n<td style=\"width: 11.9932%;\"><\/td>\n<td style=\"width: 62.5%;\">Phenolic yellowing inhibitor.<\/td>\n<\/tr>\n<\/tbody>\n<\/table>\n<p>[\/vc_column_text][\/vc_column][\/vc_row]<\/p>\n<\/div>","protected":false},"excerpt":{"rendered":"<p>[vc_row][vc_column][vc_column_text] Product Name Ionic Character Application Field NEW ANTIBACKSTAIN EX Nonionic Backwashing dispersing agent. RESCATALIST O7 Resin catalyst. ACTIVATOR GK Cationic Chlorite bleaching accelerator. GENSTONE GW Concentrated stone washing enzyme for cold and hot baths. GENPIL UNI NE\/S Neutral cellulase enzyme. FINISH JET EXH Slightly Cationic Nano micro silicone emulsion for exhaustion, providing elastic and&hellip;<\/p>\n","protected":false},"author":1,"featured_media":0,"parent":0,"menu_order":0,"comment_status":"closed","ping_status":"closed","template":"","meta":{"footnotes":""},"class_list":["post-766","page","type-page","status-publish","hentry","description-off"],"yoast_head":"<!-- This site is optimized with the Yoast SEO plugin v24.0 - https:\/\/yoast.com\/wordpress\/plugins\/seo\/ -->\n<title>Denim - GENK\u0130M<\/title>\n<meta name=\"robots\" content=\"index, follow, max-snippet:-1, max-image-preview:large, max-video-preview:-1\" \/>\n<link rel=\"canonical\" href=\"https:\/\/genkim.com.tr\/en\/denim\/\" \/>\n<meta property=\"og:locale\" content=\"en_US\" \/>\n<meta property=\"og:type\" content=\"article\" \/>\n<meta property=\"og:title\" content=\"Denim - GENK\u0130M\" \/>\n<meta property=\"og:description\" content=\"[vc_row][vc_column][vc_column_text] Product Name Ionic Character Application Field NEW ANTIBACKSTAIN EX Nonionic Backwashing dispersing agent. RESCATALIST O7 Resin catalyst. ACTIVATOR GK Cationic Chlorite bleaching accelerator. GENSTONE GW Concentrated stone washing enzyme for cold and hot baths. GENPIL UNI NE\/S Neutral cellulase enzyme. FINISH JET EXH Slightly Cationic Nano micro silicone emulsion for exhaustion, providing elastic and&hellip;\" \/>\n<meta property=\"og:url\" content=\"https:\/\/genkim.com.tr\/en\/denim\/\" \/>\n<meta property=\"og:site_name\" content=\"GENK\u0130M\" \/>\n<meta property=\"article:modified_time\" content=\"2022-06-25T17:25:11+00:00\" \/>\n<meta name=\"twitter:card\" content=\"summary_large_image\" \/>\n<meta name=\"twitter:label1\" content=\"Est. reading time\" \/>\n\t<meta name=\"twitter:data1\" content=\"1 minute\" \/>\n<script type=\"application\/ld+json\" class=\"yoast-schema-graph\">{\"@context\":\"https:\/\/schema.org\",\"@graph\":[{\"@type\":\"WebPage\",\"@id\":\"https:\/\/genkim.com.tr\/en\/denim\/\",\"url\":\"https:\/\/genkim.com.tr\/en\/denim\/\",\"name\":\"Denim - GENK\u0130M\",\"isPartOf\":{\"@id\":\"https:\/\/genkim.com.tr\/#website\"},\"datePublished\":\"2021-06-08T23:07:25+00:00\",\"dateModified\":\"2022-06-25T17:25:11+00:00\",\"breadcrumb\":{\"@id\":\"https:\/\/genkim.com.tr\/en\/denim\/#breadcrumb\"},\"inLanguage\":\"en-US\",\"potentialAction\":[{\"@type\":\"ReadAction\",\"target\":[\"https:\/\/genkim.com.tr\/en\/denim\/\"]}]},{\"@type\":\"BreadcrumbList\",\"@id\":\"https:\/\/genkim.com.tr\/en\/denim\/#breadcrumb\",\"itemListElement\":[{\"@type\":\"ListItem\",\"position\":1,\"name\":\"Anasayfa\",\"item\":\"https:\/\/genkim.com.tr\/en\/\"},{\"@type\":\"ListItem\",\"position\":2,\"name\":\"Denim\"}]},{\"@type\":\"WebSite\",\"@id\":\"https:\/\/genkim.com.tr\/#website\",\"url\":\"https:\/\/genkim.com.tr\/\",\"name\":\"GENK\u0130M\",\"description\":\"Genel End\u00fcstriyel Kimyevi Maddeler\u0130 | Bursa\",\"potentialAction\":[{\"@type\":\"SearchAction\",\"target\":{\"@type\":\"EntryPoint\",\"urlTemplate\":\"https:\/\/genkim.com.tr\/?s={search_term_string}\"},\"query-input\":{\"@type\":\"PropertyValueSpecification\",\"valueRequired\":true,\"valueName\":\"search_term_string\"}}],\"inLanguage\":\"en-US\"}]}<\/script>\n<!-- \/ Yoast SEO plugin. -->","yoast_head_json":{"title":"Denim - GENK\u0130M","robots":{"index":"index","follow":"follow","max-snippet":"max-snippet:-1","max-image-preview":"max-image-preview:large","max-video-preview":"max-video-preview:-1"},"canonical":"https:\/\/genkim.com.tr\/en\/denim\/","og_locale":"en_US","og_type":"article","og_title":"Denim - GENK\u0130M","og_description":"[vc_row][vc_column][vc_column_text] Product Name Ionic Character Application Field NEW ANTIBACKSTAIN EX Nonionic Backwashing dispersing agent. RESCATALIST O7 Resin catalyst. ACTIVATOR GK Cationic Chlorite bleaching accelerator. GENSTONE GW Concentrated stone washing enzyme for cold and hot baths. GENPIL UNI NE\/S Neutral cellulase enzyme. FINISH JET EXH Slightly Cationic Nano micro silicone emulsion for exhaustion, providing elastic and&hellip;","og_url":"https:\/\/genkim.com.tr\/en\/denim\/","og_site_name":"GENK\u0130M","article_modified_time":"2022-06-25T17:25:11+00:00","twitter_card":"summary_large_image","twitter_misc":{"Est. reading time":"1 minute"},"schema":{"@context":"https:\/\/schema.org","@graph":[{"@type":"WebPage","@id":"https:\/\/genkim.com.tr\/en\/denim\/","url":"https:\/\/genkim.com.tr\/en\/denim\/","name":"Denim - GENK\u0130M","isPartOf":{"@id":"https:\/\/genkim.com.tr\/#website"},"datePublished":"2021-06-08T23:07:25+00:00","dateModified":"2022-06-25T17:25:11+00:00","breadcrumb":{"@id":"https:\/\/genkim.com.tr\/en\/denim\/#breadcrumb"},"inLanguage":"en-US","potentialAction":[{"@type":"ReadAction","target":["https:\/\/genkim.com.tr\/en\/denim\/"]}]},{"@type":"BreadcrumbList","@id":"https:\/\/genkim.com.tr\/en\/denim\/#breadcrumb","itemListElement":[{"@type":"ListItem","position":1,"name":"Anasayfa","item":"https:\/\/genkim.com.tr\/en\/"},{"@type":"ListItem","position":2,"name":"Denim"}]},{"@type":"WebSite","@id":"https:\/\/genkim.com.tr\/#website","url":"https:\/\/genkim.com.tr\/","name":"GENK\u0130M","description":"Genel End\u00fcstriyel Kimyevi Maddeler\u0130 | Bursa","potentialAction":[{"@type":"SearchAction","target":{"@type":"EntryPoint","urlTemplate":"https:\/\/genkim.com.tr\/?s={search_term_string}"},"query-input":{"@type":"PropertyValueSpecification","valueRequired":true,"valueName":"search_term_string"}}],"inLanguage":"en-US"}]}},"_links":{"self":[{"href":"https:\/\/genkim.com.tr\/en\/wp-json\/wp\/v2\/pages\/766\/"}],"collection":[{"href":"https:\/\/genkim.com.tr\/en\/wp-json\/wp\/v2\/pages\/"}],"about":[{"href":"https:\/\/genkim.com.tr\/en\/wp-json\/wp\/v2\/types\/page\/"}],"author":[{"embeddable":true,"href":"https:\/\/genkim.com.tr\/en\/wp-json\/wp\/v2\/users\/1\/"}],"replies":[{"embeddable":true,"href":"https:\/\/genkim.com.tr\/en\/wp-json\/wp\/v2\/comments\/?post=766"}],"version-history":[{"count":2,"href":"https:\/\/genkim.com.tr\/en\/wp-json\/wp\/v2\/pages\/766\/revisions\/"}],"predecessor-version":[{"id":1123,"href":"https:\/\/genkim.com.tr\/en\/wp-json\/wp\/v2\/pages\/766\/revisions\/1123\/"}],"wp:attachment":[{"href":"https:\/\/genkim.com.tr\/en\/wp-json\/wp\/v2\/media\/?parent=766"}],"curies":[{"name":"wp","href":"https:\/\/api.w.org\/{rel}","templated":true}]}}