{"id":763,"date":"2021-06-09T15:31:39","date_gmt":"2021-06-09T12:31:39","guid":{"rendered":"https:\/\/genkim.com.tr\/lubirkantlar\/"},"modified":"2022-06-25T20:24:09","modified_gmt":"2022-06-25T17:24:09","slug":"lubricants","status":"publish","type":"page","link":"https:\/\/genkim.com.tr\/en\/lubricants\/","title":{"rendered":"Lubricants"},"content":{"rendered":"<div class=\"wpb-content-wrapper\"><p>[vc_row][vc_column][vc_column_text]<\/p>\n<table class=\"t1\" style=\"width: 100%; height: 554px;\" cellspacing=\"0\" cellpadding=\"0\">\n<tbody>\n<tr style=\"height: 32px;\">\n<th class=\"td1\" style=\"width: 25.1689%; height: 32px; text-align: center;\" valign=\"middle\">\n<p class=\"p1\">Product Name<\/p>\n<\/th>\n<th class=\"td1\" style=\"width: 11.9932%; height: 32px; text-align: center;\" valign=\"middle\">\n<p class=\"p1\">Ionic Character<\/p>\n<\/th>\n<th class=\"td1\" style=\"width: 62.5%; height: 32px; text-align: center;\" valign=\"middle\">\n<p class=\"p1\">Application Field<\/p>\n<\/th>\n<\/tr>\n<tr>\n<td style=\"width: 25.1689%;\" width=\"185\">GENOSTAT AS 150<\/td>\n<td style=\"width: 11.9932%;\" width=\"155\">Anionic\/Nonionic<\/td>\n<td style=\"width: 62.5%;\" width=\"920\">Synthetic antistatic agent for fiber and yarn manufacturing.<\/td>\n<\/tr>\n<tr>\n<td style=\"width: 25.1689%;\" width=\"185\">LUBRICOL SW-ES<\/td>\n<td style=\"width: 11.9932%;\">Nonionic<\/td>\n<td style=\"width: 62.5%;\">Exhaustable rewinding and sewing thread avivage lubricant for synthetic yarns and blends.<\/td>\n<\/tr>\n<tr>\n<td style=\"width: 25.1689%;\" width=\"185\">HIPERMATE NDY<\/td>\n<td style=\"width: 11.9932%;\">Nonionic<\/td>\n<td style=\"width: 62.5%;\">Specially developed, antistatic lubricant for bobbin dyeing.<\/td>\n<\/tr>\n<tr>\n<td style=\"width: 25.1689%;\" width=\"185\">GENKIM ANT 103<\/td>\n<td style=\"width: 11.9932%;\">Nonionic\/Slightly Cationic<\/td>\n<td style=\"width: 62.5%;\">Exhaustable high performance antistatic lubricant.<\/td>\n<\/tr>\n<tr>\n<td style=\"width: 25.1689%;\" width=\"185\">GENOSTAT SA2\/AP L<\/td>\n<td style=\"width: 11.9932%;\">Anionic\/Nonionic<\/td>\n<td style=\"width: 62.5%;\">Antistatic, lubricant and blending oil for wool and synthetic fibers.<\/td>\n<\/tr>\n<tr>\n<td style=\"width: 25.1689%;\" width=\"185\">GENOSTAT AP KONZ<\/td>\n<td style=\"width: 11.9932%;\">Anionic<\/td>\n<td style=\"width: 62.5%;\">Highly effective concentrated synthetic antistatic blending oil for wool and natural fibers.<\/td>\n<\/tr>\n<tr>\n<td style=\"width: 25.1689%;\" width=\"185\">GENOSTAT SA KONZ<\/td>\n<td style=\"width: 11.9932%;\">Nonionic<\/td>\n<td style=\"width: 62.5%;\" width=\"920\">Highly effective concentrated synthetic antistatic blending oil for wool and synthetic fibers.<\/td>\n<\/tr>\n<tr>\n<td style=\"width: 25.1689%;\" width=\"185\">GENOSTAT LBE 150<\/td>\n<td style=\"width: 11.9932%;\">Anionic\/Nonionic<\/td>\n<td style=\"width: 62.5%;\">Synthetic lubricant for fiber and yarn manufacturing in spinfinishing.<\/td>\n<\/tr>\n<tr>\n<td style=\"width: 25.1689%;\" width=\"185\">SPINTEX OIL 1002<\/td>\n<td style=\"width: 11.9932%;\">Nonionic<\/td>\n<td style=\"width: 62.5%;\">Nonsplashing, easily washable coning oil with excellent antistatic quality.<\/td>\n<\/tr>\n<tr>\n<td style=\"width: 25.1689%;\" width=\"185\">KNITTEX OIL 1000<\/td>\n<td style=\"width: 11.9932%;\">Nonionic<\/td>\n<td style=\"width: 62.5%;\">Machine maintenance intervals extending, superior lubrication performance providing and easily washable circular knitting machine oil.<\/td>\n<\/tr>\n<tr>\n<td style=\"width: 25.1689%;\" width=\"185\">KNITTEX OIL 1200<\/td>\n<td style=\"width: 11.9932%;\">Nonionic<\/td>\n<td style=\"width: 62.5%;\">Machine maintenance intervals extending, superior lubrication performance providing and easily washable circular knitting machine oil.<\/td>\n<\/tr>\n<tr>\n<td style=\"width: 25.1689%;\" width=\"185\">WHITTEX 2000<\/td>\n<td style=\"width: 11.9932%;\">Nonionic<\/td>\n<td style=\"width: 62.5%;\">Machine maintenance intervals extending, superior lubrication performance providing and easily washable, colourless circular knitting machine oil.<\/td>\n<\/tr>\n<tr>\n<td style=\"width: 25.1689%;\" width=\"185\">SPINTEX OIL P190-TX<\/td>\n<td style=\"width: 11.9932%;\">Anionic\/Nonionic<\/td>\n<td style=\"width: 62.5%;\">Synthetic spinfinish oil for POY, TDY, FDY yarn production.<\/td>\n<\/tr>\n<tr>\n<td style=\"width: 25.1689%;\" width=\"185\">LUBRICOL 100 E<\/td>\n<td style=\"width: 11.9932%;\">Nonionic<\/td>\n<td style=\"width: 62.5%;\">Twisting and rewinding oil for natural and synthetic yarns.<\/td>\n<\/tr>\n<tr>\n<td style=\"width: 25.1689%;\" width=\"185\">LUBRICOL BF<\/td>\n<td style=\"width: 11.9932%;\">Nonionic<\/td>\n<td style=\"width: 62.5%;\">Antistatic, textile and blending oil.<\/td>\n<\/tr>\n<tr>\n<td style=\"width: 25.1689%;\" width=\"185\">GENOSTAT PP 202.0<\/td>\n<td style=\"width: 11.9932%;\">Nonionic<\/td>\n<td style=\"width: 62.5%;\">Nonsplashing, easily washable spinfinish oil especially for polypropylene fibers.<\/td>\n<\/tr>\n<tr>\n<td style=\"width: 25.1689%;\" width=\"185\">GENOSTAT PP 303.0<\/td>\n<td style=\"width: 11.9932%;\">Nonionic\/Slightly Anionic<\/td>\n<td style=\"width: 62.5%;\">Nonsplashing, soft touch, easily washable spinfinish oil especially for polypropylene fibers.<\/td>\n<\/tr>\n<tr>\n<td style=\"width: 25.1689%;\" width=\"185\">SPINTEX OIL S<\/td>\n<td style=\"width: 11.9932%;\">Anionic\/Nonionic<\/td>\n<td style=\"width: 62.5%;\">Nonsplashing synthetic texturing oil.<\/td>\n<\/tr>\n<tr>\n<td style=\"width: 25.1689%;\" width=\"185\">SYNTHOIL 888<\/td>\n<td style=\"width: 11.9932%;\">Slightly Anionic<\/td>\n<td style=\"width: 62.5%;\" width=\"920\">Nonsplashing synthetic texturing oil.<\/td>\n<\/tr>\n<tr>\n<td style=\"width: 25.1689%;\" width=\"185\">SYNTHOIL BL.NP<\/td>\n<td style=\"width: 11.9932%;\">Anionic\/Nonionic<\/td>\n<td style=\"width: 62.5%;\">High performance synthetic blend oil for needle felt production.<\/td>\n<\/tr>\n<tr>\n<td style=\"width: 25.1689%;\" width=\"185\">SYNTHOIL ERT<\/td>\n<td style=\"width: 11.9932%;\">Anionic\/Nonionic<\/td>\n<td style=\"width: 62.5%;\">High performance cone oil.<\/td>\n<\/tr>\n<tr>\n<td style=\"width: 25.1689%;\" width=\"185\">SYNTHOIL OR<\/td>\n<td style=\"width: 11.9932%;\">Anionic\/Nonionic<\/td>\n<td style=\"width: 62.5%;\">Synthetic high performance blending oil for wool yarn production.<\/td>\n<\/tr>\n<\/tbody>\n<\/table>\n<p>[\/vc_column_text][\/vc_column][\/vc_row]<\/p>\n<\/div>","protected":false},"excerpt":{"rendered":"<p>[vc_row][vc_column][vc_column_text] Product Name Ionic Character Application Field GENOSTAT AS 150 Anionic\/Nonionic Synthetic antistatic agent for fiber and yarn manufacturing. LUBRICOL SW-ES Nonionic Exhaustable rewinding and sewing thread avivage lubricant for synthetic yarns and blends. HIPERMATE NDY Nonionic Specially developed, antistatic lubricant for bobbin dyeing. GENKIM ANT 103 Nonionic\/Slightly Cationic Exhaustable high performance antistatic lubricant. GENOSTAT&hellip;<\/p>\n","protected":false},"author":1,"featured_media":0,"parent":0,"menu_order":0,"comment_status":"closed","ping_status":"closed","template":"","meta":{"footnotes":""},"class_list":["post-763","page","type-page","status-publish","hentry","description-off"],"yoast_head":"<!-- This site is optimized with the Yoast SEO plugin v24.0 - https:\/\/yoast.com\/wordpress\/plugins\/seo\/ -->\n<title>Lubricants - GENK\u0130M<\/title>\n<meta name=\"robots\" content=\"index, follow, max-snippet:-1, max-image-preview:large, max-video-preview:-1\" \/>\n<link rel=\"canonical\" href=\"https:\/\/genkim.com.tr\/en\/lubricants\/\" \/>\n<meta property=\"og:locale\" content=\"en_US\" \/>\n<meta property=\"og:type\" content=\"article\" \/>\n<meta property=\"og:title\" content=\"Lubricants - GENK\u0130M\" \/>\n<meta property=\"og:description\" content=\"[vc_row][vc_column][vc_column_text] Product Name Ionic Character Application Field GENOSTAT AS 150 Anionic\/Nonionic Synthetic antistatic agent for fiber and yarn manufacturing. LUBRICOL SW-ES Nonionic Exhaustable rewinding and sewing thread avivage lubricant for synthetic yarns and blends. HIPERMATE NDY Nonionic Specially developed, antistatic lubricant for bobbin dyeing. GENKIM ANT 103 Nonionic\/Slightly Cationic Exhaustable high performance antistatic lubricant. GENOSTAT&hellip;\" \/>\n<meta property=\"og:url\" content=\"https:\/\/genkim.com.tr\/en\/lubricants\/\" \/>\n<meta property=\"og:site_name\" content=\"GENK\u0130M\" \/>\n<meta property=\"article:modified_time\" content=\"2022-06-25T17:24:09+00:00\" \/>\n<meta name=\"twitter:card\" content=\"summary_large_image\" \/>\n<meta name=\"twitter:label1\" content=\"Est. reading time\" \/>\n\t<meta name=\"twitter:data1\" content=\"2 minutes\" \/>\n<script type=\"application\/ld+json\" class=\"yoast-schema-graph\">{\"@context\":\"https:\/\/schema.org\",\"@graph\":[{\"@type\":\"WebPage\",\"@id\":\"https:\/\/genkim.com.tr\/en\/lubricants\/\",\"url\":\"https:\/\/genkim.com.tr\/en\/lubricants\/\",\"name\":\"Lubricants - GENK\u0130M\",\"isPartOf\":{\"@id\":\"https:\/\/genkim.com.tr\/#website\"},\"datePublished\":\"2021-06-09T12:31:39+00:00\",\"dateModified\":\"2022-06-25T17:24:09+00:00\",\"breadcrumb\":{\"@id\":\"https:\/\/genkim.com.tr\/en\/lubricants\/#breadcrumb\"},\"inLanguage\":\"en-US\",\"potentialAction\":[{\"@type\":\"ReadAction\",\"target\":[\"https:\/\/genkim.com.tr\/en\/lubricants\/\"]}]},{\"@type\":\"BreadcrumbList\",\"@id\":\"https:\/\/genkim.com.tr\/en\/lubricants\/#breadcrumb\",\"itemListElement\":[{\"@type\":\"ListItem\",\"position\":1,\"name\":\"Anasayfa\",\"item\":\"https:\/\/genkim.com.tr\/en\/\"},{\"@type\":\"ListItem\",\"position\":2,\"name\":\"Lubricants\"}]},{\"@type\":\"WebSite\",\"@id\":\"https:\/\/genkim.com.tr\/#website\",\"url\":\"https:\/\/genkim.com.tr\/\",\"name\":\"GENK\u0130M\",\"description\":\"Genel End\u00fcstriyel Kimyevi Maddeler\u0130 | Bursa\",\"potentialAction\":[{\"@type\":\"SearchAction\",\"target\":{\"@type\":\"EntryPoint\",\"urlTemplate\":\"https:\/\/genkim.com.tr\/?s={search_term_string}\"},\"query-input\":{\"@type\":\"PropertyValueSpecification\",\"valueRequired\":true,\"valueName\":\"search_term_string\"}}],\"inLanguage\":\"en-US\"}]}<\/script>\n<!-- \/ Yoast SEO plugin. -->","yoast_head_json":{"title":"Lubricants - GENK\u0130M","robots":{"index":"index","follow":"follow","max-snippet":"max-snippet:-1","max-image-preview":"max-image-preview:large","max-video-preview":"max-video-preview:-1"},"canonical":"https:\/\/genkim.com.tr\/en\/lubricants\/","og_locale":"en_US","og_type":"article","og_title":"Lubricants - GENK\u0130M","og_description":"[vc_row][vc_column][vc_column_text] Product Name Ionic Character Application Field GENOSTAT AS 150 Anionic\/Nonionic Synthetic antistatic agent for fiber and yarn manufacturing. LUBRICOL SW-ES Nonionic Exhaustable rewinding and sewing thread avivage lubricant for synthetic yarns and blends. HIPERMATE NDY Nonionic Specially developed, antistatic lubricant for bobbin dyeing. GENKIM ANT 103 Nonionic\/Slightly Cationic Exhaustable high performance antistatic lubricant. GENOSTAT&hellip;","og_url":"https:\/\/genkim.com.tr\/en\/lubricants\/","og_site_name":"GENK\u0130M","article_modified_time":"2022-06-25T17:24:09+00:00","twitter_card":"summary_large_image","twitter_misc":{"Est. reading time":"2 minutes"},"schema":{"@context":"https:\/\/schema.org","@graph":[{"@type":"WebPage","@id":"https:\/\/genkim.com.tr\/en\/lubricants\/","url":"https:\/\/genkim.com.tr\/en\/lubricants\/","name":"Lubricants - GENK\u0130M","isPartOf":{"@id":"https:\/\/genkim.com.tr\/#website"},"datePublished":"2021-06-09T12:31:39+00:00","dateModified":"2022-06-25T17:24:09+00:00","breadcrumb":{"@id":"https:\/\/genkim.com.tr\/en\/lubricants\/#breadcrumb"},"inLanguage":"en-US","potentialAction":[{"@type":"ReadAction","target":["https:\/\/genkim.com.tr\/en\/lubricants\/"]}]},{"@type":"BreadcrumbList","@id":"https:\/\/genkim.com.tr\/en\/lubricants\/#breadcrumb","itemListElement":[{"@type":"ListItem","position":1,"name":"Anasayfa","item":"https:\/\/genkim.com.tr\/en\/"},{"@type":"ListItem","position":2,"name":"Lubricants"}]},{"@type":"WebSite","@id":"https:\/\/genkim.com.tr\/#website","url":"https:\/\/genkim.com.tr\/","name":"GENK\u0130M","description":"Genel End\u00fcstriyel Kimyevi Maddeler\u0130 | Bursa","potentialAction":[{"@type":"SearchAction","target":{"@type":"EntryPoint","urlTemplate":"https:\/\/genkim.com.tr\/?s={search_term_string}"},"query-input":{"@type":"PropertyValueSpecification","valueRequired":true,"valueName":"search_term_string"}}],"inLanguage":"en-US"}]}},"_links":{"self":[{"href":"https:\/\/genkim.com.tr\/en\/wp-json\/wp\/v2\/pages\/763\/"}],"collection":[{"href":"https:\/\/genkim.com.tr\/en\/wp-json\/wp\/v2\/pages\/"}],"about":[{"href":"https:\/\/genkim.com.tr\/en\/wp-json\/wp\/v2\/types\/page\/"}],"author":[{"embeddable":true,"href":"https:\/\/genkim.com.tr\/en\/wp-json\/wp\/v2\/users\/1\/"}],"replies":[{"embeddable":true,"href":"https:\/\/genkim.com.tr\/en\/wp-json\/wp\/v2\/comments\/?post=763"}],"version-history":[{"count":3,"href":"https:\/\/genkim.com.tr\/en\/wp-json\/wp\/v2\/pages\/763\/revisions\/"}],"predecessor-version":[{"id":1121,"href":"https:\/\/genkim.com.tr\/en\/wp-json\/wp\/v2\/pages\/763\/revisions\/1121\/"}],"wp:attachment":[{"href":"https:\/\/genkim.com.tr\/en\/wp-json\/wp\/v2\/media\/?parent=763"}],"curies":[{"name":"wp","href":"https:\/\/api.w.org\/{rel}","templated":true}]}}