{"id":760,"date":"2021-06-07T02:44:47","date_gmt":"2021-06-06T23:44:47","guid":{"rendered":"https:\/\/genkim.com.tr\/enzimler\/"},"modified":"2022-06-25T20:22:59","modified_gmt":"2022-06-25T17:22:59","slug":"enzyms","status":"publish","type":"page","link":"https:\/\/genkim.com.tr\/en\/enzyms\/","title":{"rendered":"Enzyms"},"content":{"rendered":"<div class=\"wpb-content-wrapper\"><p>[vc_row][vc_column][vc_column_text]<\/p>\n<table class=\"t1\" style=\"width: 100.104%; height: 320px;\" cellspacing=\"0\" cellpadding=\"0\">\n<tbody>\n<tr style=\"height: 32px;\">\n<th class=\"td1\" style=\"width: 25.1689%; height: 32px; text-align: center;\" valign=\"middle\">\n<p class=\"p1\">Product Name<\/p>\n<\/th>\n<th class=\"td1\" style=\"width: 11.9932%; height: 32px; text-align: center;\" valign=\"middle\">\n<p class=\"p1\">Ionic Character<\/p>\n<\/th>\n<th class=\"td1\" style=\"width: 62.5%; height: 32px; text-align: center;\" valign=\"middle\">\n<p class=\"p1\">Application Field<\/p>\n<\/th>\n<\/tr>\n<tr>\n<td style=\"width: 25.1689%;\" width=\"185\">GENSIZE LT 600<\/td>\n<td style=\"width: 11.9932%;\" width=\"155\"><\/td>\n<td style=\"width: 62.5%;\" width=\"920\">\u03b1-Amylase desizing enzyme.<\/td>\n<\/tr>\n<tr>\n<td style=\"width: 25.1689%;\" width=\"185\">GENSIZE LT HIGH KONZ<\/td>\n<td style=\"width: 11.9932%;\"><\/td>\n<td style=\"width: 62.5%;\">\u03b1-Amylase desizing enzyme.<\/td>\n<\/tr>\n<tr>\n<td style=\"width: 25.1689%;\" width=\"185\">GENZIM PER 600<\/td>\n<td style=\"width: 11.9932%;\"><\/td>\n<td style=\"width: 62.5%;\" width=\"920\">Antiperoxide catalase enzyme.<\/td>\n<\/tr>\n<tr>\n<td style=\"width: 25.1689%;\" width=\"185\">GENPIL UNI KONZ B<\/td>\n<td style=\"width: 11.9932%;\"><\/td>\n<td style=\"width: 62.5%;\" width=\"920\">Acid cellulase biopolishing enzyme.<\/td>\n<\/tr>\n<tr>\n<td style=\"width: 25.1689%;\" width=\"185\">GENPIL UNI H KONZ<\/td>\n<td style=\"width: 11.9932%;\"><\/td>\n<td style=\"width: 62.5%;\">Acid cellulase biopolishing enzyme.<\/td>\n<\/tr>\n<tr>\n<td style=\"width: 25.1689%;\" width=\"185\">GENPIL UNI NE<\/td>\n<td style=\"width: 11.9932%;\"><\/td>\n<td style=\"width: 62.5%;\">Neutral cellulase biopolishing enzyme for dye bath.<\/td>\n<\/tr>\n<tr>\n<td style=\"width: 25.1689%;\" width=\"185\">GENPIL COMBI ECO<\/td>\n<td style=\"width: 11.9932%;\"><\/td>\n<td style=\"width: 62.5%;\">Process shortening catalase and neutral cellulase enzyme formulation for dyeing.<\/td>\n<\/tr>\n<tr>\n<td style=\"width: 25.1689%;\" width=\"185\">GENSTONE GW<\/td>\n<td style=\"width: 11.9932%;\"><\/td>\n<td style=\"width: 62.5%;\">Concentrated stone washing enzyme for cold and hot baths.<\/td>\n<\/tr>\n<tr>\n<td style=\"width: 25.1689%;\" width=\"185\">GENZIM PER 1060 AR<\/td>\n<td style=\"width: 11.9932%;\"><\/td>\n<td style=\"width: 62.5%;\" width=\"920\">Concentrated antiperoxide catalase enzyme.<\/td>\n<\/tr>\n<tr>\n<td style=\"width: 25.1689%;\" width=\"185\">GENXIM PER 1000 F<\/td>\n<td style=\"width: 11.9932%;\"><\/td>\n<td style=\"width: 62.5%;\" width=\"920\">Concentrated antiperoxide catalase enzyme.<\/td>\n<\/tr>\n<tr>\n<td style=\"width: 25.1689%;\" width=\"185\">GENZIM PER 1000 M<\/td>\n<td style=\"width: 11.9932%;\"><\/td>\n<td style=\"width: 62.5%;\" width=\"920\">Concentrated antiperoxide catalase enzyme.<\/td>\n<\/tr>\n<\/tbody>\n<\/table>\n<p>[\/vc_column_text][\/vc_column][\/vc_row]<\/p>\n<\/div>","protected":false},"excerpt":{"rendered":"<p>[vc_row][vc_column][vc_column_text] Product Name Ionic Character Application Field GENSIZE LT 600 \u03b1-Amylase desizing enzyme. GENSIZE LT HIGH KONZ \u03b1-Amylase desizing enzyme. GENZIM PER 600 Antiperoxide catalase enzyme. GENPIL UNI KONZ B Acid cellulase biopolishing enzyme. GENPIL UNI H KONZ Acid cellulase biopolishing enzyme. GENPIL UNI NE Neutral cellulase biopolishing enzyme for dye bath. GENPIL COMBI ECO&hellip;<\/p>\n","protected":false},"author":1,"featured_media":0,"parent":0,"menu_order":0,"comment_status":"closed","ping_status":"closed","template":"","meta":{"footnotes":""},"class_list":["post-760","page","type-page","status-publish","hentry","description-off"],"yoast_head":"<!-- This site is optimized with the Yoast SEO plugin v24.0 - https:\/\/yoast.com\/wordpress\/plugins\/seo\/ -->\n<title>Enzyms - GENK\u0130M<\/title>\n<meta name=\"robots\" content=\"index, follow, max-snippet:-1, max-image-preview:large, max-video-preview:-1\" \/>\n<link rel=\"canonical\" href=\"https:\/\/genkim.com.tr\/en\/enzyms\/\" \/>\n<meta property=\"og:locale\" content=\"en_US\" \/>\n<meta property=\"og:type\" content=\"article\" \/>\n<meta property=\"og:title\" content=\"Enzyms - GENK\u0130M\" \/>\n<meta property=\"og:description\" content=\"[vc_row][vc_column][vc_column_text] Product Name Ionic Character Application Field GENSIZE LT 600 \u03b1-Amylase desizing enzyme. GENSIZE LT HIGH KONZ \u03b1-Amylase desizing enzyme. GENZIM PER 600 Antiperoxide catalase enzyme. GENPIL UNI KONZ B Acid cellulase biopolishing enzyme. GENPIL UNI H KONZ Acid cellulase biopolishing enzyme. GENPIL UNI NE Neutral cellulase biopolishing enzyme for dye bath. GENPIL COMBI ECO&hellip;\" \/>\n<meta property=\"og:url\" content=\"https:\/\/genkim.com.tr\/en\/enzyms\/\" \/>\n<meta property=\"og:site_name\" content=\"GENK\u0130M\" \/>\n<meta property=\"article:modified_time\" content=\"2022-06-25T17:22:59+00:00\" \/>\n<meta name=\"twitter:card\" content=\"summary_large_image\" \/>\n<meta name=\"twitter:label1\" content=\"Est. reading time\" \/>\n\t<meta name=\"twitter:data1\" content=\"1 minute\" \/>\n<script type=\"application\/ld+json\" class=\"yoast-schema-graph\">{\"@context\":\"https:\/\/schema.org\",\"@graph\":[{\"@type\":\"WebPage\",\"@id\":\"https:\/\/genkim.com.tr\/en\/enzyms\/\",\"url\":\"https:\/\/genkim.com.tr\/en\/enzyms\/\",\"name\":\"Enzyms - GENK\u0130M\",\"isPartOf\":{\"@id\":\"https:\/\/genkim.com.tr\/#website\"},\"datePublished\":\"2021-06-06T23:44:47+00:00\",\"dateModified\":\"2022-06-25T17:22:59+00:00\",\"breadcrumb\":{\"@id\":\"https:\/\/genkim.com.tr\/en\/enzyms\/#breadcrumb\"},\"inLanguage\":\"en-US\",\"potentialAction\":[{\"@type\":\"ReadAction\",\"target\":[\"https:\/\/genkim.com.tr\/en\/enzyms\/\"]}]},{\"@type\":\"BreadcrumbList\",\"@id\":\"https:\/\/genkim.com.tr\/en\/enzyms\/#breadcrumb\",\"itemListElement\":[{\"@type\":\"ListItem\",\"position\":1,\"name\":\"Anasayfa\",\"item\":\"https:\/\/genkim.com.tr\/en\/\"},{\"@type\":\"ListItem\",\"position\":2,\"name\":\"Enzyms\"}]},{\"@type\":\"WebSite\",\"@id\":\"https:\/\/genkim.com.tr\/#website\",\"url\":\"https:\/\/genkim.com.tr\/\",\"name\":\"GENK\u0130M\",\"description\":\"Genel End\u00fcstriyel Kimyevi Maddeler\u0130 | Bursa\",\"potentialAction\":[{\"@type\":\"SearchAction\",\"target\":{\"@type\":\"EntryPoint\",\"urlTemplate\":\"https:\/\/genkim.com.tr\/?s={search_term_string}\"},\"query-input\":{\"@type\":\"PropertyValueSpecification\",\"valueRequired\":true,\"valueName\":\"search_term_string\"}}],\"inLanguage\":\"en-US\"}]}<\/script>\n<!-- \/ Yoast SEO plugin. -->","yoast_head_json":{"title":"Enzyms - GENK\u0130M","robots":{"index":"index","follow":"follow","max-snippet":"max-snippet:-1","max-image-preview":"max-image-preview:large","max-video-preview":"max-video-preview:-1"},"canonical":"https:\/\/genkim.com.tr\/en\/enzyms\/","og_locale":"en_US","og_type":"article","og_title":"Enzyms - GENK\u0130M","og_description":"[vc_row][vc_column][vc_column_text] Product Name Ionic Character Application Field GENSIZE LT 600 \u03b1-Amylase desizing enzyme. GENSIZE LT HIGH KONZ \u03b1-Amylase desizing enzyme. GENZIM PER 600 Antiperoxide catalase enzyme. GENPIL UNI KONZ B Acid cellulase biopolishing enzyme. GENPIL UNI H KONZ Acid cellulase biopolishing enzyme. GENPIL UNI NE Neutral cellulase biopolishing enzyme for dye bath. GENPIL COMBI ECO&hellip;","og_url":"https:\/\/genkim.com.tr\/en\/enzyms\/","og_site_name":"GENK\u0130M","article_modified_time":"2022-06-25T17:22:59+00:00","twitter_card":"summary_large_image","twitter_misc":{"Est. reading time":"1 minute"},"schema":{"@context":"https:\/\/schema.org","@graph":[{"@type":"WebPage","@id":"https:\/\/genkim.com.tr\/en\/enzyms\/","url":"https:\/\/genkim.com.tr\/en\/enzyms\/","name":"Enzyms - GENK\u0130M","isPartOf":{"@id":"https:\/\/genkim.com.tr\/#website"},"datePublished":"2021-06-06T23:44:47+00:00","dateModified":"2022-06-25T17:22:59+00:00","breadcrumb":{"@id":"https:\/\/genkim.com.tr\/en\/enzyms\/#breadcrumb"},"inLanguage":"en-US","potentialAction":[{"@type":"ReadAction","target":["https:\/\/genkim.com.tr\/en\/enzyms\/"]}]},{"@type":"BreadcrumbList","@id":"https:\/\/genkim.com.tr\/en\/enzyms\/#breadcrumb","itemListElement":[{"@type":"ListItem","position":1,"name":"Anasayfa","item":"https:\/\/genkim.com.tr\/en\/"},{"@type":"ListItem","position":2,"name":"Enzyms"}]},{"@type":"WebSite","@id":"https:\/\/genkim.com.tr\/#website","url":"https:\/\/genkim.com.tr\/","name":"GENK\u0130M","description":"Genel End\u00fcstriyel Kimyevi Maddeler\u0130 | Bursa","potentialAction":[{"@type":"SearchAction","target":{"@type":"EntryPoint","urlTemplate":"https:\/\/genkim.com.tr\/?s={search_term_string}"},"query-input":{"@type":"PropertyValueSpecification","valueRequired":true,"valueName":"search_term_string"}}],"inLanguage":"en-US"}]}},"_links":{"self":[{"href":"https:\/\/genkim.com.tr\/en\/wp-json\/wp\/v2\/pages\/760\/"}],"collection":[{"href":"https:\/\/genkim.com.tr\/en\/wp-json\/wp\/v2\/pages\/"}],"about":[{"href":"https:\/\/genkim.com.tr\/en\/wp-json\/wp\/v2\/types\/page\/"}],"author":[{"embeddable":true,"href":"https:\/\/genkim.com.tr\/en\/wp-json\/wp\/v2\/users\/1\/"}],"replies":[{"embeddable":true,"href":"https:\/\/genkim.com.tr\/en\/wp-json\/wp\/v2\/comments\/?post=760"}],"version-history":[{"count":3,"href":"https:\/\/genkim.com.tr\/en\/wp-json\/wp\/v2\/pages\/760\/revisions\/"}],"predecessor-version":[{"id":1119,"href":"https:\/\/genkim.com.tr\/en\/wp-json\/wp\/v2\/pages\/760\/revisions\/1119\/"}],"wp:attachment":[{"href":"https:\/\/genkim.com.tr\/en\/wp-json\/wp\/v2\/media\/?parent=760"}],"curies":[{"name":"wp","href":"https:\/\/api.w.org\/{rel}","templated":true}]}}