{"id":758,"date":"2021-06-09T01:36:55","date_gmt":"2021-06-08T22:36:55","guid":{"rendered":"https:\/\/genkim.com.tr\/ozel-apreler\/"},"modified":"2022-06-25T20:20:55","modified_gmt":"2022-06-25T17:20:55","slug":"finishing-agents","status":"publish","type":"page","link":"https:\/\/genkim.com.tr\/en\/finishing-agents\/","title":{"rendered":"Finishing Agents"},"content":{"rendered":"<div class=\"wpb-content-wrapper\"><p>[vc_row][vc_column][vc_column_text]<\/p>\n<table class=\"t1\" style=\"width: 100%; height: 395px;\" cellspacing=\"0\" cellpadding=\"0\">\n<tbody>\n<tr style=\"height: 32px;\">\n<th class=\"td1\" style=\"width: 25.1689%; height: 32px; text-align: center;\" valign=\"middle\">\n<p class=\"p1\">Product Name<\/p>\n<\/th>\n<th class=\"td1\" style=\"width: 11.9932%; height: 32px; text-align: center;\" valign=\"middle\">\n<p class=\"p1\">Ionic Character<\/p>\n<\/th>\n<th class=\"td1\" style=\"width: 62.5%; height: 32px; text-align: center;\" valign=\"middle\">\n<p class=\"p1\">Application Field<\/p>\n<\/th>\n<\/tr>\n<tr>\n<td style=\"width: 25.1689%;\" width=\"185\">HYDROPES HIP<\/td>\n<td style=\"width: 11.9932%;\" width=\"155\">Nonionic<\/td>\n<td style=\"width: 62.5%;\" width=\"920\">Hydrophilic finishing agent for PES and blends.<\/td>\n<\/tr>\n<tr>\n<td style=\"width: 25.1689%;\" width=\"185\">HYDROPES PERM<\/td>\n<td style=\"width: 11.9932%;\">Nonionic<\/td>\n<td style=\"width: 62.5%;\">Permanent soft and antistatic finish for PES.<\/td>\n<\/tr>\n<tr>\n<td style=\"width: 25.1689%;\" width=\"185\">AQUAGEN V6<\/td>\n<td style=\"width: 11.9932%;\">Nonionic<\/td>\n<td style=\"width: 62.5%;\">Permanent soft and antistatic finish for PES.<\/td>\n<\/tr>\n<tr>\n<td style=\"width: 25.1689%;\">SARDON L<\/td>\n<td style=\"width: 11.9932%;\">Nonionic<\/td>\n<td style=\"width: 62.5%;\">Antistatic raising emulsion.<\/td>\n<\/tr>\n<tr>\n<td style=\"width: 25.1689%;\">SARDON P 100<\/td>\n<td style=\"width: 11.9932%;\">Nonionic<\/td>\n<td style=\"width: 62.5%;\">Antistatic raising emulsion.<\/td>\n<\/tr>\n<tr>\n<td style=\"width: 25.1689%;\">GENGUARD FC 2000 UHP<\/td>\n<td style=\"width: 11.9932%;\">Nonionic\/Slightly Cationic<\/td>\n<td style=\"width: 62.5%;\">Water, dirt and oil repellent.<\/td>\n<\/tr>\n<tr>\n<td style=\"width: 25.1689%;\">GENOFLAM FT 50<\/td>\n<td style=\"width: 11.9932%;\">Anionic<\/td>\n<td style=\"width: 62.5%;\">Durable flame retardant for PES, PES\/PA and PES\/cellulosic fabrics.<\/td>\n<\/tr>\n<tr>\n<td style=\"width: 25.1689%;\">GENOFLAM CT 01<\/td>\n<td style=\"width: 11.9932%;\">Anionic<\/td>\n<td style=\"width: 62.5%;\">Flame retardant for PES, PES\/PA and blends.<\/td>\n<\/tr>\n<tr>\n<td style=\"width: 25.1689%;\">GENACRYL NBC 210<\/td>\n<td style=\"width: 11.9932%;\">Nonionic<\/td>\n<td style=\"width: 62.5%;\">Flame retardant compound.<\/td>\n<\/tr>\n<tr>\n<td style=\"width: 25.1689%;\">DEEPCOLOR PES<\/td>\n<td style=\"width: 11.9932%;\">Nonionic\/Slightly Cationic<\/td>\n<td style=\"width: 62.5%;\">Color deepener and fastness improver agent for PES.<\/td>\n<\/tr>\n<tr>\n<td style=\"width: 25.1689%;\">DEEP COLOR MH 100<\/td>\n<td style=\"width: 11.9932%;\">Slightly Cationic<\/td>\n<td style=\"width: 62.5%;\">Color deepener and fastness improver agent.<\/td>\n<\/tr>\n<tr>\n<td style=\"width: 25.1689%;\">GENCREASE NEU KONZ eco 00<\/td>\n<td style=\"width: 11.9932%;\"><\/td>\n<td style=\"width: 62.5%;\">Shrink and crease resistant finishing agent.<\/td>\n<\/tr>\n<tr>\n<td style=\"width: 25.1689%;\">GENFAST FLY LIQ K<\/td>\n<td style=\"width: 11.9932%;\"><\/td>\n<td style=\"width: 62.5%;\">Phenolic yellowing inhibitor.<\/td>\n<\/tr>\n<tr>\n<td style=\"width: 25.1689%;\">COLORMASTER SS<\/td>\n<td style=\"width: 11.9932%;\">Nonionic<\/td>\n<td style=\"width: 62.5%;\">Special effect chemicals that give the desired shine to the yarns.<\/td>\n<\/tr>\n<tr>\n<td style=\"width: 25.1689%;\">JET BLACK<\/td>\n<td style=\"width: 11.9932%;\"><\/td>\n<td style=\"width: 62.5%;\">Color deepener that does not change the touch of the fabric when using foulard.<\/td>\n<\/tr>\n<tr>\n<td style=\"width: 25.1689%;\">AVISOFT SUPRA EXTRA<\/td>\n<td style=\"width: 11.9932%;\"><\/td>\n<td style=\"width: 62.5%;\">Specific universal spin finish and antistatic agent.<\/td>\n<\/tr>\n<tr>\n<td style=\"width: 25.1689%;\">LUBRISIL VIVA STAR<\/td>\n<td style=\"width: 11.9932%;\"><\/td>\n<td style=\"width: 62.5%;\">Specific lubricant used during the final transfer, specially developed for sewing embroidery threads.<\/td>\n<\/tr>\n<tr>\n<td style=\"width: 25.1689%;\">EMULSION MDP B<\/td>\n<td style=\"width: 11.9932%;\">Nonionic<\/td>\n<td style=\"width: 62.5%;\">Highly effective polyethylene wax emulsion for all kinds of finishing applications.<\/td>\n<\/tr>\n<tr>\n<td style=\"width: 25.1689%;\">NANOGUARD STI<\/td>\n<td style=\"width: 11.9932%;\">Nonionic\/Slightly Cationic<\/td>\n<td style=\"width: 62.5%;\">Water, dirt and oil repellent.<\/td>\n<\/tr>\n<tr>\n<td style=\"width: 25.1689%;\">NANOGUARD STOP<\/td>\n<td style=\"width: 11.9932%;\">Nonionic\/Slightly Cationic<\/td>\n<td style=\"width: 62.5%;\">Water, dirt and oil repellent.<\/td>\n<\/tr>\n<tr>\n<td style=\"width: 25.1689%;\">NANOGUARD MAXIMA<\/td>\n<td style=\"width: 11.9932%;\"><\/td>\n<td style=\"width: 62.5%;\">Water, dirt and oil repellent.<\/td>\n<\/tr>\n<tr>\n<td style=\"width: 25.1689%;\">NANOGUARD EXTREME<\/td>\n<td style=\"width: 11.9932%;\">Nonionic\/Slightly Cationic<\/td>\n<td style=\"width: 62.5%;\">Water, dirt and oil repellent.<\/td>\n<\/tr>\n<tr>\n<td style=\"width: 25.1689%;\">NANOGUARD WPX<\/td>\n<td style=\"width: 11.9932%;\">Nonionic\/Slightly Cationic<\/td>\n<td style=\"width: 62.5%;\">Water, dirt and oil repellent.<\/td>\n<\/tr>\n<tr>\n<td style=\"width: 25.1689%;\">SUPERCOAT EXTRA<\/td>\n<td style=\"width: 11.9932%;\">Anionic<\/td>\n<td style=\"width: 62.5%;\">Hard coating binder.<\/td>\n<\/tr>\n<tr>\n<td style=\"width: 25.1689%;\">SUPERCOAT UFR<\/td>\n<td style=\"width: 11.9932%;\"><\/td>\n<td style=\"width: 62.5%;\">Self-crosslinking ready-to-use flame retardant chemical suitable for foam coating.<\/td>\n<\/tr>\n<tr>\n<td style=\"width: 25.1689%;\">APRETAN GT<\/td>\n<td style=\"width: 11.9932%;\">Nonionic<\/td>\n<td style=\"width: 62.5%;\">Non-yellowing filler and hardness material.<\/td>\n<\/tr>\n<\/tbody>\n<\/table>\n<p>[\/vc_column_text][\/vc_column][\/vc_row]<\/p>\n<\/div>","protected":false},"excerpt":{"rendered":"<p>[vc_row][vc_column][vc_column_text] Product Name Ionic Character Application Field HYDROPES HIP Nonionic Hydrophilic finishing agent for PES and blends. HYDROPES PERM Nonionic Permanent soft and antistatic finish for PES. AQUAGEN V6 Nonionic Permanent soft and antistatic finish for PES. SARDON L Nonionic Antistatic raising emulsion. SARDON P 100 Nonionic Antistatic raising emulsion. GENGUARD FC 2000 UHP Nonionic\/Slightly&hellip;<\/p>\n","protected":false},"author":1,"featured_media":0,"parent":0,"menu_order":0,"comment_status":"closed","ping_status":"closed","template":"","meta":{"footnotes":""},"class_list":["post-758","page","type-page","status-publish","hentry","description-off"],"yoast_head":"<!-- This site is optimized with the Yoast SEO plugin v24.0 - https:\/\/yoast.com\/wordpress\/plugins\/seo\/ -->\n<title>Finishing Agents - GENK\u0130M<\/title>\n<meta name=\"robots\" content=\"index, follow, max-snippet:-1, max-image-preview:large, max-video-preview:-1\" \/>\n<link rel=\"canonical\" href=\"https:\/\/genkim.com.tr\/en\/finishing-agents\/\" \/>\n<meta property=\"og:locale\" content=\"en_US\" \/>\n<meta property=\"og:type\" content=\"article\" \/>\n<meta property=\"og:title\" content=\"Finishing Agents - GENK\u0130M\" \/>\n<meta property=\"og:description\" content=\"[vc_row][vc_column][vc_column_text] Product Name Ionic Character Application Field HYDROPES HIP Nonionic Hydrophilic finishing agent for PES and blends. HYDROPES PERM Nonionic Permanent soft and antistatic finish for PES. AQUAGEN V6 Nonionic Permanent soft and antistatic finish for PES. SARDON L Nonionic Antistatic raising emulsion. SARDON P 100 Nonionic Antistatic raising emulsion. GENGUARD FC 2000 UHP Nonionic\/Slightly&hellip;\" \/>\n<meta property=\"og:url\" content=\"https:\/\/genkim.com.tr\/en\/finishing-agents\/\" \/>\n<meta property=\"og:site_name\" content=\"GENK\u0130M\" \/>\n<meta property=\"article:modified_time\" content=\"2022-06-25T17:20:55+00:00\" \/>\n<meta name=\"twitter:card\" content=\"summary_large_image\" \/>\n<meta name=\"twitter:label1\" content=\"Est. reading time\" \/>\n\t<meta name=\"twitter:data1\" content=\"2 minutes\" \/>\n<script type=\"application\/ld+json\" class=\"yoast-schema-graph\">{\"@context\":\"https:\/\/schema.org\",\"@graph\":[{\"@type\":\"WebPage\",\"@id\":\"https:\/\/genkim.com.tr\/en\/finishing-agents\/\",\"url\":\"https:\/\/genkim.com.tr\/en\/finishing-agents\/\",\"name\":\"Finishing Agents - GENK\u0130M\",\"isPartOf\":{\"@id\":\"https:\/\/genkim.com.tr\/#website\"},\"datePublished\":\"2021-06-08T22:36:55+00:00\",\"dateModified\":\"2022-06-25T17:20:55+00:00\",\"breadcrumb\":{\"@id\":\"https:\/\/genkim.com.tr\/en\/finishing-agents\/#breadcrumb\"},\"inLanguage\":\"en-US\",\"potentialAction\":[{\"@type\":\"ReadAction\",\"target\":[\"https:\/\/genkim.com.tr\/en\/finishing-agents\/\"]}]},{\"@type\":\"BreadcrumbList\",\"@id\":\"https:\/\/genkim.com.tr\/en\/finishing-agents\/#breadcrumb\",\"itemListElement\":[{\"@type\":\"ListItem\",\"position\":1,\"name\":\"Anasayfa\",\"item\":\"https:\/\/genkim.com.tr\/en\/\"},{\"@type\":\"ListItem\",\"position\":2,\"name\":\"Finishing Agents\"}]},{\"@type\":\"WebSite\",\"@id\":\"https:\/\/genkim.com.tr\/#website\",\"url\":\"https:\/\/genkim.com.tr\/\",\"name\":\"GENK\u0130M\",\"description\":\"Genel End\u00fcstriyel Kimyevi Maddeler\u0130 | Bursa\",\"potentialAction\":[{\"@type\":\"SearchAction\",\"target\":{\"@type\":\"EntryPoint\",\"urlTemplate\":\"https:\/\/genkim.com.tr\/?s={search_term_string}\"},\"query-input\":{\"@type\":\"PropertyValueSpecification\",\"valueRequired\":true,\"valueName\":\"search_term_string\"}}],\"inLanguage\":\"en-US\"}]}<\/script>\n<!-- \/ Yoast SEO plugin. -->","yoast_head_json":{"title":"Finishing Agents - GENK\u0130M","robots":{"index":"index","follow":"follow","max-snippet":"max-snippet:-1","max-image-preview":"max-image-preview:large","max-video-preview":"max-video-preview:-1"},"canonical":"https:\/\/genkim.com.tr\/en\/finishing-agents\/","og_locale":"en_US","og_type":"article","og_title":"Finishing Agents - GENK\u0130M","og_description":"[vc_row][vc_column][vc_column_text] Product Name Ionic Character Application Field HYDROPES HIP Nonionic Hydrophilic finishing agent for PES and blends. HYDROPES PERM Nonionic Permanent soft and antistatic finish for PES. AQUAGEN V6 Nonionic Permanent soft and antistatic finish for PES. SARDON L Nonionic Antistatic raising emulsion. SARDON P 100 Nonionic Antistatic raising emulsion. GENGUARD FC 2000 UHP Nonionic\/Slightly&hellip;","og_url":"https:\/\/genkim.com.tr\/en\/finishing-agents\/","og_site_name":"GENK\u0130M","article_modified_time":"2022-06-25T17:20:55+00:00","twitter_card":"summary_large_image","twitter_misc":{"Est. reading time":"2 minutes"},"schema":{"@context":"https:\/\/schema.org","@graph":[{"@type":"WebPage","@id":"https:\/\/genkim.com.tr\/en\/finishing-agents\/","url":"https:\/\/genkim.com.tr\/en\/finishing-agents\/","name":"Finishing Agents - GENK\u0130M","isPartOf":{"@id":"https:\/\/genkim.com.tr\/#website"},"datePublished":"2021-06-08T22:36:55+00:00","dateModified":"2022-06-25T17:20:55+00:00","breadcrumb":{"@id":"https:\/\/genkim.com.tr\/en\/finishing-agents\/#breadcrumb"},"inLanguage":"en-US","potentialAction":[{"@type":"ReadAction","target":["https:\/\/genkim.com.tr\/en\/finishing-agents\/"]}]},{"@type":"BreadcrumbList","@id":"https:\/\/genkim.com.tr\/en\/finishing-agents\/#breadcrumb","itemListElement":[{"@type":"ListItem","position":1,"name":"Anasayfa","item":"https:\/\/genkim.com.tr\/en\/"},{"@type":"ListItem","position":2,"name":"Finishing Agents"}]},{"@type":"WebSite","@id":"https:\/\/genkim.com.tr\/#website","url":"https:\/\/genkim.com.tr\/","name":"GENK\u0130M","description":"Genel End\u00fcstriyel Kimyevi Maddeler\u0130 | Bursa","potentialAction":[{"@type":"SearchAction","target":{"@type":"EntryPoint","urlTemplate":"https:\/\/genkim.com.tr\/?s={search_term_string}"},"query-input":{"@type":"PropertyValueSpecification","valueRequired":true,"valueName":"search_term_string"}}],"inLanguage":"en-US"}]}},"_links":{"self":[{"href":"https:\/\/genkim.com.tr\/en\/wp-json\/wp\/v2\/pages\/758\/"}],"collection":[{"href":"https:\/\/genkim.com.tr\/en\/wp-json\/wp\/v2\/pages\/"}],"about":[{"href":"https:\/\/genkim.com.tr\/en\/wp-json\/wp\/v2\/types\/page\/"}],"author":[{"embeddable":true,"href":"https:\/\/genkim.com.tr\/en\/wp-json\/wp\/v2\/users\/1\/"}],"replies":[{"embeddable":true,"href":"https:\/\/genkim.com.tr\/en\/wp-json\/wp\/v2\/comments\/?post=758"}],"version-history":[{"count":3,"href":"https:\/\/genkim.com.tr\/en\/wp-json\/wp\/v2\/pages\/758\/revisions\/"}],"predecessor-version":[{"id":1117,"href":"https:\/\/genkim.com.tr\/en\/wp-json\/wp\/v2\/pages\/758\/revisions\/1117\/"}],"wp:attachment":[{"href":"https:\/\/genkim.com.tr\/en\/wp-json\/wp\/v2\/media\/?parent=758"}],"curies":[{"name":"wp","href":"https:\/\/api.w.org\/{rel}","templated":true}]}}