{"id":755,"date":"2021-06-09T01:31:09","date_gmt":"2021-06-08T22:31:09","guid":{"rendered":"https:\/\/genkim.com.tr\/silikonlar\/"},"modified":"2022-06-25T20:14:41","modified_gmt":"2022-06-25T17:14:41","slug":"silicone","status":"publish","type":"page","link":"https:\/\/genkim.com.tr\/en\/silicone\/","title":{"rendered":"Silicone"},"content":{"rendered":"<div class=\"wpb-content-wrapper\"><p>[vc_row][vc_column][vc_column_text]<\/p>\n<table class=\"t1\" style=\"width: 100%; height: 364px;\" cellspacing=\"0\" cellpadding=\"0\">\n<tbody>\n<tr style=\"height: 31px; background-color: #bde2ff;\">\n<th style=\"width: 99.6621%; height: 44px; text-align: center;\" colspan=\"3\">\n<p class=\"p1\">MICRO<\/p>\n<\/th>\n<\/tr>\n<tr style=\"height: 32px;\">\n<th class=\"td1\" style=\"width: 25.1689%; height: 32px; text-align: center;\" valign=\"middle\">\n<p class=\"p1\">Product Name<\/p>\n<\/th>\n<th class=\"td1\" style=\"width: 11.9932%; height: 32px; text-align: center;\" valign=\"middle\">\n<p class=\"p1\">Ionic Character<\/p>\n<\/th>\n<th class=\"td1\" style=\"width: 62.5%; height: 32px; text-align: center;\" valign=\"middle\">\n<p class=\"p1\">Application Field<\/p>\n<\/th>\n<\/tr>\n<tr>\n<td style=\"width: 25.1689%;\" width=\"185\">FINISH SMW 300<\/td>\n<td style=\"width: 11.9932%;\" width=\"155\">Slightly Cationic<\/td>\n<td style=\"width: 62.5%;\" width=\"920\">Concentrated micro silicone used for all\u00a0 fibers.<\/td>\n<\/tr>\n<tr>\n<td style=\"width: 25.1689%;\" width=\"185\">FINISH SMW 1<\/td>\n<td style=\"width: 11.9932%;\">Nonionic<\/td>\n<td style=\"width: 62.5%;\">Concentrated, nonyellowing, micro silicone emulsion providing a soft, full handle and lubricity\u00a0 for all fibers.<\/td>\n<\/tr>\n<tr>\n<td style=\"width: 25.1689%;\" width=\"185\">FINISH MICRO 1<\/td>\n<td style=\"width: 11.9932%;\">Nonionic<\/td>\n<td style=\"width: 62.5%;\">Micro silicone softener suitable for all kinds of textile fibres and in pigment printing paste.<\/td>\n<\/tr>\n<tr>\n<td style=\"width: 25.1689%;\" width=\"185\">GENAMIN SI 102 MC<\/td>\n<td style=\"width: 11.9932%;\">Cationic<\/td>\n<td style=\"width: 62.5%;\">Exhaustable silicone based softener.<\/td>\n<\/tr>\n<tr>\n<td style=\"width: 25.1689%;\" width=\"185\">FINISH SDA<\/td>\n<td style=\"width: 11.9932%;\">Slightly Cationic<\/td>\n<td style=\"width: 62.5%;\">Micro silicone suitable for all fibers.<\/td>\n<\/tr>\n<tr>\n<td style=\"width: 25.1689%;\" width=\"185\">FINISH JET WS<\/td>\n<td style=\"width: 11.9932%;\">Slightly Cationic<\/td>\n<td style=\"width: 62.5%;\">Special exhaustable silicone providing elasticity with slippery handle to all fibers which has a unique performance in wide pH ranges and high temperatures.<\/td>\n<\/tr>\n<tr>\n<td style=\"width: 25.1689%;\" width=\"185\">FINISH JET EX\/H<\/td>\n<td style=\"width: 11.9932%;\">Slightly Cationic<\/td>\n<td style=\"width: 62.5%;\" width=\"920\">Special exhaustable nano micro silicone providing lubricity, elasticity with slippery handle to all fibers.<\/td>\n<\/tr>\n<tr>\n<td style=\"width: 25.1689%;\" width=\"185\">FINISH SM\/H KONZ<\/td>\n<td style=\"width: 11.9932%;\">Slightly Cationic\/Nonionic<\/td>\n<td style=\"width: 62.5%;\">Specially developed concentrated micro silicone emulsion<\/td>\n<\/tr>\n<\/tbody>\n<\/table>\n<p>&nbsp;<\/p>\n<table class=\"t1\" style=\"width: 100%; height: 106px;\" cellspacing=\"0\" cellpadding=\"0\">\n<tbody>\n<tr style=\"height: 31px; background-color: #bde2ff;\">\n<th style=\"width: 99.6621%; height: 44px; text-align: center;\" colspan=\"3\">\n<p class=\"p1\">MACRO<\/p>\n<\/th>\n<\/tr>\n<tr style=\"height: 32px;\">\n<th class=\"td1\" style=\"width: 25.1689%; height: 32px; text-align: center;\" valign=\"middle\">\n<p class=\"p1\">Product Name<\/p>\n<\/th>\n<th class=\"td1\" style=\"width: 11.9932%; height: 32px; text-align: center;\" valign=\"middle\">\n<p class=\"p1\">Ionic Character<\/p>\n<\/th>\n<th class=\"td1\" style=\"width: 62.5%; height: 32px; text-align: center;\" valign=\"middle\">\n<p class=\"p1\">Application Field<\/p>\n<\/th>\n<\/tr>\n<tr>\n<td style=\"width: 25.1689%;\" width=\"185\">GENSIL MH 100<\/td>\n<td style=\"width: 11.9932%;\" width=\"155\">Slightly Cationic<\/td>\n<td style=\"width: 62.5%;\" width=\"920\">Surface slipperiness and stretching effect providing macro silicone emulsion.<\/td>\n<\/tr>\n<tr>\n<td style=\"width: 25.1689%;\" width=\"185\">GENSIL MAC T1+<\/td>\n<td style=\"width: 11.9932%;\">Slightly Cationic<\/td>\n<td style=\"width: 62.5%;\">Semi hydrophilic, exhaustable, suitable in pH 3-10, macro silicone emulsion.<\/td>\n<\/tr>\n<\/tbody>\n<\/table>\n<p>&nbsp;<\/p>\n<table class=\"t1\" style=\"width: 100%; height: 140px;\" cellspacing=\"0\" cellpadding=\"0\">\n<tbody>\n<tr style=\"height: 31px; background-color: #bde2ff;\">\n<th style=\"width: 99.6621%; height: 44px; text-align: center;\" colspan=\"3\">\n<p class=\"p1\">HYDROPHILIC SILICONES<\/p>\n<\/th>\n<\/tr>\n<tr style=\"height: 32px;\">\n<th class=\"td1\" style=\"width: 25.1689%; height: 32px; text-align: center;\" valign=\"middle\">\n<p class=\"p1\">Product Name<\/p>\n<\/th>\n<th class=\"td1\" style=\"width: 11.9932%; height: 32px; text-align: center;\" valign=\"middle\">\n<p class=\"p1\">Ionic Character<\/p>\n<\/th>\n<th class=\"td1\" style=\"width: 62.5%; height: 32px; text-align: center;\" valign=\"middle\">\n<p class=\"p1\">Application Field<\/p>\n<\/th>\n<\/tr>\n<tr>\n<td style=\"width: 25.1689%;\" width=\"185\">HIDROSIL SNIL<\/td>\n<td style=\"width: 11.9932%;\" width=\"155\">Slightly Cationic\/Nonionic<\/td>\n<td style=\"width: 62.5%;\" width=\"920\">Semi hydrophilic macro silicone emulsion.<\/td>\n<\/tr>\n<tr>\n<td style=\"width: 25.1689%;\" width=\"185\">HIDROSIL BOOST<\/td>\n<td style=\"width: 11.9932%;\">Slightly Cationic\/Nonionic<\/td>\n<td style=\"width: 62.5%;\">High slippery handle, hydrophilic, suitable for exhaust processes in wide pH.<\/td>\n<\/tr>\n<tr>\n<td style=\"width: 25.1689%;\" width=\"185\">HIDROSIL SKY<\/td>\n<td style=\"width: 11.9932%;\">Slightly Cationic\/Nonionic<\/td>\n<td style=\"width: 62.5%;\">Special non-yellowing, exhaustable hydrophilic silicone.<\/td>\n<\/tr>\n<tr>\n<td style=\"width: 25.1689%;\" width=\"185\">HIDROSIL PURE<\/td>\n<td style=\"width: 11.9932%;\">Slightly Cationic\/Nonionic<\/td>\n<td style=\"width: 62.5%;\">Supersoft, volumizing, nonyellowing and exhaustable hydrophilic silicone.<\/td>\n<\/tr>\n<tr>\n<td style=\"width: 25.1689%;\" width=\"185\">HIDROSIL TOW<\/td>\n<td style=\"width: 11.9932%;\">Slightly Cationic\/Nonionic<\/td>\n<td style=\"width: 62.5%;\">Soft handle providing non yellowing exhaustable and jet stable hydrophilic softener for knitted and woven fabrics which prevents discoloration.<\/td>\n<\/tr>\n<tr>\n<td style=\"width: 25.1689%;\" width=\"185\">HIDROSIL KOBE<\/td>\n<td style=\"width: 11.9932%;\">Slightly Cationic\/Nonionic<\/td>\n<td style=\"width: 62.5%;\">Semi hydrophilic macro silicone emulsion.<\/td>\n<\/tr>\n<tr>\n<td style=\"width: 25.1689%;\" width=\"185\">HIDROSIL SMART<\/td>\n<td style=\"width: 11.9932%;\"><\/td>\n<td style=\"width: 62.5%;\">Exhaustable hydrophilic silicone.<\/td>\n<\/tr>\n<tr>\n<td style=\"width: 25.1689%;\" width=\"185\">HIDROSIL POWER<\/td>\n<td style=\"width: 11.9932%;\">Slightly Cationic\/Nonionic<\/td>\n<td style=\"width: 62.5%;\">Concentrated, exhaustable hydrophilic silicone.<\/td>\n<\/tr>\n<tr>\n<td style=\"width: 25.1689%;\" width=\"185\">GENSIL PRO XT<\/td>\n<td style=\"width: 11.9932%;\"><\/td>\n<td style=\"width: 62.5%;\">Concentrated, semi hydrophilic macro silicone emulsion.<\/td>\n<\/tr>\n<tr>\n<td style=\"width: 25.1689%;\" width=\"185\">HIDROSIL AKM<\/td>\n<td style=\"width: 11.9932%;\">Slightly Cationic\/Nonionic<\/td>\n<td style=\"width: 62.5%;\">Soft handle providing non yellowing exhaustable and jet stable hydrophilic softener for knitted and woven fabrics which prevents discoloration.<\/td>\n<\/tr>\n<\/tbody>\n<\/table>\n<p>[\/vc_column_text][\/vc_column][\/vc_row]<\/p>\n<\/div>","protected":false},"excerpt":{"rendered":"<p>[vc_row][vc_column][vc_column_text] MICRO Product Name Ionic Character Application Field FINISH SMW 300 Slightly Cationic Concentrated micro silicone used for all\u00a0 fibers. FINISH SMW 1 Nonionic Concentrated, nonyellowing, micro silicone emulsion providing a soft, full handle and lubricity\u00a0 for all fibers. FINISH MICRO 1 Nonionic Micro silicone softener suitable for all kinds of textile fibres and in&hellip;<\/p>\n","protected":false},"author":1,"featured_media":0,"parent":0,"menu_order":0,"comment_status":"closed","ping_status":"closed","template":"","meta":{"footnotes":""},"class_list":["post-755","page","type-page","status-publish","hentry","description-off"],"yoast_head":"<!-- This site is optimized with the Yoast SEO plugin v24.0 - https:\/\/yoast.com\/wordpress\/plugins\/seo\/ -->\n<title>Silicone - GENK\u0130M<\/title>\n<meta name=\"robots\" content=\"index, follow, max-snippet:-1, max-image-preview:large, max-video-preview:-1\" \/>\n<link rel=\"canonical\" href=\"https:\/\/genkim.com.tr\/en\/silicone\/\" \/>\n<meta property=\"og:locale\" content=\"en_US\" \/>\n<meta property=\"og:type\" content=\"article\" \/>\n<meta property=\"og:title\" content=\"Silicone - GENK\u0130M\" \/>\n<meta property=\"og:description\" content=\"[vc_row][vc_column][vc_column_text] MICRO Product Name Ionic Character Application Field FINISH SMW 300 Slightly Cationic Concentrated micro silicone used for all\u00a0 fibers. FINISH SMW 1 Nonionic Concentrated, nonyellowing, micro silicone emulsion providing a soft, full handle and lubricity\u00a0 for all fibers. FINISH MICRO 1 Nonionic Micro silicone softener suitable for all kinds of textile fibres and in&hellip;\" \/>\n<meta property=\"og:url\" content=\"https:\/\/genkim.com.tr\/en\/silicone\/\" \/>\n<meta property=\"og:site_name\" content=\"GENK\u0130M\" \/>\n<meta property=\"article:modified_time\" content=\"2022-06-25T17:14:41+00:00\" \/>\n<meta name=\"twitter:card\" content=\"summary_large_image\" \/>\n<meta name=\"twitter:label1\" content=\"Est. reading time\" \/>\n\t<meta name=\"twitter:data1\" content=\"2 minutes\" \/>\n<script type=\"application\/ld+json\" class=\"yoast-schema-graph\">{\"@context\":\"https:\/\/schema.org\",\"@graph\":[{\"@type\":\"WebPage\",\"@id\":\"https:\/\/genkim.com.tr\/en\/silicone\/\",\"url\":\"https:\/\/genkim.com.tr\/en\/silicone\/\",\"name\":\"Silicone - GENK\u0130M\",\"isPartOf\":{\"@id\":\"https:\/\/genkim.com.tr\/#website\"},\"datePublished\":\"2021-06-08T22:31:09+00:00\",\"dateModified\":\"2022-06-25T17:14:41+00:00\",\"breadcrumb\":{\"@id\":\"https:\/\/genkim.com.tr\/en\/silicone\/#breadcrumb\"},\"inLanguage\":\"en-US\",\"potentialAction\":[{\"@type\":\"ReadAction\",\"target\":[\"https:\/\/genkim.com.tr\/en\/silicone\/\"]}]},{\"@type\":\"BreadcrumbList\",\"@id\":\"https:\/\/genkim.com.tr\/en\/silicone\/#breadcrumb\",\"itemListElement\":[{\"@type\":\"ListItem\",\"position\":1,\"name\":\"Anasayfa\",\"item\":\"https:\/\/genkim.com.tr\/en\/\"},{\"@type\":\"ListItem\",\"position\":2,\"name\":\"Silicone\"}]},{\"@type\":\"WebSite\",\"@id\":\"https:\/\/genkim.com.tr\/#website\",\"url\":\"https:\/\/genkim.com.tr\/\",\"name\":\"GENK\u0130M\",\"description\":\"Genel End\u00fcstriyel Kimyevi Maddeler\u0130 | Bursa\",\"potentialAction\":[{\"@type\":\"SearchAction\",\"target\":{\"@type\":\"EntryPoint\",\"urlTemplate\":\"https:\/\/genkim.com.tr\/?s={search_term_string}\"},\"query-input\":{\"@type\":\"PropertyValueSpecification\",\"valueRequired\":true,\"valueName\":\"search_term_string\"}}],\"inLanguage\":\"en-US\"}]}<\/script>\n<!-- \/ Yoast SEO plugin. -->","yoast_head_json":{"title":"Silicone - GENK\u0130M","robots":{"index":"index","follow":"follow","max-snippet":"max-snippet:-1","max-image-preview":"max-image-preview:large","max-video-preview":"max-video-preview:-1"},"canonical":"https:\/\/genkim.com.tr\/en\/silicone\/","og_locale":"en_US","og_type":"article","og_title":"Silicone - GENK\u0130M","og_description":"[vc_row][vc_column][vc_column_text] MICRO Product Name Ionic Character Application Field FINISH SMW 300 Slightly Cationic Concentrated micro silicone used for all\u00a0 fibers. FINISH SMW 1 Nonionic Concentrated, nonyellowing, micro silicone emulsion providing a soft, full handle and lubricity\u00a0 for all fibers. FINISH MICRO 1 Nonionic Micro silicone softener suitable for all kinds of textile fibres and in&hellip;","og_url":"https:\/\/genkim.com.tr\/en\/silicone\/","og_site_name":"GENK\u0130M","article_modified_time":"2022-06-25T17:14:41+00:00","twitter_card":"summary_large_image","twitter_misc":{"Est. reading time":"2 minutes"},"schema":{"@context":"https:\/\/schema.org","@graph":[{"@type":"WebPage","@id":"https:\/\/genkim.com.tr\/en\/silicone\/","url":"https:\/\/genkim.com.tr\/en\/silicone\/","name":"Silicone - GENK\u0130M","isPartOf":{"@id":"https:\/\/genkim.com.tr\/#website"},"datePublished":"2021-06-08T22:31:09+00:00","dateModified":"2022-06-25T17:14:41+00:00","breadcrumb":{"@id":"https:\/\/genkim.com.tr\/en\/silicone\/#breadcrumb"},"inLanguage":"en-US","potentialAction":[{"@type":"ReadAction","target":["https:\/\/genkim.com.tr\/en\/silicone\/"]}]},{"@type":"BreadcrumbList","@id":"https:\/\/genkim.com.tr\/en\/silicone\/#breadcrumb","itemListElement":[{"@type":"ListItem","position":1,"name":"Anasayfa","item":"https:\/\/genkim.com.tr\/en\/"},{"@type":"ListItem","position":2,"name":"Silicone"}]},{"@type":"WebSite","@id":"https:\/\/genkim.com.tr\/#website","url":"https:\/\/genkim.com.tr\/","name":"GENK\u0130M","description":"Genel End\u00fcstriyel Kimyevi Maddeler\u0130 | Bursa","potentialAction":[{"@type":"SearchAction","target":{"@type":"EntryPoint","urlTemplate":"https:\/\/genkim.com.tr\/?s={search_term_string}"},"query-input":{"@type":"PropertyValueSpecification","valueRequired":true,"valueName":"search_term_string"}}],"inLanguage":"en-US"}]}},"_links":{"self":[{"href":"https:\/\/genkim.com.tr\/en\/wp-json\/wp\/v2\/pages\/755\/"}],"collection":[{"href":"https:\/\/genkim.com.tr\/en\/wp-json\/wp\/v2\/pages\/"}],"about":[{"href":"https:\/\/genkim.com.tr\/en\/wp-json\/wp\/v2\/types\/page\/"}],"author":[{"embeddable":true,"href":"https:\/\/genkim.com.tr\/en\/wp-json\/wp\/v2\/users\/1\/"}],"replies":[{"embeddable":true,"href":"https:\/\/genkim.com.tr\/en\/wp-json\/wp\/v2\/comments\/?post=755"}],"version-history":[{"count":3,"href":"https:\/\/genkim.com.tr\/en\/wp-json\/wp\/v2\/pages\/755\/revisions\/"}],"predecessor-version":[{"id":1114,"href":"https:\/\/genkim.com.tr\/en\/wp-json\/wp\/v2\/pages\/755\/revisions\/1114\/"}],"wp:attachment":[{"href":"https:\/\/genkim.com.tr\/en\/wp-json\/wp\/v2\/media\/?parent=755"}],"curies":[{"name":"wp","href":"https:\/\/api.w.org\/{rel}","templated":true}]}}