{"id":752,"date":"2021-06-07T02:00:15","date_gmt":"2021-06-06T23:00:15","guid":{"rendered":"https:\/\/genkim.com.tr\/yumusaticilar\/"},"modified":"2022-06-25T20:11:43","modified_gmt":"2022-06-25T17:11:43","slug":"softeners","status":"publish","type":"page","link":"https:\/\/genkim.com.tr\/en\/softeners\/","title":{"rendered":"Softeners"},"content":{"rendered":"<div class=\"wpb-content-wrapper\"><p>[vc_row][vc_column][vc_column_text]<\/p>\n<table class=\"t1\" style=\"width: 100%; height: 461px;\" cellspacing=\"0\" cellpadding=\"0\">\n<tbody>\n<tr style=\"height: 31px; background-color: #bde2ff;\">\n<th style=\"width: 99.6621%; height: 44px; text-align: center;\" colspan=\"3\">\n<p class=\"p1\">CATIONIC<\/p>\n<\/th>\n<\/tr>\n<tr style=\"height: 32px;\">\n<th class=\"td1\" style=\"width: 25.1689%; height: 32px; text-align: center;\" valign=\"middle\">\n<p class=\"p1\">Product Name<\/p>\n<\/th>\n<th class=\"td1\" style=\"width: 11.9932%; height: 32px; text-align: center;\" valign=\"middle\">\n<p class=\"p1\">Ionic Character<\/p>\n<\/th>\n<th class=\"td1\" style=\"width: 62.5%; height: 32px; text-align: center;\" valign=\"middle\">\n<p class=\"p1\">Application Field<\/p>\n<\/th>\n<\/tr>\n<tr>\n<td style=\"width: 25.1689%;\" width=\"185\">GENSOFT MK 500<\/td>\n<td style=\"width: 11.9932%;\" width=\"155\">Cationic<\/td>\n<td style=\"width: 62.5%;\" width=\"920\">Yellowing resistant, easily soluble, soft touch and slipperiness providing cationic flake softener.<\/td>\n<\/tr>\n<tr>\n<td style=\"width: 25.1689%;\" width=\"185\">GENSOFT S 600<\/td>\n<td style=\"width: 11.9932%;\">Cationic<\/td>\n<td style=\"width: 62.5%;\">Highly effective cationic flake softener.<\/td>\n<\/tr>\n<tr>\n<td style=\"width: 25.1689%;\" width=\"185\">GENSOFT ECO 6000<\/td>\n<td style=\"width: 11.9932%;\">Cationic<\/td>\n<td style=\"width: 62.5%;\">\u00a0Ecological and highly effective cationic flake softener.<\/td>\n<\/tr>\n<tr>\n<td style=\"width: 25.1689%;\" width=\"185\">GENAMIN PAN<\/td>\n<td style=\"width: 11.9932%;\">Cationic<\/td>\n<td style=\"width: 62.5%;\">Antistatic softener for acrylic and polyester.<\/td>\n<\/tr>\n<tr>\n<td style=\"width: 25.1689%;\" width=\"185\">GENSOFT HS-LF<\/td>\n<td style=\"width: 11.9932%;\">Cationic<\/td>\n<td style=\"width: 62.5%;\">Softener for cellulosic, synthetic fibers and blends.<\/td>\n<\/tr>\n<tr>\n<td style=\"width: 25.1689%;\" width=\"185\">GENAMIN KP 1Y<\/td>\n<td style=\"width: 11.9932%;\">Cationic<\/td>\n<td style=\"width: 62.5%;\">Cationic softener.<\/td>\n<\/tr>\n<tr>\n<td style=\"width: 25.1689%;\" width=\"185\">SOFTTOGEN H-90<\/td>\n<td style=\"width: 11.9932%;\">Cationic<\/td>\n<td style=\"width: 62.5%;\">Concentrated, hydrophilic, cationic softener.<\/td>\n<\/tr>\n<tr>\n<td style=\"width: 25.1689%;\" width=\"185\">HIDROSIL HBK 20<\/td>\n<td style=\"width: 11.9932%;\">Cationic<\/td>\n<td style=\"width: 62.5%;\">Hydrophilic cationic softener.<\/td>\n<\/tr>\n<tr>\n<td style=\"width: 25.1689%;\" width=\"185\">GENSOFT SUPRA PLUS<\/td>\n<td style=\"width: 11.9932%;\">Slightly Cationic<\/td>\n<td style=\"width: 62.5%;\">Specific universal avivage and antistatic softener.<\/td>\n<\/tr>\n<tr>\n<td style=\"width: 25.1689%;\" width=\"185\">AVISOFT SWP<\/td>\n<td style=\"width: 11.9932%;\">Cationic\/Nonionic<\/td>\n<td style=\"width: 62.5%;\">Sewability convenience and avivage provides.<\/td>\n<\/tr>\n<tr>\n<td style=\"width: 25.1689%;\" width=\"185\">SOFTTO HIGH TEX<\/td>\n<td style=\"width: 11.9932%;\">Cationic<\/td>\n<td style=\"width: 62.5%;\">Hydrophilic silicone containing softener.<\/td>\n<\/tr>\n<tr>\n<td style=\"width: 25.1689%;\">GENSOFT PANTHER<\/td>\n<td style=\"width: 11.9932%;\">Cationic<\/td>\n<td style=\"width: 62.5%;\">Cationic softener that gives an excellent softness and slipperiness to all kinds of fibers.<\/td>\n<\/tr>\n<tr>\n<td style=\"width: 25.1689%;\">GENSOFT SLP<\/td>\n<td style=\"width: 11.9932%;\" width=\"155\">Katyonik<\/td>\n<td style=\"width: 62.5%;\">Her t\u00fcrl\u00fc elyaf \u00e7e\u015fidinde m\u00fckemmel bir yumu\u015fakl\u0131k ve kayganl\u0131k veren katyonik yumu\u015fat\u0131c\u0131.<\/td>\n<\/tr>\n<\/tbody>\n<\/table>\n<p>&nbsp;<\/p>\n<table class=\"t1\" style=\"width: 100%; height: 326px;\" cellspacing=\"0\" cellpadding=\"0\">\n<tbody>\n<tr style=\"height: 31px; background-color: #bde2ff;\">\n<th style=\"width: 99.6621%; height: 44px; text-align: center;\" colspan=\"3\">\n<p class=\"p1\">NONIONIC<\/p>\n<\/th>\n<\/tr>\n<tr style=\"height: 32px;\">\n<th class=\"td1\" style=\"width: 25.1689%; height: 32px; text-align: center;\" valign=\"middle\">\n<p class=\"p1\">Product Name<\/p>\n<\/th>\n<th class=\"td1\" style=\"width: 11.9932%; height: 32px; text-align: center;\" valign=\"middle\">\n<p class=\"p1\">Ionic Character<\/p>\n<\/th>\n<th class=\"td1\" style=\"width: 62.5%; height: 32px; text-align: center;\" valign=\"middle\">\n<p class=\"p1\">Application Field<\/p>\n<\/th>\n<\/tr>\n<tr>\n<td style=\"width: 25.1689%;\" width=\"185\">GENSOFT NY 500<\/td>\n<td style=\"width: 11.9932%;\" width=\"155\">Nonionic<\/td>\n<td style=\"width: 62.5%;\" width=\"920\">Nonionic flake softener.<\/td>\n<\/tr>\n<tr>\n<td style=\"width: 25.1689%;\" width=\"185\">GENSOFT BR 400 E<\/td>\n<td style=\"width: 11.9932%;\">Nonionic<\/td>\n<td style=\"width: 62.5%;\">Ecological nonionic flake softener.<\/td>\n<\/tr>\n<tr>\n<td style=\"width: 25.1689%;\" width=\"185\">AVISOFT NY<\/td>\n<td style=\"width: 11.9932%;\">Nonionic<\/td>\n<td style=\"width: 62.5%;\" width=\"920\">Concentrated, nonionic softener for cellulosic, synthetic fibers and blends.<\/td>\n<\/tr>\n<tr>\n<td style=\"width: 25.1689%;\" width=\"185\">EMULSION MDP\/B<\/td>\n<td style=\"width: 11.9932%;\">Nonionic<\/td>\n<td style=\"width: 62.5%;\" width=\"920\">Enhanced knittability and tensile strength providing polyethylene wax emulsion for yarns and fabrics.<\/td>\n<\/tr>\n<tr>\n<td style=\"width: 25.1689%;\" width=\"185\">COSMOGEN HAAS<\/td>\n<td style=\"width: 11.9932%;\">Anionic<\/td>\n<td style=\"width: 62.5%;\">Breathable, non-yellowing softener in paste form.<\/td>\n<\/tr>\n<tr>\n<td style=\"width: 25.1689%;\" width=\"185\">AVISOFT RR<\/td>\n<td style=\"width: 11.9932%;\">Nonionic<\/td>\n<td style=\"width: 62.5%;\">Nonionic softener for cellulosic synthetic fibers and blends.<\/td>\n<\/tr>\n<tr>\n<td style=\"width: 25.1689%;\" width=\"185\">AVISOFT SURF<\/td>\n<td style=\"width: 11.9932%;\">Nonionic<\/td>\n<td style=\"width: 62.5%;\">Nonyellowing, scrooping, filling and antistatic agent.<\/td>\n<\/tr>\n<tr>\n<td style=\"width: 25.1689%;\" width=\"185\">AVISOFT SP<\/td>\n<td style=\"width: 11.9932%;\">Nonionic<\/td>\n<td style=\"width: 62.5%;\">Liquid paraffin emulsion.<\/td>\n<\/tr>\n<tr>\n<td style=\"width: 25.1689%;\">AVISOFT WON<\/td>\n<td style=\"width: 11.9932%;\">Nonionic<\/td>\n<td style=\"width: 62.5%;\">Nonionic softener for cellulosic synthetic fibers and blends.<\/td>\n<\/tr>\n<tr>\n<td style=\"width: 25.1689%;\">AVISOFT NEON<\/td>\n<td style=\"width: 11.9932%;\">Nonionic<\/td>\n<td style=\"width: 62.5%;\">Nonionic softener for cellulosic synthetic fibers and blends.<\/td>\n<\/tr>\n<tr>\n<td style=\"width: 25.1689%;\">AVISOFT JNP<\/td>\n<td style=\"width: 11.9932%;\" width=\"155\">Noniyonik<\/td>\n<td style=\"width: 62.5%;\" width=\"920\">Sel\u00fcloz, sentetik ve kar\u0131\u015f\u0131mlar\u0131 i\u00e7in noniyonik yumu\u015fat\u0131c\u0131.<\/td>\n<\/tr>\n<\/tbody>\n<\/table>\n<p>&nbsp;<\/p>\n<table class=\"t1\" style=\"width: 100%; height: 140px;\" cellspacing=\"0\" cellpadding=\"0\">\n<tbody>\n<tr style=\"height: 31px; background-color: #bde2ff;\">\n<th style=\"width: 99.6621%; height: 44px; text-align: center;\" colspan=\"3\">\n<p class=\"p1\">ESTERQUATES<\/p>\n<\/th>\n<\/tr>\n<tr style=\"height: 32px;\">\n<th class=\"td1\" style=\"width: 25.1689%; height: 32px; text-align: center;\" valign=\"middle\">\n<p class=\"p1\">Product Name<\/p>\n<\/th>\n<th class=\"td1\" style=\"width: 11.9932%; height: 32px; text-align: center;\" valign=\"middle\">\n<p class=\"p1\">Ionic Character<\/p>\n<\/th>\n<th class=\"td1\" style=\"width: 62.5%; height: 32px; text-align: center;\" valign=\"middle\">\n<p class=\"p1\">Application Field<\/p>\n<\/th>\n<\/tr>\n<tr>\n<td style=\"width: 25.1689%;\" width=\"185\">GENAMIN Q<\/td>\n<td style=\"width: 11.9932%;\" width=\"155\">Cationic<\/td>\n<td style=\"width: 62.5%;\" width=\"920\">Concentrated paste cationic softener.<\/td>\n<\/tr>\n<tr>\n<td style=\"width: 25.1689%;\" width=\"185\">GENAMIN SQ<\/td>\n<td style=\"width: 11.9932%;\">Cationic<\/td>\n<td style=\"width: 62.5%;\">Highly effective softener in cream-colored paste form.<\/td>\n<\/tr>\n<tr>\n<td style=\"width: 25.1689%;\" width=\"185\">AVISOFT DD<\/td>\n<td style=\"width: 11.9932%;\">Cationic<\/td>\n<td style=\"width: 62.5%;\">Cationic softener in the form of a dark cream colored paste.<\/td>\n<\/tr>\n<\/tbody>\n<\/table>\n<p>[\/vc_column_text][\/vc_column][\/vc_row]<\/p>\n<\/div>","protected":false},"excerpt":{"rendered":"<p>[vc_row][vc_column][vc_column_text] CATIONIC Product Name Ionic Character Application Field GENSOFT MK 500 Cationic Yellowing resistant, easily soluble, soft touch and slipperiness providing cationic flake softener. GENSOFT S 600 Cationic Highly effective cationic flake softener. GENSOFT ECO 6000 Cationic \u00a0Ecological and highly effective cationic flake softener. GENAMIN PAN Cationic Antistatic softener for acrylic and polyester. GENSOFT HS-LF&hellip;<\/p>\n","protected":false},"author":1,"featured_media":0,"parent":0,"menu_order":0,"comment_status":"closed","ping_status":"closed","template":"","meta":{"footnotes":""},"class_list":["post-752","page","type-page","status-publish","hentry","description-off"],"yoast_head":"<!-- This site is optimized with the Yoast SEO plugin v24.0 - https:\/\/yoast.com\/wordpress\/plugins\/seo\/ -->\n<title>Softeners - GENK\u0130M<\/title>\n<meta name=\"robots\" content=\"index, follow, max-snippet:-1, max-image-preview:large, max-video-preview:-1\" \/>\n<link rel=\"canonical\" href=\"https:\/\/genkim.com.tr\/en\/softeners\/\" \/>\n<meta property=\"og:locale\" content=\"en_US\" \/>\n<meta property=\"og:type\" content=\"article\" \/>\n<meta property=\"og:title\" content=\"Softeners - GENK\u0130M\" \/>\n<meta property=\"og:description\" content=\"[vc_row][vc_column][vc_column_text] CATIONIC Product Name Ionic Character Application Field GENSOFT MK 500 Cationic Yellowing resistant, easily soluble, soft touch and slipperiness providing cationic flake softener. GENSOFT S 600 Cationic Highly effective cationic flake softener. GENSOFT ECO 6000 Cationic \u00a0Ecological and highly effective cationic flake softener. GENAMIN PAN Cationic Antistatic softener for acrylic and polyester. GENSOFT HS-LF&hellip;\" \/>\n<meta property=\"og:url\" content=\"https:\/\/genkim.com.tr\/en\/softeners\/\" \/>\n<meta property=\"og:site_name\" content=\"GENK\u0130M\" \/>\n<meta property=\"article:modified_time\" content=\"2022-06-25T17:11:43+00:00\" \/>\n<meta name=\"twitter:card\" content=\"summary_large_image\" \/>\n<meta name=\"twitter:label1\" content=\"Est. reading time\" \/>\n\t<meta name=\"twitter:data1\" content=\"2 minutes\" \/>\n<script type=\"application\/ld+json\" class=\"yoast-schema-graph\">{\"@context\":\"https:\/\/schema.org\",\"@graph\":[{\"@type\":\"WebPage\",\"@id\":\"https:\/\/genkim.com.tr\/en\/softeners\/\",\"url\":\"https:\/\/genkim.com.tr\/en\/softeners\/\",\"name\":\"Softeners - GENK\u0130M\",\"isPartOf\":{\"@id\":\"https:\/\/genkim.com.tr\/#website\"},\"datePublished\":\"2021-06-06T23:00:15+00:00\",\"dateModified\":\"2022-06-25T17:11:43+00:00\",\"breadcrumb\":{\"@id\":\"https:\/\/genkim.com.tr\/en\/softeners\/#breadcrumb\"},\"inLanguage\":\"en-US\",\"potentialAction\":[{\"@type\":\"ReadAction\",\"target\":[\"https:\/\/genkim.com.tr\/en\/softeners\/\"]}]},{\"@type\":\"BreadcrumbList\",\"@id\":\"https:\/\/genkim.com.tr\/en\/softeners\/#breadcrumb\",\"itemListElement\":[{\"@type\":\"ListItem\",\"position\":1,\"name\":\"Anasayfa\",\"item\":\"https:\/\/genkim.com.tr\/en\/\"},{\"@type\":\"ListItem\",\"position\":2,\"name\":\"Softeners\"}]},{\"@type\":\"WebSite\",\"@id\":\"https:\/\/genkim.com.tr\/#website\",\"url\":\"https:\/\/genkim.com.tr\/\",\"name\":\"GENK\u0130M\",\"description\":\"Genel End\u00fcstriyel Kimyevi Maddeler\u0130 | Bursa\",\"potentialAction\":[{\"@type\":\"SearchAction\",\"target\":{\"@type\":\"EntryPoint\",\"urlTemplate\":\"https:\/\/genkim.com.tr\/?s={search_term_string}\"},\"query-input\":{\"@type\":\"PropertyValueSpecification\",\"valueRequired\":true,\"valueName\":\"search_term_string\"}}],\"inLanguage\":\"en-US\"}]}<\/script>\n<!-- \/ Yoast SEO plugin. -->","yoast_head_json":{"title":"Softeners - GENK\u0130M","robots":{"index":"index","follow":"follow","max-snippet":"max-snippet:-1","max-image-preview":"max-image-preview:large","max-video-preview":"max-video-preview:-1"},"canonical":"https:\/\/genkim.com.tr\/en\/softeners\/","og_locale":"en_US","og_type":"article","og_title":"Softeners - GENK\u0130M","og_description":"[vc_row][vc_column][vc_column_text] CATIONIC Product Name Ionic Character Application Field GENSOFT MK 500 Cationic Yellowing resistant, easily soluble, soft touch and slipperiness providing cationic flake softener. GENSOFT S 600 Cationic Highly effective cationic flake softener. GENSOFT ECO 6000 Cationic \u00a0Ecological and highly effective cationic flake softener. GENAMIN PAN Cationic Antistatic softener for acrylic and polyester. GENSOFT HS-LF&hellip;","og_url":"https:\/\/genkim.com.tr\/en\/softeners\/","og_site_name":"GENK\u0130M","article_modified_time":"2022-06-25T17:11:43+00:00","twitter_card":"summary_large_image","twitter_misc":{"Est. reading time":"2 minutes"},"schema":{"@context":"https:\/\/schema.org","@graph":[{"@type":"WebPage","@id":"https:\/\/genkim.com.tr\/en\/softeners\/","url":"https:\/\/genkim.com.tr\/en\/softeners\/","name":"Softeners - GENK\u0130M","isPartOf":{"@id":"https:\/\/genkim.com.tr\/#website"},"datePublished":"2021-06-06T23:00:15+00:00","dateModified":"2022-06-25T17:11:43+00:00","breadcrumb":{"@id":"https:\/\/genkim.com.tr\/en\/softeners\/#breadcrumb"},"inLanguage":"en-US","potentialAction":[{"@type":"ReadAction","target":["https:\/\/genkim.com.tr\/en\/softeners\/"]}]},{"@type":"BreadcrumbList","@id":"https:\/\/genkim.com.tr\/en\/softeners\/#breadcrumb","itemListElement":[{"@type":"ListItem","position":1,"name":"Anasayfa","item":"https:\/\/genkim.com.tr\/en\/"},{"@type":"ListItem","position":2,"name":"Softeners"}]},{"@type":"WebSite","@id":"https:\/\/genkim.com.tr\/#website","url":"https:\/\/genkim.com.tr\/","name":"GENK\u0130M","description":"Genel End\u00fcstriyel Kimyevi Maddeler\u0130 | Bursa","potentialAction":[{"@type":"SearchAction","target":{"@type":"EntryPoint","urlTemplate":"https:\/\/genkim.com.tr\/?s={search_term_string}"},"query-input":{"@type":"PropertyValueSpecification","valueRequired":true,"valueName":"search_term_string"}}],"inLanguage":"en-US"}]}},"_links":{"self":[{"href":"https:\/\/genkim.com.tr\/en\/wp-json\/wp\/v2\/pages\/752\/"}],"collection":[{"href":"https:\/\/genkim.com.tr\/en\/wp-json\/wp\/v2\/pages\/"}],"about":[{"href":"https:\/\/genkim.com.tr\/en\/wp-json\/wp\/v2\/types\/page\/"}],"author":[{"embeddable":true,"href":"https:\/\/genkim.com.tr\/en\/wp-json\/wp\/v2\/users\/1\/"}],"replies":[{"embeddable":true,"href":"https:\/\/genkim.com.tr\/en\/wp-json\/wp\/v2\/comments\/?post=752"}],"version-history":[{"count":3,"href":"https:\/\/genkim.com.tr\/en\/wp-json\/wp\/v2\/pages\/752\/revisions\/"}],"predecessor-version":[{"id":1112,"href":"https:\/\/genkim.com.tr\/en\/wp-json\/wp\/v2\/pages\/752\/revisions\/1112\/"}],"wp:attachment":[{"href":"https:\/\/genkim.com.tr\/en\/wp-json\/wp\/v2\/media\/?parent=752"}],"curies":[{"name":"wp","href":"https:\/\/api.w.org\/{rel}","templated":true}]}}