{"id":750,"date":"2021-06-09T14:41:37","date_gmt":"2021-06-09T11:41:37","guid":{"rendered":"https:\/\/genkim.com.tr\/tamamlayici-urunler-2\/"},"modified":"2021-06-13T23:12:27","modified_gmt":"2021-06-13T20:12:27","slug":"complementaries-2","status":"publish","type":"page","link":"https:\/\/genkim.com.tr\/en\/complementaries-2\/","title":{"rendered":"Complementaries"},"content":{"rendered":"<div class=\"wpb-content-wrapper\"><p>[vc_row][vc_column][vc_column_text]<\/p>\n<table class=\"t1\" style=\"width: 100%; height: 266px;\" cellspacing=\"0\" cellpadding=\"0\">\n<tbody>\n<tr style=\"height: 32px;\">\n<th class=\"td1\" style=\"width: 25.1689%; height: 32px; text-align: center;\" valign=\"middle\">\n<p class=\"p1\">Product Name<\/p>\n<\/th>\n<th class=\"td1\" style=\"width: 11.9932%; height: 32px; text-align: center;\" valign=\"middle\">\n<p class=\"p1\">Ionic Character<\/p>\n<\/th>\n<th class=\"td1\" style=\"width: 62.5%; height: 32px; text-align: center;\" valign=\"middle\">\n<p class=\"p1\">Application Field<\/p>\n<\/th>\n<\/tr>\n<tr style=\"height: 32px; background-color: #f5f5f5;\">\n<td class=\"td1\" style=\"width: 25.1689%; height: 32px;\" valign=\"middle\">\n<p class=\"p1\">GENPRINT PST<\/p>\n<\/td>\n<td class=\"td1\" style=\"width: 11.9932%; height: 32px;\" valign=\"middle\">\n<p class=\"p1\">Anionic<\/p>\n<\/td>\n<td class=\"td1\" style=\"width: 62.5%; height: 32px;\" valign=\"middle\">\n<p class=\"p1\">High concentration synthetic thickener.<\/p>\n<\/td>\n<\/tr>\n<tr style=\"height: 32px;\">\n<td class=\"td1\" style=\"width: 25.1689%; height: 32px;\" valign=\"middle\">\n<p class=\"p1\">GENPRINT CRL<\/p>\n<\/td>\n<td class=\"td1\" style=\"width: 11.9932%; height: 32px;\" valign=\"middle\">\n<p class=\"p1\">Cationic<\/p>\n<\/td>\n<td class=\"td1\" style=\"width: 62.5%; height: 32px;\" valign=\"middle\">\n<p class=\"p1\">Crosslinker for pigment printing.<\/p>\n<\/td>\n<\/tr>\n<tr style=\"height: 32px; background-color: #f5f5f5;\">\n<td class=\"td1\" style=\"width: 25.1689%; height: 32px;\" valign=\"middle\">\n<p class=\"p1\">EMPRINT CE<\/p>\n<\/td>\n<td class=\"td1\" style=\"width: 11.9932%; height: 32px;\" valign=\"middle\"><\/td>\n<td class=\"td1\" style=\"width: 62.5%; height: 32px;\" valign=\"middle\">\n<p class=\"p1\">Natural thickener for indanthrene and disperse printing.<\/p>\n<\/td>\n<\/tr>\n<tr style=\"height: 32px;\">\n<td class=\"td1\" style=\"width: 25.1689%; height: 32px;\" valign=\"middle\">\n<p class=\"p1\">GENGUAR NEW<\/p>\n<\/td>\n<td class=\"td1\" style=\"width: 11.9932%; height: 32px;\" valign=\"middle\">\n<p class=\"p1\">Nonionic<\/p>\n<\/td>\n<td class=\"td1\" style=\"width: 62.5%; height: 32px;\" valign=\"middle\">\n<p class=\"p1\">Natural thickener for PA, PAC and PES printing.<\/p>\n<\/td>\n<\/tr>\n<tr style=\"height: 32px; background-color: #f5f5f5;\">\n<td class=\"td1\" style=\"width: 25.1689%; height: 32px;\" valign=\"middle\">\n<p class=\"p1\">EMULGATOR AP 80<\/p>\n<\/td>\n<td class=\"td1\" style=\"width: 11.9932%; height: 32px;\" valign=\"middle\">\n<p class=\"p1\">Nonionic<\/p>\n<\/td>\n<td class=\"td1\" style=\"width: 62.5%; height: 32px;\" valign=\"middle\">\n<p class=\"p1\">Printing paste emulsifier in flake form.<\/p>\n<\/td>\n<\/tr>\n<tr style=\"background-color: #ffffff;\">\n<td class=\"td1\" style=\"width: 25.1689%; height: 32px;\" valign=\"middle\">\n<p class=\"p1\">GENGOL N<\/p>\n<\/td>\n<td class=\"td1\" style=\"width: 11.9932%; height: 32px;\" valign=\"middle\">\n<p class=\"p1\">Anionic<\/p>\n<\/td>\n<td class=\"td1\" style=\"width: 62.5%; height: 32px;\" valign=\"middle\">\n<p class=\"p1\">Oxidizing agent.<\/p>\n<\/td>\n<\/tr>\n<tr style=\"background-color: #f5f5f5;\">\n<td class=\"td1\" style=\"width: 25.1689%; height: 32px;\" valign=\"middle\">\n<p class=\"p1\">EMULGATOR A<\/p>\n<\/td>\n<td class=\"td1\" style=\"width: 11.9932%; height: 32px;\" valign=\"middle\">\n<p class=\"p1\">Nonionic<\/p>\n<\/td>\n<td class=\"td1\" style=\"width: 62.5%; height: 32px;\" valign=\"middle\">\n<p class=\"p1\">Printing paste emulsifier.<\/p>\n<\/td>\n<\/tr>\n<tr style=\"background-color: #ffffff;\">\n<td class=\"td1\" style=\"width: 25.1689%; height: 10px;\" valign=\"middle\">\n<p class=\"p1\">PRINT BRIGHT<\/p>\n<\/td>\n<td class=\"td1\" style=\"width: 11.9932%; height: 10px;\" valign=\"middle\">\n<p class=\"p1\">Anionic<\/p>\n<\/td>\n<td class=\"td1\" style=\"width: 62.5%; height: 10px;\" valign=\"middle\">\n<p class=\"p1\">Brightness and fastness improver, eliminating bleeding of colours in reactive, dispers and discharge printing which protects paste viscosity and back surface color uniformity.<\/p>\n<\/td>\n<\/tr>\n<\/tbody>\n<\/table>\n<p>[\/vc_column_text][\/vc_column][\/vc_row]<\/p>\n<\/div>","protected":false},"excerpt":{"rendered":"<p>[vc_row][vc_column][vc_column_text] Product Name Ionic Character Application Field GENPRINT PST Anionic High concentration synthetic thickener. GENPRINT CRL Cationic Crosslinker for pigment printing. EMPRINT CE Natural thickener for indanthrene and disperse printing. GENGUAR NEW Nonionic Natural thickener for PA, PAC and PES printing. EMULGATOR AP 80 Nonionic Printing paste emulsifier in flake form. GENGOL N Anionic Oxidizing&hellip;<\/p>\n","protected":false},"author":1,"featured_media":0,"parent":0,"menu_order":0,"comment_status":"closed","ping_status":"closed","template":"","meta":{"footnotes":""},"class_list":["post-750","page","type-page","status-publish","hentry","description-off"],"yoast_head":"<!-- This site is optimized with the Yoast SEO plugin v24.0 - https:\/\/yoast.com\/wordpress\/plugins\/seo\/ -->\n<title>Complementaries - GENK\u0130M<\/title>\n<meta name=\"robots\" content=\"index, follow, max-snippet:-1, max-image-preview:large, max-video-preview:-1\" \/>\n<link rel=\"canonical\" href=\"https:\/\/genkim.com.tr\/en\/complementaries-2\/\" \/>\n<meta property=\"og:locale\" content=\"en_US\" \/>\n<meta property=\"og:type\" content=\"article\" \/>\n<meta property=\"og:title\" content=\"Complementaries - GENK\u0130M\" \/>\n<meta property=\"og:description\" content=\"[vc_row][vc_column][vc_column_text] Product Name Ionic Character Application Field GENPRINT PST Anionic High concentration synthetic thickener. GENPRINT CRL Cationic Crosslinker for pigment printing. EMPRINT CE Natural thickener for indanthrene and disperse printing. GENGUAR NEW Nonionic Natural thickener for PA, PAC and PES printing. EMULGATOR AP 80 Nonionic Printing paste emulsifier in flake form. GENGOL N Anionic Oxidizing&hellip;\" \/>\n<meta property=\"og:url\" content=\"https:\/\/genkim.com.tr\/en\/complementaries-2\/\" \/>\n<meta property=\"og:site_name\" content=\"GENK\u0130M\" \/>\n<meta property=\"article:modified_time\" content=\"2021-06-13T20:12:27+00:00\" \/>\n<meta name=\"twitter:card\" content=\"summary_large_image\" \/>\n<meta name=\"twitter:label1\" content=\"Est. reading time\" \/>\n\t<meta name=\"twitter:data1\" content=\"1 minute\" \/>\n<script type=\"application\/ld+json\" class=\"yoast-schema-graph\">{\"@context\":\"https:\/\/schema.org\",\"@graph\":[{\"@type\":\"WebPage\",\"@id\":\"https:\/\/genkim.com.tr\/en\/complementaries-2\/\",\"url\":\"https:\/\/genkim.com.tr\/en\/complementaries-2\/\",\"name\":\"Complementaries - GENK\u0130M\",\"isPartOf\":{\"@id\":\"https:\/\/genkim.com.tr\/#website\"},\"datePublished\":\"2021-06-09T11:41:37+00:00\",\"dateModified\":\"2021-06-13T20:12:27+00:00\",\"breadcrumb\":{\"@id\":\"https:\/\/genkim.com.tr\/en\/complementaries-2\/#breadcrumb\"},\"inLanguage\":\"en-US\",\"potentialAction\":[{\"@type\":\"ReadAction\",\"target\":[\"https:\/\/genkim.com.tr\/en\/complementaries-2\/\"]}]},{\"@type\":\"BreadcrumbList\",\"@id\":\"https:\/\/genkim.com.tr\/en\/complementaries-2\/#breadcrumb\",\"itemListElement\":[{\"@type\":\"ListItem\",\"position\":1,\"name\":\"Anasayfa\",\"item\":\"https:\/\/genkim.com.tr\/en\/\"},{\"@type\":\"ListItem\",\"position\":2,\"name\":\"Complementaries\"}]},{\"@type\":\"WebSite\",\"@id\":\"https:\/\/genkim.com.tr\/#website\",\"url\":\"https:\/\/genkim.com.tr\/\",\"name\":\"GENK\u0130M\",\"description\":\"Genel End\u00fcstriyel Kimyevi Maddeler\u0130 | Bursa\",\"potentialAction\":[{\"@type\":\"SearchAction\",\"target\":{\"@type\":\"EntryPoint\",\"urlTemplate\":\"https:\/\/genkim.com.tr\/?s={search_term_string}\"},\"query-input\":{\"@type\":\"PropertyValueSpecification\",\"valueRequired\":true,\"valueName\":\"search_term_string\"}}],\"inLanguage\":\"en-US\"}]}<\/script>\n<!-- \/ Yoast SEO plugin. -->","yoast_head_json":{"title":"Complementaries - GENK\u0130M","robots":{"index":"index","follow":"follow","max-snippet":"max-snippet:-1","max-image-preview":"max-image-preview:large","max-video-preview":"max-video-preview:-1"},"canonical":"https:\/\/genkim.com.tr\/en\/complementaries-2\/","og_locale":"en_US","og_type":"article","og_title":"Complementaries - GENK\u0130M","og_description":"[vc_row][vc_column][vc_column_text] Product Name Ionic Character Application Field GENPRINT PST Anionic High concentration synthetic thickener. GENPRINT CRL Cationic Crosslinker for pigment printing. EMPRINT CE Natural thickener for indanthrene and disperse printing. GENGUAR NEW Nonionic Natural thickener for PA, PAC and PES printing. EMULGATOR AP 80 Nonionic Printing paste emulsifier in flake form. GENGOL N Anionic Oxidizing&hellip;","og_url":"https:\/\/genkim.com.tr\/en\/complementaries-2\/","og_site_name":"GENK\u0130M","article_modified_time":"2021-06-13T20:12:27+00:00","twitter_card":"summary_large_image","twitter_misc":{"Est. reading time":"1 minute"},"schema":{"@context":"https:\/\/schema.org","@graph":[{"@type":"WebPage","@id":"https:\/\/genkim.com.tr\/en\/complementaries-2\/","url":"https:\/\/genkim.com.tr\/en\/complementaries-2\/","name":"Complementaries - GENK\u0130M","isPartOf":{"@id":"https:\/\/genkim.com.tr\/#website"},"datePublished":"2021-06-09T11:41:37+00:00","dateModified":"2021-06-13T20:12:27+00:00","breadcrumb":{"@id":"https:\/\/genkim.com.tr\/en\/complementaries-2\/#breadcrumb"},"inLanguage":"en-US","potentialAction":[{"@type":"ReadAction","target":["https:\/\/genkim.com.tr\/en\/complementaries-2\/"]}]},{"@type":"BreadcrumbList","@id":"https:\/\/genkim.com.tr\/en\/complementaries-2\/#breadcrumb","itemListElement":[{"@type":"ListItem","position":1,"name":"Anasayfa","item":"https:\/\/genkim.com.tr\/en\/"},{"@type":"ListItem","position":2,"name":"Complementaries"}]},{"@type":"WebSite","@id":"https:\/\/genkim.com.tr\/#website","url":"https:\/\/genkim.com.tr\/","name":"GENK\u0130M","description":"Genel End\u00fcstriyel Kimyevi Maddeler\u0130 | Bursa","potentialAction":[{"@type":"SearchAction","target":{"@type":"EntryPoint","urlTemplate":"https:\/\/genkim.com.tr\/?s={search_term_string}"},"query-input":{"@type":"PropertyValueSpecification","valueRequired":true,"valueName":"search_term_string"}}],"inLanguage":"en-US"}]}},"_links":{"self":[{"href":"https:\/\/genkim.com.tr\/en\/wp-json\/wp\/v2\/pages\/750\/"}],"collection":[{"href":"https:\/\/genkim.com.tr\/en\/wp-json\/wp\/v2\/pages\/"}],"about":[{"href":"https:\/\/genkim.com.tr\/en\/wp-json\/wp\/v2\/types\/page\/"}],"author":[{"embeddable":true,"href":"https:\/\/genkim.com.tr\/en\/wp-json\/wp\/v2\/users\/1\/"}],"replies":[{"embeddable":true,"href":"https:\/\/genkim.com.tr\/en\/wp-json\/wp\/v2\/comments\/?post=750"}],"version-history":[{"count":1,"href":"https:\/\/genkim.com.tr\/en\/wp-json\/wp\/v2\/pages\/750\/revisions\/"}],"predecessor-version":[{"id":751,"href":"https:\/\/genkim.com.tr\/en\/wp-json\/wp\/v2\/pages\/750\/revisions\/751\/"}],"wp:attachment":[{"href":"https:\/\/genkim.com.tr\/en\/wp-json\/wp\/v2\/media\/?parent=750"}],"curies":[{"name":"wp","href":"https:\/\/api.w.org\/{rel}","templated":true}]}}