{"id":746,"date":"2021-06-09T14:35:45","date_gmt":"2021-06-09T11:35:45","guid":{"rendered":"https:\/\/genkim.com.tr\/pigment\/"},"modified":"2022-06-25T19:40:45","modified_gmt":"2022-06-25T16:40:45","slug":"pigment","status":"publish","type":"page","link":"https:\/\/genkim.com.tr\/en\/pigment\/","title":{"rendered":"Pigment"},"content":{"rendered":"<div class=\"wpb-content-wrapper\"><p>[vc_row][vc_column][vc_column_text]<\/p>\n<table class=\"t1\" style=\"width: 100%; height: 192px;\" cellspacing=\"0\" cellpadding=\"0\">\n<tbody>\n<tr style=\"height: 32px;\">\n<th class=\"td1\" style=\"width: 25.1689%; height: 32px; text-align: center;\" valign=\"middle\">\n<p class=\"p1\">Product Name<\/p>\n<\/th>\n<th class=\"td1\" style=\"width: 11.9932%; height: 32px; text-align: center;\" valign=\"middle\">\n<p class=\"p1\">Ionic Character<\/p>\n<\/th>\n<th class=\"td1\" style=\"width: 62.5%; height: 32px; text-align: center;\" valign=\"middle\">\n<p class=\"p1\">Application Field<\/p>\n<\/th>\n<\/tr>\n<tr>\n<td style=\"width: 25.1689%;\" width=\"185\">GENPRINT PB<\/td>\n<td style=\"width: 11.9932%;\" width=\"155\">Nonionic<\/td>\n<td style=\"width: 62.5%;\" width=\"920\">High fastness and soft binder for pigment printing.<\/td>\n<\/tr>\n<tr>\n<td style=\"width: 25.1689%;\" width=\"185\">GENPRINT SB X<\/td>\n<td style=\"width: 11.9932%;\">Nonionic<\/td>\n<td style=\"width: 62.5%;\">Highly wash-resistant, ultrasoft binder for pigment printing which protects colour yield and vividness.<\/td>\n<\/tr>\n<tr>\n<td style=\"width: 25.1689%;\" width=\"185\">PRIMELENS SHINE+<\/td>\n<td style=\"width: 11.9932%;\">Nonionic\/Anionic<\/td>\n<td style=\"width: 62.5%;\">Very soft, styrene acrylic based self- crosslinkable pigment printing binder.<\/td>\n<\/tr>\n<tr>\n<td style=\"width: 25.1689%;\" width=\"185\">PRIMELENS SILK+<\/td>\n<td style=\"width: 11.9932%;\">Nonionic\/Anionic<\/td>\n<td style=\"width: 62.5%;\">Soft, styrene acrylic based self- crosslinkable pigment printing binder.<\/td>\n<\/tr>\n<tr>\n<td style=\"width: 25.1689%;\" width=\"185\">PRIMELENS ECO+<\/td>\n<td style=\"width: 11.9932%;\">Nonionic\/Anionic<\/td>\n<td style=\"width: 62.5%;\">Universal high fastness soft printing binder.<\/td>\n<\/tr>\n<tr>\n<td style=\"width: 25.1689%;\" width=\"185\">GENPRINT CRL<\/td>\n<td style=\"width: 11.9932%;\">Cationic<\/td>\n<td style=\"width: 62.5%;\" width=\"920\">Crosslinker for pigment printing.<\/td>\n<\/tr>\n<tr>\n<td style=\"width: 25.1689%;\" width=\"185\">GENPRINT PST<\/td>\n<td style=\"width: 11.9932%;\">Anionic<\/td>\n<td style=\"width: 62.5%;\">High concentration synthetic thickener.<\/td>\n<\/tr>\n<tr>\n<td style=\"width: 25.1689%;\" width=\"185\">GENKIM REAKTIVE BINDER 06<\/td>\n<td style=\"width: 11.9932%;\"><\/td>\n<td style=\"width: 62.5%;\">Very soft, styrene acrylic based self- crosslinkable pigment printing binder.<\/td>\n<\/tr>\n<\/tbody>\n<\/table>\n<p>[\/vc_column_text][\/vc_column][\/vc_row]<\/p>\n<\/div>","protected":false},"excerpt":{"rendered":"<p>[vc_row][vc_column][vc_column_text] Product Name Ionic Character Application Field GENPRINT PB Nonionic High fastness and soft binder for pigment printing. GENPRINT SB X Nonionic Highly wash-resistant, ultrasoft binder for pigment printing which protects colour yield and vividness. PRIMELENS SHINE+ Nonionic\/Anionic Very soft, styrene acrylic based self- crosslinkable pigment printing binder. PRIMELENS SILK+ Nonionic\/Anionic Soft, styrene acrylic based&hellip;<\/p>\n","protected":false},"author":1,"featured_media":0,"parent":0,"menu_order":0,"comment_status":"closed","ping_status":"closed","template":"","meta":{"footnotes":""},"class_list":["post-746","page","type-page","status-publish","hentry","description-off"],"yoast_head":"<!-- This site is optimized with the Yoast SEO plugin v24.0 - https:\/\/yoast.com\/wordpress\/plugins\/seo\/ -->\n<title>Pigment - GENK\u0130M<\/title>\n<meta name=\"robots\" content=\"index, follow, max-snippet:-1, max-image-preview:large, max-video-preview:-1\" \/>\n<link rel=\"canonical\" href=\"https:\/\/genkim.com.tr\/en\/pigment\/\" \/>\n<meta property=\"og:locale\" content=\"en_US\" \/>\n<meta property=\"og:type\" content=\"article\" \/>\n<meta property=\"og:title\" content=\"Pigment - GENK\u0130M\" \/>\n<meta property=\"og:description\" content=\"[vc_row][vc_column][vc_column_text] Product Name Ionic Character Application Field GENPRINT PB Nonionic High fastness and soft binder for pigment printing. GENPRINT SB X Nonionic Highly wash-resistant, ultrasoft binder for pigment printing which protects colour yield and vividness. PRIMELENS SHINE+ Nonionic\/Anionic Very soft, styrene acrylic based self- crosslinkable pigment printing binder. PRIMELENS SILK+ Nonionic\/Anionic Soft, styrene acrylic based&hellip;\" \/>\n<meta property=\"og:url\" content=\"https:\/\/genkim.com.tr\/en\/pigment\/\" \/>\n<meta property=\"og:site_name\" content=\"GENK\u0130M\" \/>\n<meta property=\"article:modified_time\" content=\"2022-06-25T16:40:45+00:00\" \/>\n<meta name=\"twitter:card\" content=\"summary_large_image\" \/>\n<meta name=\"twitter:label1\" content=\"Est. reading time\" \/>\n\t<meta name=\"twitter:data1\" content=\"1 minute\" \/>\n<script type=\"application\/ld+json\" class=\"yoast-schema-graph\">{\"@context\":\"https:\/\/schema.org\",\"@graph\":[{\"@type\":\"WebPage\",\"@id\":\"https:\/\/genkim.com.tr\/en\/pigment\/\",\"url\":\"https:\/\/genkim.com.tr\/en\/pigment\/\",\"name\":\"Pigment - GENK\u0130M\",\"isPartOf\":{\"@id\":\"https:\/\/genkim.com.tr\/#website\"},\"datePublished\":\"2021-06-09T11:35:45+00:00\",\"dateModified\":\"2022-06-25T16:40:45+00:00\",\"breadcrumb\":{\"@id\":\"https:\/\/genkim.com.tr\/en\/pigment\/#breadcrumb\"},\"inLanguage\":\"en-US\",\"potentialAction\":[{\"@type\":\"ReadAction\",\"target\":[\"https:\/\/genkim.com.tr\/en\/pigment\/\"]}]},{\"@type\":\"BreadcrumbList\",\"@id\":\"https:\/\/genkim.com.tr\/en\/pigment\/#breadcrumb\",\"itemListElement\":[{\"@type\":\"ListItem\",\"position\":1,\"name\":\"Anasayfa\",\"item\":\"https:\/\/genkim.com.tr\/en\/\"},{\"@type\":\"ListItem\",\"position\":2,\"name\":\"Pigment\"}]},{\"@type\":\"WebSite\",\"@id\":\"https:\/\/genkim.com.tr\/#website\",\"url\":\"https:\/\/genkim.com.tr\/\",\"name\":\"GENK\u0130M\",\"description\":\"Genel End\u00fcstriyel Kimyevi Maddeler\u0130 | Bursa\",\"potentialAction\":[{\"@type\":\"SearchAction\",\"target\":{\"@type\":\"EntryPoint\",\"urlTemplate\":\"https:\/\/genkim.com.tr\/?s={search_term_string}\"},\"query-input\":{\"@type\":\"PropertyValueSpecification\",\"valueRequired\":true,\"valueName\":\"search_term_string\"}}],\"inLanguage\":\"en-US\"}]}<\/script>\n<!-- \/ Yoast SEO plugin. -->","yoast_head_json":{"title":"Pigment - GENK\u0130M","robots":{"index":"index","follow":"follow","max-snippet":"max-snippet:-1","max-image-preview":"max-image-preview:large","max-video-preview":"max-video-preview:-1"},"canonical":"https:\/\/genkim.com.tr\/en\/pigment\/","og_locale":"en_US","og_type":"article","og_title":"Pigment - GENK\u0130M","og_description":"[vc_row][vc_column][vc_column_text] Product Name Ionic Character Application Field GENPRINT PB Nonionic High fastness and soft binder for pigment printing. GENPRINT SB X Nonionic Highly wash-resistant, ultrasoft binder for pigment printing which protects colour yield and vividness. PRIMELENS SHINE+ Nonionic\/Anionic Very soft, styrene acrylic based self- crosslinkable pigment printing binder. PRIMELENS SILK+ Nonionic\/Anionic Soft, styrene acrylic based&hellip;","og_url":"https:\/\/genkim.com.tr\/en\/pigment\/","og_site_name":"GENK\u0130M","article_modified_time":"2022-06-25T16:40:45+00:00","twitter_card":"summary_large_image","twitter_misc":{"Est. reading time":"1 minute"},"schema":{"@context":"https:\/\/schema.org","@graph":[{"@type":"WebPage","@id":"https:\/\/genkim.com.tr\/en\/pigment\/","url":"https:\/\/genkim.com.tr\/en\/pigment\/","name":"Pigment - GENK\u0130M","isPartOf":{"@id":"https:\/\/genkim.com.tr\/#website"},"datePublished":"2021-06-09T11:35:45+00:00","dateModified":"2022-06-25T16:40:45+00:00","breadcrumb":{"@id":"https:\/\/genkim.com.tr\/en\/pigment\/#breadcrumb"},"inLanguage":"en-US","potentialAction":[{"@type":"ReadAction","target":["https:\/\/genkim.com.tr\/en\/pigment\/"]}]},{"@type":"BreadcrumbList","@id":"https:\/\/genkim.com.tr\/en\/pigment\/#breadcrumb","itemListElement":[{"@type":"ListItem","position":1,"name":"Anasayfa","item":"https:\/\/genkim.com.tr\/en\/"},{"@type":"ListItem","position":2,"name":"Pigment"}]},{"@type":"WebSite","@id":"https:\/\/genkim.com.tr\/#website","url":"https:\/\/genkim.com.tr\/","name":"GENK\u0130M","description":"Genel End\u00fcstriyel Kimyevi Maddeler\u0130 | Bursa","potentialAction":[{"@type":"SearchAction","target":{"@type":"EntryPoint","urlTemplate":"https:\/\/genkim.com.tr\/?s={search_term_string}"},"query-input":{"@type":"PropertyValueSpecification","valueRequired":true,"valueName":"search_term_string"}}],"inLanguage":"en-US"}]}},"_links":{"self":[{"href":"https:\/\/genkim.com.tr\/en\/wp-json\/wp\/v2\/pages\/746\/"}],"collection":[{"href":"https:\/\/genkim.com.tr\/en\/wp-json\/wp\/v2\/pages\/"}],"about":[{"href":"https:\/\/genkim.com.tr\/en\/wp-json\/wp\/v2\/types\/page\/"}],"author":[{"embeddable":true,"href":"https:\/\/genkim.com.tr\/en\/wp-json\/wp\/v2\/users\/1\/"}],"replies":[{"embeddable":true,"href":"https:\/\/genkim.com.tr\/en\/wp-json\/wp\/v2\/comments\/?post=746"}],"version-history":[{"count":2,"href":"https:\/\/genkim.com.tr\/en\/wp-json\/wp\/v2\/pages\/746\/revisions\/"}],"predecessor-version":[{"id":1107,"href":"https:\/\/genkim.com.tr\/en\/wp-json\/wp\/v2\/pages\/746\/revisions\/1107\/"}],"wp:attachment":[{"href":"https:\/\/genkim.com.tr\/en\/wp-json\/wp\/v2\/media\/?parent=746"}],"curies":[{"name":"wp","href":"https:\/\/api.w.org\/{rel}","templated":true}]}}