{"id":743,"date":"2021-06-09T14:33:55","date_gmt":"2021-06-09T11:33:55","guid":{"rendered":"https:\/\/genkim.com.tr\/dispers\/"},"modified":"2022-06-25T19:38:26","modified_gmt":"2022-06-25T16:38:26","slug":"disperse","status":"publish","type":"page","link":"https:\/\/genkim.com.tr\/en\/disperse\/","title":{"rendered":"Disperse"},"content":{"rendered":"<div class=\"wpb-content-wrapper\"><p>[vc_row][vc_column][vc_column_text]<\/p>\n<table class=\"t1\" style=\"width: 100%; height: 170px;\" cellspacing=\"0\" cellpadding=\"0\">\n<tbody>\n<tr style=\"height: 32px;\">\n<th class=\"td1\" style=\"width: 25.1689%; height: 32px; text-align: center;\" valign=\"middle\">\n<p class=\"p1\">Product Name<\/p>\n<\/th>\n<th class=\"td1\" style=\"width: 11.9932%; height: 32px; text-align: center;\" valign=\"middle\">\n<p class=\"p1\">Ionic Character<\/p>\n<\/th>\n<th class=\"td1\" style=\"width: 62.5%; height: 32px; text-align: center;\" valign=\"middle\">\n<p class=\"p1\">Application Field<\/p>\n<\/th>\n<\/tr>\n<tr>\n<td style=\"width: 25.1689%;\" width=\"185\">GENPRINT D 60<\/td>\n<td style=\"width: 11.9932%;\" width=\"155\"><\/td>\n<td style=\"width: 62.5%;\" width=\"920\">Natural thickener providing high color yield for disperse printing.<\/td>\n<\/tr>\n<tr>\n<td style=\"width: 25.1689%;\" width=\"185\">GENPRINT DT<\/td>\n<td style=\"width: 11.9932%;\">Anionic<\/td>\n<td style=\"width: 62.5%;\">Modified polysaccharide.<\/td>\n<\/tr>\n<tr>\n<td style=\"width: 25.1689%;\" width=\"185\">GENPRINT RFT<\/td>\n<td style=\"width: 11.9932%;\"><\/td>\n<td style=\"width: 62.5%;\">Natural thickener for PES printing.<\/td>\n<\/tr>\n<tr>\n<td style=\"width: 25.1689%;\" width=\"185\">GENPRINT DT 70<\/td>\n<td style=\"width: 11.9932%;\"><\/td>\n<td style=\"width: 62.5%;\">Disperse printing thickener.<\/td>\n<\/tr>\n<tr>\n<td style=\"width: 25.1689%;\" width=\"185\">EMPRINT CE (Gran\u00fcl)<\/td>\n<td style=\"width: 11.9932%;\"><\/td>\n<td style=\"width: 62.5%;\" width=\"920\">Natural thickener for indanthrene and disperse printing.<\/td>\n<\/tr>\n<tr>\n<td style=\"width: 25.1689%;\" width=\"185\">GENGUAR NEW<\/td>\n<td style=\"width: 11.9932%;\">Nonionic<\/td>\n<td style=\"width: 62.5%;\">Natural thickener for PA, PAC and PES printing.<\/td>\n<\/tr>\n<tr>\n<td style=\"width: 25.1689%;\" width=\"185\">GENGOL N<\/td>\n<td style=\"width: 11.9932%;\"><\/td>\n<td style=\"width: 62.5%;\">Oxidizing agent.<\/td>\n<\/tr>\n<tr>\n<td style=\"width: 25.1689%;\" width=\"185\">EMULGATOR A<\/td>\n<td style=\"width: 11.9932%;\">Nonionic<\/td>\n<td style=\"width: 62.5%;\">Printing paste emulsifier.<\/td>\n<\/tr>\n<tr>\n<td style=\"width: 25.1689%;\" width=\"185\">PRINT BRIGHT<\/td>\n<td style=\"width: 11.9932%;\">Anionic<\/td>\n<td style=\"width: 62.5%;\">Brightness and fastness improver, eliminating bleeding of colours in reactive, dispers and discharge printing which protects paste viscosity and back surface color uniformity.<\/td>\n<\/tr>\n<tr>\n<td style=\"width: 25.1689%;\" width=\"185\">GENPRINT SPD<\/td>\n<td style=\"width: 11.9932%;\">Nonionic<\/td>\n<td style=\"width: 62.5%;\">Color enhancer in disperse printing.<\/td>\n<\/tr>\n<\/tbody>\n<\/table>\n<p>[\/vc_column_text][\/vc_column][\/vc_row]<\/p>\n<\/div>","protected":false},"excerpt":{"rendered":"<p>[vc_row][vc_column][vc_column_text] Product Name Ionic Character Application Field GENPRINT D 60 Natural thickener providing high color yield for disperse printing. GENPRINT DT Anionic Modified polysaccharide. GENPRINT RFT Natural thickener for PES printing. GENPRINT DT 70 Disperse printing thickener. EMPRINT CE (Gran\u00fcl) Natural thickener for indanthrene and disperse printing. GENGUAR NEW Nonionic Natural thickener for PA, PAC&hellip;<\/p>\n","protected":false},"author":1,"featured_media":0,"parent":0,"menu_order":0,"comment_status":"closed","ping_status":"closed","template":"","meta":{"footnotes":""},"class_list":["post-743","page","type-page","status-publish","hentry","description-off"],"yoast_head":"<!-- This site is optimized with the Yoast SEO plugin v24.0 - https:\/\/yoast.com\/wordpress\/plugins\/seo\/ -->\n<title>Disperse - GENK\u0130M<\/title>\n<meta name=\"robots\" content=\"index, follow, max-snippet:-1, max-image-preview:large, max-video-preview:-1\" \/>\n<link rel=\"canonical\" href=\"https:\/\/genkim.com.tr\/en\/disperse\/\" \/>\n<meta property=\"og:locale\" content=\"en_US\" \/>\n<meta property=\"og:type\" content=\"article\" \/>\n<meta property=\"og:title\" content=\"Disperse - GENK\u0130M\" \/>\n<meta property=\"og:description\" content=\"[vc_row][vc_column][vc_column_text] Product Name Ionic Character Application Field GENPRINT D 60 Natural thickener providing high color yield for disperse printing. GENPRINT DT Anionic Modified polysaccharide. GENPRINT RFT Natural thickener for PES printing. GENPRINT DT 70 Disperse printing thickener. EMPRINT CE (Gran\u00fcl) Natural thickener for indanthrene and disperse printing. GENGUAR NEW Nonionic Natural thickener for PA, PAC&hellip;\" \/>\n<meta property=\"og:url\" content=\"https:\/\/genkim.com.tr\/en\/disperse\/\" \/>\n<meta property=\"og:site_name\" content=\"GENK\u0130M\" \/>\n<meta property=\"article:modified_time\" content=\"2022-06-25T16:38:26+00:00\" \/>\n<meta name=\"twitter:card\" content=\"summary_large_image\" \/>\n<meta name=\"twitter:label1\" content=\"Est. reading time\" \/>\n\t<meta name=\"twitter:data1\" content=\"1 minute\" \/>\n<script type=\"application\/ld+json\" class=\"yoast-schema-graph\">{\"@context\":\"https:\/\/schema.org\",\"@graph\":[{\"@type\":\"WebPage\",\"@id\":\"https:\/\/genkim.com.tr\/en\/disperse\/\",\"url\":\"https:\/\/genkim.com.tr\/en\/disperse\/\",\"name\":\"Disperse - GENK\u0130M\",\"isPartOf\":{\"@id\":\"https:\/\/genkim.com.tr\/#website\"},\"datePublished\":\"2021-06-09T11:33:55+00:00\",\"dateModified\":\"2022-06-25T16:38:26+00:00\",\"breadcrumb\":{\"@id\":\"https:\/\/genkim.com.tr\/en\/disperse\/#breadcrumb\"},\"inLanguage\":\"en-US\",\"potentialAction\":[{\"@type\":\"ReadAction\",\"target\":[\"https:\/\/genkim.com.tr\/en\/disperse\/\"]}]},{\"@type\":\"BreadcrumbList\",\"@id\":\"https:\/\/genkim.com.tr\/en\/disperse\/#breadcrumb\",\"itemListElement\":[{\"@type\":\"ListItem\",\"position\":1,\"name\":\"Anasayfa\",\"item\":\"https:\/\/genkim.com.tr\/en\/\"},{\"@type\":\"ListItem\",\"position\":2,\"name\":\"Disperse\"}]},{\"@type\":\"WebSite\",\"@id\":\"https:\/\/genkim.com.tr\/#website\",\"url\":\"https:\/\/genkim.com.tr\/\",\"name\":\"GENK\u0130M\",\"description\":\"Genel End\u00fcstriyel Kimyevi Maddeler\u0130 | Bursa\",\"potentialAction\":[{\"@type\":\"SearchAction\",\"target\":{\"@type\":\"EntryPoint\",\"urlTemplate\":\"https:\/\/genkim.com.tr\/?s={search_term_string}\"},\"query-input\":{\"@type\":\"PropertyValueSpecification\",\"valueRequired\":true,\"valueName\":\"search_term_string\"}}],\"inLanguage\":\"en-US\"}]}<\/script>\n<!-- \/ Yoast SEO plugin. -->","yoast_head_json":{"title":"Disperse - GENK\u0130M","robots":{"index":"index","follow":"follow","max-snippet":"max-snippet:-1","max-image-preview":"max-image-preview:large","max-video-preview":"max-video-preview:-1"},"canonical":"https:\/\/genkim.com.tr\/en\/disperse\/","og_locale":"en_US","og_type":"article","og_title":"Disperse - GENK\u0130M","og_description":"[vc_row][vc_column][vc_column_text] Product Name Ionic Character Application Field GENPRINT D 60 Natural thickener providing high color yield for disperse printing. GENPRINT DT Anionic Modified polysaccharide. GENPRINT RFT Natural thickener for PES printing. GENPRINT DT 70 Disperse printing thickener. EMPRINT CE (Gran\u00fcl) Natural thickener for indanthrene and disperse printing. GENGUAR NEW Nonionic Natural thickener for PA, PAC&hellip;","og_url":"https:\/\/genkim.com.tr\/en\/disperse\/","og_site_name":"GENK\u0130M","article_modified_time":"2022-06-25T16:38:26+00:00","twitter_card":"summary_large_image","twitter_misc":{"Est. reading time":"1 minute"},"schema":{"@context":"https:\/\/schema.org","@graph":[{"@type":"WebPage","@id":"https:\/\/genkim.com.tr\/en\/disperse\/","url":"https:\/\/genkim.com.tr\/en\/disperse\/","name":"Disperse - GENK\u0130M","isPartOf":{"@id":"https:\/\/genkim.com.tr\/#website"},"datePublished":"2021-06-09T11:33:55+00:00","dateModified":"2022-06-25T16:38:26+00:00","breadcrumb":{"@id":"https:\/\/genkim.com.tr\/en\/disperse\/#breadcrumb"},"inLanguage":"en-US","potentialAction":[{"@type":"ReadAction","target":["https:\/\/genkim.com.tr\/en\/disperse\/"]}]},{"@type":"BreadcrumbList","@id":"https:\/\/genkim.com.tr\/en\/disperse\/#breadcrumb","itemListElement":[{"@type":"ListItem","position":1,"name":"Anasayfa","item":"https:\/\/genkim.com.tr\/en\/"},{"@type":"ListItem","position":2,"name":"Disperse"}]},{"@type":"WebSite","@id":"https:\/\/genkim.com.tr\/#website","url":"https:\/\/genkim.com.tr\/","name":"GENK\u0130M","description":"Genel End\u00fcstriyel Kimyevi Maddeler\u0130 | Bursa","potentialAction":[{"@type":"SearchAction","target":{"@type":"EntryPoint","urlTemplate":"https:\/\/genkim.com.tr\/?s={search_term_string}"},"query-input":{"@type":"PropertyValueSpecification","valueRequired":true,"valueName":"search_term_string"}}],"inLanguage":"en-US"}]}},"_links":{"self":[{"href":"https:\/\/genkim.com.tr\/en\/wp-json\/wp\/v2\/pages\/743\/"}],"collection":[{"href":"https:\/\/genkim.com.tr\/en\/wp-json\/wp\/v2\/pages\/"}],"about":[{"href":"https:\/\/genkim.com.tr\/en\/wp-json\/wp\/v2\/types\/page\/"}],"author":[{"embeddable":true,"href":"https:\/\/genkim.com.tr\/en\/wp-json\/wp\/v2\/users\/1\/"}],"replies":[{"embeddable":true,"href":"https:\/\/genkim.com.tr\/en\/wp-json\/wp\/v2\/comments\/?post=743"}],"version-history":[{"count":3,"href":"https:\/\/genkim.com.tr\/en\/wp-json\/wp\/v2\/pages\/743\/revisions\/"}],"predecessor-version":[{"id":1105,"href":"https:\/\/genkim.com.tr\/en\/wp-json\/wp\/v2\/pages\/743\/revisions\/1105\/"}],"wp:attachment":[{"href":"https:\/\/genkim.com.tr\/en\/wp-json\/wp\/v2\/media\/?parent=743"}],"curies":[{"name":"wp","href":"https:\/\/api.w.org\/{rel}","templated":true}]}}