{"id":726,"date":"2021-06-09T00:06:59","date_gmt":"2021-06-08T21:06:59","guid":{"rendered":"https:\/\/genkim.com.tr\/asit-tampon-ve-asit-donor\/"},"modified":"2022-06-25T19:17:39","modified_gmt":"2022-06-25T16:17:39","slug":"acid-buffers-and-acid-donor","status":"publish","type":"page","link":"https:\/\/genkim.com.tr\/en\/acid-buffers-and-acid-donor\/","title":{"rendered":"Acid Buffers and Acid Donor"},"content":{"rendered":"<div class=\"wpb-content-wrapper\"><p>[vc_row][vc_column][vc_column_text]<\/p>\n<table class=\"t1\" style=\"width: 100%; height: 256px;\" cellspacing=\"0\" cellpadding=\"0\">\n<tbody>\n<tr style=\"height: 32px;\">\n<th class=\"td1\" style=\"width: 25.1689%; height: 32px; text-align: center;\" valign=\"middle\">\n<p class=\"p1\">Product Name<\/p>\n<\/th>\n<th class=\"td1\" style=\"width: 11.9932%; height: 32px; text-align: center;\" valign=\"middle\">\n<p class=\"p1\">Ionic Character<\/p>\n<\/th>\n<th class=\"td1\" style=\"width: 62.5%; height: 32px; text-align: center;\" valign=\"middle\">\n<p class=\"p1\">Application Field<\/p>\n<\/th>\n<\/tr>\n<tr>\n<td style=\"width: 25.1689%;\" width=\"185\">GENACID SNR<\/td>\n<td style=\"width: 11.9932%;\" width=\"155\">Slightly Anionic\/Nonionic<\/td>\n<td style=\"width: 62.5%;\" width=\"920\">Buffer acid.<\/td>\n<\/tr>\n<tr>\n<td style=\"width: 25.1689%;\" width=\"185\">GENACID TMR<\/td>\n<td style=\"width: 11.9932%;\"><\/td>\n<td style=\"width: 62.5%;\">Specific buffer acid.<\/td>\n<\/tr>\n<tr>\n<td style=\"width: 25.1689%;\" width=\"185\">GENACID I-GREEN<\/td>\n<td style=\"width: 11.9932%;\">Neutral<\/td>\n<td style=\"width: 62.5%;\">Odourless, specific pH buffer.<\/td>\n<\/tr>\n<tr>\n<td style=\"width: 25.1689%;\" width=\"185\">GENACID RED<\/td>\n<td style=\"width: 11.9932%;\"><\/td>\n<td style=\"width: 62.5%;\">Buffer acid.<\/td>\n<\/tr>\n<tr>\n<td style=\"width: 25.1689%;\" width=\"185\">GENACID NBF<\/td>\n<td style=\"width: 11.9932%;\">Nonionic<\/td>\n<td style=\"width: 62.5%;\">Buffer acid.<\/td>\n<\/tr>\n<tr>\n<td style=\"width: 25.1689%;\" width=\"185\">GENOLAN AR<\/td>\n<td style=\"width: 11.9932%;\">Anionic<\/td>\n<td style=\"width: 62.5%;\" width=\"920\">Acid donor for polyamide and wool dyeing.<\/td>\n<\/tr>\n<tr>\n<td style=\"width: 25.1689%;\">GENACID BUF KONZ<\/td>\n<td style=\"width: 11.9932%;\"><\/td>\n<td style=\"width: 62.5%;\">Specific buffer acid.<\/td>\n<\/tr>\n<\/tbody>\n<\/table>\n<p>[\/vc_column_text][\/vc_column][\/vc_row]<\/p>\n<\/div>","protected":false},"excerpt":{"rendered":"<p>[vc_row][vc_column][vc_column_text] Product Name Ionic Character Application Field GENACID SNR Slightly Anionic\/Nonionic Buffer acid. GENACID TMR Specific buffer acid. GENACID I-GREEN Neutral Odourless, specific pH buffer. GENACID RED Buffer acid. GENACID NBF Nonionic Buffer acid. GENOLAN AR Anionic Acid donor for polyamide and wool dyeing. GENACID BUF KONZ Specific buffer acid. [\/vc_column_text][\/vc_column][\/vc_row]<\/p>\n","protected":false},"author":1,"featured_media":0,"parent":0,"menu_order":0,"comment_status":"closed","ping_status":"closed","template":"","meta":{"footnotes":""},"class_list":["post-726","page","type-page","status-publish","hentry","description-off"],"yoast_head":"<!-- This site is optimized with the Yoast SEO plugin v24.0 - https:\/\/yoast.com\/wordpress\/plugins\/seo\/ -->\n<title>Acid Buffers and Acid Donor - GENK\u0130M<\/title>\n<meta name=\"robots\" content=\"index, follow, max-snippet:-1, max-image-preview:large, max-video-preview:-1\" \/>\n<link rel=\"canonical\" href=\"https:\/\/genkim.com.tr\/en\/acid-buffers-and-acid-donor\/\" \/>\n<meta property=\"og:locale\" content=\"en_US\" \/>\n<meta property=\"og:type\" content=\"article\" \/>\n<meta property=\"og:title\" content=\"Acid Buffers and Acid Donor - GENK\u0130M\" \/>\n<meta property=\"og:description\" content=\"[vc_row][vc_column][vc_column_text] Product Name Ionic Character Application Field GENACID SNR Slightly Anionic\/Nonionic Buffer acid. GENACID TMR Specific buffer acid. GENACID I-GREEN Neutral Odourless, specific pH buffer. GENACID RED Buffer acid. GENACID NBF Nonionic Buffer acid. GENOLAN AR Anionic Acid donor for polyamide and wool dyeing. GENACID BUF KONZ Specific buffer acid. [\/vc_column_text][\/vc_column][\/vc_row]\" \/>\n<meta property=\"og:url\" content=\"https:\/\/genkim.com.tr\/en\/acid-buffers-and-acid-donor\/\" \/>\n<meta property=\"og:site_name\" content=\"GENK\u0130M\" \/>\n<meta property=\"article:modified_time\" content=\"2022-06-25T16:17:39+00:00\" \/>\n<meta name=\"twitter:card\" content=\"summary_large_image\" \/>\n<meta name=\"twitter:label1\" content=\"Est. reading time\" \/>\n\t<meta name=\"twitter:data1\" content=\"1 minute\" \/>\n<script type=\"application\/ld+json\" class=\"yoast-schema-graph\">{\"@context\":\"https:\/\/schema.org\",\"@graph\":[{\"@type\":\"WebPage\",\"@id\":\"https:\/\/genkim.com.tr\/en\/acid-buffers-and-acid-donor\/\",\"url\":\"https:\/\/genkim.com.tr\/en\/acid-buffers-and-acid-donor\/\",\"name\":\"Acid Buffers and Acid Donor - GENK\u0130M\",\"isPartOf\":{\"@id\":\"https:\/\/genkim.com.tr\/#website\"},\"datePublished\":\"2021-06-08T21:06:59+00:00\",\"dateModified\":\"2022-06-25T16:17:39+00:00\",\"breadcrumb\":{\"@id\":\"https:\/\/genkim.com.tr\/en\/acid-buffers-and-acid-donor\/#breadcrumb\"},\"inLanguage\":\"en-US\",\"potentialAction\":[{\"@type\":\"ReadAction\",\"target\":[\"https:\/\/genkim.com.tr\/en\/acid-buffers-and-acid-donor\/\"]}]},{\"@type\":\"BreadcrumbList\",\"@id\":\"https:\/\/genkim.com.tr\/en\/acid-buffers-and-acid-donor\/#breadcrumb\",\"itemListElement\":[{\"@type\":\"ListItem\",\"position\":1,\"name\":\"Anasayfa\",\"item\":\"https:\/\/genkim.com.tr\/en\/\"},{\"@type\":\"ListItem\",\"position\":2,\"name\":\"Acid Buffers and Acid Donor\"}]},{\"@type\":\"WebSite\",\"@id\":\"https:\/\/genkim.com.tr\/#website\",\"url\":\"https:\/\/genkim.com.tr\/\",\"name\":\"GENK\u0130M\",\"description\":\"Genel End\u00fcstriyel Kimyevi Maddeler\u0130 | Bursa\",\"potentialAction\":[{\"@type\":\"SearchAction\",\"target\":{\"@type\":\"EntryPoint\",\"urlTemplate\":\"https:\/\/genkim.com.tr\/?s={search_term_string}\"},\"query-input\":{\"@type\":\"PropertyValueSpecification\",\"valueRequired\":true,\"valueName\":\"search_term_string\"}}],\"inLanguage\":\"en-US\"}]}<\/script>\n<!-- \/ Yoast SEO plugin. -->","yoast_head_json":{"title":"Acid Buffers and Acid Donor - GENK\u0130M","robots":{"index":"index","follow":"follow","max-snippet":"max-snippet:-1","max-image-preview":"max-image-preview:large","max-video-preview":"max-video-preview:-1"},"canonical":"https:\/\/genkim.com.tr\/en\/acid-buffers-and-acid-donor\/","og_locale":"en_US","og_type":"article","og_title":"Acid Buffers and Acid Donor - GENK\u0130M","og_description":"[vc_row][vc_column][vc_column_text] Product Name Ionic Character Application Field GENACID SNR Slightly Anionic\/Nonionic Buffer acid. GENACID TMR Specific buffer acid. GENACID I-GREEN Neutral Odourless, specific pH buffer. GENACID RED Buffer acid. GENACID NBF Nonionic Buffer acid. GENOLAN AR Anionic Acid donor for polyamide and wool dyeing. GENACID BUF KONZ Specific buffer acid. [\/vc_column_text][\/vc_column][\/vc_row]","og_url":"https:\/\/genkim.com.tr\/en\/acid-buffers-and-acid-donor\/","og_site_name":"GENK\u0130M","article_modified_time":"2022-06-25T16:17:39+00:00","twitter_card":"summary_large_image","twitter_misc":{"Est. reading time":"1 minute"},"schema":{"@context":"https:\/\/schema.org","@graph":[{"@type":"WebPage","@id":"https:\/\/genkim.com.tr\/en\/acid-buffers-and-acid-donor\/","url":"https:\/\/genkim.com.tr\/en\/acid-buffers-and-acid-donor\/","name":"Acid Buffers and Acid Donor - GENK\u0130M","isPartOf":{"@id":"https:\/\/genkim.com.tr\/#website"},"datePublished":"2021-06-08T21:06:59+00:00","dateModified":"2022-06-25T16:17:39+00:00","breadcrumb":{"@id":"https:\/\/genkim.com.tr\/en\/acid-buffers-and-acid-donor\/#breadcrumb"},"inLanguage":"en-US","potentialAction":[{"@type":"ReadAction","target":["https:\/\/genkim.com.tr\/en\/acid-buffers-and-acid-donor\/"]}]},{"@type":"BreadcrumbList","@id":"https:\/\/genkim.com.tr\/en\/acid-buffers-and-acid-donor\/#breadcrumb","itemListElement":[{"@type":"ListItem","position":1,"name":"Anasayfa","item":"https:\/\/genkim.com.tr\/en\/"},{"@type":"ListItem","position":2,"name":"Acid Buffers and Acid Donor"}]},{"@type":"WebSite","@id":"https:\/\/genkim.com.tr\/#website","url":"https:\/\/genkim.com.tr\/","name":"GENK\u0130M","description":"Genel End\u00fcstriyel Kimyevi Maddeler\u0130 | Bursa","potentialAction":[{"@type":"SearchAction","target":{"@type":"EntryPoint","urlTemplate":"https:\/\/genkim.com.tr\/?s={search_term_string}"},"query-input":{"@type":"PropertyValueSpecification","valueRequired":true,"valueName":"search_term_string"}}],"inLanguage":"en-US"}]}},"_links":{"self":[{"href":"https:\/\/genkim.com.tr\/en\/wp-json\/wp\/v2\/pages\/726\/"}],"collection":[{"href":"https:\/\/genkim.com.tr\/en\/wp-json\/wp\/v2\/pages\/"}],"about":[{"href":"https:\/\/genkim.com.tr\/en\/wp-json\/wp\/v2\/types\/page\/"}],"author":[{"embeddable":true,"href":"https:\/\/genkim.com.tr\/en\/wp-json\/wp\/v2\/users\/1\/"}],"replies":[{"embeddable":true,"href":"https:\/\/genkim.com.tr\/en\/wp-json\/wp\/v2\/comments\/?post=726"}],"version-history":[{"count":3,"href":"https:\/\/genkim.com.tr\/en\/wp-json\/wp\/v2\/pages\/726\/revisions\/"}],"predecessor-version":[{"id":1092,"href":"https:\/\/genkim.com.tr\/en\/wp-json\/wp\/v2\/pages\/726\/revisions\/1092\/"}],"wp:attachment":[{"href":"https:\/\/genkim.com.tr\/en\/wp-json\/wp\/v2\/media\/?parent=726"}],"curies":[{"name":"wp","href":"https:\/\/api.w.org\/{rel}","templated":true}]}}