{"id":723,"date":"2021-06-07T00:11:30","date_gmt":"2021-06-06T21:11:30","guid":{"rendered":"https:\/\/genkim.com.tr\/dispergator-ve-egalizatorler\/"},"modified":"2022-06-25T19:14:52","modified_gmt":"2022-06-25T16:14:52","slug":"dispersing-agents-levelling-agents-buffers-carriers","status":"publish","type":"page","link":"https:\/\/genkim.com.tr\/en\/dispersing-agents-levelling-agents-buffers-carriers\/","title":{"rendered":"Dispersing Agents, Levelling Agents, Buffers, Carriers"},"content":{"rendered":"<div class=\"wpb-content-wrapper\"><p>[vc_row][vc_column][vc_column_text]<\/p>\n<table class=\"t1\" style=\"width: 100%; height: 674px;\" cellspacing=\"0\" cellpadding=\"0\">\n<tbody>\n<tr style=\"height: 32px;\">\n<th class=\"td1\" style=\"width: 25.1689%; height: 32px; text-align: center;\" valign=\"middle\">\n<p class=\"p1\">Product Name<\/p>\n<\/th>\n<th class=\"td1\" style=\"width: 11.9932%; height: 32px; text-align: center;\" valign=\"middle\">\n<p class=\"p1\">Ionic Character<\/p>\n<\/th>\n<th class=\"td1\" style=\"width: 62.5%; height: 32px; text-align: center;\" valign=\"middle\">\n<p class=\"p1\">Application Field<\/p>\n<\/th>\n<\/tr>\n<tr>\n<td style=\"width: 25.1689%;\" width=\"185\">GENKIMOL SS 1000 AND<\/td>\n<td style=\"width: 11.9932%;\" width=\"155\">Anionic<\/td>\n<td style=\"width: 62.5%;\" width=\"920\">Dye solver, sequestering, abrage inhibiting, dispersing and levelling agent for reactive and direct dyestuffs.<\/td>\n<\/tr>\n<tr>\n<td style=\"width: 25.1689%;\">LEVANOL AK\/E NEW<\/td>\n<td style=\"width: 11.9932%;\">Nonionic<\/td>\n<td style=\"width: 62.5%;\">Dispersing and levelling agent for PAN, WO\/PAN and blends.<\/td>\n<\/tr>\n<tr>\n<td style=\"width: 25.1689%;\">GENKIMOL PA KONZ<\/td>\n<td style=\"width: 11.9932%;\">Anionic<\/td>\n<td style=\"width: 62.5%;\">Levelling agent for wool, PA and blends dyeing with acidic and metal complex dyes.<\/td>\n<\/tr>\n<tr>\n<td style=\"width: 25.1689%;\">EGALON B<\/td>\n<td style=\"width: 11.9932%;\">Amphoteric<\/td>\n<td style=\"width: 62.5%;\">Levelling agent for wool, PA and blends.<\/td>\n<\/tr>\n<tr>\n<td style=\"width: 25.1689%;\">GENKIMOL AS<\/td>\n<td style=\"width: 11.9932%;\">Nonionic\/Slightly Anionic<\/td>\n<td style=\"width: 62.5%;\">Dispersing and levelling agent for dyeing PES, cationic PES, PAN, PA, WO fibers and blends.<\/td>\n<\/tr>\n<tr>\n<td style=\"width: 25.1689%;\">LEVANOL HDL<\/td>\n<td style=\"width: 11.9932%;\">Nonionic<\/td>\n<td style=\"width: 62.5%;\">Excellent low foaming dispersing and levelling agent for HT and rapid dyeing processes of polyester fibers.<\/td>\n<\/tr>\n<tr>\n<td style=\"width: 25.1689%;\">LEVANOL STA<\/td>\n<td style=\"width: 11.9932%;\">Anionic\/Nonionic<\/td>\n<td style=\"width: 62.5%;\">Dispersing, levelling and migration improving agent for disperse dyes.<\/td>\n<\/tr>\n<tr>\n<td style=\"width: 25.1689%;\">GENKIMOL V 100 L<\/td>\n<td style=\"width: 11.9932%;\">Slightly Anionic\/Nonionic<\/td>\n<td style=\"width: 62.5%;\">Dosable, nonfoaming migration improver and levelling agent for disperse dyes.<\/td>\n<\/tr>\n<tr>\n<td style=\"width: 25.1689%;\">LEVANOL HT\/B<\/td>\n<td style=\"width: 11.9932%;\"><\/td>\n<td style=\"width: 62.5%;\">Dispersing and levelling agent for dyeing of polyester and blends.<\/td>\n<\/tr>\n<tr>\n<td style=\"width: 25.1689%;\">GENKIMOL LDJ\/A<\/td>\n<td style=\"width: 11.9932%;\">Anionic<\/td>\n<td style=\"width: 62.5%;\">Highly effective, migration improver dispersing agent for dyeing polyester and blends.<\/td>\n<\/tr>\n<tr>\n<td style=\"width: 25.1689%;\">LEVANOL AE 170<\/td>\n<td style=\"width: 11.9932%;\"><\/td>\n<td style=\"width: 62.5%;\">pH buffer and levelling agent for PES and their blends.<\/td>\n<\/tr>\n<tr>\n<td style=\"width: 25.1689%;\">GENKIMOL DIS P\/M<\/td>\n<td style=\"width: 11.9932%;\">Anionic<\/td>\n<td style=\"width: 62.5%;\" width=\"920\">\u00a0Highly active, low impurity dispersing and levelling powder.<\/td>\n<\/tr>\n<tr>\n<td style=\"width: 25.1689%;\">EGAPOL VP<\/td>\n<td style=\"width: 11.9932%;\">Nonionic<\/td>\n<td style=\"width: 62.5%;\" width=\"920\">Levelling, migration and diffusion improver for PES and blends.<\/td>\n<\/tr>\n<tr>\n<td style=\"width: 25.1689%;\">EGAPOL EXH\/NS<\/td>\n<td style=\"width: 11.9932%;\">Nonionic<\/td>\n<td style=\"width: 62.5%;\">Odorless, diffusion and migration improver for PES and blends designed for athmospheric and HT conditions.<\/td>\n<\/tr>\n<tr>\n<td style=\"width: 25.1689%;\">DIFIBER G4 PLUS<\/td>\n<td style=\"width: 11.9932%;\">Anionic<\/td>\n<td style=\"width: 62.5%;\">Odorless,migration and diffusion enhancing agent, improver for PES and blends.<\/td>\n<\/tr>\n<tr>\n<td style=\"width: 25.1689%;\">DIFIBER G5 PLUS<\/td>\n<td style=\"width: 11.9932%;\">Anionic<\/td>\n<td style=\"width: 62.5%;\">Odorless,migration and diffusion enhancing agent, improver for PES and blends.<\/td>\n<\/tr>\n<tr>\n<td style=\"width: 25.1689%;\">GENRET PAN<\/td>\n<td style=\"width: 11.9932%;\">Cationic<\/td>\n<td style=\"width: 62.5%;\">Acrylic fiber retarder with remarkable migrating effect in basic dyeing.<\/td>\n<\/tr>\n<tr>\n<td style=\"width: 25.1689%;\">AVINOL B12 -OZ<\/td>\n<td style=\"width: 11.9932%;\"><\/td>\n<td style=\"width: 62.5%;\">Dispersing, levelling and migration improving agent for disperse dyes.<\/td>\n<\/tr>\n<tr>\n<td style=\"width: 25.1689%;\">DISPERCOM AB<\/td>\n<td style=\"width: 11.9932%;\">Anionic<\/td>\n<td style=\"width: 62.5%;\">pH adjustor and dipsersing agent for dyeing of PES, PA, and their blends with cellulosic fibres.<\/td>\n<\/tr>\n<tr>\n<td style=\"width: 25.1689%;\">GENKIMOL V\/160<\/td>\n<td style=\"width: 11.9932%;\">Nonionic<\/td>\n<td style=\"width: 62.5%;\">Dispersing and levelling agent for dyeing of polyester and blends.<\/td>\n<\/tr>\n<\/tbody>\n<\/table>\n<p>[\/vc_column_text][\/vc_column][\/vc_row]<\/p>\n<\/div>","protected":false},"excerpt":{"rendered":"<p>[vc_row][vc_column][vc_column_text] Product Name Ionic Character Application Field GENKIMOL SS 1000 AND Anionic Dye solver, sequestering, abrage inhibiting, dispersing and levelling agent for reactive and direct dyestuffs. LEVANOL AK\/E NEW Nonionic Dispersing and levelling agent for PAN, WO\/PAN and blends. GENKIMOL PA KONZ Anionic Levelling agent for wool, PA and blends dyeing with acidic and metal&hellip;<\/p>\n","protected":false},"author":1,"featured_media":0,"parent":0,"menu_order":0,"comment_status":"closed","ping_status":"closed","template":"","meta":{"footnotes":""},"class_list":["post-723","page","type-page","status-publish","hentry","description-off"],"yoast_head":"<!-- This site is optimized with the Yoast SEO plugin v24.0 - https:\/\/yoast.com\/wordpress\/plugins\/seo\/ -->\n<title>Dispersing Agents, Levelling Agents, Buffers, Carriers - GENK\u0130M<\/title>\n<meta name=\"robots\" content=\"index, follow, max-snippet:-1, max-image-preview:large, max-video-preview:-1\" \/>\n<link rel=\"canonical\" href=\"https:\/\/genkim.com.tr\/en\/dispersing-agents-levelling-agents-buffers-carriers\/\" \/>\n<meta property=\"og:locale\" content=\"en_US\" \/>\n<meta property=\"og:type\" content=\"article\" \/>\n<meta property=\"og:title\" content=\"Dispersing Agents, Levelling Agents, Buffers, Carriers - GENK\u0130M\" \/>\n<meta property=\"og:description\" content=\"[vc_row][vc_column][vc_column_text] Product Name Ionic Character Application Field GENKIMOL SS 1000 AND Anionic Dye solver, sequestering, abrage inhibiting, dispersing and levelling agent for reactive and direct dyestuffs. LEVANOL AK\/E NEW Nonionic Dispersing and levelling agent for PAN, WO\/PAN and blends. GENKIMOL PA KONZ Anionic Levelling agent for wool, PA and blends dyeing with acidic and metal&hellip;\" \/>\n<meta property=\"og:url\" content=\"https:\/\/genkim.com.tr\/en\/dispersing-agents-levelling-agents-buffers-carriers\/\" \/>\n<meta property=\"og:site_name\" content=\"GENK\u0130M\" \/>\n<meta property=\"article:modified_time\" content=\"2022-06-25T16:14:52+00:00\" \/>\n<meta name=\"twitter:card\" content=\"summary_large_image\" \/>\n<meta name=\"twitter:label1\" content=\"Est. reading time\" \/>\n\t<meta name=\"twitter:data1\" content=\"2 minutes\" \/>\n<script type=\"application\/ld+json\" class=\"yoast-schema-graph\">{\"@context\":\"https:\/\/schema.org\",\"@graph\":[{\"@type\":\"WebPage\",\"@id\":\"https:\/\/genkim.com.tr\/en\/dispersing-agents-levelling-agents-buffers-carriers\/\",\"url\":\"https:\/\/genkim.com.tr\/en\/dispersing-agents-levelling-agents-buffers-carriers\/\",\"name\":\"Dispersing Agents, Levelling Agents, Buffers, Carriers - GENK\u0130M\",\"isPartOf\":{\"@id\":\"https:\/\/genkim.com.tr\/#website\"},\"datePublished\":\"2021-06-06T21:11:30+00:00\",\"dateModified\":\"2022-06-25T16:14:52+00:00\",\"breadcrumb\":{\"@id\":\"https:\/\/genkim.com.tr\/en\/dispersing-agents-levelling-agents-buffers-carriers\/#breadcrumb\"},\"inLanguage\":\"en-US\",\"potentialAction\":[{\"@type\":\"ReadAction\",\"target\":[\"https:\/\/genkim.com.tr\/en\/dispersing-agents-levelling-agents-buffers-carriers\/\"]}]},{\"@type\":\"BreadcrumbList\",\"@id\":\"https:\/\/genkim.com.tr\/en\/dispersing-agents-levelling-agents-buffers-carriers\/#breadcrumb\",\"itemListElement\":[{\"@type\":\"ListItem\",\"position\":1,\"name\":\"Anasayfa\",\"item\":\"https:\/\/genkim.com.tr\/en\/\"},{\"@type\":\"ListItem\",\"position\":2,\"name\":\"Dispersing Agents, Levelling Agents, Buffers, Carriers\"}]},{\"@type\":\"WebSite\",\"@id\":\"https:\/\/genkim.com.tr\/#website\",\"url\":\"https:\/\/genkim.com.tr\/\",\"name\":\"GENK\u0130M\",\"description\":\"Genel End\u00fcstriyel Kimyevi Maddeler\u0130 | Bursa\",\"potentialAction\":[{\"@type\":\"SearchAction\",\"target\":{\"@type\":\"EntryPoint\",\"urlTemplate\":\"https:\/\/genkim.com.tr\/?s={search_term_string}\"},\"query-input\":{\"@type\":\"PropertyValueSpecification\",\"valueRequired\":true,\"valueName\":\"search_term_string\"}}],\"inLanguage\":\"en-US\"}]}<\/script>\n<!-- \/ Yoast SEO plugin. -->","yoast_head_json":{"title":"Dispersing Agents, Levelling Agents, Buffers, Carriers - GENK\u0130M","robots":{"index":"index","follow":"follow","max-snippet":"max-snippet:-1","max-image-preview":"max-image-preview:large","max-video-preview":"max-video-preview:-1"},"canonical":"https:\/\/genkim.com.tr\/en\/dispersing-agents-levelling-agents-buffers-carriers\/","og_locale":"en_US","og_type":"article","og_title":"Dispersing Agents, Levelling Agents, Buffers, Carriers - GENK\u0130M","og_description":"[vc_row][vc_column][vc_column_text] Product Name Ionic Character Application Field GENKIMOL SS 1000 AND Anionic Dye solver, sequestering, abrage inhibiting, dispersing and levelling agent for reactive and direct dyestuffs. LEVANOL AK\/E NEW Nonionic Dispersing and levelling agent for PAN, WO\/PAN and blends. GENKIMOL PA KONZ Anionic Levelling agent for wool, PA and blends dyeing with acidic and metal&hellip;","og_url":"https:\/\/genkim.com.tr\/en\/dispersing-agents-levelling-agents-buffers-carriers\/","og_site_name":"GENK\u0130M","article_modified_time":"2022-06-25T16:14:52+00:00","twitter_card":"summary_large_image","twitter_misc":{"Est. reading time":"2 minutes"},"schema":{"@context":"https:\/\/schema.org","@graph":[{"@type":"WebPage","@id":"https:\/\/genkim.com.tr\/en\/dispersing-agents-levelling-agents-buffers-carriers\/","url":"https:\/\/genkim.com.tr\/en\/dispersing-agents-levelling-agents-buffers-carriers\/","name":"Dispersing Agents, Levelling Agents, Buffers, Carriers - GENK\u0130M","isPartOf":{"@id":"https:\/\/genkim.com.tr\/#website"},"datePublished":"2021-06-06T21:11:30+00:00","dateModified":"2022-06-25T16:14:52+00:00","breadcrumb":{"@id":"https:\/\/genkim.com.tr\/en\/dispersing-agents-levelling-agents-buffers-carriers\/#breadcrumb"},"inLanguage":"en-US","potentialAction":[{"@type":"ReadAction","target":["https:\/\/genkim.com.tr\/en\/dispersing-agents-levelling-agents-buffers-carriers\/"]}]},{"@type":"BreadcrumbList","@id":"https:\/\/genkim.com.tr\/en\/dispersing-agents-levelling-agents-buffers-carriers\/#breadcrumb","itemListElement":[{"@type":"ListItem","position":1,"name":"Anasayfa","item":"https:\/\/genkim.com.tr\/en\/"},{"@type":"ListItem","position":2,"name":"Dispersing Agents, Levelling Agents, Buffers, Carriers"}]},{"@type":"WebSite","@id":"https:\/\/genkim.com.tr\/#website","url":"https:\/\/genkim.com.tr\/","name":"GENK\u0130M","description":"Genel End\u00fcstriyel Kimyevi Maddeler\u0130 | Bursa","potentialAction":[{"@type":"SearchAction","target":{"@type":"EntryPoint","urlTemplate":"https:\/\/genkim.com.tr\/?s={search_term_string}"},"query-input":{"@type":"PropertyValueSpecification","valueRequired":true,"valueName":"search_term_string"}}],"inLanguage":"en-US"}]}},"_links":{"self":[{"href":"https:\/\/genkim.com.tr\/en\/wp-json\/wp\/v2\/pages\/723\/"}],"collection":[{"href":"https:\/\/genkim.com.tr\/en\/wp-json\/wp\/v2\/pages\/"}],"about":[{"href":"https:\/\/genkim.com.tr\/en\/wp-json\/wp\/v2\/types\/page\/"}],"author":[{"embeddable":true,"href":"https:\/\/genkim.com.tr\/en\/wp-json\/wp\/v2\/users\/1\/"}],"replies":[{"embeddable":true,"href":"https:\/\/genkim.com.tr\/en\/wp-json\/wp\/v2\/comments\/?post=723"}],"version-history":[{"count":3,"href":"https:\/\/genkim.com.tr\/en\/wp-json\/wp\/v2\/pages\/723\/revisions\/"}],"predecessor-version":[{"id":1090,"href":"https:\/\/genkim.com.tr\/en\/wp-json\/wp\/v2\/pages\/723\/revisions\/1090\/"}],"wp:attachment":[{"href":"https:\/\/genkim.com.tr\/en\/wp-json\/wp\/v2\/media\/?parent=723"}],"curies":[{"name":"wp","href":"https:\/\/api.w.org\/{rel}","templated":true}]}}