{"id":721,"date":"2021-06-07T00:00:58","date_gmt":"2021-06-06T21:00:58","guid":{"rendered":"https:\/\/genkim.com.tr\/kirik-onleyiciler\/"},"modified":"2022-06-25T19:12:01","modified_gmt":"2022-06-25T16:12:01","slug":"anticreasing-agents","status":"publish","type":"page","link":"https:\/\/genkim.com.tr\/en\/anticreasing-agents\/","title":{"rendered":"Anticreasing Agents"},"content":{"rendered":"<div class=\"wpb-content-wrapper\"><p>[vc_row][vc_column][vc_column_text]<\/p>\n<table class=\"t1\" style=\"height: 236px; width: 100%; background-color: #ffffff;\" cellspacing=\"0\" cellpadding=\"0\">\n<tbody>\n<tr style=\"height: 32px;\">\n<th class=\"td1\" style=\"width: 22.1386%; height: 32px; text-align: center;\" valign=\"middle\">\n<p class=\"p1\">Product Name<\/p>\n<\/th>\n<th class=\"td1\" style=\"width: 15.0235%; height: 32px; text-align: center;\" valign=\"middle\">\n<p class=\"p1\">Ionic Character<\/p>\n<\/th>\n<th class=\"td1\" style=\"width: 62.5%; height: 32px; text-align: center;\" valign=\"middle\">\n<p class=\"p1\">Application Field<\/p>\n<\/th>\n<\/tr>\n<tr>\n<td style=\"width: 22.1386%;\" width=\"185\">LUBRISOFT BNG<\/td>\n<td style=\"width: 15.0235%;\" width=\"155\">Anionic<\/td>\n<td style=\"width: 62.5%;\" width=\"920\">Fatty based, highly effective concentrated anticreasing agent with antistatic properties.<\/td>\n<\/tr>\n<tr>\n<td style=\"width: 22.1386%;\" width=\"185\">LUBRISOFT FLY<\/td>\n<td style=\"width: 15.0235%;\">Anionic<\/td>\n<td style=\"width: 62.5%;\">Fatty based anticreasing agent for pre-treatment and dyeing.<\/td>\n<\/tr>\n<tr>\n<td style=\"width: 22.1386%;\" width=\"185\">LUBRISOFT KR<\/td>\n<td style=\"width: 15.0235%;\">Anionic<\/td>\n<td style=\"width: 62.5%;\">Fatty based anticreasing agent.<\/td>\n<\/tr>\n<tr>\n<td style=\"width: 22.1386%;\" width=\"185\">LUBRISOFT ACP NEW<\/td>\n<td style=\"width: 15.0235%;\">Nonionic<\/td>\n<td style=\"width: 62.5%;\" width=\"920\">Polymer based anticreasing agent for PES, PA, CO, WO and blends.<\/td>\n<\/tr>\n<tr>\n<td style=\"width: 22.1386%;\" width=\"185\">LUBRISOFT ALT<\/td>\n<td style=\"width: 15.0235%;\">Nonionic<\/td>\n<td style=\"width: 62.5%;\">Polymer based anticreasing agent for PES, PA, CO, WO and blends.<\/td>\n<\/tr>\n<\/tbody>\n<\/table>\n<p>[\/vc_column_text][\/vc_column][\/vc_row]<\/p>\n<\/div>","protected":false},"excerpt":{"rendered":"<p>[vc_row][vc_column][vc_column_text] Product Name Ionic Character Application Field LUBRISOFT BNG Anionic Fatty based, highly effective concentrated anticreasing agent with antistatic properties. LUBRISOFT FLY Anionic Fatty based anticreasing agent for pre-treatment and dyeing. LUBRISOFT KR Anionic Fatty based anticreasing agent. LUBRISOFT ACP NEW Nonionic Polymer based anticreasing agent for PES, PA, CO, WO and blends. LUBRISOFT ALT&hellip;<\/p>\n","protected":false},"author":1,"featured_media":0,"parent":0,"menu_order":0,"comment_status":"closed","ping_status":"closed","template":"","meta":{"footnotes":""},"class_list":["post-721","page","type-page","status-publish","hentry","description-off"],"yoast_head":"<!-- This site is optimized with the Yoast SEO plugin v24.0 - https:\/\/yoast.com\/wordpress\/plugins\/seo\/ -->\n<title>Anticreasing Agents - GENK\u0130M<\/title>\n<meta name=\"robots\" content=\"index, follow, max-snippet:-1, max-image-preview:large, max-video-preview:-1\" \/>\n<link rel=\"canonical\" href=\"https:\/\/genkim.com.tr\/en\/anticreasing-agents\/\" \/>\n<meta property=\"og:locale\" content=\"en_US\" \/>\n<meta property=\"og:type\" content=\"article\" \/>\n<meta property=\"og:title\" content=\"Anticreasing Agents - GENK\u0130M\" \/>\n<meta property=\"og:description\" content=\"[vc_row][vc_column][vc_column_text] Product Name Ionic Character Application Field LUBRISOFT BNG Anionic Fatty based, highly effective concentrated anticreasing agent with antistatic properties. LUBRISOFT FLY Anionic Fatty based anticreasing agent for pre-treatment and dyeing. LUBRISOFT KR Anionic Fatty based anticreasing agent. LUBRISOFT ACP NEW Nonionic Polymer based anticreasing agent for PES, PA, CO, WO and blends. LUBRISOFT ALT&hellip;\" \/>\n<meta property=\"og:url\" content=\"https:\/\/genkim.com.tr\/en\/anticreasing-agents\/\" \/>\n<meta property=\"og:site_name\" content=\"GENK\u0130M\" \/>\n<meta property=\"article:modified_time\" content=\"2022-06-25T16:12:01+00:00\" \/>\n<meta name=\"twitter:card\" content=\"summary_large_image\" \/>\n<meta name=\"twitter:label1\" content=\"Est. reading time\" \/>\n\t<meta name=\"twitter:data1\" content=\"1 minute\" \/>\n<script type=\"application\/ld+json\" class=\"yoast-schema-graph\">{\"@context\":\"https:\/\/schema.org\",\"@graph\":[{\"@type\":\"WebPage\",\"@id\":\"https:\/\/genkim.com.tr\/en\/anticreasing-agents\/\",\"url\":\"https:\/\/genkim.com.tr\/en\/anticreasing-agents\/\",\"name\":\"Anticreasing Agents - GENK\u0130M\",\"isPartOf\":{\"@id\":\"https:\/\/genkim.com.tr\/#website\"},\"datePublished\":\"2021-06-06T21:00:58+00:00\",\"dateModified\":\"2022-06-25T16:12:01+00:00\",\"breadcrumb\":{\"@id\":\"https:\/\/genkim.com.tr\/en\/anticreasing-agents\/#breadcrumb\"},\"inLanguage\":\"en-US\",\"potentialAction\":[{\"@type\":\"ReadAction\",\"target\":[\"https:\/\/genkim.com.tr\/en\/anticreasing-agents\/\"]}]},{\"@type\":\"BreadcrumbList\",\"@id\":\"https:\/\/genkim.com.tr\/en\/anticreasing-agents\/#breadcrumb\",\"itemListElement\":[{\"@type\":\"ListItem\",\"position\":1,\"name\":\"Anasayfa\",\"item\":\"https:\/\/genkim.com.tr\/en\/\"},{\"@type\":\"ListItem\",\"position\":2,\"name\":\"Anticreasing Agents\"}]},{\"@type\":\"WebSite\",\"@id\":\"https:\/\/genkim.com.tr\/#website\",\"url\":\"https:\/\/genkim.com.tr\/\",\"name\":\"GENK\u0130M\",\"description\":\"Genel End\u00fcstriyel Kimyevi Maddeler\u0130 | Bursa\",\"potentialAction\":[{\"@type\":\"SearchAction\",\"target\":{\"@type\":\"EntryPoint\",\"urlTemplate\":\"https:\/\/genkim.com.tr\/?s={search_term_string}\"},\"query-input\":{\"@type\":\"PropertyValueSpecification\",\"valueRequired\":true,\"valueName\":\"search_term_string\"}}],\"inLanguage\":\"en-US\"}]}<\/script>\n<!-- \/ Yoast SEO plugin. -->","yoast_head_json":{"title":"Anticreasing Agents - GENK\u0130M","robots":{"index":"index","follow":"follow","max-snippet":"max-snippet:-1","max-image-preview":"max-image-preview:large","max-video-preview":"max-video-preview:-1"},"canonical":"https:\/\/genkim.com.tr\/en\/anticreasing-agents\/","og_locale":"en_US","og_type":"article","og_title":"Anticreasing Agents - GENK\u0130M","og_description":"[vc_row][vc_column][vc_column_text] Product Name Ionic Character Application Field LUBRISOFT BNG Anionic Fatty based, highly effective concentrated anticreasing agent with antistatic properties. LUBRISOFT FLY Anionic Fatty based anticreasing agent for pre-treatment and dyeing. LUBRISOFT KR Anionic Fatty based anticreasing agent. LUBRISOFT ACP NEW Nonionic Polymer based anticreasing agent for PES, PA, CO, WO and blends. LUBRISOFT ALT&hellip;","og_url":"https:\/\/genkim.com.tr\/en\/anticreasing-agents\/","og_site_name":"GENK\u0130M","article_modified_time":"2022-06-25T16:12:01+00:00","twitter_card":"summary_large_image","twitter_misc":{"Est. reading time":"1 minute"},"schema":{"@context":"https:\/\/schema.org","@graph":[{"@type":"WebPage","@id":"https:\/\/genkim.com.tr\/en\/anticreasing-agents\/","url":"https:\/\/genkim.com.tr\/en\/anticreasing-agents\/","name":"Anticreasing Agents - GENK\u0130M","isPartOf":{"@id":"https:\/\/genkim.com.tr\/#website"},"datePublished":"2021-06-06T21:00:58+00:00","dateModified":"2022-06-25T16:12:01+00:00","breadcrumb":{"@id":"https:\/\/genkim.com.tr\/en\/anticreasing-agents\/#breadcrumb"},"inLanguage":"en-US","potentialAction":[{"@type":"ReadAction","target":["https:\/\/genkim.com.tr\/en\/anticreasing-agents\/"]}]},{"@type":"BreadcrumbList","@id":"https:\/\/genkim.com.tr\/en\/anticreasing-agents\/#breadcrumb","itemListElement":[{"@type":"ListItem","position":1,"name":"Anasayfa","item":"https:\/\/genkim.com.tr\/en\/"},{"@type":"ListItem","position":2,"name":"Anticreasing Agents"}]},{"@type":"WebSite","@id":"https:\/\/genkim.com.tr\/#website","url":"https:\/\/genkim.com.tr\/","name":"GENK\u0130M","description":"Genel End\u00fcstriyel Kimyevi Maddeler\u0130 | Bursa","potentialAction":[{"@type":"SearchAction","target":{"@type":"EntryPoint","urlTemplate":"https:\/\/genkim.com.tr\/?s={search_term_string}"},"query-input":{"@type":"PropertyValueSpecification","valueRequired":true,"valueName":"search_term_string"}}],"inLanguage":"en-US"}]}},"_links":{"self":[{"href":"https:\/\/genkim.com.tr\/en\/wp-json\/wp\/v2\/pages\/721\/"}],"collection":[{"href":"https:\/\/genkim.com.tr\/en\/wp-json\/wp\/v2\/pages\/"}],"about":[{"href":"https:\/\/genkim.com.tr\/en\/wp-json\/wp\/v2\/types\/page\/"}],"author":[{"embeddable":true,"href":"https:\/\/genkim.com.tr\/en\/wp-json\/wp\/v2\/users\/1\/"}],"replies":[{"embeddable":true,"href":"https:\/\/genkim.com.tr\/en\/wp-json\/wp\/v2\/comments\/?post=721"}],"version-history":[{"count":2,"href":"https:\/\/genkim.com.tr\/en\/wp-json\/wp\/v2\/pages\/721\/revisions\/"}],"predecessor-version":[{"id":1088,"href":"https:\/\/genkim.com.tr\/en\/wp-json\/wp\/v2\/pages\/721\/revisions\/1088\/"}],"wp:attachment":[{"href":"https:\/\/genkim.com.tr\/en\/wp-json\/wp\/v2\/media\/?parent=721"}],"curies":[{"name":"wp","href":"https:\/\/api.w.org\/{rel}","templated":true}]}}