{"id":716,"date":"2020-05-19T17:33:52","date_gmt":"2020-05-19T14:33:52","guid":{"rendered":"https:\/\/genkim.com.tr\/iyon-tutucular\/"},"modified":"2022-06-25T19:05:50","modified_gmt":"2022-06-25T16:05:50","slug":"sequestering-agents","status":"publish","type":"page","link":"https:\/\/genkim.com.tr\/en\/sequestering-agents\/","title":{"rendered":"Sequestering Agents"},"content":{"rendered":"<div class=\"wpb-content-wrapper\"><p>[vc_row][vc_column][vc_column_text]<\/p>\n<table class=\"t1\" style=\"width: 100%; height: 214px;\" cellspacing=\"0\" cellpadding=\"0\">\n<tbody>\n<tr style=\"height: 32px;\">\n<th class=\"td1\" style=\"width: 22.1386%; height: 32px; text-align: center;\" valign=\"middle\">\n<p class=\"p1\">Product Name<\/p>\n<\/th>\n<th class=\"td1\" style=\"width: 15.0235%; height: 32px; text-align: center;\" valign=\"middle\">\n<p class=\"p1\">Ionic Character<\/p>\n<\/th>\n<th class=\"td1\" style=\"width: 62.5%; height: 32px; text-align: center;\" valign=\"middle\">\n<p class=\"p1\">Application Field<\/p>\n<\/th>\n<\/tr>\n<tr>\n<td style=\"width: 22.1386%;\" width=\"185\">GENQUEST CD 1000<\/td>\n<td style=\"width: 15.0235%;\" width=\"155\">Anionic<\/td>\n<td style=\"width: 62.5%;\" width=\"920\">Special wet process improver and dispersing agent for all textile aplications, sequestering agent.<\/td>\n<\/tr>\n<tr>\n<td style=\"width: 22.1386%;\" width=\"185\">IOGEN C 06<\/td>\n<td style=\"width: 15.0235%;\">Anionic<\/td>\n<td style=\"width: 62.5%;\">Sequestering agent, komplex binder for bleaching process and reactive dyeing baths.<\/td>\n<\/tr>\n<tr>\n<td style=\"width: 22.1386%;\" width=\"185\">GENQUEST DEM<\/td>\n<td style=\"width: 15.0235%;\">Anionic<\/td>\n<td style=\"width: 62.5%;\">Demineralization and sequestering agent.<\/td>\n<\/tr>\n<tr>\n<td style=\"width: 22.1386%;\" width=\"185\">GENQUEST FSI 101<\/td>\n<td style=\"width: 15.0235%;\">Anionic<\/td>\n<td style=\"width: 62.5%;\">Spesific sequestering agent, reactive dyeing dispersant and hardness inhibitor komplex binder.<\/td>\n<\/tr>\n<tr>\n<td style=\"width: 22.1386%;\" width=\"185\">ECOREM NEW<\/td>\n<td style=\"width: 15.0235%;\">Anionic<\/td>\n<td style=\"width: 62.5%;\">Sequestering agent developed for dispersing metal and semi-metal salts existing in the bath liquors.<\/td>\n<\/tr>\n<tr>\n<td style=\"width: 22.1386%;\">GENKIMOL CAD 10<\/td>\n<td style=\"width: 15.0235%;\">Anionic<\/td>\n<td style=\"width: 62.5%;\">Sequestering agent developed for textile process.<\/td>\n<\/tr>\n<\/tbody>\n<\/table>\n<p>[\/vc_column_text][\/vc_column][\/vc_row]<\/p>\n<\/div>","protected":false},"excerpt":{"rendered":"<p>[vc_row][vc_column][vc_column_text] Product Name Ionic Character Application Field GENQUEST CD 1000 Anionic Special wet process improver and dispersing agent for all textile aplications, sequestering agent. IOGEN C 06 Anionic Sequestering agent, komplex binder for bleaching process and reactive dyeing baths. GENQUEST DEM Anionic Demineralization and sequestering agent. GENQUEST FSI 101 Anionic Spesific sequestering agent, reactive dyeing&hellip;<\/p>\n","protected":false},"author":1,"featured_media":0,"parent":0,"menu_order":0,"comment_status":"closed","ping_status":"closed","template":"","meta":{"footnotes":""},"class_list":["post-716","page","type-page","status-publish","hentry","description-off"],"yoast_head":"<!-- This site is optimized with the Yoast SEO plugin v24.0 - https:\/\/yoast.com\/wordpress\/plugins\/seo\/ -->\n<title>Sequestering Agents - GENK\u0130M<\/title>\n<meta name=\"robots\" content=\"index, follow, max-snippet:-1, max-image-preview:large, max-video-preview:-1\" \/>\n<link rel=\"canonical\" href=\"https:\/\/genkim.com.tr\/en\/sequestering-agents\/\" \/>\n<meta property=\"og:locale\" content=\"en_US\" \/>\n<meta property=\"og:type\" content=\"article\" \/>\n<meta property=\"og:title\" content=\"Sequestering Agents - GENK\u0130M\" \/>\n<meta property=\"og:description\" content=\"[vc_row][vc_column][vc_column_text] Product Name Ionic Character Application Field GENQUEST CD 1000 Anionic Special wet process improver and dispersing agent for all textile aplications, sequestering agent. IOGEN C 06 Anionic Sequestering agent, komplex binder for bleaching process and reactive dyeing baths. GENQUEST DEM Anionic Demineralization and sequestering agent. GENQUEST FSI 101 Anionic Spesific sequestering agent, reactive dyeing&hellip;\" \/>\n<meta property=\"og:url\" content=\"https:\/\/genkim.com.tr\/en\/sequestering-agents\/\" \/>\n<meta property=\"og:site_name\" content=\"GENK\u0130M\" \/>\n<meta property=\"article:modified_time\" content=\"2022-06-25T16:05:50+00:00\" \/>\n<meta name=\"twitter:card\" content=\"summary_large_image\" \/>\n<meta name=\"twitter:label1\" content=\"Est. reading time\" \/>\n\t<meta name=\"twitter:data1\" content=\"1 minute\" \/>\n<script type=\"application\/ld+json\" class=\"yoast-schema-graph\">{\"@context\":\"https:\/\/schema.org\",\"@graph\":[{\"@type\":\"WebPage\",\"@id\":\"https:\/\/genkim.com.tr\/en\/sequestering-agents\/\",\"url\":\"https:\/\/genkim.com.tr\/en\/sequestering-agents\/\",\"name\":\"Sequestering Agents - GENK\u0130M\",\"isPartOf\":{\"@id\":\"https:\/\/genkim.com.tr\/#website\"},\"datePublished\":\"2020-05-19T14:33:52+00:00\",\"dateModified\":\"2022-06-25T16:05:50+00:00\",\"breadcrumb\":{\"@id\":\"https:\/\/genkim.com.tr\/en\/sequestering-agents\/#breadcrumb\"},\"inLanguage\":\"en-US\",\"potentialAction\":[{\"@type\":\"ReadAction\",\"target\":[\"https:\/\/genkim.com.tr\/en\/sequestering-agents\/\"]}]},{\"@type\":\"BreadcrumbList\",\"@id\":\"https:\/\/genkim.com.tr\/en\/sequestering-agents\/#breadcrumb\",\"itemListElement\":[{\"@type\":\"ListItem\",\"position\":1,\"name\":\"Anasayfa\",\"item\":\"https:\/\/genkim.com.tr\/en\/\"},{\"@type\":\"ListItem\",\"position\":2,\"name\":\"Sequestering Agents\"}]},{\"@type\":\"WebSite\",\"@id\":\"https:\/\/genkim.com.tr\/#website\",\"url\":\"https:\/\/genkim.com.tr\/\",\"name\":\"GENK\u0130M\",\"description\":\"Genel End\u00fcstriyel Kimyevi Maddeler\u0130 | Bursa\",\"potentialAction\":[{\"@type\":\"SearchAction\",\"target\":{\"@type\":\"EntryPoint\",\"urlTemplate\":\"https:\/\/genkim.com.tr\/?s={search_term_string}\"},\"query-input\":{\"@type\":\"PropertyValueSpecification\",\"valueRequired\":true,\"valueName\":\"search_term_string\"}}],\"inLanguage\":\"en-US\"}]}<\/script>\n<!-- \/ Yoast SEO plugin. -->","yoast_head_json":{"title":"Sequestering Agents - GENK\u0130M","robots":{"index":"index","follow":"follow","max-snippet":"max-snippet:-1","max-image-preview":"max-image-preview:large","max-video-preview":"max-video-preview:-1"},"canonical":"https:\/\/genkim.com.tr\/en\/sequestering-agents\/","og_locale":"en_US","og_type":"article","og_title":"Sequestering Agents - GENK\u0130M","og_description":"[vc_row][vc_column][vc_column_text] Product Name Ionic Character Application Field GENQUEST CD 1000 Anionic Special wet process improver and dispersing agent for all textile aplications, sequestering agent. IOGEN C 06 Anionic Sequestering agent, komplex binder for bleaching process and reactive dyeing baths. GENQUEST DEM Anionic Demineralization and sequestering agent. GENQUEST FSI 101 Anionic Spesific sequestering agent, reactive dyeing&hellip;","og_url":"https:\/\/genkim.com.tr\/en\/sequestering-agents\/","og_site_name":"GENK\u0130M","article_modified_time":"2022-06-25T16:05:50+00:00","twitter_card":"summary_large_image","twitter_misc":{"Est. reading time":"1 minute"},"schema":{"@context":"https:\/\/schema.org","@graph":[{"@type":"WebPage","@id":"https:\/\/genkim.com.tr\/en\/sequestering-agents\/","url":"https:\/\/genkim.com.tr\/en\/sequestering-agents\/","name":"Sequestering Agents - GENK\u0130M","isPartOf":{"@id":"https:\/\/genkim.com.tr\/#website"},"datePublished":"2020-05-19T14:33:52+00:00","dateModified":"2022-06-25T16:05:50+00:00","breadcrumb":{"@id":"https:\/\/genkim.com.tr\/en\/sequestering-agents\/#breadcrumb"},"inLanguage":"en-US","potentialAction":[{"@type":"ReadAction","target":["https:\/\/genkim.com.tr\/en\/sequestering-agents\/"]}]},{"@type":"BreadcrumbList","@id":"https:\/\/genkim.com.tr\/en\/sequestering-agents\/#breadcrumb","itemListElement":[{"@type":"ListItem","position":1,"name":"Anasayfa","item":"https:\/\/genkim.com.tr\/en\/"},{"@type":"ListItem","position":2,"name":"Sequestering Agents"}]},{"@type":"WebSite","@id":"https:\/\/genkim.com.tr\/#website","url":"https:\/\/genkim.com.tr\/","name":"GENK\u0130M","description":"Genel End\u00fcstriyel Kimyevi Maddeler\u0130 | Bursa","potentialAction":[{"@type":"SearchAction","target":{"@type":"EntryPoint","urlTemplate":"https:\/\/genkim.com.tr\/?s={search_term_string}"},"query-input":{"@type":"PropertyValueSpecification","valueRequired":true,"valueName":"search_term_string"}}],"inLanguage":"en-US"}]}},"_links":{"self":[{"href":"https:\/\/genkim.com.tr\/en\/wp-json\/wp\/v2\/pages\/716\/"}],"collection":[{"href":"https:\/\/genkim.com.tr\/en\/wp-json\/wp\/v2\/pages\/"}],"about":[{"href":"https:\/\/genkim.com.tr\/en\/wp-json\/wp\/v2\/types\/page\/"}],"author":[{"embeddable":true,"href":"https:\/\/genkim.com.tr\/en\/wp-json\/wp\/v2\/users\/1\/"}],"replies":[{"embeddable":true,"href":"https:\/\/genkim.com.tr\/en\/wp-json\/wp\/v2\/comments\/?post=716"}],"version-history":[{"count":3,"href":"https:\/\/genkim.com.tr\/en\/wp-json\/wp\/v2\/pages\/716\/revisions\/"}],"predecessor-version":[{"id":1082,"href":"https:\/\/genkim.com.tr\/en\/wp-json\/wp\/v2\/pages\/716\/revisions\/1082\/"}],"wp:attachment":[{"href":"https:\/\/genkim.com.tr\/en\/wp-json\/wp\/v2\/media\/?parent=716"}],"curies":[{"name":"wp","href":"https:\/\/api.w.org\/{rel}","templated":true}]}}