{"id":708,"date":"2020-05-19T17:04:47","date_gmt":"2020-05-19T14:04:47","guid":{"rendered":"https:\/\/genkim.com.tr\/kombine-kasarlar\/"},"modified":"2022-06-25T18:46:01","modified_gmt":"2022-06-25T15:46:01","slug":"combined-bleaching-agents","status":"publish","type":"page","link":"https:\/\/genkim.com.tr\/en\/combined-bleaching-agents\/","title":{"rendered":"Combined Bleaching Agents"},"content":{"rendered":"<div class=\"wpb-content-wrapper\"><p>[vc_row][vc_column][vc_column_text]<\/p>\n<table class=\"t1\" style=\"width: 100%; height: 326px;\" cellspacing=\"0\" cellpadding=\"0\">\n<tbody>\n<tr style=\"height: 32px;\">\n<th class=\"td1\" style=\"width: 25.1689%; height: 32px; text-align: center;\" valign=\"middle\">\n<p class=\"p1\">Product Name<\/p>\n<\/th>\n<th class=\"td1\" style=\"width: 11.9932%; height: 32px; text-align: center;\" valign=\"middle\">\n<p class=\"p1\">Ionic Character<\/p>\n<\/th>\n<th class=\"td1\" style=\"width: 62.5%; height: 32px; text-align: center;\" valign=\"middle\">\n<p class=\"p1\">Application Field<\/p>\n<\/th>\n<\/tr>\n<tr style=\"background-color: #f5f5f5;\">\n<td style=\"width: 25.1689%;\" width=\"185\">VISCOTEX COM<\/td>\n<td style=\"width: 11.9932%;\" width=\"155\"><\/td>\n<td style=\"width: 62.5%;\" width=\"920\">Special bleaching agent in powder form for viscose\/rayon and cotton.<\/td>\n<\/tr>\n<tr>\n<td style=\"width: 25.1689%;\">GENBLEACH 300 OZEL<\/td>\n<td style=\"width: 11.9932%;\">Anionic\/Nonionic<\/td>\n<td style=\"width: 62.5%;\">Non foaming, highly effective combined bleaching agent with remarkable oil removing and whiteness effect.<\/td>\n<\/tr>\n<tr style=\"background-color: #f5f5f5;\">\n<td style=\"width: 25.1689%;\">GENBLEACH 302 T<\/td>\n<td style=\"width: 11.9932%;\">Anionic\/Nonionic<\/td>\n<td style=\"width: 62.5%;\">Combined bleaching agent with high hydrophility and whiteness effect.<\/td>\n<\/tr>\n<tr>\n<td style=\"width: 25.1689%;\">GENBLEACH HB NEW 1<\/td>\n<td style=\"width: 11.9932%;\">Anionic\/Nonionic<\/td>\n<td style=\"width: 62.5%;\">Combined bleaching agent for continuous and pad-batch applications.<\/td>\n<\/tr>\n<tr style=\"background-color: #f5f5f5;\">\n<td style=\"width: 25.1689%;\">GENPRO ECOSIZE 01<\/td>\n<td style=\"width: 11.9932%;\"><\/td>\n<td style=\"width: 62.5%;\">Low foaming, high performance wetting agent.<\/td>\n<\/tr>\n<\/tbody>\n<\/table>\n<p>[\/vc_column_text][\/vc_column][\/vc_row]<\/p>\n<\/div>","protected":false},"excerpt":{"rendered":"<p>[vc_row][vc_column][vc_column_text] Product Name Ionic Character Application Field VISCOTEX COM Special bleaching agent in powder form for viscose\/rayon and cotton. GENBLEACH 300 OZEL Anionic\/Nonionic Non foaming, highly effective combined bleaching agent with remarkable oil removing and whiteness effect. GENBLEACH 302 T Anionic\/Nonionic Combined bleaching agent with high hydrophility and whiteness effect. GENBLEACH HB NEW 1 Anionic\/Nonionic&hellip;<\/p>\n","protected":false},"author":1,"featured_media":0,"parent":0,"menu_order":0,"comment_status":"closed","ping_status":"closed","template":"","meta":{"footnotes":""},"class_list":["post-708","page","type-page","status-publish","hentry","description-off"],"yoast_head":"<!-- This site is optimized with the Yoast SEO plugin v24.0 - https:\/\/yoast.com\/wordpress\/plugins\/seo\/ -->\n<title>Combined Bleaching Agents - GENK\u0130M<\/title>\n<meta name=\"robots\" content=\"index, follow, max-snippet:-1, max-image-preview:large, max-video-preview:-1\" \/>\n<link rel=\"canonical\" href=\"https:\/\/genkim.com.tr\/en\/combined-bleaching-agents\/\" \/>\n<meta property=\"og:locale\" content=\"en_US\" \/>\n<meta property=\"og:type\" content=\"article\" \/>\n<meta property=\"og:title\" content=\"Combined Bleaching Agents - GENK\u0130M\" \/>\n<meta property=\"og:description\" content=\"[vc_row][vc_column][vc_column_text] Product Name Ionic Character Application Field VISCOTEX COM Special bleaching agent in powder form for viscose\/rayon and cotton. GENBLEACH 300 OZEL Anionic\/Nonionic Non foaming, highly effective combined bleaching agent with remarkable oil removing and whiteness effect. GENBLEACH 302 T Anionic\/Nonionic Combined bleaching agent with high hydrophility and whiteness effect. GENBLEACH HB NEW 1 Anionic\/Nonionic&hellip;\" \/>\n<meta property=\"og:url\" content=\"https:\/\/genkim.com.tr\/en\/combined-bleaching-agents\/\" \/>\n<meta property=\"og:site_name\" content=\"GENK\u0130M\" \/>\n<meta property=\"article:modified_time\" content=\"2022-06-25T15:46:01+00:00\" \/>\n<meta name=\"twitter:card\" content=\"summary_large_image\" \/>\n<meta name=\"twitter:label1\" content=\"Est. reading time\" \/>\n\t<meta name=\"twitter:data1\" content=\"1 minute\" \/>\n<script type=\"application\/ld+json\" class=\"yoast-schema-graph\">{\"@context\":\"https:\/\/schema.org\",\"@graph\":[{\"@type\":\"WebPage\",\"@id\":\"https:\/\/genkim.com.tr\/en\/combined-bleaching-agents\/\",\"url\":\"https:\/\/genkim.com.tr\/en\/combined-bleaching-agents\/\",\"name\":\"Combined Bleaching Agents - GENK\u0130M\",\"isPartOf\":{\"@id\":\"https:\/\/genkim.com.tr\/#website\"},\"datePublished\":\"2020-05-19T14:04:47+00:00\",\"dateModified\":\"2022-06-25T15:46:01+00:00\",\"breadcrumb\":{\"@id\":\"https:\/\/genkim.com.tr\/en\/combined-bleaching-agents\/#breadcrumb\"},\"inLanguage\":\"en-US\",\"potentialAction\":[{\"@type\":\"ReadAction\",\"target\":[\"https:\/\/genkim.com.tr\/en\/combined-bleaching-agents\/\"]}]},{\"@type\":\"BreadcrumbList\",\"@id\":\"https:\/\/genkim.com.tr\/en\/combined-bleaching-agents\/#breadcrumb\",\"itemListElement\":[{\"@type\":\"ListItem\",\"position\":1,\"name\":\"Anasayfa\",\"item\":\"https:\/\/genkim.com.tr\/en\/\"},{\"@type\":\"ListItem\",\"position\":2,\"name\":\"Combined Bleaching Agents\"}]},{\"@type\":\"WebSite\",\"@id\":\"https:\/\/genkim.com.tr\/#website\",\"url\":\"https:\/\/genkim.com.tr\/\",\"name\":\"GENK\u0130M\",\"description\":\"Genel End\u00fcstriyel Kimyevi Maddeler\u0130 | Bursa\",\"potentialAction\":[{\"@type\":\"SearchAction\",\"target\":{\"@type\":\"EntryPoint\",\"urlTemplate\":\"https:\/\/genkim.com.tr\/?s={search_term_string}\"},\"query-input\":{\"@type\":\"PropertyValueSpecification\",\"valueRequired\":true,\"valueName\":\"search_term_string\"}}],\"inLanguage\":\"en-US\"}]}<\/script>\n<!-- \/ Yoast SEO plugin. -->","yoast_head_json":{"title":"Combined Bleaching Agents - GENK\u0130M","robots":{"index":"index","follow":"follow","max-snippet":"max-snippet:-1","max-image-preview":"max-image-preview:large","max-video-preview":"max-video-preview:-1"},"canonical":"https:\/\/genkim.com.tr\/en\/combined-bleaching-agents\/","og_locale":"en_US","og_type":"article","og_title":"Combined Bleaching Agents - GENK\u0130M","og_description":"[vc_row][vc_column][vc_column_text] Product Name Ionic Character Application Field VISCOTEX COM Special bleaching agent in powder form for viscose\/rayon and cotton. GENBLEACH 300 OZEL Anionic\/Nonionic Non foaming, highly effective combined bleaching agent with remarkable oil removing and whiteness effect. GENBLEACH 302 T Anionic\/Nonionic Combined bleaching agent with high hydrophility and whiteness effect. GENBLEACH HB NEW 1 Anionic\/Nonionic&hellip;","og_url":"https:\/\/genkim.com.tr\/en\/combined-bleaching-agents\/","og_site_name":"GENK\u0130M","article_modified_time":"2022-06-25T15:46:01+00:00","twitter_card":"summary_large_image","twitter_misc":{"Est. reading time":"1 minute"},"schema":{"@context":"https:\/\/schema.org","@graph":[{"@type":"WebPage","@id":"https:\/\/genkim.com.tr\/en\/combined-bleaching-agents\/","url":"https:\/\/genkim.com.tr\/en\/combined-bleaching-agents\/","name":"Combined Bleaching Agents - GENK\u0130M","isPartOf":{"@id":"https:\/\/genkim.com.tr\/#website"},"datePublished":"2020-05-19T14:04:47+00:00","dateModified":"2022-06-25T15:46:01+00:00","breadcrumb":{"@id":"https:\/\/genkim.com.tr\/en\/combined-bleaching-agents\/#breadcrumb"},"inLanguage":"en-US","potentialAction":[{"@type":"ReadAction","target":["https:\/\/genkim.com.tr\/en\/combined-bleaching-agents\/"]}]},{"@type":"BreadcrumbList","@id":"https:\/\/genkim.com.tr\/en\/combined-bleaching-agents\/#breadcrumb","itemListElement":[{"@type":"ListItem","position":1,"name":"Anasayfa","item":"https:\/\/genkim.com.tr\/en\/"},{"@type":"ListItem","position":2,"name":"Combined Bleaching Agents"}]},{"@type":"WebSite","@id":"https:\/\/genkim.com.tr\/#website","url":"https:\/\/genkim.com.tr\/","name":"GENK\u0130M","description":"Genel End\u00fcstriyel Kimyevi Maddeler\u0130 | Bursa","potentialAction":[{"@type":"SearchAction","target":{"@type":"EntryPoint","urlTemplate":"https:\/\/genkim.com.tr\/?s={search_term_string}"},"query-input":{"@type":"PropertyValueSpecification","valueRequired":true,"valueName":"search_term_string"}}],"inLanguage":"en-US"}]}},"_links":{"self":[{"href":"https:\/\/genkim.com.tr\/en\/wp-json\/wp\/v2\/pages\/708\/"}],"collection":[{"href":"https:\/\/genkim.com.tr\/en\/wp-json\/wp\/v2\/pages\/"}],"about":[{"href":"https:\/\/genkim.com.tr\/en\/wp-json\/wp\/v2\/types\/page\/"}],"author":[{"embeddable":true,"href":"https:\/\/genkim.com.tr\/en\/wp-json\/wp\/v2\/users\/1\/"}],"replies":[{"embeddable":true,"href":"https:\/\/genkim.com.tr\/en\/wp-json\/wp\/v2\/comments\/?post=708"}],"version-history":[{"count":3,"href":"https:\/\/genkim.com.tr\/en\/wp-json\/wp\/v2\/pages\/708\/revisions\/"}],"predecessor-version":[{"id":1074,"href":"https:\/\/genkim.com.tr\/en\/wp-json\/wp\/v2\/pages\/708\/revisions\/1074\/"}],"wp:attachment":[{"href":"https:\/\/genkim.com.tr\/en\/wp-json\/wp\/v2\/media\/?parent=708"}],"curies":[{"name":"wp","href":"https:\/\/api.w.org\/{rel}","templated":true}]}}