{"id":705,"date":"2020-03-06T22:07:33","date_gmt":"2020-03-06T19:07:33","guid":{"rendered":"https:\/\/genkim.com.tr\/islaticilar\/"},"modified":"2021-06-13T19:55:23","modified_gmt":"2021-06-13T16:55:23","slug":"wetting-agents","status":"publish","type":"page","link":"https:\/\/genkim.com.tr\/en\/wetting-agents\/","title":{"rendered":"Wetting Agents"},"content":{"rendered":"<div class=\"wpb-content-wrapper\"><p>[vc_row][vc_column][vc_column_text]<\/p>\n<table class=\"t1\" style=\"width: 100%; height: 450px;\" cellspacing=\"0\" cellpadding=\"0\">\n<tbody>\n<tr style=\"height: 32px;\">\n<th class=\"td1\" style=\"width: 25.1689%; height: 32px; text-align: center;\" valign=\"middle\">\n<p class=\"p1\">Product Name<\/p>\n<\/th>\n<th class=\"td1\" style=\"width: 11.9932%; height: 32px; text-align: center;\" valign=\"middle\">\n<p class=\"p1\">Ionic Character<\/p>\n<\/th>\n<th class=\"td1\" style=\"width: 62.5%; height: 32px; text-align: center;\" valign=\"middle\">\n<p class=\"p1\">Application Field<\/p>\n<\/th>\n<\/tr>\n<tr style=\"background-color: #f5f5f5;\">\n<td class=\"td1\" style=\"width: 25.1689%;\" valign=\"middle\">\n<p class=\"p1\">HIDROWET SNT<\/p>\n<\/td>\n<td class=\"td1\" style=\"width: 11.9932%;\" valign=\"middle\">\n<p class=\"p1\">Anionic<\/p>\n<\/td>\n<td class=\"td1\" style=\"width: 62.5%;\" valign=\"middle\">\n<p class=\"p1\">Highly effective, rapid wetting agent developed for pre-treatment and dyeing.<\/p>\n<\/td>\n<\/tr>\n<tr>\n<td class=\"td1\" style=\"width: 25.1689%;\" valign=\"middle\">\n<p class=\"p1\">PRIMEWET VIP<\/p>\n<\/td>\n<td class=\"td1\" style=\"width: 11.9932%;\" valign=\"middle\">\n<p class=\"p1\">Anionic<\/p>\n<\/td>\n<td class=\"td1\" style=\"width: 62.5%;\" valign=\"middle\">\n<p class=\"p1\">Deaerating wetting agent for reactive, sulphur, indigo, pad-batch and continuous dyeing.<\/p>\n<\/td>\n<\/tr>\n<tr style=\"background-color: #f5f5f5;\">\n<td class=\"td1\" style=\"width: 25.1689%;\" valign=\"middle\">\n<p class=\"p1\">GENKIMOL WA 2 C<\/p>\n<\/td>\n<td class=\"td1\" style=\"width: 11.9932%;\" valign=\"middle\">\n<p class=\"p1\">Anionic\/Nonionic<\/p>\n<\/td>\n<td class=\"td1\" style=\"width: 62.5%;\" valign=\"middle\">\n<p class=\"p1\">Wetting and dispersing\/levelling agent for scouring, bleaching and dyeing.<\/p>\n<\/td>\n<\/tr>\n<tr>\n<td class=\"td1\" style=\"width: 25.1689%;\" valign=\"middle\">\n<p class=\"p1\">AIR-OFF 101<\/p>\n<\/td>\n<td class=\"td1\" style=\"width: 11.9932%;\" valign=\"middle\">\n<p class=\"p1\">Nonionic<\/p>\n<\/td>\n<td class=\"td1\" style=\"width: 62.5%;\" valign=\"middle\">\n<p class=\"p1\">Deaerating, scouring and wetting agent for textile processes.<\/p>\n<\/td>\n<\/tr>\n<tr style=\"background-color: #f5f5f5;\">\n<td class=\"td1\" style=\"width: 25.1689%;\" valign=\"middle\">\n<p class=\"p1\">HIDROWET FF 5<\/p>\n<\/td>\n<td class=\"td1\" style=\"width: 11.9932%;\" valign=\"middle\">\n<p class=\"p1\">Nonionic<\/p>\n<\/td>\n<td class=\"td1\" style=\"width: 62.5%;\" valign=\"middle\">\n<p class=\"p1\">Nonfoaming, concentrated, deaerating, scouring and wetting agent developed for textile pre-treatment.<\/p>\n<\/td>\n<\/tr>\n<tr>\n<td class=\"td1\" style=\"width: 25.1689%;\" valign=\"middle\">\n<p class=\"p1\">HIDROWET RN 7<\/p>\n<\/td>\n<td class=\"td1\" style=\"width: 11.9932%;\" valign=\"middle\">\n<p class=\"p1\">Nonionic<\/p>\n<\/td>\n<td class=\"td1\" style=\"width: 62.5%;\" valign=\"middle\">\n<p class=\"p1\">Alkaline resistant concentrated wetting agent.<\/p>\n<\/td>\n<\/tr>\n<tr style=\"background-color: #f5f5f5;\">\n<td class=\"td1\" style=\"width: 25.1689%;\" valign=\"middle\">\n<p class=\"p1\">HIDROWET HWA<\/p>\n<\/td>\n<td class=\"td1\" style=\"width: 11.9932%;\" valign=\"middle\">\n<p class=\"p1\">Nonionic<\/p>\n<\/td>\n<td class=\"td1\" style=\"width: 62.5%;\" valign=\"middle\">\n<p class=\"p1\">Alkaline resistant, nonfoaming wetting agent providing high hydrophility. Suitable for automatic dosing systems.<\/p>\n<\/td>\n<\/tr>\n<tr>\n<td class=\"td1\" style=\"width: 25.1689%;\" valign=\"middle\">\n<p class=\"p1\">HIDROWET WIN B<\/p>\n<\/td>\n<td class=\"td1\" style=\"width: 11.9932%;\" valign=\"middle\">\n<p class=\"p1\">Anionic\/Nonionic<\/p>\n<\/td>\n<td class=\"td1\" style=\"width: 62.5%;\" valign=\"middle\">\n<p class=\"p1\">Nonfoaming, concentrated, deaerating, scouring and wetting agent developed for textile pre-treatment and dyeing.<\/p>\n<\/td>\n<\/tr>\n<tr style=\"background-color: #f5f5f5;\">\n<td class=\"td1\" style=\"width: 25.1689%;\" valign=\"middle\">\n<p class=\"p1\">HIDROWET NW<\/p>\n<\/td>\n<td class=\"td1\" style=\"width: 11.9932%;\" valign=\"middle\">\n<p class=\"p1\">Nonionic<\/p>\n<\/td>\n<td class=\"td1\" style=\"width: 62.5%;\" valign=\"middle\">\n<p class=\"p1\">Wetting agent for pre-treatment.<\/p>\n<\/td>\n<\/tr>\n<tr>\n<td class=\"td1\" style=\"width: 25.1689%;\" valign=\"middle\">\n<p class=\"p1\">MERS-BENZ 6.0<\/p>\n<\/td>\n<td class=\"td1\" style=\"width: 11.9932%;\" valign=\"middle\">\n<p class=\"p1\">Anionic<\/p>\n<\/td>\n<td class=\"td1\" style=\"width: 62.5%;\" valign=\"middle\">\n<p class=\"p1\">Scouring and mercerizing wetting agent.<\/p>\n<\/td>\n<\/tr>\n<\/tbody>\n<\/table>\n<p>[\/vc_column_text][\/vc_column][\/vc_row]<\/p>\n<\/div>","protected":false},"excerpt":{"rendered":"<p>[vc_row][vc_column][vc_column_text] Product Name Ionic Character Application Field HIDROWET SNT Anionic Highly effective, rapid wetting agent developed for pre-treatment and dyeing. PRIMEWET VIP Anionic Deaerating wetting agent for reactive, sulphur, indigo, pad-batch and continuous dyeing. GENKIMOL WA 2 C Anionic\/Nonionic Wetting and dispersing\/levelling agent for scouring, bleaching and dyeing. AIR-OFF 101 Nonionic Deaerating, scouring and wetting&hellip;<\/p>\n","protected":false},"author":1,"featured_media":0,"parent":0,"menu_order":0,"comment_status":"closed","ping_status":"closed","template":"","meta":{"footnotes":""},"class_list":["post-705","page","type-page","status-publish","hentry","description-off"],"yoast_head":"<!-- This site is optimized with the Yoast SEO plugin v24.0 - https:\/\/yoast.com\/wordpress\/plugins\/seo\/ -->\n<title>Wetting Agents - GENK\u0130M<\/title>\n<meta name=\"robots\" content=\"index, follow, max-snippet:-1, max-image-preview:large, max-video-preview:-1\" \/>\n<link rel=\"canonical\" href=\"https:\/\/genkim.com.tr\/en\/wetting-agents\/\" \/>\n<meta property=\"og:locale\" content=\"en_US\" \/>\n<meta property=\"og:type\" content=\"article\" \/>\n<meta property=\"og:title\" content=\"Wetting Agents - GENK\u0130M\" \/>\n<meta property=\"og:description\" content=\"[vc_row][vc_column][vc_column_text] Product Name Ionic Character Application Field HIDROWET SNT Anionic Highly effective, rapid wetting agent developed for pre-treatment and dyeing. PRIMEWET VIP Anionic Deaerating wetting agent for reactive, sulphur, indigo, pad-batch and continuous dyeing. GENKIMOL WA 2 C Anionic\/Nonionic Wetting and dispersing\/levelling agent for scouring, bleaching and dyeing. AIR-OFF 101 Nonionic Deaerating, scouring and wetting&hellip;\" \/>\n<meta property=\"og:url\" content=\"https:\/\/genkim.com.tr\/en\/wetting-agents\/\" \/>\n<meta property=\"og:site_name\" content=\"GENK\u0130M\" \/>\n<meta property=\"article:modified_time\" content=\"2021-06-13T16:55:23+00:00\" \/>\n<meta name=\"twitter:card\" content=\"summary_large_image\" \/>\n<meta name=\"twitter:label1\" content=\"Est. reading time\" \/>\n\t<meta name=\"twitter:data1\" content=\"1 minute\" \/>\n<script type=\"application\/ld+json\" class=\"yoast-schema-graph\">{\"@context\":\"https:\/\/schema.org\",\"@graph\":[{\"@type\":\"WebPage\",\"@id\":\"https:\/\/genkim.com.tr\/en\/wetting-agents\/\",\"url\":\"https:\/\/genkim.com.tr\/en\/wetting-agents\/\",\"name\":\"Wetting Agents - GENK\u0130M\",\"isPartOf\":{\"@id\":\"https:\/\/genkim.com.tr\/#website\"},\"datePublished\":\"2020-03-06T19:07:33+00:00\",\"dateModified\":\"2021-06-13T16:55:23+00:00\",\"breadcrumb\":{\"@id\":\"https:\/\/genkim.com.tr\/en\/wetting-agents\/#breadcrumb\"},\"inLanguage\":\"en-US\",\"potentialAction\":[{\"@type\":\"ReadAction\",\"target\":[\"https:\/\/genkim.com.tr\/en\/wetting-agents\/\"]}]},{\"@type\":\"BreadcrumbList\",\"@id\":\"https:\/\/genkim.com.tr\/en\/wetting-agents\/#breadcrumb\",\"itemListElement\":[{\"@type\":\"ListItem\",\"position\":1,\"name\":\"Anasayfa\",\"item\":\"https:\/\/genkim.com.tr\/en\/\"},{\"@type\":\"ListItem\",\"position\":2,\"name\":\"Wetting Agents\"}]},{\"@type\":\"WebSite\",\"@id\":\"https:\/\/genkim.com.tr\/#website\",\"url\":\"https:\/\/genkim.com.tr\/\",\"name\":\"GENK\u0130M\",\"description\":\"Genel End\u00fcstriyel Kimyevi Maddeler\u0130 | Bursa\",\"potentialAction\":[{\"@type\":\"SearchAction\",\"target\":{\"@type\":\"EntryPoint\",\"urlTemplate\":\"https:\/\/genkim.com.tr\/?s={search_term_string}\"},\"query-input\":{\"@type\":\"PropertyValueSpecification\",\"valueRequired\":true,\"valueName\":\"search_term_string\"}}],\"inLanguage\":\"en-US\"}]}<\/script>\n<!-- \/ Yoast SEO plugin. -->","yoast_head_json":{"title":"Wetting Agents - GENK\u0130M","robots":{"index":"index","follow":"follow","max-snippet":"max-snippet:-1","max-image-preview":"max-image-preview:large","max-video-preview":"max-video-preview:-1"},"canonical":"https:\/\/genkim.com.tr\/en\/wetting-agents\/","og_locale":"en_US","og_type":"article","og_title":"Wetting Agents - GENK\u0130M","og_description":"[vc_row][vc_column][vc_column_text] Product Name Ionic Character Application Field HIDROWET SNT Anionic Highly effective, rapid wetting agent developed for pre-treatment and dyeing. PRIMEWET VIP Anionic Deaerating wetting agent for reactive, sulphur, indigo, pad-batch and continuous dyeing. GENKIMOL WA 2 C Anionic\/Nonionic Wetting and dispersing\/levelling agent for scouring, bleaching and dyeing. AIR-OFF 101 Nonionic Deaerating, scouring and wetting&hellip;","og_url":"https:\/\/genkim.com.tr\/en\/wetting-agents\/","og_site_name":"GENK\u0130M","article_modified_time":"2021-06-13T16:55:23+00:00","twitter_card":"summary_large_image","twitter_misc":{"Est. reading time":"1 minute"},"schema":{"@context":"https:\/\/schema.org","@graph":[{"@type":"WebPage","@id":"https:\/\/genkim.com.tr\/en\/wetting-agents\/","url":"https:\/\/genkim.com.tr\/en\/wetting-agents\/","name":"Wetting Agents - GENK\u0130M","isPartOf":{"@id":"https:\/\/genkim.com.tr\/#website"},"datePublished":"2020-03-06T19:07:33+00:00","dateModified":"2021-06-13T16:55:23+00:00","breadcrumb":{"@id":"https:\/\/genkim.com.tr\/en\/wetting-agents\/#breadcrumb"},"inLanguage":"en-US","potentialAction":[{"@type":"ReadAction","target":["https:\/\/genkim.com.tr\/en\/wetting-agents\/"]}]},{"@type":"BreadcrumbList","@id":"https:\/\/genkim.com.tr\/en\/wetting-agents\/#breadcrumb","itemListElement":[{"@type":"ListItem","position":1,"name":"Anasayfa","item":"https:\/\/genkim.com.tr\/en\/"},{"@type":"ListItem","position":2,"name":"Wetting Agents"}]},{"@type":"WebSite","@id":"https:\/\/genkim.com.tr\/#website","url":"https:\/\/genkim.com.tr\/","name":"GENK\u0130M","description":"Genel End\u00fcstriyel Kimyevi Maddeler\u0130 | Bursa","potentialAction":[{"@type":"SearchAction","target":{"@type":"EntryPoint","urlTemplate":"https:\/\/genkim.com.tr\/?s={search_term_string}"},"query-input":{"@type":"PropertyValueSpecification","valueRequired":true,"valueName":"search_term_string"}}],"inLanguage":"en-US"}]}},"_links":{"self":[{"href":"https:\/\/genkim.com.tr\/en\/wp-json\/wp\/v2\/pages\/705\/"}],"collection":[{"href":"https:\/\/genkim.com.tr\/en\/wp-json\/wp\/v2\/pages\/"}],"about":[{"href":"https:\/\/genkim.com.tr\/en\/wp-json\/wp\/v2\/types\/page\/"}],"author":[{"embeddable":true,"href":"https:\/\/genkim.com.tr\/en\/wp-json\/wp\/v2\/users\/1\/"}],"replies":[{"embeddable":true,"href":"https:\/\/genkim.com.tr\/en\/wp-json\/wp\/v2\/comments\/?post=705"}],"version-history":[{"count":2,"href":"https:\/\/genkim.com.tr\/en\/wp-json\/wp\/v2\/pages\/705\/revisions\/"}],"predecessor-version":[{"id":707,"href":"https:\/\/genkim.com.tr\/en\/wp-json\/wp\/v2\/pages\/705\/revisions\/707\/"}],"wp:attachment":[{"href":"https:\/\/genkim.com.tr\/en\/wp-json\/wp\/v2\/media\/?parent=705"}],"curies":[{"name":"wp","href":"https:\/\/api.w.org\/{rel}","templated":true}]}}