{"id":700,"date":"2020-03-04T07:33:00","date_gmt":"2020-03-04T07:33:00","guid":{"rendered":"https:\/\/genkim.com.tr\/laboratuvar\/"},"modified":"2021-06-16T21:38:16","modified_gmt":"2021-06-16T18:38:16","slug":"laboratory","status":"publish","type":"page","link":"https:\/\/genkim.com.tr\/en\/laboratory\/","title":{"rendered":"LABORATORY"},"content":{"rendered":"<div class=\"wpb-content-wrapper\"><p>[vc_row][vc_column][vc_tta_accordion style=&#8221;flat&#8221; shape=&#8221;square&#8221; gap=&#8221;2&#8243; active_section=&#8221;1&#8243; no_fill=&#8221;true&#8221;][vc_tta_section title=&#8221;Pre-treatment&#8221; tab_id=&#8221;1583306928439-fb7ec203-b5c8&#8243;][vc_column_text]<\/p>\n<ul>\n<li>Exhaust<\/li>\n<li>Pad-batch<\/li>\n<li>Pad-steam<\/li>\n<li>Continuous<\/li>\n<\/ul>\n<p><strong><em>All tests are carried out in accordance with international standards.<\/em><\/strong>[\/vc_column_text][\/vc_tta_section][vc_tta_section title=&#8221;Dyeing Applications&#8221; tab_id=&#8221;1583306928457-06537c1e-4d7f&#8221;][vc_column_text]<\/p>\n<ul>\n<li>Exhaust<\/li>\n<li>Pad-batch<\/li>\n<li>Thermosol<\/li>\n<li>Pad-dry<\/li>\n<li>Pad-steam<\/li>\n<li>Bobbin<\/li>\n<\/ul>\n<p><strong><em>All tests are carried out in accordance with international standards.<\/em><\/strong>[\/vc_column_text][\/vc_tta_section][vc_tta_section title=&#8221;Chemical and Physical Analysis&#8221; tab_id=&#8221;1583307221521-1b4b9715-f071&#8243;][vc_row_inner][vc_column_inner width=&#8221;1\/2&#8243;][vc_column_text]<\/p>\n<ul>\n<li><strong>Chemical Tests<\/strong>\n<ul>\n<li>Fiber Analysis<\/li>\n<li>Fastness Tests\n<ul>\n<li>Washing Fastness<\/li>\n<li>Water Fastness<\/li>\n<li>Perspiration Fastness<\/li>\n<li>Dry Cleaning Fastness<\/li>\n<li>Rubbing Fastness<\/li>\n<li>Light Fastness<\/li>\n<li>Ironing Fastness<\/li>\n<\/ul>\n<\/li>\n<li>Sizing Assessment<\/li>\n<li>pH and Hardness Test<\/li>\n<li>Determination of Iron, Sulphur and Nickel<\/li>\n<li>Determination of Formaldehyde<\/li>\n<li>Phenolic Yellowing Test<\/li>\n<li>Antistatic Measurement<\/li>\n<li>Spray Test<\/li>\n<li>Water, Dirt and Oil Repellent Test<\/li>\n<\/ul>\n<\/li>\n<\/ul>\n<p>[\/vc_column_text][\/vc_column_inner][vc_column_inner width=&#8221;1\/2&#8243;][vc_column_text]<\/p>\n<ul>\n<li><strong>Physical Tests<\/strong>\n<ul>\n<li>Anti-pilling Test (Martindale)<\/li>\n<li>Resistance, Tensile Break Test<\/li>\n<li>Non-crease Test<\/li>\n<li>Dimensional Change Test<\/li>\n<li>Spectral Color, Whiteness<\/li>\n<\/ul>\n<\/li>\n<\/ul>\n<p><strong><em>All tests are carried out in accordance with international standards.<\/em><\/strong>[\/vc_column_text][\/vc_column_inner][\/vc_row_inner][\/vc_tta_section][vc_tta_section title=&#8221;Analytical Tests and Instrumental Analyzes&#8221; tab_id=&#8221;1583307425046-9a3e38a0-f0d8&#8243;][vc_row_inner][vc_column_inner width=&#8221;1\/2&#8243;][vc_column_text]<\/p>\n<ul>\n<li>Determination of Acid %<\/li>\n<li>Determination of Alkali %<\/li>\n<li>Determination of (Acid-Alkali) Buffering<\/li>\n<li>Enzyme Regulation (Catalase, \u03b1-Amylase, Biopolish)<\/li>\n<li>Determination of Ionic Structure<\/li>\n<li>Performance Tests of Oil Removers<\/li>\n<li>Performance Tests of Defoamers<\/li>\n<li>Electrolyte and Compatibility Tests of Fracture Inhibitors<\/li>\n<li>Foaming Test<\/li>\n<li>Determination of Ion Binding Capasity (Fe<sup>+3<\/sup>, Ca<sup>+2<\/sup>, Cu<sup>+2<\/sup>)<\/li>\n<li>Determination of Peroxide %<\/li>\n<li>Levelling \u2013 Migration<\/li>\n<li>Dispersion Test<\/li>\n<li>Carbon \u2013 Filter Test<\/li>\n<\/ul>\n<p>[\/vc_column_text][\/vc_column_inner][vc_column_inner width=&#8221;1\/2&#8243;][vc_column_text]<\/p>\n<ul>\n<li>Soap Performance Test<\/li>\n<li>Fixator Test<\/li>\n<li>Finishing Application<\/li>\n<li>Determination of pH<\/li>\n<li>Reduction Analysis<\/li>\n<li>Acid Donor Test<\/li>\n<li>Adhesion Forces Test<\/li>\n<li>Determination of Corrosion<\/li>\n<li>Tg Measurements<\/li>\n<li>Detemination of Free Monomer<\/li>\n<li>Ash Content<\/li>\n<li>Dynamic\/Kinematic Viscosity Measurements<\/li>\n<li>Determination of Flash Point<\/li>\n<li>Determination of Pour \u2013 Cloud Point<\/li>\n<li>Determination of Aniline Point<\/li>\n<li><\/li>\n<\/ul>\n<p>[\/vc_column_text][\/vc_column_inner][\/vc_row_inner][\/vc_tta_section][\/vc_tta_accordion][\/vc_column][\/vc_row]<\/p>\n<\/div>","protected":false},"excerpt":{"rendered":"<p>[vc_row][vc_column][vc_tta_accordion style=&#8221;flat&#8221; shape=&#8221;square&#8221; gap=&#8221;2&#8243; active_section=&#8221;1&#8243; no_fill=&#8221;true&#8221;][vc_tta_section title=&#8221;Pre-treatment&#8221; tab_id=&#8221;1583306928439-fb7ec203-b5c8&#8243;][vc_column_text] Exhaust Pad-batch Pad-steam Continuous All tests are carried out in accordance with international standards.[\/vc_column_text][\/vc_tta_section][vc_tta_section title=&#8221;Dyeing Applications&#8221; tab_id=&#8221;1583306928457-06537c1e-4d7f&#8221;][vc_column_text] Exhaust Pad-batch Thermosol Pad-dry Pad-steam Bobbin All tests are carried out in accordance with international standards.[\/vc_column_text][\/vc_tta_section][vc_tta_section title=&#8221;Chemical and Physical Analysis&#8221; tab_id=&#8221;1583307221521-1b4b9715-f071&#8243;][vc_row_inner][vc_column_inner width=&#8221;1\/2&#8243;][vc_column_text] Chemical Tests Fiber Analysis Fastness Tests Washing Fastness&hellip;<\/p>\n","protected":false},"author":1,"featured_media":0,"parent":0,"menu_order":0,"comment_status":"closed","ping_status":"closed","template":"","meta":{"footnotes":""},"class_list":["post-700","page","type-page","status-publish","hentry","description-off"],"yoast_head":"<!-- This site is optimized with the Yoast SEO plugin v24.0 - https:\/\/yoast.com\/wordpress\/plugins\/seo\/ -->\n<title>LABORATORY - GENK\u0130M<\/title>\n<meta name=\"robots\" content=\"index, follow, max-snippet:-1, max-image-preview:large, max-video-preview:-1\" \/>\n<link rel=\"canonical\" href=\"https:\/\/genkim.com.tr\/en\/laboratory\/\" \/>\n<meta property=\"og:locale\" content=\"en_US\" \/>\n<meta property=\"og:type\" content=\"article\" \/>\n<meta property=\"og:title\" content=\"LABORATORY - GENK\u0130M\" \/>\n<meta property=\"og:description\" content=\"[vc_row][vc_column][vc_tta_accordion style=&#8221;flat&#8221; shape=&#8221;square&#8221; gap=&#8221;2&#8243; active_section=&#8221;1&#8243; no_fill=&#8221;true&#8221;][vc_tta_section title=&#8221;Pre-treatment&#8221; tab_id=&#8221;1583306928439-fb7ec203-b5c8&#8243;][vc_column_text] Exhaust Pad-batch Pad-steam Continuous All tests are carried out in accordance with international standards.[\/vc_column_text][\/vc_tta_section][vc_tta_section title=&#8221;Dyeing Applications&#8221; tab_id=&#8221;1583306928457-06537c1e-4d7f&#8221;][vc_column_text] Exhaust Pad-batch Thermosol Pad-dry Pad-steam Bobbin All tests are carried out in accordance with international standards.[\/vc_column_text][\/vc_tta_section][vc_tta_section title=&#8221;Chemical and Physical Analysis&#8221; tab_id=&#8221;1583307221521-1b4b9715-f071&#8243;][vc_row_inner][vc_column_inner width=&#8221;1\/2&#8243;][vc_column_text] Chemical Tests Fiber Analysis Fastness Tests Washing Fastness&hellip;\" \/>\n<meta property=\"og:url\" content=\"https:\/\/genkim.com.tr\/en\/laboratory\/\" \/>\n<meta property=\"og:site_name\" content=\"GENK\u0130M\" \/>\n<meta property=\"article:modified_time\" content=\"2021-06-16T18:38:16+00:00\" \/>\n<meta name=\"twitter:card\" content=\"summary_large_image\" \/>\n<meta name=\"twitter:label1\" content=\"Est. reading time\" \/>\n\t<meta name=\"twitter:data1\" content=\"2 minutes\" \/>\n<script type=\"application\/ld+json\" class=\"yoast-schema-graph\">{\"@context\":\"https:\/\/schema.org\",\"@graph\":[{\"@type\":\"WebPage\",\"@id\":\"https:\/\/genkim.com.tr\/en\/laboratory\/\",\"url\":\"https:\/\/genkim.com.tr\/en\/laboratory\/\",\"name\":\"LABORATORY - GENK\u0130M\",\"isPartOf\":{\"@id\":\"https:\/\/genkim.com.tr\/#website\"},\"datePublished\":\"2020-03-04T07:33:00+00:00\",\"dateModified\":\"2021-06-16T18:38:16+00:00\",\"breadcrumb\":{\"@id\":\"https:\/\/genkim.com.tr\/en\/laboratory\/#breadcrumb\"},\"inLanguage\":\"en-US\",\"potentialAction\":[{\"@type\":\"ReadAction\",\"target\":[\"https:\/\/genkim.com.tr\/en\/laboratory\/\"]}]},{\"@type\":\"BreadcrumbList\",\"@id\":\"https:\/\/genkim.com.tr\/en\/laboratory\/#breadcrumb\",\"itemListElement\":[{\"@type\":\"ListItem\",\"position\":1,\"name\":\"Anasayfa\",\"item\":\"https:\/\/genkim.com.tr\/en\/\"},{\"@type\":\"ListItem\",\"position\":2,\"name\":\"LABORATORY\"}]},{\"@type\":\"WebSite\",\"@id\":\"https:\/\/genkim.com.tr\/#website\",\"url\":\"https:\/\/genkim.com.tr\/\",\"name\":\"GENK\u0130M\",\"description\":\"Genel End\u00fcstriyel Kimyevi Maddeler\u0130 | Bursa\",\"potentialAction\":[{\"@type\":\"SearchAction\",\"target\":{\"@type\":\"EntryPoint\",\"urlTemplate\":\"https:\/\/genkim.com.tr\/?s={search_term_string}\"},\"query-input\":{\"@type\":\"PropertyValueSpecification\",\"valueRequired\":true,\"valueName\":\"search_term_string\"}}],\"inLanguage\":\"en-US\"}]}<\/script>\n<!-- \/ Yoast SEO plugin. -->","yoast_head_json":{"title":"LABORATORY - GENK\u0130M","robots":{"index":"index","follow":"follow","max-snippet":"max-snippet:-1","max-image-preview":"max-image-preview:large","max-video-preview":"max-video-preview:-1"},"canonical":"https:\/\/genkim.com.tr\/en\/laboratory\/","og_locale":"en_US","og_type":"article","og_title":"LABORATORY - GENK\u0130M","og_description":"[vc_row][vc_column][vc_tta_accordion style=&#8221;flat&#8221; shape=&#8221;square&#8221; gap=&#8221;2&#8243; active_section=&#8221;1&#8243; no_fill=&#8221;true&#8221;][vc_tta_section title=&#8221;Pre-treatment&#8221; tab_id=&#8221;1583306928439-fb7ec203-b5c8&#8243;][vc_column_text] Exhaust Pad-batch Pad-steam Continuous All tests are carried out in accordance with international standards.[\/vc_column_text][\/vc_tta_section][vc_tta_section title=&#8221;Dyeing Applications&#8221; tab_id=&#8221;1583306928457-06537c1e-4d7f&#8221;][vc_column_text] Exhaust Pad-batch Thermosol Pad-dry Pad-steam Bobbin All tests are carried out in accordance with international standards.[\/vc_column_text][\/vc_tta_section][vc_tta_section title=&#8221;Chemical and Physical Analysis&#8221; tab_id=&#8221;1583307221521-1b4b9715-f071&#8243;][vc_row_inner][vc_column_inner width=&#8221;1\/2&#8243;][vc_column_text] Chemical Tests Fiber Analysis Fastness Tests Washing Fastness&hellip;","og_url":"https:\/\/genkim.com.tr\/en\/laboratory\/","og_site_name":"GENK\u0130M","article_modified_time":"2021-06-16T18:38:16+00:00","twitter_card":"summary_large_image","twitter_misc":{"Est. reading time":"2 minutes"},"schema":{"@context":"https:\/\/schema.org","@graph":[{"@type":"WebPage","@id":"https:\/\/genkim.com.tr\/en\/laboratory\/","url":"https:\/\/genkim.com.tr\/en\/laboratory\/","name":"LABORATORY - GENK\u0130M","isPartOf":{"@id":"https:\/\/genkim.com.tr\/#website"},"datePublished":"2020-03-04T07:33:00+00:00","dateModified":"2021-06-16T18:38:16+00:00","breadcrumb":{"@id":"https:\/\/genkim.com.tr\/en\/laboratory\/#breadcrumb"},"inLanguage":"en-US","potentialAction":[{"@type":"ReadAction","target":["https:\/\/genkim.com.tr\/en\/laboratory\/"]}]},{"@type":"BreadcrumbList","@id":"https:\/\/genkim.com.tr\/en\/laboratory\/#breadcrumb","itemListElement":[{"@type":"ListItem","position":1,"name":"Anasayfa","item":"https:\/\/genkim.com.tr\/en\/"},{"@type":"ListItem","position":2,"name":"LABORATORY"}]},{"@type":"WebSite","@id":"https:\/\/genkim.com.tr\/#website","url":"https:\/\/genkim.com.tr\/","name":"GENK\u0130M","description":"Genel End\u00fcstriyel Kimyevi Maddeler\u0130 | Bursa","potentialAction":[{"@type":"SearchAction","target":{"@type":"EntryPoint","urlTemplate":"https:\/\/genkim.com.tr\/?s={search_term_string}"},"query-input":{"@type":"PropertyValueSpecification","valueRequired":true,"valueName":"search_term_string"}}],"inLanguage":"en-US"}]}},"_links":{"self":[{"href":"https:\/\/genkim.com.tr\/en\/wp-json\/wp\/v2\/pages\/700\/"}],"collection":[{"href":"https:\/\/genkim.com.tr\/en\/wp-json\/wp\/v2\/pages\/"}],"about":[{"href":"https:\/\/genkim.com.tr\/en\/wp-json\/wp\/v2\/types\/page\/"}],"author":[{"embeddable":true,"href":"https:\/\/genkim.com.tr\/en\/wp-json\/wp\/v2\/users\/1\/"}],"replies":[{"embeddable":true,"href":"https:\/\/genkim.com.tr\/en\/wp-json\/wp\/v2\/comments\/?post=700"}],"version-history":[{"count":4,"href":"https:\/\/genkim.com.tr\/en\/wp-json\/wp\/v2\/pages\/700\/revisions\/"}],"predecessor-version":[{"id":871,"href":"https:\/\/genkim.com.tr\/en\/wp-json\/wp\/v2\/pages\/700\/revisions\/871\/"}],"wp:attachment":[{"href":"https:\/\/genkim.com.tr\/en\/wp-json\/wp\/v2\/media\/?parent=700"}],"curies":[{"name":"wp","href":"https:\/\/api.w.org\/{rel}","templated":true}]}}