{"id":698,"date":"2020-03-04T17:44:54","date_gmt":"2020-03-04T17:44:54","guid":{"rendered":"https:\/\/genkim.com.tr\/28848-sea\/"},"modified":"2021-06-13T19:38:49","modified_gmt":"2021-06-13T16:38:49","slug":"28848-sea","status":"publish","type":"page","link":"https:\/\/genkim.com.tr\/en\/28848-sea\/","title":{"rendered":"28848 SEA"},"content":{"rendered":"<div class=\"wpb-content-wrapper\"><p>[vc_row][vc_column][vc_text_separator title=&#8221;28848 SEA&#8221; title_align=&#8221;separator_align_left&#8221;][vc_column_text]T.R. Ministry of Environment and Urbanization, Regulation on Classification, Labeling and Packaging of Substances and Mixtures No. 28848 and dated 11 December 2013 and T.R. Some revisions have been made on our labels within the scope of the Regulation on the Transport of Dangerous Goods by Road, dated 29 April 2019 and numbered 30754 by the Ministry of Transport and Infrastructure. The purpose of these revisions is to ensure the correct execution of the regulations that we are obliged to comply with, to support our customers so that they can integrate with these regulations more easily and to provide accurate information. If you are in doubt about these revisions, please consult our legislation department. Necessary information will be given to you immediately.<\/p>\n<p>Contact: <a href=\"mailto:mevzuat@genkim.com.tr\" target=\"_blank\" rel=\"noopener\">mevzuat@genkim.com.tr<\/a><br \/>\n[\/vc_column_text][\/vc_column][\/vc_row]<\/p>\n<\/div>","protected":false},"excerpt":{"rendered":"<p>[vc_row][vc_column][vc_text_separator title=&#8221;28848 SEA&#8221; title_align=&#8221;separator_align_left&#8221;][vc_column_text]T.R. Ministry of Environment and Urbanization, Regulation on Classification, Labeling and Packaging of Substances and Mixtures No. 28848 and dated 11 December 2013 and T.R. Some revisions have been made on our labels within the scope of the Regulation on the Transport of Dangerous Goods by Road, dated 29 April 2019 and&hellip;<\/p>\n","protected":false},"author":1,"featured_media":0,"parent":0,"menu_order":0,"comment_status":"closed","ping_status":"closed","template":"","meta":{"footnotes":""},"class_list":["post-698","page","type-page","status-publish","hentry","description-off"],"yoast_head":"<!-- This site is optimized with the Yoast SEO plugin v24.0 - https:\/\/yoast.com\/wordpress\/plugins\/seo\/ -->\n<title>28848 SEA - GENK\u0130M<\/title>\n<meta name=\"robots\" content=\"index, follow, max-snippet:-1, max-image-preview:large, max-video-preview:-1\" \/>\n<link rel=\"canonical\" href=\"https:\/\/genkim.com.tr\/en\/28848-sea\/\" \/>\n<meta property=\"og:locale\" content=\"en_US\" \/>\n<meta property=\"og:type\" content=\"article\" \/>\n<meta property=\"og:title\" content=\"28848 SEA - GENK\u0130M\" \/>\n<meta property=\"og:description\" content=\"[vc_row][vc_column][vc_text_separator title=&#8221;28848 SEA&#8221; title_align=&#8221;separator_align_left&#8221;][vc_column_text]T.R. Ministry of Environment and Urbanization, Regulation on Classification, Labeling and Packaging of Substances and Mixtures No. 28848 and dated 11 December 2013 and T.R. Some revisions have been made on our labels within the scope of the Regulation on the Transport of Dangerous Goods by Road, dated 29 April 2019 and&hellip;\" \/>\n<meta property=\"og:url\" content=\"https:\/\/genkim.com.tr\/en\/28848-sea\/\" \/>\n<meta property=\"og:site_name\" content=\"GENK\u0130M\" \/>\n<meta property=\"article:modified_time\" content=\"2021-06-13T16:38:49+00:00\" \/>\n<meta name=\"twitter:card\" content=\"summary_large_image\" \/>\n<meta name=\"twitter:label1\" content=\"Est. reading time\" \/>\n\t<meta name=\"twitter:data1\" content=\"1 minute\" \/>\n<script type=\"application\/ld+json\" class=\"yoast-schema-graph\">{\"@context\":\"https:\/\/schema.org\",\"@graph\":[{\"@type\":\"WebPage\",\"@id\":\"https:\/\/genkim.com.tr\/en\/28848-sea\/\",\"url\":\"https:\/\/genkim.com.tr\/en\/28848-sea\/\",\"name\":\"28848 SEA - GENK\u0130M\",\"isPartOf\":{\"@id\":\"https:\/\/genkim.com.tr\/#website\"},\"datePublished\":\"2020-03-04T17:44:54+00:00\",\"dateModified\":\"2021-06-13T16:38:49+00:00\",\"breadcrumb\":{\"@id\":\"https:\/\/genkim.com.tr\/en\/28848-sea\/#breadcrumb\"},\"inLanguage\":\"en-US\",\"potentialAction\":[{\"@type\":\"ReadAction\",\"target\":[\"https:\/\/genkim.com.tr\/en\/28848-sea\/\"]}]},{\"@type\":\"BreadcrumbList\",\"@id\":\"https:\/\/genkim.com.tr\/en\/28848-sea\/#breadcrumb\",\"itemListElement\":[{\"@type\":\"ListItem\",\"position\":1,\"name\":\"Anasayfa\",\"item\":\"https:\/\/genkim.com.tr\/en\/\"},{\"@type\":\"ListItem\",\"position\":2,\"name\":\"28848 SEA\"}]},{\"@type\":\"WebSite\",\"@id\":\"https:\/\/genkim.com.tr\/#website\",\"url\":\"https:\/\/genkim.com.tr\/\",\"name\":\"GENK\u0130M\",\"description\":\"Genel End\u00fcstriyel Kimyevi Maddeler\u0130 | Bursa\",\"potentialAction\":[{\"@type\":\"SearchAction\",\"target\":{\"@type\":\"EntryPoint\",\"urlTemplate\":\"https:\/\/genkim.com.tr\/?s={search_term_string}\"},\"query-input\":{\"@type\":\"PropertyValueSpecification\",\"valueRequired\":true,\"valueName\":\"search_term_string\"}}],\"inLanguage\":\"en-US\"}]}<\/script>\n<!-- \/ Yoast SEO plugin. -->","yoast_head_json":{"title":"28848 SEA - GENK\u0130M","robots":{"index":"index","follow":"follow","max-snippet":"max-snippet:-1","max-image-preview":"max-image-preview:large","max-video-preview":"max-video-preview:-1"},"canonical":"https:\/\/genkim.com.tr\/en\/28848-sea\/","og_locale":"en_US","og_type":"article","og_title":"28848 SEA - GENK\u0130M","og_description":"[vc_row][vc_column][vc_text_separator title=&#8221;28848 SEA&#8221; title_align=&#8221;separator_align_left&#8221;][vc_column_text]T.R. Ministry of Environment and Urbanization, Regulation on Classification, Labeling and Packaging of Substances and Mixtures No. 28848 and dated 11 December 2013 and T.R. Some revisions have been made on our labels within the scope of the Regulation on the Transport of Dangerous Goods by Road, dated 29 April 2019 and&hellip;","og_url":"https:\/\/genkim.com.tr\/en\/28848-sea\/","og_site_name":"GENK\u0130M","article_modified_time":"2021-06-13T16:38:49+00:00","twitter_card":"summary_large_image","twitter_misc":{"Est. reading time":"1 minute"},"schema":{"@context":"https:\/\/schema.org","@graph":[{"@type":"WebPage","@id":"https:\/\/genkim.com.tr\/en\/28848-sea\/","url":"https:\/\/genkim.com.tr\/en\/28848-sea\/","name":"28848 SEA - GENK\u0130M","isPartOf":{"@id":"https:\/\/genkim.com.tr\/#website"},"datePublished":"2020-03-04T17:44:54+00:00","dateModified":"2021-06-13T16:38:49+00:00","breadcrumb":{"@id":"https:\/\/genkim.com.tr\/en\/28848-sea\/#breadcrumb"},"inLanguage":"en-US","potentialAction":[{"@type":"ReadAction","target":["https:\/\/genkim.com.tr\/en\/28848-sea\/"]}]},{"@type":"BreadcrumbList","@id":"https:\/\/genkim.com.tr\/en\/28848-sea\/#breadcrumb","itemListElement":[{"@type":"ListItem","position":1,"name":"Anasayfa","item":"https:\/\/genkim.com.tr\/en\/"},{"@type":"ListItem","position":2,"name":"28848 SEA"}]},{"@type":"WebSite","@id":"https:\/\/genkim.com.tr\/#website","url":"https:\/\/genkim.com.tr\/","name":"GENK\u0130M","description":"Genel End\u00fcstriyel Kimyevi Maddeler\u0130 | Bursa","potentialAction":[{"@type":"SearchAction","target":{"@type":"EntryPoint","urlTemplate":"https:\/\/genkim.com.tr\/?s={search_term_string}"},"query-input":{"@type":"PropertyValueSpecification","valueRequired":true,"valueName":"search_term_string"}}],"inLanguage":"en-US"}]}},"_links":{"self":[{"href":"https:\/\/genkim.com.tr\/en\/wp-json\/wp\/v2\/pages\/698\/"}],"collection":[{"href":"https:\/\/genkim.com.tr\/en\/wp-json\/wp\/v2\/pages\/"}],"about":[{"href":"https:\/\/genkim.com.tr\/en\/wp-json\/wp\/v2\/types\/page\/"}],"author":[{"embeddable":true,"href":"https:\/\/genkim.com.tr\/en\/wp-json\/wp\/v2\/users\/1\/"}],"replies":[{"embeddable":true,"href":"https:\/\/genkim.com.tr\/en\/wp-json\/wp\/v2\/comments\/?post=698"}],"version-history":[{"count":1,"href":"https:\/\/genkim.com.tr\/en\/wp-json\/wp\/v2\/pages\/698\/revisions\/"}],"predecessor-version":[{"id":699,"href":"https:\/\/genkim.com.tr\/en\/wp-json\/wp\/v2\/pages\/698\/revisions\/699\/"}],"wp:attachment":[{"href":"https:\/\/genkim.com.tr\/en\/wp-json\/wp\/v2\/media\/?parent=698"}],"curies":[{"name":"wp","href":"https:\/\/api.w.org\/{rel}","templated":true}]}}