{"id":695,"date":"2020-03-04T16:29:15","date_gmt":"2020-03-04T16:29:15","guid":{"rendered":"https:\/\/genkim.com.tr\/uretim-tesislerimiz\/"},"modified":"2021-06-13T19:37:12","modified_gmt":"2021-06-13T16:37:12","slug":"our-production-facilities","status":"publish","type":"page","link":"https:\/\/genkim.com.tr\/en\/our-production-facilities\/","title":{"rendered":"Our Production Facilities"},"content":{"rendered":"<div class=\"wpb-content-wrapper\"><p>[vc_row][vc_column][vc_text_separator title=&#8221;Our Production Facilities&#8221; title_align=&#8221;separator_align_left&#8221;][vc_column_text]<img loading=\"lazy\" decoding=\"async\" class=\"alignright wp-image-111 size-medium\" src=\"https:\/\/genkim.com.tr\/wp-content\/uploads\/2020\/03\/Ekran-Resmi-2020-03-04-19.24.05-300x291.jpg\" alt=\"\" width=\"300\" height=\"291\" srcset=\"https:\/\/genkim.com.tr\/wp-content\/uploads\/2020\/03\/Ekran-Resmi-2020-03-04-19.24.05-300x291.jpg 300w, https:\/\/genkim.com.tr\/wp-content\/uploads\/2020\/03\/Ekran-Resmi-2020-03-04-19.24.05-1024x993.jpg 1024w, https:\/\/genkim.com.tr\/wp-content\/uploads\/2020\/03\/Ekran-Resmi-2020-03-04-19.24.05-768x745.jpg 768w, https:\/\/genkim.com.tr\/wp-content\/uploads\/2020\/03\/Ekran-Resmi-2020-03-04-19.24.05.jpg 1180w\" sizes=\"auto, (max-width: 300px) 100vw, 300px\" \/>-Genkim as your producer partner in chemistry, we make sustainable production under increasing competitive conditions.<br \/>\n-It is appreciated for R&#038;D power and direct contribution-oriented approach.<br \/>\n-We serve our customers with wide areas of expertise supported by our 4 different equipped laboratories.<br \/>\n-Our company has a central stock of 4500 tons.[\/vc_column_text][vc_empty_space height=&#8221;232px&#8221;][\/vc_column][\/vc_row]<\/p>\n<\/div>","protected":false},"excerpt":{"rendered":"<p>[vc_row][vc_column][vc_text_separator title=&#8221;Our Production Facilities&#8221; title_align=&#8221;separator_align_left&#8221;][vc_column_text]-Genkim as your producer partner in chemistry, we make sustainable production under increasing competitive conditions. -It is appreciated for R&#038;D power and direct contribution-oriented approach. -We serve our customers with wide areas of expertise supported by our 4 different equipped laboratories. -Our company has a central stock of 4500 tons.[\/vc_column_text][vc_empty_space height=&#8221;232px&#8221;][\/vc_column][\/vc_row]<\/p>\n","protected":false},"author":1,"featured_media":0,"parent":0,"menu_order":0,"comment_status":"closed","ping_status":"closed","template":"","meta":{"footnotes":""},"class_list":["post-695","page","type-page","status-publish","hentry","description-off"],"yoast_head":"<!-- This site is optimized with the Yoast SEO plugin v24.0 - https:\/\/yoast.com\/wordpress\/plugins\/seo\/ -->\n<title>Our Production Facilities - GENK\u0130M<\/title>\n<meta name=\"robots\" content=\"index, follow, max-snippet:-1, max-image-preview:large, max-video-preview:-1\" \/>\n<link rel=\"canonical\" href=\"https:\/\/genkim.com.tr\/en\/our-production-facilities\/\" \/>\n<meta property=\"og:locale\" content=\"en_US\" \/>\n<meta property=\"og:type\" content=\"article\" \/>\n<meta property=\"og:title\" content=\"Our Production Facilities - GENK\u0130M\" \/>\n<meta property=\"og:description\" content=\"[vc_row][vc_column][vc_text_separator title=&#8221;Our Production Facilities&#8221; title_align=&#8221;separator_align_left&#8221;][vc_column_text]-Genkim as your producer partner in chemistry, we make sustainable production under increasing competitive conditions. -It is appreciated for R&#038;D power and direct contribution-oriented approach. -We serve our customers with wide areas of expertise supported by our 4 different equipped laboratories. -Our company has a central stock of 4500 tons.[\/vc_column_text][vc_empty_space height=&#8221;232px&#8221;][\/vc_column][\/vc_row]\" \/>\n<meta property=\"og:url\" content=\"https:\/\/genkim.com.tr\/en\/our-production-facilities\/\" \/>\n<meta property=\"og:site_name\" content=\"GENK\u0130M\" \/>\n<meta property=\"article:modified_time\" content=\"2021-06-13T16:37:12+00:00\" \/>\n<meta property=\"og:image\" content=\"https:\/\/genkim.com.tr\/wp-content\/uploads\/2020\/03\/Ekran-Resmi-2020-03-04-19.24.05-300x291.jpg\" \/>\n<meta name=\"twitter:card\" content=\"summary_large_image\" \/>\n<script type=\"application\/ld+json\" class=\"yoast-schema-graph\">{\"@context\":\"https:\/\/schema.org\",\"@graph\":[{\"@type\":\"WebPage\",\"@id\":\"https:\/\/genkim.com.tr\/en\/our-production-facilities\/\",\"url\":\"https:\/\/genkim.com.tr\/en\/our-production-facilities\/\",\"name\":\"Our Production Facilities - GENK\u0130M\",\"isPartOf\":{\"@id\":\"https:\/\/genkim.com.tr\/#website\"},\"primaryImageOfPage\":{\"@id\":\"https:\/\/genkim.com.tr\/en\/our-production-facilities\/#primaryimage\"},\"image\":{\"@id\":\"https:\/\/genkim.com.tr\/en\/our-production-facilities\/#primaryimage\"},\"thumbnailUrl\":\"https:\/\/genkim.com.tr\/wp-content\/uploads\/2020\/03\/Ekran-Resmi-2020-03-04-19.24.05-300x291.jpg\",\"datePublished\":\"2020-03-04T16:29:15+00:00\",\"dateModified\":\"2021-06-13T16:37:12+00:00\",\"breadcrumb\":{\"@id\":\"https:\/\/genkim.com.tr\/en\/our-production-facilities\/#breadcrumb\"},\"inLanguage\":\"en-US\",\"potentialAction\":[{\"@type\":\"ReadAction\",\"target\":[\"https:\/\/genkim.com.tr\/en\/our-production-facilities\/\"]}]},{\"@type\":\"ImageObject\",\"inLanguage\":\"en-US\",\"@id\":\"https:\/\/genkim.com.tr\/en\/our-production-facilities\/#primaryimage\",\"url\":\"https:\/\/genkim.com.tr\/wp-content\/uploads\/2020\/03\/Ekran-Resmi-2020-03-04-19.24.05-300x291.jpg\",\"contentUrl\":\"https:\/\/genkim.com.tr\/wp-content\/uploads\/2020\/03\/Ekran-Resmi-2020-03-04-19.24.05-300x291.jpg\"},{\"@type\":\"BreadcrumbList\",\"@id\":\"https:\/\/genkim.com.tr\/en\/our-production-facilities\/#breadcrumb\",\"itemListElement\":[{\"@type\":\"ListItem\",\"position\":1,\"name\":\"Anasayfa\",\"item\":\"https:\/\/genkim.com.tr\/en\/\"},{\"@type\":\"ListItem\",\"position\":2,\"name\":\"Our Production Facilities\"}]},{\"@type\":\"WebSite\",\"@id\":\"https:\/\/genkim.com.tr\/#website\",\"url\":\"https:\/\/genkim.com.tr\/\",\"name\":\"GENK\u0130M\",\"description\":\"Genel End\u00fcstriyel Kimyevi Maddeler\u0130 | Bursa\",\"potentialAction\":[{\"@type\":\"SearchAction\",\"target\":{\"@type\":\"EntryPoint\",\"urlTemplate\":\"https:\/\/genkim.com.tr\/?s={search_term_string}\"},\"query-input\":{\"@type\":\"PropertyValueSpecification\",\"valueRequired\":true,\"valueName\":\"search_term_string\"}}],\"inLanguage\":\"en-US\"}]}<\/script>\n<!-- \/ Yoast SEO plugin. -->","yoast_head_json":{"title":"Our Production Facilities - GENK\u0130M","robots":{"index":"index","follow":"follow","max-snippet":"max-snippet:-1","max-image-preview":"max-image-preview:large","max-video-preview":"max-video-preview:-1"},"canonical":"https:\/\/genkim.com.tr\/en\/our-production-facilities\/","og_locale":"en_US","og_type":"article","og_title":"Our Production Facilities - GENK\u0130M","og_description":"[vc_row][vc_column][vc_text_separator title=&#8221;Our Production Facilities&#8221; title_align=&#8221;separator_align_left&#8221;][vc_column_text]-Genkim as your producer partner in chemistry, we make sustainable production under increasing competitive conditions. -It is appreciated for R&#038;D power and direct contribution-oriented approach. -We serve our customers with wide areas of expertise supported by our 4 different equipped laboratories. -Our company has a central stock of 4500 tons.[\/vc_column_text][vc_empty_space height=&#8221;232px&#8221;][\/vc_column][\/vc_row]","og_url":"https:\/\/genkim.com.tr\/en\/our-production-facilities\/","og_site_name":"GENK\u0130M","article_modified_time":"2021-06-13T16:37:12+00:00","og_image":[{"url":"https:\/\/genkim.com.tr\/wp-content\/uploads\/2020\/03\/Ekran-Resmi-2020-03-04-19.24.05-300x291.jpg","type":"","width":"","height":""}],"twitter_card":"summary_large_image","schema":{"@context":"https:\/\/schema.org","@graph":[{"@type":"WebPage","@id":"https:\/\/genkim.com.tr\/en\/our-production-facilities\/","url":"https:\/\/genkim.com.tr\/en\/our-production-facilities\/","name":"Our Production Facilities - GENK\u0130M","isPartOf":{"@id":"https:\/\/genkim.com.tr\/#website"},"primaryImageOfPage":{"@id":"https:\/\/genkim.com.tr\/en\/our-production-facilities\/#primaryimage"},"image":{"@id":"https:\/\/genkim.com.tr\/en\/our-production-facilities\/#primaryimage"},"thumbnailUrl":"https:\/\/genkim.com.tr\/wp-content\/uploads\/2020\/03\/Ekran-Resmi-2020-03-04-19.24.05-300x291.jpg","datePublished":"2020-03-04T16:29:15+00:00","dateModified":"2021-06-13T16:37:12+00:00","breadcrumb":{"@id":"https:\/\/genkim.com.tr\/en\/our-production-facilities\/#breadcrumb"},"inLanguage":"en-US","potentialAction":[{"@type":"ReadAction","target":["https:\/\/genkim.com.tr\/en\/our-production-facilities\/"]}]},{"@type":"ImageObject","inLanguage":"en-US","@id":"https:\/\/genkim.com.tr\/en\/our-production-facilities\/#primaryimage","url":"https:\/\/genkim.com.tr\/wp-content\/uploads\/2020\/03\/Ekran-Resmi-2020-03-04-19.24.05-300x291.jpg","contentUrl":"https:\/\/genkim.com.tr\/wp-content\/uploads\/2020\/03\/Ekran-Resmi-2020-03-04-19.24.05-300x291.jpg"},{"@type":"BreadcrumbList","@id":"https:\/\/genkim.com.tr\/en\/our-production-facilities\/#breadcrumb","itemListElement":[{"@type":"ListItem","position":1,"name":"Anasayfa","item":"https:\/\/genkim.com.tr\/en\/"},{"@type":"ListItem","position":2,"name":"Our Production Facilities"}]},{"@type":"WebSite","@id":"https:\/\/genkim.com.tr\/#website","url":"https:\/\/genkim.com.tr\/","name":"GENK\u0130M","description":"Genel End\u00fcstriyel Kimyevi Maddeler\u0130 | Bursa","potentialAction":[{"@type":"SearchAction","target":{"@type":"EntryPoint","urlTemplate":"https:\/\/genkim.com.tr\/?s={search_term_string}"},"query-input":{"@type":"PropertyValueSpecification","valueRequired":true,"valueName":"search_term_string"}}],"inLanguage":"en-US"}]}},"_links":{"self":[{"href":"https:\/\/genkim.com.tr\/en\/wp-json\/wp\/v2\/pages\/695\/"}],"collection":[{"href":"https:\/\/genkim.com.tr\/en\/wp-json\/wp\/v2\/pages\/"}],"about":[{"href":"https:\/\/genkim.com.tr\/en\/wp-json\/wp\/v2\/types\/page\/"}],"author":[{"embeddable":true,"href":"https:\/\/genkim.com.tr\/en\/wp-json\/wp\/v2\/users\/1\/"}],"replies":[{"embeddable":true,"href":"https:\/\/genkim.com.tr\/en\/wp-json\/wp\/v2\/comments\/?post=695"}],"version-history":[{"count":2,"href":"https:\/\/genkim.com.tr\/en\/wp-json\/wp\/v2\/pages\/695\/revisions\/"}],"predecessor-version":[{"id":697,"href":"https:\/\/genkim.com.tr\/en\/wp-json\/wp\/v2\/pages\/695\/revisions\/697\/"}],"wp:attachment":[{"href":"https:\/\/genkim.com.tr\/en\/wp-json\/wp\/v2\/media\/?parent=695"}],"curies":[{"name":"wp","href":"https:\/\/api.w.org\/{rel}","templated":true}]}}