{"id":688,"date":"2020-03-04T17:23:05","date_gmt":"2020-03-04T17:23:05","guid":{"rendered":"https:\/\/genkim.com.tr\/is-sagligi-ve-guvenligi-politikasi\/"},"modified":"2021-06-13T19:30:37","modified_gmt":"2021-06-13T16:30:37","slug":"occupational-health-and-safety-policy","status":"publish","type":"page","link":"https:\/\/genkim.com.tr\/en\/occupational-health-and-safety-policy\/","title":{"rendered":"Occupational Health and Safety Policy"},"content":{"rendered":"<div class=\"wpb-content-wrapper\"><p>[vc_row][vc_column][vc_text_separator title=&#8221;Occupational Health and Safety Policy&#8221; title_align=&#8221;separator_align_left&#8221;][vc_column_text]<img loading=\"lazy\" decoding=\"async\" class=\"alignleft wp-image-135\" src=\"http:\/\/genkim.com.tr\/wp-content\/uploads\/2020\/03\/healty.jpg\" alt=\"Occupational Health and Safety Policy\" width=\"251\" height=\"323\" srcset=\"https:\/\/genkim.com.tr\/wp-content\/uploads\/2020\/03\/healty.jpg 388w, https:\/\/genkim.com.tr\/wp-content\/uploads\/2020\/03\/healty-233x300.jpg 233w\" sizes=\"auto, (max-width: 251px) 100vw, 251px\" \/>As GENKIM San. and Tic. Ltd. Sti.;<\/p>\n<p>In all our activities, it is our foremost responsibility to ensure and protect the health and safety of our employees.<\/p>\n<p>We believe that all accidents are preventable and in this context, we adopt &#8220;zero work accident&#8221; as our only acceptable goal.<\/p>\n<p>For this purpose, with the participation of all our employees;<br \/>\n\u2022 To comply with the current legislation on occupational health and safety,<br \/>\n\u2022 To create and maintain the Occupational Health and Safety culture,<br \/>\n\u2022 Making a risk assessment and taking all necessary precautions,<br \/>\n\u2022 To continuously train our current and newly recruited employees,<br \/>\n\u2022 To cooperate with our suppliers,<br \/>\n\u2022 Keeping continuous improvement at the forefront,<br \/>\n\u2022 Providing personal protective materials and ensuring their use,<br \/>\nOccupational health and safety is our policy.[\/vc_column_text][\/vc_column][\/vc_row]<\/p>\n<\/div>","protected":false},"excerpt":{"rendered":"<p>[vc_row][vc_column][vc_text_separator title=&#8221;Occupational Health and Safety Policy&#8221; title_align=&#8221;separator_align_left&#8221;][vc_column_text]As GENKIM San. and Tic. Ltd. Sti.; In all our activities, it is our foremost responsibility to ensure and protect the health and safety of our employees. We believe that all accidents are preventable and in this context, we adopt &#8220;zero work accident&#8221; as our only acceptable goal. For&hellip;<\/p>\n","protected":false},"author":1,"featured_media":0,"parent":0,"menu_order":0,"comment_status":"closed","ping_status":"closed","template":"","meta":{"footnotes":""},"class_list":["post-688","page","type-page","status-publish","hentry","description-off"],"yoast_head":"<!-- This site is optimized with the Yoast SEO plugin v24.0 - https:\/\/yoast.com\/wordpress\/plugins\/seo\/ -->\n<title>Occupational Health and Safety Policy - GENK\u0130M<\/title>\n<meta name=\"robots\" content=\"index, follow, max-snippet:-1, max-image-preview:large, max-video-preview:-1\" \/>\n<link rel=\"canonical\" href=\"https:\/\/genkim.com.tr\/en\/occupational-health-and-safety-policy\/\" \/>\n<meta property=\"og:locale\" content=\"en_US\" \/>\n<meta property=\"og:type\" content=\"article\" \/>\n<meta property=\"og:title\" content=\"Occupational Health and Safety Policy - GENK\u0130M\" \/>\n<meta property=\"og:description\" content=\"[vc_row][vc_column][vc_text_separator title=&#8221;Occupational Health and Safety Policy&#8221; title_align=&#8221;separator_align_left&#8221;][vc_column_text]As GENKIM San. and Tic. Ltd. Sti.; In all our activities, it is our foremost responsibility to ensure and protect the health and safety of our employees. We believe that all accidents are preventable and in this context, we adopt &#8220;zero work accident&#8221; as our only acceptable goal. For&hellip;\" \/>\n<meta property=\"og:url\" content=\"https:\/\/genkim.com.tr\/en\/occupational-health-and-safety-policy\/\" \/>\n<meta property=\"og:site_name\" content=\"GENK\u0130M\" \/>\n<meta property=\"article:modified_time\" content=\"2021-06-13T16:30:37+00:00\" \/>\n<meta property=\"og:image\" content=\"http:\/\/genkim.com.tr\/wp-content\/uploads\/2020\/03\/healty.jpg\" \/>\n<meta name=\"twitter:card\" content=\"summary_large_image\" \/>\n<meta name=\"twitter:label1\" content=\"Est. reading time\" \/>\n\t<meta name=\"twitter:data1\" content=\"1 minute\" \/>\n<script type=\"application\/ld+json\" class=\"yoast-schema-graph\">{\"@context\":\"https:\/\/schema.org\",\"@graph\":[{\"@type\":\"WebPage\",\"@id\":\"https:\/\/genkim.com.tr\/en\/occupational-health-and-safety-policy\/\",\"url\":\"https:\/\/genkim.com.tr\/en\/occupational-health-and-safety-policy\/\",\"name\":\"Occupational Health and Safety Policy - GENK\u0130M\",\"isPartOf\":{\"@id\":\"https:\/\/genkim.com.tr\/#website\"},\"primaryImageOfPage\":{\"@id\":\"https:\/\/genkim.com.tr\/en\/occupational-health-and-safety-policy\/#primaryimage\"},\"image\":{\"@id\":\"https:\/\/genkim.com.tr\/en\/occupational-health-and-safety-policy\/#primaryimage\"},\"thumbnailUrl\":\"http:\/\/genkim.com.tr\/wp-content\/uploads\/2020\/03\/healty.jpg\",\"datePublished\":\"2020-03-04T17:23:05+00:00\",\"dateModified\":\"2021-06-13T16:30:37+00:00\",\"breadcrumb\":{\"@id\":\"https:\/\/genkim.com.tr\/en\/occupational-health-and-safety-policy\/#breadcrumb\"},\"inLanguage\":\"en-US\",\"potentialAction\":[{\"@type\":\"ReadAction\",\"target\":[\"https:\/\/genkim.com.tr\/en\/occupational-health-and-safety-policy\/\"]}]},{\"@type\":\"ImageObject\",\"inLanguage\":\"en-US\",\"@id\":\"https:\/\/genkim.com.tr\/en\/occupational-health-and-safety-policy\/#primaryimage\",\"url\":\"http:\/\/genkim.com.tr\/wp-content\/uploads\/2020\/03\/healty.jpg\",\"contentUrl\":\"http:\/\/genkim.com.tr\/wp-content\/uploads\/2020\/03\/healty.jpg\"},{\"@type\":\"BreadcrumbList\",\"@id\":\"https:\/\/genkim.com.tr\/en\/occupational-health-and-safety-policy\/#breadcrumb\",\"itemListElement\":[{\"@type\":\"ListItem\",\"position\":1,\"name\":\"Anasayfa\",\"item\":\"https:\/\/genkim.com.tr\/en\/\"},{\"@type\":\"ListItem\",\"position\":2,\"name\":\"Occupational Health and Safety Policy\"}]},{\"@type\":\"WebSite\",\"@id\":\"https:\/\/genkim.com.tr\/#website\",\"url\":\"https:\/\/genkim.com.tr\/\",\"name\":\"GENK\u0130M\",\"description\":\"Genel End\u00fcstriyel Kimyevi Maddeler\u0130 | Bursa\",\"potentialAction\":[{\"@type\":\"SearchAction\",\"target\":{\"@type\":\"EntryPoint\",\"urlTemplate\":\"https:\/\/genkim.com.tr\/?s={search_term_string}\"},\"query-input\":{\"@type\":\"PropertyValueSpecification\",\"valueRequired\":true,\"valueName\":\"search_term_string\"}}],\"inLanguage\":\"en-US\"}]}<\/script>\n<!-- \/ Yoast SEO plugin. -->","yoast_head_json":{"title":"Occupational Health and Safety Policy - GENK\u0130M","robots":{"index":"index","follow":"follow","max-snippet":"max-snippet:-1","max-image-preview":"max-image-preview:large","max-video-preview":"max-video-preview:-1"},"canonical":"https:\/\/genkim.com.tr\/en\/occupational-health-and-safety-policy\/","og_locale":"en_US","og_type":"article","og_title":"Occupational Health and Safety Policy - GENK\u0130M","og_description":"[vc_row][vc_column][vc_text_separator title=&#8221;Occupational Health and Safety Policy&#8221; title_align=&#8221;separator_align_left&#8221;][vc_column_text]As GENKIM San. and Tic. Ltd. Sti.; In all our activities, it is our foremost responsibility to ensure and protect the health and safety of our employees. We believe that all accidents are preventable and in this context, we adopt &#8220;zero work accident&#8221; as our only acceptable goal. For&hellip;","og_url":"https:\/\/genkim.com.tr\/en\/occupational-health-and-safety-policy\/","og_site_name":"GENK\u0130M","article_modified_time":"2021-06-13T16:30:37+00:00","og_image":[{"url":"http:\/\/genkim.com.tr\/wp-content\/uploads\/2020\/03\/healty.jpg","type":"","width":"","height":""}],"twitter_card":"summary_large_image","twitter_misc":{"Est. reading time":"1 minute"},"schema":{"@context":"https:\/\/schema.org","@graph":[{"@type":"WebPage","@id":"https:\/\/genkim.com.tr\/en\/occupational-health-and-safety-policy\/","url":"https:\/\/genkim.com.tr\/en\/occupational-health-and-safety-policy\/","name":"Occupational Health and Safety Policy - GENK\u0130M","isPartOf":{"@id":"https:\/\/genkim.com.tr\/#website"},"primaryImageOfPage":{"@id":"https:\/\/genkim.com.tr\/en\/occupational-health-and-safety-policy\/#primaryimage"},"image":{"@id":"https:\/\/genkim.com.tr\/en\/occupational-health-and-safety-policy\/#primaryimage"},"thumbnailUrl":"http:\/\/genkim.com.tr\/wp-content\/uploads\/2020\/03\/healty.jpg","datePublished":"2020-03-04T17:23:05+00:00","dateModified":"2021-06-13T16:30:37+00:00","breadcrumb":{"@id":"https:\/\/genkim.com.tr\/en\/occupational-health-and-safety-policy\/#breadcrumb"},"inLanguage":"en-US","potentialAction":[{"@type":"ReadAction","target":["https:\/\/genkim.com.tr\/en\/occupational-health-and-safety-policy\/"]}]},{"@type":"ImageObject","inLanguage":"en-US","@id":"https:\/\/genkim.com.tr\/en\/occupational-health-and-safety-policy\/#primaryimage","url":"http:\/\/genkim.com.tr\/wp-content\/uploads\/2020\/03\/healty.jpg","contentUrl":"http:\/\/genkim.com.tr\/wp-content\/uploads\/2020\/03\/healty.jpg"},{"@type":"BreadcrumbList","@id":"https:\/\/genkim.com.tr\/en\/occupational-health-and-safety-policy\/#breadcrumb","itemListElement":[{"@type":"ListItem","position":1,"name":"Anasayfa","item":"https:\/\/genkim.com.tr\/en\/"},{"@type":"ListItem","position":2,"name":"Occupational Health and Safety Policy"}]},{"@type":"WebSite","@id":"https:\/\/genkim.com.tr\/#website","url":"https:\/\/genkim.com.tr\/","name":"GENK\u0130M","description":"Genel End\u00fcstriyel Kimyevi Maddeler\u0130 | Bursa","potentialAction":[{"@type":"SearchAction","target":{"@type":"EntryPoint","urlTemplate":"https:\/\/genkim.com.tr\/?s={search_term_string}"},"query-input":{"@type":"PropertyValueSpecification","valueRequired":true,"valueName":"search_term_string"}}],"inLanguage":"en-US"}]}},"_links":{"self":[{"href":"https:\/\/genkim.com.tr\/en\/wp-json\/wp\/v2\/pages\/688\/"}],"collection":[{"href":"https:\/\/genkim.com.tr\/en\/wp-json\/wp\/v2\/pages\/"}],"about":[{"href":"https:\/\/genkim.com.tr\/en\/wp-json\/wp\/v2\/types\/page\/"}],"author":[{"embeddable":true,"href":"https:\/\/genkim.com.tr\/en\/wp-json\/wp\/v2\/users\/1\/"}],"replies":[{"embeddable":true,"href":"https:\/\/genkim.com.tr\/en\/wp-json\/wp\/v2\/comments\/?post=688"}],"version-history":[{"count":2,"href":"https:\/\/genkim.com.tr\/en\/wp-json\/wp\/v2\/pages\/688\/revisions\/"}],"predecessor-version":[{"id":689,"href":"https:\/\/genkim.com.tr\/en\/wp-json\/wp\/v2\/pages\/688\/revisions\/689\/"}],"wp:attachment":[{"href":"https:\/\/genkim.com.tr\/en\/wp-json\/wp\/v2\/media\/?parent=688"}],"curies":[{"name":"wp","href":"https:\/\/api.w.org\/{rel}","templated":true}]}}