{"id":685,"date":"2020-03-04T17:17:57","date_gmt":"2020-03-04T17:17:57","guid":{"rendered":"https:\/\/genkim.com.tr\/geri-donusum-onlemlerimiz\/"},"modified":"2021-06-13T19:27:35","modified_gmt":"2021-06-13T16:27:35","slug":"our-recycling-measures","status":"publish","type":"page","link":"https:\/\/genkim.com.tr\/en\/our-recycling-measures\/","title":{"rendered":"Our Recycling Measures"},"content":{"rendered":"<div class=\"wpb-content-wrapper\"><p>[vc_row][vc_column][vc_text_separator title=&#8221;Our Recycling Measures&#8221; title_align=&#8221;separator_align_left&#8221;][\/vc_column][\/vc_row][vc_row][vc_column][vc_column_text]One of our main goals is to collect the packaging of the products released by our company, which produces chemicals, from the companies within the scope of the regulations, and to ensure their reuse.<\/p>\n<p>With the recovery measures we will take, it is aimed to reduce waste generation and plastic use. In this context, given by the Ministry of Environment and Urbanization of our company;<\/p>\n<p>\u2013 Hazardous Waste Recovery and Tanker Cleaning License,<br \/>\n\u2013 Hazardous Waste Transport License<br \/>\n\u2013 Approved Deposit Plan available.<\/p>\n<p>Environmental Permit and License Certificate for contaminated packaging (document photo available on site)[\/vc_column_text][\/vc_column][\/vc_row][vc_row][vc_column width=&#8221;1\/2&#8243;][vc_single_image image=&#8221;417&#8243; img_size=&#8221;full&#8221; alignment=&#8221;center&#8221; style=&#8221;vc_box_border&#8221; onclick=&#8221;link_image&#8221;][vc_column_text]<\/p>\n<p style=\"text-align: center;\">Environmental Permit and License Certificate<\/p>\n<div class=\"BasindaBiz\" style=\"text-align: center;\"><\/div>\n<p>[\/vc_column_text][\/vc_column][vc_column width=&#8221;1\/4&#8243;][vc_single_image image=&#8221;415&#8243; img_size=&#8221;full&#8221; alignment=&#8221;center&#8221; style=&#8221;vc_box_border&#8221; onclick=&#8221;custom_link&#8221; img_link_target=&#8221;_blank&#8221; link=&#8221;https:\/\/genkim.com.tr\/wp-content\/uploads\/2021\/06\/cevre-ust-yazi-1.pdf&#8221;][vc_column_text]<\/p>\n<p style=\"text-align: center;\">Hazardous Waste Recovery and Tanker Cleaning License<\/p>\n<div class=\"BasindaBiz\" style=\"text-align: center;\"><\/div>\n<p>[\/vc_column_text][\/vc_column][vc_column width=&#8221;1\/4&#8243;][\/vc_column][\/vc_row][vc_row][vc_column][vc_empty_space height=&#8221;232px&#8221;][\/vc_column][\/vc_row]<\/p>\n<\/div>","protected":false},"excerpt":{"rendered":"<p>[vc_row][vc_column][vc_text_separator title=&#8221;Our Recycling Measures&#8221; title_align=&#8221;separator_align_left&#8221;][\/vc_column][\/vc_row][vc_row][vc_column][vc_column_text]One of our main goals is to collect the packaging of the products released by our company, which produces chemicals, from the companies within the scope of the regulations, and to ensure their reuse. With the recovery measures we will take, it is aimed to reduce waste generation and plastic use.&hellip;<\/p>\n","protected":false},"author":1,"featured_media":0,"parent":0,"menu_order":0,"comment_status":"closed","ping_status":"closed","template":"","meta":{"footnotes":""},"class_list":["post-685","page","type-page","status-publish","hentry","description-off"],"yoast_head":"<!-- This site is optimized with the Yoast SEO plugin v24.0 - https:\/\/yoast.com\/wordpress\/plugins\/seo\/ -->\n<title>Our Recycling Measures - GENK\u0130M<\/title>\n<meta name=\"robots\" content=\"index, follow, max-snippet:-1, max-image-preview:large, max-video-preview:-1\" \/>\n<link rel=\"canonical\" href=\"https:\/\/genkim.com.tr\/en\/our-recycling-measures\/\" \/>\n<meta property=\"og:locale\" content=\"en_US\" \/>\n<meta property=\"og:type\" content=\"article\" \/>\n<meta property=\"og:title\" content=\"Our Recycling Measures - GENK\u0130M\" \/>\n<meta property=\"og:description\" content=\"[vc_row][vc_column][vc_text_separator title=&#8221;Our Recycling Measures&#8221; title_align=&#8221;separator_align_left&#8221;][\/vc_column][\/vc_row][vc_row][vc_column][vc_column_text]One of our main goals is to collect the packaging of the products released by our company, which produces chemicals, from the companies within the scope of the regulations, and to ensure their reuse. With the recovery measures we will take, it is aimed to reduce waste generation and plastic use.&hellip;\" \/>\n<meta property=\"og:url\" content=\"https:\/\/genkim.com.tr\/en\/our-recycling-measures\/\" \/>\n<meta property=\"og:site_name\" content=\"GENK\u0130M\" \/>\n<meta property=\"article:modified_time\" content=\"2021-06-13T16:27:35+00:00\" \/>\n<meta name=\"twitter:card\" content=\"summary_large_image\" \/>\n<meta name=\"twitter:label1\" content=\"Est. reading time\" \/>\n\t<meta name=\"twitter:data1\" content=\"1 minute\" \/>\n<script type=\"application\/ld+json\" class=\"yoast-schema-graph\">{\"@context\":\"https:\/\/schema.org\",\"@graph\":[{\"@type\":\"WebPage\",\"@id\":\"https:\/\/genkim.com.tr\/en\/our-recycling-measures\/\",\"url\":\"https:\/\/genkim.com.tr\/en\/our-recycling-measures\/\",\"name\":\"Our Recycling Measures - GENK\u0130M\",\"isPartOf\":{\"@id\":\"https:\/\/genkim.com.tr\/#website\"},\"datePublished\":\"2020-03-04T17:17:57+00:00\",\"dateModified\":\"2021-06-13T16:27:35+00:00\",\"breadcrumb\":{\"@id\":\"https:\/\/genkim.com.tr\/en\/our-recycling-measures\/#breadcrumb\"},\"inLanguage\":\"en-US\",\"potentialAction\":[{\"@type\":\"ReadAction\",\"target\":[\"https:\/\/genkim.com.tr\/en\/our-recycling-measures\/\"]}]},{\"@type\":\"BreadcrumbList\",\"@id\":\"https:\/\/genkim.com.tr\/en\/our-recycling-measures\/#breadcrumb\",\"itemListElement\":[{\"@type\":\"ListItem\",\"position\":1,\"name\":\"Anasayfa\",\"item\":\"https:\/\/genkim.com.tr\/en\/\"},{\"@type\":\"ListItem\",\"position\":2,\"name\":\"Our Recycling Measures\"}]},{\"@type\":\"WebSite\",\"@id\":\"https:\/\/genkim.com.tr\/#website\",\"url\":\"https:\/\/genkim.com.tr\/\",\"name\":\"GENK\u0130M\",\"description\":\"Genel End\u00fcstriyel Kimyevi Maddeler\u0130 | Bursa\",\"potentialAction\":[{\"@type\":\"SearchAction\",\"target\":{\"@type\":\"EntryPoint\",\"urlTemplate\":\"https:\/\/genkim.com.tr\/?s={search_term_string}\"},\"query-input\":{\"@type\":\"PropertyValueSpecification\",\"valueRequired\":true,\"valueName\":\"search_term_string\"}}],\"inLanguage\":\"en-US\"}]}<\/script>\n<!-- \/ Yoast SEO plugin. -->","yoast_head_json":{"title":"Our Recycling Measures - GENK\u0130M","robots":{"index":"index","follow":"follow","max-snippet":"max-snippet:-1","max-image-preview":"max-image-preview:large","max-video-preview":"max-video-preview:-1"},"canonical":"https:\/\/genkim.com.tr\/en\/our-recycling-measures\/","og_locale":"en_US","og_type":"article","og_title":"Our Recycling Measures - GENK\u0130M","og_description":"[vc_row][vc_column][vc_text_separator title=&#8221;Our Recycling Measures&#8221; title_align=&#8221;separator_align_left&#8221;][\/vc_column][\/vc_row][vc_row][vc_column][vc_column_text]One of our main goals is to collect the packaging of the products released by our company, which produces chemicals, from the companies within the scope of the regulations, and to ensure their reuse. With the recovery measures we will take, it is aimed to reduce waste generation and plastic use.&hellip;","og_url":"https:\/\/genkim.com.tr\/en\/our-recycling-measures\/","og_site_name":"GENK\u0130M","article_modified_time":"2021-06-13T16:27:35+00:00","twitter_card":"summary_large_image","twitter_misc":{"Est. reading time":"1 minute"},"schema":{"@context":"https:\/\/schema.org","@graph":[{"@type":"WebPage","@id":"https:\/\/genkim.com.tr\/en\/our-recycling-measures\/","url":"https:\/\/genkim.com.tr\/en\/our-recycling-measures\/","name":"Our Recycling Measures - GENK\u0130M","isPartOf":{"@id":"https:\/\/genkim.com.tr\/#website"},"datePublished":"2020-03-04T17:17:57+00:00","dateModified":"2021-06-13T16:27:35+00:00","breadcrumb":{"@id":"https:\/\/genkim.com.tr\/en\/our-recycling-measures\/#breadcrumb"},"inLanguage":"en-US","potentialAction":[{"@type":"ReadAction","target":["https:\/\/genkim.com.tr\/en\/our-recycling-measures\/"]}]},{"@type":"BreadcrumbList","@id":"https:\/\/genkim.com.tr\/en\/our-recycling-measures\/#breadcrumb","itemListElement":[{"@type":"ListItem","position":1,"name":"Anasayfa","item":"https:\/\/genkim.com.tr\/en\/"},{"@type":"ListItem","position":2,"name":"Our Recycling Measures"}]},{"@type":"WebSite","@id":"https:\/\/genkim.com.tr\/#website","url":"https:\/\/genkim.com.tr\/","name":"GENK\u0130M","description":"Genel End\u00fcstriyel Kimyevi Maddeler\u0130 | Bursa","potentialAction":[{"@type":"SearchAction","target":{"@type":"EntryPoint","urlTemplate":"https:\/\/genkim.com.tr\/?s={search_term_string}"},"query-input":{"@type":"PropertyValueSpecification","valueRequired":true,"valueName":"search_term_string"}}],"inLanguage":"en-US"}]}},"_links":{"self":[{"href":"https:\/\/genkim.com.tr\/en\/wp-json\/wp\/v2\/pages\/685\/"}],"collection":[{"href":"https:\/\/genkim.com.tr\/en\/wp-json\/wp\/v2\/pages\/"}],"about":[{"href":"https:\/\/genkim.com.tr\/en\/wp-json\/wp\/v2\/types\/page\/"}],"author":[{"embeddable":true,"href":"https:\/\/genkim.com.tr\/en\/wp-json\/wp\/v2\/users\/1\/"}],"replies":[{"embeddable":true,"href":"https:\/\/genkim.com.tr\/en\/wp-json\/wp\/v2\/comments\/?post=685"}],"version-history":[{"count":2,"href":"https:\/\/genkim.com.tr\/en\/wp-json\/wp\/v2\/pages\/685\/revisions\/"}],"predecessor-version":[{"id":687,"href":"https:\/\/genkim.com.tr\/en\/wp-json\/wp\/v2\/pages\/685\/revisions\/687\/"}],"wp:attachment":[{"href":"https:\/\/genkim.com.tr\/en\/wp-json\/wp\/v2\/media\/?parent=685"}],"curies":[{"name":"wp","href":"https:\/\/api.w.org\/{rel}","templated":true}]}}