{"id":683,"date":"2020-03-04T16:39:57","date_gmt":"2020-03-04T16:39:57","guid":{"rendered":"https:\/\/genkim.com.tr\/uclu-sorumluluk\/"},"modified":"2021-06-13T19:24:56","modified_gmt":"2021-06-13T16:24:56","slug":"triple-responsibility","status":"publish","type":"page","link":"https:\/\/genkim.com.tr\/en\/triple-responsibility\/","title":{"rendered":"Triple Responsibility"},"content":{"rendered":"<div class=\"wpb-content-wrapper\"><p>[vc_row][vc_column][vc_text_separator title=&#8221;\u00dc\u00e7l\u00fc Sorumluluk&#8221; title_align=&#8221;separator_align_left&#8221;][vc_row_inner][vc_column_inner width=&#8221;2\/3&#8243;][vc_column_text]<\/p>\n<div id=\"attachment_125\" style=\"width: 221px\" class=\"wp-caption alignleft\"><img loading=\"lazy\" decoding=\"async\" aria-describedby=\"caption-attachment-125\" class=\"wp-image-125\" src=\"http:\/\/genkim.com.tr\/wp-content\/uploads\/2020\/03\/Ekran-Resmi-2020-03-04-19.38.28-300x300.jpg\" alt=\"Triple Responsibility\" width=\"211\" height=\"211\" srcset=\"https:\/\/genkim.com.tr\/wp-content\/uploads\/2020\/03\/Ekran-Resmi-2020-03-04-19.38.28-300x300.jpg 300w, https:\/\/genkim.com.tr\/wp-content\/uploads\/2020\/03\/Ekran-Resmi-2020-03-04-19.38.28-150x150.jpg 150w, https:\/\/genkim.com.tr\/wp-content\/uploads\/2020\/03\/Ekran-Resmi-2020-03-04-19.38.28-768x766.jpg 768w, https:\/\/genkim.com.tr\/wp-content\/uploads\/2020\/03\/Ekran-Resmi-2020-03-04-19.38.28.jpg 994w\" sizes=\"auto, (max-width: 211px) 100vw, 211px\" \/><p id=\"caption-attachment-125\" class=\"wp-caption-text\">Triple Responsibility<\/p><\/div>\n<p><strong> What is Triple Responsibility?<\/strong><\/p>\n<p>It is a commitment program implemented by Chemical Industry all over the world in the fields of employee health, technical safety and environmental protection, energy efficiency, resource use and sustainability. In our country, this program has been put into practice under the coordination of the Turkish Chemical Industrialists&#8217; Association (TKSD) since 1993.<br \/>\nTriple responsibility, to companies, national chemistry associations and their stakeholders;<\/p>\n<p>\u2022 To show continuous improvement in environment, health, safety, information, performance, process-(green production) technologies in order to prevent harm to human health and environment within the life cycle of its products,<\/p>\n<p>\u2022 Efficient use of resources and minimizing waste (resource efficiency &amp; Circular Economy)<\/p>\n<p>\u2022 It undertakes to cooperate with governmental institutions and organizations in the development and enforcement of effective regulation (legislation) and standards.[\/vc_column_text][\/vc_column_inner][vc_column_inner width=&#8221;1\/3&#8243;][vc_single_image image=&#8221;395&#8243; img_size=&#8221;full&#8221; onclick=&#8221;link_image&#8221;][\/vc_column_inner][\/vc_row_inner][vc_empty_space height=&#8221;232px&#8221;][\/vc_column][\/vc_row]<\/p>\n<\/div>","protected":false},"excerpt":{"rendered":"<p>[vc_row][vc_column][vc_text_separator title=&#8221;\u00dc\u00e7l\u00fc Sorumluluk&#8221; title_align=&#8221;separator_align_left&#8221;][vc_row_inner][vc_column_inner width=&#8221;2\/3&#8243;][vc_column_text] What is Triple Responsibility? It is a commitment program implemented by Chemical Industry all over the world in the fields of employee health, technical safety and environmental protection, energy efficiency, resource use and sustainability. In our country, this program has been put into practice under the coordination of the Turkish&hellip;<\/p>\n","protected":false},"author":1,"featured_media":0,"parent":0,"menu_order":0,"comment_status":"closed","ping_status":"closed","template":"","meta":{"footnotes":""},"class_list":["post-683","page","type-page","status-publish","hentry","description-off"],"yoast_head":"<!-- This site is optimized with the Yoast SEO plugin v24.0 - https:\/\/yoast.com\/wordpress\/plugins\/seo\/ -->\n<title>Triple Responsibility - GENK\u0130M<\/title>\n<meta name=\"robots\" content=\"index, follow, max-snippet:-1, max-image-preview:large, max-video-preview:-1\" \/>\n<link rel=\"canonical\" href=\"https:\/\/genkim.com.tr\/en\/triple-responsibility\/\" \/>\n<meta property=\"og:locale\" content=\"en_US\" \/>\n<meta property=\"og:type\" content=\"article\" \/>\n<meta property=\"og:title\" content=\"Triple Responsibility - GENK\u0130M\" \/>\n<meta property=\"og:description\" content=\"[vc_row][vc_column][vc_text_separator title=&#8221;\u00dc\u00e7l\u00fc Sorumluluk&#8221; title_align=&#8221;separator_align_left&#8221;][vc_row_inner][vc_column_inner width=&#8221;2\/3&#8243;][vc_column_text] What is Triple Responsibility? It is a commitment program implemented by Chemical Industry all over the world in the fields of employee health, technical safety and environmental protection, energy efficiency, resource use and sustainability. In our country, this program has been put into practice under the coordination of the Turkish&hellip;\" \/>\n<meta property=\"og:url\" content=\"https:\/\/genkim.com.tr\/en\/triple-responsibility\/\" \/>\n<meta property=\"og:site_name\" content=\"GENK\u0130M\" \/>\n<meta property=\"article:modified_time\" content=\"2021-06-13T16:24:56+00:00\" \/>\n<meta property=\"og:image\" content=\"http:\/\/genkim.com.tr\/wp-content\/uploads\/2020\/03\/Ekran-Resmi-2020-03-04-19.38.28-300x300.jpg\" \/>\n<meta name=\"twitter:card\" content=\"summary_large_image\" \/>\n<meta name=\"twitter:label1\" content=\"Est. reading time\" \/>\n\t<meta name=\"twitter:data1\" content=\"1 minute\" \/>\n<script type=\"application\/ld+json\" class=\"yoast-schema-graph\">{\"@context\":\"https:\/\/schema.org\",\"@graph\":[{\"@type\":\"WebPage\",\"@id\":\"https:\/\/genkim.com.tr\/en\/triple-responsibility\/\",\"url\":\"https:\/\/genkim.com.tr\/en\/triple-responsibility\/\",\"name\":\"Triple Responsibility - GENK\u0130M\",\"isPartOf\":{\"@id\":\"https:\/\/genkim.com.tr\/#website\"},\"primaryImageOfPage\":{\"@id\":\"https:\/\/genkim.com.tr\/en\/triple-responsibility\/#primaryimage\"},\"image\":{\"@id\":\"https:\/\/genkim.com.tr\/en\/triple-responsibility\/#primaryimage\"},\"thumbnailUrl\":\"http:\/\/genkim.com.tr\/wp-content\/uploads\/2020\/03\/Ekran-Resmi-2020-03-04-19.38.28-300x300.jpg\",\"datePublished\":\"2020-03-04T16:39:57+00:00\",\"dateModified\":\"2021-06-13T16:24:56+00:00\",\"breadcrumb\":{\"@id\":\"https:\/\/genkim.com.tr\/en\/triple-responsibility\/#breadcrumb\"},\"inLanguage\":\"en-US\",\"potentialAction\":[{\"@type\":\"ReadAction\",\"target\":[\"https:\/\/genkim.com.tr\/en\/triple-responsibility\/\"]}]},{\"@type\":\"ImageObject\",\"inLanguage\":\"en-US\",\"@id\":\"https:\/\/genkim.com.tr\/en\/triple-responsibility\/#primaryimage\",\"url\":\"http:\/\/genkim.com.tr\/wp-content\/uploads\/2020\/03\/Ekran-Resmi-2020-03-04-19.38.28-300x300.jpg\",\"contentUrl\":\"http:\/\/genkim.com.tr\/wp-content\/uploads\/2020\/03\/Ekran-Resmi-2020-03-04-19.38.28-300x300.jpg\"},{\"@type\":\"BreadcrumbList\",\"@id\":\"https:\/\/genkim.com.tr\/en\/triple-responsibility\/#breadcrumb\",\"itemListElement\":[{\"@type\":\"ListItem\",\"position\":1,\"name\":\"Anasayfa\",\"item\":\"https:\/\/genkim.com.tr\/en\/\"},{\"@type\":\"ListItem\",\"position\":2,\"name\":\"Triple Responsibility\"}]},{\"@type\":\"WebSite\",\"@id\":\"https:\/\/genkim.com.tr\/#website\",\"url\":\"https:\/\/genkim.com.tr\/\",\"name\":\"GENK\u0130M\",\"description\":\"Genel End\u00fcstriyel Kimyevi Maddeler\u0130 | Bursa\",\"potentialAction\":[{\"@type\":\"SearchAction\",\"target\":{\"@type\":\"EntryPoint\",\"urlTemplate\":\"https:\/\/genkim.com.tr\/?s={search_term_string}\"},\"query-input\":{\"@type\":\"PropertyValueSpecification\",\"valueRequired\":true,\"valueName\":\"search_term_string\"}}],\"inLanguage\":\"en-US\"}]}<\/script>\n<!-- \/ Yoast SEO plugin. -->","yoast_head_json":{"title":"Triple Responsibility - GENK\u0130M","robots":{"index":"index","follow":"follow","max-snippet":"max-snippet:-1","max-image-preview":"max-image-preview:large","max-video-preview":"max-video-preview:-1"},"canonical":"https:\/\/genkim.com.tr\/en\/triple-responsibility\/","og_locale":"en_US","og_type":"article","og_title":"Triple Responsibility - GENK\u0130M","og_description":"[vc_row][vc_column][vc_text_separator title=&#8221;\u00dc\u00e7l\u00fc Sorumluluk&#8221; title_align=&#8221;separator_align_left&#8221;][vc_row_inner][vc_column_inner width=&#8221;2\/3&#8243;][vc_column_text] What is Triple Responsibility? It is a commitment program implemented by Chemical Industry all over the world in the fields of employee health, technical safety and environmental protection, energy efficiency, resource use and sustainability. In our country, this program has been put into practice under the coordination of the Turkish&hellip;","og_url":"https:\/\/genkim.com.tr\/en\/triple-responsibility\/","og_site_name":"GENK\u0130M","article_modified_time":"2021-06-13T16:24:56+00:00","og_image":[{"url":"http:\/\/genkim.com.tr\/wp-content\/uploads\/2020\/03\/Ekran-Resmi-2020-03-04-19.38.28-300x300.jpg","type":"","width":"","height":""}],"twitter_card":"summary_large_image","twitter_misc":{"Est. reading time":"1 minute"},"schema":{"@context":"https:\/\/schema.org","@graph":[{"@type":"WebPage","@id":"https:\/\/genkim.com.tr\/en\/triple-responsibility\/","url":"https:\/\/genkim.com.tr\/en\/triple-responsibility\/","name":"Triple Responsibility - GENK\u0130M","isPartOf":{"@id":"https:\/\/genkim.com.tr\/#website"},"primaryImageOfPage":{"@id":"https:\/\/genkim.com.tr\/en\/triple-responsibility\/#primaryimage"},"image":{"@id":"https:\/\/genkim.com.tr\/en\/triple-responsibility\/#primaryimage"},"thumbnailUrl":"http:\/\/genkim.com.tr\/wp-content\/uploads\/2020\/03\/Ekran-Resmi-2020-03-04-19.38.28-300x300.jpg","datePublished":"2020-03-04T16:39:57+00:00","dateModified":"2021-06-13T16:24:56+00:00","breadcrumb":{"@id":"https:\/\/genkim.com.tr\/en\/triple-responsibility\/#breadcrumb"},"inLanguage":"en-US","potentialAction":[{"@type":"ReadAction","target":["https:\/\/genkim.com.tr\/en\/triple-responsibility\/"]}]},{"@type":"ImageObject","inLanguage":"en-US","@id":"https:\/\/genkim.com.tr\/en\/triple-responsibility\/#primaryimage","url":"http:\/\/genkim.com.tr\/wp-content\/uploads\/2020\/03\/Ekran-Resmi-2020-03-04-19.38.28-300x300.jpg","contentUrl":"http:\/\/genkim.com.tr\/wp-content\/uploads\/2020\/03\/Ekran-Resmi-2020-03-04-19.38.28-300x300.jpg"},{"@type":"BreadcrumbList","@id":"https:\/\/genkim.com.tr\/en\/triple-responsibility\/#breadcrumb","itemListElement":[{"@type":"ListItem","position":1,"name":"Anasayfa","item":"https:\/\/genkim.com.tr\/en\/"},{"@type":"ListItem","position":2,"name":"Triple Responsibility"}]},{"@type":"WebSite","@id":"https:\/\/genkim.com.tr\/#website","url":"https:\/\/genkim.com.tr\/","name":"GENK\u0130M","description":"Genel End\u00fcstriyel Kimyevi Maddeler\u0130 | Bursa","potentialAction":[{"@type":"SearchAction","target":{"@type":"EntryPoint","urlTemplate":"https:\/\/genkim.com.tr\/?s={search_term_string}"},"query-input":{"@type":"PropertyValueSpecification","valueRequired":true,"valueName":"search_term_string"}}],"inLanguage":"en-US"}]}},"_links":{"self":[{"href":"https:\/\/genkim.com.tr\/en\/wp-json\/wp\/v2\/pages\/683\/"}],"collection":[{"href":"https:\/\/genkim.com.tr\/en\/wp-json\/wp\/v2\/pages\/"}],"about":[{"href":"https:\/\/genkim.com.tr\/en\/wp-json\/wp\/v2\/types\/page\/"}],"author":[{"embeddable":true,"href":"https:\/\/genkim.com.tr\/en\/wp-json\/wp\/v2\/users\/1\/"}],"replies":[{"embeddable":true,"href":"https:\/\/genkim.com.tr\/en\/wp-json\/wp\/v2\/comments\/?post=683"}],"version-history":[{"count":1,"href":"https:\/\/genkim.com.tr\/en\/wp-json\/wp\/v2\/pages\/683\/revisions\/"}],"predecessor-version":[{"id":684,"href":"https:\/\/genkim.com.tr\/en\/wp-json\/wp\/v2\/pages\/683\/revisions\/684\/"}],"wp:attachment":[{"href":"https:\/\/genkim.com.tr\/en\/wp-json\/wp\/v2\/media\/?parent=683"}],"curies":[{"name":"wp","href":"https:\/\/api.w.org\/{rel}","templated":true}]}}