{"id":680,"date":"2020-03-03T21:20:52","date_gmt":"2020-03-03T21:20:52","guid":{"rendered":"https:\/\/genkim.com.tr\/temel-degerlerimiz\/"},"modified":"2021-06-13T19:22:11","modified_gmt":"2021-06-13T16:22:11","slug":"our-values","status":"publish","type":"page","link":"https:\/\/genkim.com.tr\/en\/our-values\/","title":{"rendered":"Our Values"},"content":{"rendered":"<div class=\"wpb-content-wrapper\"><p>[vc_row][vc_column][vc_empty_space][vc_column_text]<strong> RELIABLE WORK <\/strong><br \/>\nWe will do the right thing.<br \/>\nWe conduct our business in accordance with the highest standards of professional conduct and ethics. We are transparent, respectful, honest and ethical in all our interactions with employees, customers, suppliers and the public.<\/p>\n<p><strong>SUSTAINABLE DEVELOPMENT<\/strong><br \/>\nWe care about how to work.<br \/>\nThe health and safety of our employees and the protection of our communities are top priority. We strive to meet or even exceed the highest standards of environmental and safety performance.<\/p>\n<p><strong>PARTNERSHIP<\/strong><br \/>\nWe care about who and what we work with.<br \/>\nWe develop long-term, rewarding relationships with our customers, employees and suppliers that facilitate collaboration across disciplines and industries.<\/p>\n<p><strong>R&amp;D CAPABILITIES<\/strong><br \/>\n\u0130yile\u015ftirmeye odaklan\u0131yoruz<br \/>\nWe always focus on improvement.<br \/>\nWe fulfill by identifying and developing leading technology, employee development programs and process improvement tools. We work with enthusiasm and intelligence to transcend what has already been accomplished.<\/p>\n<p><strong>WHAT DO WE PRODUCE?<\/strong><br \/>\nTextile Chemicals<br \/>\nPolymer Emulsions<br \/>\nPolyacrylates for detergents<br \/>\nEsterquats for detergents[\/vc_column_text][\/vc_column][\/vc_row]<\/p>\n<\/div>","protected":false},"excerpt":{"rendered":"<p>[vc_row][vc_column][vc_empty_space][vc_column_text] RELIABLE WORK We will do the right thing. We conduct our business in accordance with the highest standards of professional conduct and ethics. We are transparent, respectful, honest and ethical in all our interactions with employees, customers, suppliers and the public. SUSTAINABLE DEVELOPMENT We care about how to work. The health and safety of&hellip;<\/p>\n","protected":false},"author":1,"featured_media":0,"parent":0,"menu_order":0,"comment_status":"closed","ping_status":"closed","template":"","meta":{"footnotes":""},"class_list":["post-680","page","type-page","status-publish","hentry","description-off"],"yoast_head":"<!-- This site is optimized with the Yoast SEO plugin v24.0 - https:\/\/yoast.com\/wordpress\/plugins\/seo\/ -->\n<title>Our Values - GENK\u0130M<\/title>\n<meta name=\"robots\" content=\"index, follow, max-snippet:-1, max-image-preview:large, max-video-preview:-1\" \/>\n<link rel=\"canonical\" href=\"https:\/\/genkim.com.tr\/en\/our-values\/\" \/>\n<meta property=\"og:locale\" content=\"en_US\" \/>\n<meta property=\"og:type\" content=\"article\" \/>\n<meta property=\"og:title\" content=\"Our Values - GENK\u0130M\" \/>\n<meta property=\"og:description\" content=\"[vc_row][vc_column][vc_empty_space][vc_column_text] RELIABLE WORK We will do the right thing. We conduct our business in accordance with the highest standards of professional conduct and ethics. We are transparent, respectful, honest and ethical in all our interactions with employees, customers, suppliers and the public. SUSTAINABLE DEVELOPMENT We care about how to work. The health and safety of&hellip;\" \/>\n<meta property=\"og:url\" content=\"https:\/\/genkim.com.tr\/en\/our-values\/\" \/>\n<meta property=\"og:site_name\" content=\"GENK\u0130M\" \/>\n<meta property=\"article:modified_time\" content=\"2021-06-13T16:22:11+00:00\" \/>\n<meta name=\"twitter:card\" content=\"summary_large_image\" \/>\n<meta name=\"twitter:label1\" content=\"Est. reading time\" \/>\n\t<meta name=\"twitter:data1\" content=\"1 minute\" \/>\n<script type=\"application\/ld+json\" class=\"yoast-schema-graph\">{\"@context\":\"https:\/\/schema.org\",\"@graph\":[{\"@type\":\"WebPage\",\"@id\":\"https:\/\/genkim.com.tr\/en\/our-values\/\",\"url\":\"https:\/\/genkim.com.tr\/en\/our-values\/\",\"name\":\"Our Values - GENK\u0130M\",\"isPartOf\":{\"@id\":\"https:\/\/genkim.com.tr\/#website\"},\"datePublished\":\"2020-03-03T21:20:52+00:00\",\"dateModified\":\"2021-06-13T16:22:11+00:00\",\"breadcrumb\":{\"@id\":\"https:\/\/genkim.com.tr\/en\/our-values\/#breadcrumb\"},\"inLanguage\":\"en-US\",\"potentialAction\":[{\"@type\":\"ReadAction\",\"target\":[\"https:\/\/genkim.com.tr\/en\/our-values\/\"]}]},{\"@type\":\"BreadcrumbList\",\"@id\":\"https:\/\/genkim.com.tr\/en\/our-values\/#breadcrumb\",\"itemListElement\":[{\"@type\":\"ListItem\",\"position\":1,\"name\":\"Anasayfa\",\"item\":\"https:\/\/genkim.com.tr\/en\/\"},{\"@type\":\"ListItem\",\"position\":2,\"name\":\"Our Values\"}]},{\"@type\":\"WebSite\",\"@id\":\"https:\/\/genkim.com.tr\/#website\",\"url\":\"https:\/\/genkim.com.tr\/\",\"name\":\"GENK\u0130M\",\"description\":\"Genel End\u00fcstriyel Kimyevi Maddeler\u0130 | Bursa\",\"potentialAction\":[{\"@type\":\"SearchAction\",\"target\":{\"@type\":\"EntryPoint\",\"urlTemplate\":\"https:\/\/genkim.com.tr\/?s={search_term_string}\"},\"query-input\":{\"@type\":\"PropertyValueSpecification\",\"valueRequired\":true,\"valueName\":\"search_term_string\"}}],\"inLanguage\":\"en-US\"}]}<\/script>\n<!-- \/ Yoast SEO plugin. -->","yoast_head_json":{"title":"Our Values - GENK\u0130M","robots":{"index":"index","follow":"follow","max-snippet":"max-snippet:-1","max-image-preview":"max-image-preview:large","max-video-preview":"max-video-preview:-1"},"canonical":"https:\/\/genkim.com.tr\/en\/our-values\/","og_locale":"en_US","og_type":"article","og_title":"Our Values - GENK\u0130M","og_description":"[vc_row][vc_column][vc_empty_space][vc_column_text] RELIABLE WORK We will do the right thing. We conduct our business in accordance with the highest standards of professional conduct and ethics. We are transparent, respectful, honest and ethical in all our interactions with employees, customers, suppliers and the public. SUSTAINABLE DEVELOPMENT We care about how to work. The health and safety of&hellip;","og_url":"https:\/\/genkim.com.tr\/en\/our-values\/","og_site_name":"GENK\u0130M","article_modified_time":"2021-06-13T16:22:11+00:00","twitter_card":"summary_large_image","twitter_misc":{"Est. reading time":"1 minute"},"schema":{"@context":"https:\/\/schema.org","@graph":[{"@type":"WebPage","@id":"https:\/\/genkim.com.tr\/en\/our-values\/","url":"https:\/\/genkim.com.tr\/en\/our-values\/","name":"Our Values - GENK\u0130M","isPartOf":{"@id":"https:\/\/genkim.com.tr\/#website"},"datePublished":"2020-03-03T21:20:52+00:00","dateModified":"2021-06-13T16:22:11+00:00","breadcrumb":{"@id":"https:\/\/genkim.com.tr\/en\/our-values\/#breadcrumb"},"inLanguage":"en-US","potentialAction":[{"@type":"ReadAction","target":["https:\/\/genkim.com.tr\/en\/our-values\/"]}]},{"@type":"BreadcrumbList","@id":"https:\/\/genkim.com.tr\/en\/our-values\/#breadcrumb","itemListElement":[{"@type":"ListItem","position":1,"name":"Anasayfa","item":"https:\/\/genkim.com.tr\/en\/"},{"@type":"ListItem","position":2,"name":"Our Values"}]},{"@type":"WebSite","@id":"https:\/\/genkim.com.tr\/#website","url":"https:\/\/genkim.com.tr\/","name":"GENK\u0130M","description":"Genel End\u00fcstriyel Kimyevi Maddeler\u0130 | Bursa","potentialAction":[{"@type":"SearchAction","target":{"@type":"EntryPoint","urlTemplate":"https:\/\/genkim.com.tr\/?s={search_term_string}"},"query-input":{"@type":"PropertyValueSpecification","valueRequired":true,"valueName":"search_term_string"}}],"inLanguage":"en-US"}]}},"_links":{"self":[{"href":"https:\/\/genkim.com.tr\/en\/wp-json\/wp\/v2\/pages\/680\/"}],"collection":[{"href":"https:\/\/genkim.com.tr\/en\/wp-json\/wp\/v2\/pages\/"}],"about":[{"href":"https:\/\/genkim.com.tr\/en\/wp-json\/wp\/v2\/types\/page\/"}],"author":[{"embeddable":true,"href":"https:\/\/genkim.com.tr\/en\/wp-json\/wp\/v2\/users\/1\/"}],"replies":[{"embeddable":true,"href":"https:\/\/genkim.com.tr\/en\/wp-json\/wp\/v2\/comments\/?post=680"}],"version-history":[{"count":2,"href":"https:\/\/genkim.com.tr\/en\/wp-json\/wp\/v2\/pages\/680\/revisions\/"}],"predecessor-version":[{"id":682,"href":"https:\/\/genkim.com.tr\/en\/wp-json\/wp\/v2\/pages\/680\/revisions\/682\/"}],"wp:attachment":[{"href":"https:\/\/genkim.com.tr\/en\/wp-json\/wp\/v2\/media\/?parent=680"}],"curies":[{"name":"wp","href":"https:\/\/api.w.org\/{rel}","templated":true}]}}