{"id":678,"date":"2020-03-03T21:18:19","date_gmt":"2020-03-03T21:18:19","guid":{"rendered":"https:\/\/genkim.com.tr\/kalite-politikasi\/"},"modified":"2021-06-30T19:12:39","modified_gmt":"2021-06-30T16:12:39","slug":"quality-policy","status":"publish","type":"page","link":"https:\/\/genkim.com.tr\/en\/quality-policy\/","title":{"rendered":"Quality Policy"},"content":{"rendered":"<div class=\"wpb-content-wrapper\"><p>[vc_row][vc_column][vc_empty_space][vc_column_text]<\/p>\n<h3>Quality Policy<\/h3>\n<ul>\n<li>To produce top class ecological products that make a difference in our country and in the World market.<\/li>\n<li>To provide satisfaction to the chaing expectations of our valued customers with dynamic staff.<\/li>\n<li>To reveal differences in R&amp;D and production processes by following technological developments.<\/li>\n<li>Establishing strong and trust-based partnerships for sustainable product quality.<\/li>\n<li>To increase the sense of ownership and professional competencies of our employees.<\/li>\n<li>To comply with legal business regulations and conditions within the scope of equality principles.<\/li>\n<li>Implementing and updating the quality management system.<\/li>\n<li>Accepting the ZDHC Manufacturing Restricted Substances List (MRSL) and in this context to guarantee our product safety by establishing sustainable, traceable and transparent management systems.<\/li>\n<\/ul>\n<p>[\/vc_column_text][\/vc_column][\/vc_row]<\/p>\n<\/div>","protected":false},"excerpt":{"rendered":"<p>[vc_row][vc_column][vc_empty_space][vc_column_text] Quality Policy To produce top class ecological products that make a difference in our country and in the World market. To provide satisfaction to the chaing expectations of our valued customers with dynamic staff. To reveal differences in R&amp;D and production processes by following technological developments. Establishing strong and trust-based partnerships for sustainable product&hellip;<\/p>\n","protected":false},"author":1,"featured_media":0,"parent":0,"menu_order":0,"comment_status":"closed","ping_status":"closed","template":"","meta":{"footnotes":""},"class_list":["post-678","page","type-page","status-publish","hentry","description-off"],"yoast_head":"<!-- This site is optimized with the Yoast SEO plugin v24.0 - https:\/\/yoast.com\/wordpress\/plugins\/seo\/ -->\n<title>Quality Policy - GENK\u0130M<\/title>\n<meta name=\"robots\" content=\"index, follow, max-snippet:-1, max-image-preview:large, max-video-preview:-1\" \/>\n<link rel=\"canonical\" href=\"https:\/\/genkim.com.tr\/en\/quality-policy\/\" \/>\n<meta property=\"og:locale\" content=\"en_US\" \/>\n<meta property=\"og:type\" content=\"article\" \/>\n<meta property=\"og:title\" content=\"Quality Policy - GENK\u0130M\" \/>\n<meta property=\"og:description\" content=\"[vc_row][vc_column][vc_empty_space][vc_column_text] Quality Policy To produce top class ecological products that make a difference in our country and in the World market. To provide satisfaction to the chaing expectations of our valued customers with dynamic staff. To reveal differences in R&amp;D and production processes by following technological developments. Establishing strong and trust-based partnerships for sustainable product&hellip;\" \/>\n<meta property=\"og:url\" content=\"https:\/\/genkim.com.tr\/en\/quality-policy\/\" \/>\n<meta property=\"og:site_name\" content=\"GENK\u0130M\" \/>\n<meta property=\"article:modified_time\" content=\"2021-06-30T16:12:39+00:00\" \/>\n<meta name=\"twitter:card\" content=\"summary_large_image\" \/>\n<meta name=\"twitter:label1\" content=\"Est. reading time\" \/>\n\t<meta name=\"twitter:data1\" content=\"1 minute\" \/>\n<script type=\"application\/ld+json\" class=\"yoast-schema-graph\">{\"@context\":\"https:\/\/schema.org\",\"@graph\":[{\"@type\":\"WebPage\",\"@id\":\"https:\/\/genkim.com.tr\/en\/quality-policy\/\",\"url\":\"https:\/\/genkim.com.tr\/en\/quality-policy\/\",\"name\":\"Quality Policy - GENK\u0130M\",\"isPartOf\":{\"@id\":\"https:\/\/genkim.com.tr\/#website\"},\"datePublished\":\"2020-03-03T21:18:19+00:00\",\"dateModified\":\"2021-06-30T16:12:39+00:00\",\"breadcrumb\":{\"@id\":\"https:\/\/genkim.com.tr\/en\/quality-policy\/#breadcrumb\"},\"inLanguage\":\"en-US\",\"potentialAction\":[{\"@type\":\"ReadAction\",\"target\":[\"https:\/\/genkim.com.tr\/en\/quality-policy\/\"]}]},{\"@type\":\"BreadcrumbList\",\"@id\":\"https:\/\/genkim.com.tr\/en\/quality-policy\/#breadcrumb\",\"itemListElement\":[{\"@type\":\"ListItem\",\"position\":1,\"name\":\"Anasayfa\",\"item\":\"https:\/\/genkim.com.tr\/en\/\"},{\"@type\":\"ListItem\",\"position\":2,\"name\":\"Quality Policy\"}]},{\"@type\":\"WebSite\",\"@id\":\"https:\/\/genkim.com.tr\/#website\",\"url\":\"https:\/\/genkim.com.tr\/\",\"name\":\"GENK\u0130M\",\"description\":\"Genel End\u00fcstriyel Kimyevi Maddeler\u0130 | Bursa\",\"potentialAction\":[{\"@type\":\"SearchAction\",\"target\":{\"@type\":\"EntryPoint\",\"urlTemplate\":\"https:\/\/genkim.com.tr\/?s={search_term_string}\"},\"query-input\":{\"@type\":\"PropertyValueSpecification\",\"valueRequired\":true,\"valueName\":\"search_term_string\"}}],\"inLanguage\":\"en-US\"}]}<\/script>\n<!-- \/ Yoast SEO plugin. -->","yoast_head_json":{"title":"Quality Policy - GENK\u0130M","robots":{"index":"index","follow":"follow","max-snippet":"max-snippet:-1","max-image-preview":"max-image-preview:large","max-video-preview":"max-video-preview:-1"},"canonical":"https:\/\/genkim.com.tr\/en\/quality-policy\/","og_locale":"en_US","og_type":"article","og_title":"Quality Policy - GENK\u0130M","og_description":"[vc_row][vc_column][vc_empty_space][vc_column_text] Quality Policy To produce top class ecological products that make a difference in our country and in the World market. To provide satisfaction to the chaing expectations of our valued customers with dynamic staff. To reveal differences in R&amp;D and production processes by following technological developments. Establishing strong and trust-based partnerships for sustainable product&hellip;","og_url":"https:\/\/genkim.com.tr\/en\/quality-policy\/","og_site_name":"GENK\u0130M","article_modified_time":"2021-06-30T16:12:39+00:00","twitter_card":"summary_large_image","twitter_misc":{"Est. reading time":"1 minute"},"schema":{"@context":"https:\/\/schema.org","@graph":[{"@type":"WebPage","@id":"https:\/\/genkim.com.tr\/en\/quality-policy\/","url":"https:\/\/genkim.com.tr\/en\/quality-policy\/","name":"Quality Policy - GENK\u0130M","isPartOf":{"@id":"https:\/\/genkim.com.tr\/#website"},"datePublished":"2020-03-03T21:18:19+00:00","dateModified":"2021-06-30T16:12:39+00:00","breadcrumb":{"@id":"https:\/\/genkim.com.tr\/en\/quality-policy\/#breadcrumb"},"inLanguage":"en-US","potentialAction":[{"@type":"ReadAction","target":["https:\/\/genkim.com.tr\/en\/quality-policy\/"]}]},{"@type":"BreadcrumbList","@id":"https:\/\/genkim.com.tr\/en\/quality-policy\/#breadcrumb","itemListElement":[{"@type":"ListItem","position":1,"name":"Anasayfa","item":"https:\/\/genkim.com.tr\/en\/"},{"@type":"ListItem","position":2,"name":"Quality Policy"}]},{"@type":"WebSite","@id":"https:\/\/genkim.com.tr\/#website","url":"https:\/\/genkim.com.tr\/","name":"GENK\u0130M","description":"Genel End\u00fcstriyel Kimyevi Maddeler\u0130 | Bursa","potentialAction":[{"@type":"SearchAction","target":{"@type":"EntryPoint","urlTemplate":"https:\/\/genkim.com.tr\/?s={search_term_string}"},"query-input":{"@type":"PropertyValueSpecification","valueRequired":true,"valueName":"search_term_string"}}],"inLanguage":"en-US"}]}},"_links":{"self":[{"href":"https:\/\/genkim.com.tr\/en\/wp-json\/wp\/v2\/pages\/678\/"}],"collection":[{"href":"https:\/\/genkim.com.tr\/en\/wp-json\/wp\/v2\/pages\/"}],"about":[{"href":"https:\/\/genkim.com.tr\/en\/wp-json\/wp\/v2\/types\/page\/"}],"author":[{"embeddable":true,"href":"https:\/\/genkim.com.tr\/en\/wp-json\/wp\/v2\/users\/1\/"}],"replies":[{"embeddable":true,"href":"https:\/\/genkim.com.tr\/en\/wp-json\/wp\/v2\/comments\/?post=678"}],"version-history":[{"count":3,"href":"https:\/\/genkim.com.tr\/en\/wp-json\/wp\/v2\/pages\/678\/revisions\/"}],"predecessor-version":[{"id":932,"href":"https:\/\/genkim.com.tr\/en\/wp-json\/wp\/v2\/pages\/678\/revisions\/932\/"}],"wp:attachment":[{"href":"https:\/\/genkim.com.tr\/en\/wp-json\/wp\/v2\/media\/?parent=678"}],"curies":[{"name":"wp","href":"https:\/\/api.w.org\/{rel}","templated":true}]}}