{"id":675,"date":"2020-03-03T17:37:48","date_gmt":"2020-03-03T17:37:48","guid":{"rendered":"https:\/\/genkim.com.tr\/hakkimizda\/"},"modified":"2021-06-13T19:10:15","modified_gmt":"2021-06-13T16:10:15","slug":"about-us","status":"publish","type":"page","link":"https:\/\/genkim.com.tr\/en\/about-us\/","title":{"rendered":"ABOUT US"},"content":{"rendered":"<div class=\"wpb-content-wrapper\"><p>[vc_row][vc_column][vc_single_image image=&#8221;56&#8243; img_size=&#8221;full&#8221;][\/vc_column][\/vc_row][vc_row][vc_column width=&#8221;1\/4&#8243;]<div class=\"ult-content-box-container \" >\t\t<div class=\"ult-content-box\" style=\"background-color:#f5f5f5;box-shadow: px px px px none;padding:20px;min-height:340px;-webkit-transition: all 700ms ease;-moz-transition: all 700ms ease;-ms-transition: all 700ms ease;-o-transition: all 700ms ease;transition: all 700ms ease;\"  data-hover_box_shadow=\"none\"     data-bg=\"#f5f5f5\" ><div class=\"stats-block stats-top  \"><div class=\"aio-icon-top\"><div class=\"ult-just-icon-wrapper  \"><div class=\"align-icon\" style=\"text-align:center;\">\n<div class=\"aio-icon-img \" style=\"font-size:80px;display:inline-block;\" >\n\t<img decoding=\"async\" class=\"img-icon\" alt=\"\" src=\"https:\/\/genkim.com.tr\/wp-content\/uploads\/2020\/03\/Layer-1.png\"\/>\n<\/div><\/div><\/div><\/div><div class=\"stats-desc\" id=\"counter-responsv-wrap-8245\"><div id=\"counter_273227879769ea09bedc4f1\" data-id=\"counter_273227879769ea09bedc4f1\"  data-ultimate-target='#counter-responsv-wrap-8245 .stats-number'  data-responsive-json-new='{\"font-size\":\"desktop:88px;\",\"line-height\":\"\"}'  class=\"stats-number ult-responsive\" style=\"  font-weight:bold;color:#e94f1b;\" data-speed=\"3\" data-counter-value=\"36\" data-separator=\",\" data-decimal=\".\">0<\/div><div id=\"counter_273227879769ea09bedc4f1\"  data-ultimate-target='#counter-responsv-wrap-8245 .stats-text'  data-responsive-json-new='{\"font-size\":\"\",\"line-height\":\"\"}'  class=\"stats-text ult-responsive\" style=\"font-size:18px;  font-weight:bold;\">Company history<\/div><\/div><\/div>\t\t<\/div><\/div>[\/vc_column][vc_column width=&#8221;1\/4&#8243;]<div class=\"ult-content-box-container \" >\t\t<div class=\"ult-content-box\" style=\"background-color:#f5f5f5;box-shadow: px px px px none;padding:20px;min-height:340px;-webkit-transition: all 700ms ease;-moz-transition: all 700ms ease;-ms-transition: all 700ms ease;-o-transition: all 700ms ease;transition: all 700ms ease;\"  data-hover_box_shadow=\"none\"     data-bg=\"#f5f5f5\" ><div class=\"stats-block stats-top  \"><div class=\"aio-icon-top\"><div class=\"ult-just-icon-wrapper  \"><div class=\"align-icon\" style=\"text-align:center;\">\n<div class=\"aio-icon-img \" style=\"font-size:80px;display:inline-block;\" >\n\t<img decoding=\"async\" class=\"img-icon\" alt=\"\" src=\"https:\/\/genkim.com.tr\/wp-content\/uploads\/2020\/03\/Layer-2.png\"\/>\n<\/div><\/div><\/div><\/div><div class=\"stats-desc\" id=\"counter-responsv-wrap-5686\"><div id=\"counter_237993628169ea09bedc7a9\" data-id=\"counter_237993628169ea09bedc7a9\"  data-ultimate-target='#counter-responsv-wrap-5686 .stats-number'  data-responsive-json-new='{\"font-size\":\"desktop:88px;\",\"line-height\":\"\"}'  class=\"stats-number ult-responsive\" style=\"  font-weight:bold;color:#e94f1b;\" data-speed=\"3\" data-counter-value=\"25\" data-separator=\",\" data-decimal=\".\">0<\/div><div id=\"counter_237993628169ea09bedc7a9\"  data-ultimate-target='#counter-responsv-wrap-5686 .stats-text'  data-responsive-json-new='{\"font-size\":\"\",\"line-height\":\"\"}'  class=\"stats-text ult-responsive\" style=\"font-size:18px;  font-weight:bold;\">Reactor and mixer<\/div><\/div><\/div>\t\t<\/div><\/div>[\/vc_column][vc_column width=&#8221;1\/4&#8243; el_class=&#8221;315&#8243;]<div class=\"ult-content-box-container \" >\t\t<div class=\"ult-content-box\" style=\"background-color:#f5f5f5;box-shadow: px px px px none;padding:20px;min-height:340px;-webkit-transition: all 700ms ease;-moz-transition: all 700ms ease;-ms-transition: all 700ms ease;-o-transition: all 700ms ease;transition: all 700ms ease;\"  data-hover_box_shadow=\"none\"     data-bg=\"#f5f5f5\" ><div class=\"stats-block stats-top  \"><div class=\"aio-icon-top\"><div class=\"ult-just-icon-wrapper  \"><div class=\"align-icon\" style=\"text-align:center;\">\n<div class=\"aio-icon-img \" style=\"font-size:80px;display:inline-block;\" >\n\t<img decoding=\"async\" class=\"img-icon\" alt=\"\" src=\"https:\/\/genkim.com.tr\/wp-content\/uploads\/2020\/03\/Layer-2-1.png\"\/>\n<\/div><\/div><\/div><\/div><div class=\"stats-desc\" id=\"counter-responsv-wrap-8125\"><div id=\"counter_380103771869ea09bedca42\" data-id=\"counter_380103771869ea09bedca42\"  data-ultimate-target='#counter-responsv-wrap-8125 .stats-number'  data-responsive-json-new='{\"font-size\":\"desktop:88px;\",\"line-height\":\"\"}'  class=\"stats-number ult-responsive\" style=\"  font-weight:bold;color:#e94f1b;\" data-speed=\"3\" data-counter-value=\"100\" data-separator=\",\" data-decimal=\".\">0<\/div><div id=\"counter_380103771869ea09bedca42\"  data-ultimate-target='#counter-responsv-wrap-8125 .stats-text'  data-responsive-json-new='{\"font-size\":\"\",\"line-height\":\"\"}'  class=\"stats-text ult-responsive\" style=\"font-size:18px;  font-weight:bold;\">More than employees<\/div><\/div><\/div>\t\t<\/div><\/div>[\/vc_column][vc_column width=&#8221;1\/4&#8243;]<div class=\"ult-content-box-container \" >\t\t<div class=\"ult-content-box\" style=\"background-color:#f5f5f5;box-shadow: px px px px none;padding-top:20px;padding-bottom:20px;min-height:340px;-webkit-transition: all 700ms ease;-moz-transition: all 700ms ease;-ms-transition: all 700ms ease;-o-transition: all 700ms ease;transition: all 700ms ease;\"  data-hover_box_shadow=\"none\"     data-bg=\"#f5f5f5\" ><div class=\"stats-block stats-top  \"><div class=\"aio-icon-top\"><div class=\"ult-just-icon-wrapper  \"><div class=\"align-icon\" style=\"text-align:center;\">\n<div class=\"aio-icon-img \" style=\"font-size:80px;display:inline-block;\" >\n\t<img decoding=\"async\" class=\"img-icon\" alt=\"\" src=\"https:\/\/genkim.com.tr\/wp-content\/uploads\/2020\/03\/Layer-3.png\"\/>\n<\/div><\/div><\/div><\/div><div class=\"stats-desc\" id=\"counter-responsv-wrap-1125\"><div id=\"counter_354166875469ea09bedccbf\" data-id=\"counter_354166875469ea09bedccbf\"  data-ultimate-target='#counter-responsv-wrap-1125 .stats-number'  data-responsive-json-new='{\"font-size\":\"desktop:88px;\",\"line-height\":\"\"}'  class=\"stats-number ult-responsive\" style=\"  font-weight:bold;color:#e94f1b;\" data-speed=\"3\" data-counter-value=\"4\" data-separator=\",\" data-decimal=\".\">0<\/div><div id=\"counter_354166875469ea09bedccbf\"  data-ultimate-target='#counter-responsv-wrap-1125 .stats-text'  data-responsive-json-new='{\"font-size\":\"\",\"line-height\":\"\"}'  class=\"stats-text ult-responsive\" style=\"font-size:18px;  font-weight:bold;\">Well equipped laboratory<\/div><\/div><\/div>\t\t<\/div><\/div>[\/vc_column][\/vc_row][vc_row][vc_column][vc_empty_space][vc_column_text]We continue to growing by adding Emulsion Polymers and Industrial Adhesives to our production, which we started with Textile Chemicals production.<\/p>\n<p>We provide services to the market due to our gained experience with our expert teams and technical infrastructure.<\/p>\n<p>With more than 100 employees, we keep the company value alive with high devotion and create ideal conditions for the benefit of our customers.<\/p>\n<p>We continue our investments without slowing down in order to significantly increase our share in the national and international chemical market.[\/vc_column_text][\/vc_column][\/vc_row]<\/p>\n<\/div>","protected":false},"excerpt":{"rendered":"<p>[vc_row][vc_column][vc_single_image image=&#8221;56&#8243; img_size=&#8221;full&#8221;][\/vc_column][\/vc_row][vc_row][vc_column width=&#8221;1\/4&#8243;][\/vc_column][vc_column width=&#8221;1\/4&#8243;][\/vc_column][vc_column width=&#8221;1\/4&#8243; el_class=&#8221;315&#8243;][\/vc_column][vc_column width=&#8221;1\/4&#8243;][\/vc_column][\/vc_row][vc_row][vc_column][vc_empty_space][vc_column_text]We continue to growing by adding Emulsion Polymers and Industrial Adhesives to our production, which we started with Textile Chemicals production. We provide services to the market due to our gained experience with our expert teams and technical infrastructure. With more than 100 employees, we keep the company&hellip;<\/p>\n","protected":false},"author":1,"featured_media":0,"parent":0,"menu_order":0,"comment_status":"closed","ping_status":"closed","template":"","meta":{"footnotes":""},"class_list":["post-675","page","type-page","status-publish","hentry","description-off"],"yoast_head":"<!-- This site is optimized with the Yoast SEO plugin v24.0 - https:\/\/yoast.com\/wordpress\/plugins\/seo\/ -->\n<title>ABOUT US - GENK\u0130M<\/title>\n<meta name=\"robots\" content=\"index, follow, max-snippet:-1, max-image-preview:large, max-video-preview:-1\" \/>\n<link rel=\"canonical\" href=\"https:\/\/genkim.com.tr\/en\/about-us\/\" \/>\n<meta property=\"og:locale\" content=\"en_US\" \/>\n<meta property=\"og:type\" content=\"article\" \/>\n<meta property=\"og:title\" content=\"ABOUT US - GENK\u0130M\" \/>\n<meta property=\"og:description\" content=\"[vc_row][vc_column][vc_single_image image=&#8221;56&#8243; img_size=&#8221;full&#8221;][\/vc_column][\/vc_row][vc_row][vc_column width=&#8221;1\/4&#8243;][\/vc_column][vc_column width=&#8221;1\/4&#8243;][\/vc_column][vc_column width=&#8221;1\/4&#8243; el_class=&#8221;315&#8243;][\/vc_column][vc_column width=&#8221;1\/4&#8243;][\/vc_column][\/vc_row][vc_row][vc_column][vc_empty_space][vc_column_text]We continue to growing by adding Emulsion Polymers and Industrial Adhesives to our production, which we started with Textile Chemicals production. We provide services to the market due to our gained experience with our expert teams and technical infrastructure. With more than 100 employees, we keep the company&hellip;\" \/>\n<meta property=\"og:url\" content=\"https:\/\/genkim.com.tr\/en\/about-us\/\" \/>\n<meta property=\"og:site_name\" content=\"GENK\u0130M\" \/>\n<meta property=\"article:modified_time\" content=\"2021-06-13T16:10:15+00:00\" \/>\n<meta name=\"twitter:card\" content=\"summary_large_image\" \/>\n<meta name=\"twitter:label1\" content=\"Est. reading time\" \/>\n\t<meta name=\"twitter:data1\" content=\"1 minute\" \/>\n<script type=\"application\/ld+json\" class=\"yoast-schema-graph\">{\"@context\":\"https:\/\/schema.org\",\"@graph\":[{\"@type\":\"WebPage\",\"@id\":\"https:\/\/genkim.com.tr\/en\/about-us\/\",\"url\":\"https:\/\/genkim.com.tr\/en\/about-us\/\",\"name\":\"ABOUT US - GENK\u0130M\",\"isPartOf\":{\"@id\":\"https:\/\/genkim.com.tr\/#website\"},\"datePublished\":\"2020-03-03T17:37:48+00:00\",\"dateModified\":\"2021-06-13T16:10:15+00:00\",\"breadcrumb\":{\"@id\":\"https:\/\/genkim.com.tr\/en\/about-us\/#breadcrumb\"},\"inLanguage\":\"en-US\",\"potentialAction\":[{\"@type\":\"ReadAction\",\"target\":[\"https:\/\/genkim.com.tr\/en\/about-us\/\"]}]},{\"@type\":\"BreadcrumbList\",\"@id\":\"https:\/\/genkim.com.tr\/en\/about-us\/#breadcrumb\",\"itemListElement\":[{\"@type\":\"ListItem\",\"position\":1,\"name\":\"Anasayfa\",\"item\":\"https:\/\/genkim.com.tr\/en\/\"},{\"@type\":\"ListItem\",\"position\":2,\"name\":\"ABOUT US\"}]},{\"@type\":\"WebSite\",\"@id\":\"https:\/\/genkim.com.tr\/#website\",\"url\":\"https:\/\/genkim.com.tr\/\",\"name\":\"GENK\u0130M\",\"description\":\"Genel End\u00fcstriyel Kimyevi Maddeler\u0130 | Bursa\",\"potentialAction\":[{\"@type\":\"SearchAction\",\"target\":{\"@type\":\"EntryPoint\",\"urlTemplate\":\"https:\/\/genkim.com.tr\/?s={search_term_string}\"},\"query-input\":{\"@type\":\"PropertyValueSpecification\",\"valueRequired\":true,\"valueName\":\"search_term_string\"}}],\"inLanguage\":\"en-US\"}]}<\/script>\n<!-- \/ Yoast SEO plugin. -->","yoast_head_json":{"title":"ABOUT US - GENK\u0130M","robots":{"index":"index","follow":"follow","max-snippet":"max-snippet:-1","max-image-preview":"max-image-preview:large","max-video-preview":"max-video-preview:-1"},"canonical":"https:\/\/genkim.com.tr\/en\/about-us\/","og_locale":"en_US","og_type":"article","og_title":"ABOUT US - GENK\u0130M","og_description":"[vc_row][vc_column][vc_single_image image=&#8221;56&#8243; img_size=&#8221;full&#8221;][\/vc_column][\/vc_row][vc_row][vc_column width=&#8221;1\/4&#8243;][\/vc_column][vc_column width=&#8221;1\/4&#8243;][\/vc_column][vc_column width=&#8221;1\/4&#8243; el_class=&#8221;315&#8243;][\/vc_column][vc_column width=&#8221;1\/4&#8243;][\/vc_column][\/vc_row][vc_row][vc_column][vc_empty_space][vc_column_text]We continue to growing by adding Emulsion Polymers and Industrial Adhesives to our production, which we started with Textile Chemicals production. We provide services to the market due to our gained experience with our expert teams and technical infrastructure. With more than 100 employees, we keep the company&hellip;","og_url":"https:\/\/genkim.com.tr\/en\/about-us\/","og_site_name":"GENK\u0130M","article_modified_time":"2021-06-13T16:10:15+00:00","twitter_card":"summary_large_image","twitter_misc":{"Est. reading time":"1 minute"},"schema":{"@context":"https:\/\/schema.org","@graph":[{"@type":"WebPage","@id":"https:\/\/genkim.com.tr\/en\/about-us\/","url":"https:\/\/genkim.com.tr\/en\/about-us\/","name":"ABOUT US - GENK\u0130M","isPartOf":{"@id":"https:\/\/genkim.com.tr\/#website"},"datePublished":"2020-03-03T17:37:48+00:00","dateModified":"2021-06-13T16:10:15+00:00","breadcrumb":{"@id":"https:\/\/genkim.com.tr\/en\/about-us\/#breadcrumb"},"inLanguage":"en-US","potentialAction":[{"@type":"ReadAction","target":["https:\/\/genkim.com.tr\/en\/about-us\/"]}]},{"@type":"BreadcrumbList","@id":"https:\/\/genkim.com.tr\/en\/about-us\/#breadcrumb","itemListElement":[{"@type":"ListItem","position":1,"name":"Anasayfa","item":"https:\/\/genkim.com.tr\/en\/"},{"@type":"ListItem","position":2,"name":"ABOUT US"}]},{"@type":"WebSite","@id":"https:\/\/genkim.com.tr\/#website","url":"https:\/\/genkim.com.tr\/","name":"GENK\u0130M","description":"Genel End\u00fcstriyel Kimyevi Maddeler\u0130 | Bursa","potentialAction":[{"@type":"SearchAction","target":{"@type":"EntryPoint","urlTemplate":"https:\/\/genkim.com.tr\/?s={search_term_string}"},"query-input":{"@type":"PropertyValueSpecification","valueRequired":true,"valueName":"search_term_string"}}],"inLanguage":"en-US"}]}},"_links":{"self":[{"href":"https:\/\/genkim.com.tr\/en\/wp-json\/wp\/v2\/pages\/675\/"}],"collection":[{"href":"https:\/\/genkim.com.tr\/en\/wp-json\/wp\/v2\/pages\/"}],"about":[{"href":"https:\/\/genkim.com.tr\/en\/wp-json\/wp\/v2\/types\/page\/"}],"author":[{"embeddable":true,"href":"https:\/\/genkim.com.tr\/en\/wp-json\/wp\/v2\/users\/1\/"}],"replies":[{"embeddable":true,"href":"https:\/\/genkim.com.tr\/en\/wp-json\/wp\/v2\/comments\/?post=675"}],"version-history":[{"count":2,"href":"https:\/\/genkim.com.tr\/en\/wp-json\/wp\/v2\/pages\/675\/revisions\/"}],"predecessor-version":[{"id":677,"href":"https:\/\/genkim.com.tr\/en\/wp-json\/wp\/v2\/pages\/675\/revisions\/677\/"}],"wp:attachment":[{"href":"https:\/\/genkim.com.tr\/en\/wp-json\/wp\/v2\/media\/?parent=675"}],"curies":[{"name":"wp","href":"https:\/\/api.w.org\/{rel}","templated":true}]}}