{"id":1131,"date":"2022-06-25T20:39:52","date_gmt":"2022-06-25T17:39:52","guid":{"rendered":"https:\/\/genkim.com.tr\/?page_id=1131"},"modified":"2022-06-25T20:39:52","modified_gmt":"2022-06-25T17:39:52","slug":"raw-materials-for-the-detergent-and-cosmetics-industry","status":"publish","type":"page","link":"https:\/\/genkim.com.tr\/en\/raw-materials-for-the-detergent-and-cosmetics-industry\/","title":{"rendered":"Raw Mater\u0131als For The Detergent And  Cosmet\u0131cs Industry"},"content":{"rendered":"<div class=\"wpb-content-wrapper\"><p>[vc_row][vc_column][vc_column_text]<\/p>\n<table class=\"t1\" style=\"width: 100%; height: 290px;\" cellspacing=\"0\" cellpadding=\"0\">\n<tbody>\n<tr style=\"height: 32px;\">\n<th class=\"td1\" style=\"width: 25.1689%; height: 32px; text-align: center;\" valign=\"middle\">\n<p class=\"p1\">Product Name<\/p>\n<\/th>\n<th class=\"td1\" style=\"width: 11.9932%; height: 32px; text-align: center;\" valign=\"middle\">\n<p class=\"p1\">Ionic Character<\/p>\n<\/th>\n<th class=\"td1\" style=\"width: 62.5%; height: 32px; text-align: center;\" valign=\"middle\">\n<p class=\"p1\">Application Field<\/p>\n<\/th>\n<\/tr>\n<tr style=\"height: 38px;\">\n<td style=\"width: 25.1689%; height: 38px;\" width=\"185\">TURQUAT AA 9.9<\/td>\n<td style=\"width: 11.9932%; height: 38px;\" width=\"155\"><\/td>\n<td style=\"width: 62.5%; height: 38px;\" width=\"920\">Vegetable based esterquat for fabric softener.<\/td>\n<\/tr>\n<tr style=\"height: 27px;\">\n<td style=\"width: 25.1689%; height: 27px;\" width=\"185\">TURKUAT AA9.1<\/td>\n<td style=\"width: 11.9932%; height: 27px;\"><\/td>\n<td style=\"width: 62.5%; height: 27px;\">Vegetable based esterquat for fabric softener.<\/td>\n<\/tr>\n<tr style=\"height: 31px;\">\n<td style=\"width: 25.1689%; height: 31px;\" width=\"185\">BUILDER SFV<\/td>\n<td style=\"width: 11.9932%; height: 31px;\"><\/td>\n<td style=\"width: 62.5%; height: 31px;\">Viscosifier and foam stabilizer for detergents and cosmetics.<\/td>\n<\/tr>\n<tr style=\"height: 33px;\">\n<td style=\"width: 25.1689%; height: 33px;\" width=\"185\">DR FOAM SGA<\/td>\n<td style=\"width: 11.9932%; height: 33px;\"><\/td>\n<td style=\"width: 62.5%; height: 33px;\">Highly effective concentrated defoamer.<\/td>\n<\/tr>\n<tr style=\"height: 43px;\">\n<td style=\"width: 25.1689%; height: 43px;\" width=\"185\">GENKIM BAC KONZ<\/td>\n<td style=\"width: 11.9932%; height: 43px;\"><\/td>\n<td style=\"width: 62.5%; height: 43px;\">Industrial use.<\/td>\n<\/tr>\n<tr style=\"height: 37px;\">\n<td style=\"width: 25.1689%; height: 37px;\" width=\"185\">GENKIM QAC KONZ<\/td>\n<td style=\"width: 11.9932%; height: 37px;\"><\/td>\n<td style=\"width: 62.5%; height: 37px;\">Industrial use.<\/td>\n<\/tr>\n<tr style=\"height: 29px;\">\n<td style=\"width: 25.1689%; height: 29px;\" width=\"185\">CAPULAN MEISTER ECOTECH 4500<\/td>\n<td style=\"width: 11.9932%; height: 29px;\"><\/td>\n<td style=\"width: 62.5%; height: 29px;\" width=\"920\">Multipurpose inhibitor for detergents.<\/td>\n<\/tr>\n<tr style=\"height: 20px;\">\n<td style=\"width: 25.1689%; height: 20px;\" width=\"185\">CAPULAN MEISTER HITECH 4000<\/td>\n<td style=\"width: 11.9932%; height: 20px;\"><\/td>\n<td style=\"width: 62.5%; height: 20px;\" width=\"920\">Multipurpose inhibitor for detergents.<\/td>\n<\/tr>\n<\/tbody>\n<\/table>\n<p>[\/vc_column_text][\/vc_column][\/vc_row]<\/p>\n<\/div>","protected":false},"excerpt":{"rendered":"<p>[vc_row][vc_column][vc_column_text] Product Name Ionic Character Application Field TURQUAT AA 9.9 Vegetable based esterquat for fabric softener. TURKUAT AA9.1 Vegetable based esterquat for fabric softener. BUILDER SFV Viscosifier and foam stabilizer for detergents and cosmetics. DR FOAM SGA Highly effective concentrated defoamer. GENKIM BAC KONZ Industrial use. GENKIM QAC KONZ Industrial use. CAPULAN MEISTER ECOTECH 4500&hellip;<\/p>\n","protected":false},"author":1,"featured_media":0,"parent":0,"menu_order":0,"comment_status":"closed","ping_status":"closed","template":"","meta":{"footnotes":""},"class_list":["post-1131","page","type-page","status-publish","hentry","description-off"],"yoast_head":"<!-- This site is optimized with the Yoast SEO plugin v24.0 - https:\/\/yoast.com\/wordpress\/plugins\/seo\/ -->\n<title>Raw Mater\u0131als For The Detergent And Cosmet\u0131cs Industry - GENK\u0130M<\/title>\n<meta name=\"robots\" content=\"index, follow, max-snippet:-1, max-image-preview:large, max-video-preview:-1\" \/>\n<link rel=\"canonical\" href=\"https:\/\/genkim.com.tr\/en\/raw-materials-for-the-detergent-and-cosmetics-industry\/\" \/>\n<meta property=\"og:locale\" content=\"en_US\" \/>\n<meta property=\"og:type\" content=\"article\" \/>\n<meta property=\"og:title\" content=\"Raw Mater\u0131als For The Detergent And Cosmet\u0131cs Industry - GENK\u0130M\" \/>\n<meta property=\"og:description\" content=\"[vc_row][vc_column][vc_column_text] Product Name Ionic Character Application Field TURQUAT AA 9.9 Vegetable based esterquat for fabric softener. TURKUAT AA9.1 Vegetable based esterquat for fabric softener. BUILDER SFV Viscosifier and foam stabilizer for detergents and cosmetics. DR FOAM SGA Highly effective concentrated defoamer. GENKIM BAC KONZ Industrial use. GENKIM QAC KONZ Industrial use. CAPULAN MEISTER ECOTECH 4500&hellip;\" \/>\n<meta property=\"og:url\" content=\"https:\/\/genkim.com.tr\/en\/raw-materials-for-the-detergent-and-cosmetics-industry\/\" \/>\n<meta property=\"og:site_name\" content=\"GENK\u0130M\" \/>\n<meta name=\"twitter:card\" content=\"summary_large_image\" \/>\n<meta name=\"twitter:label1\" content=\"Est. reading time\" \/>\n\t<meta name=\"twitter:data1\" content=\"1 minute\" \/>\n<script type=\"application\/ld+json\" class=\"yoast-schema-graph\">{\"@context\":\"https:\/\/schema.org\",\"@graph\":[{\"@type\":\"WebPage\",\"@id\":\"https:\/\/genkim.com.tr\/en\/raw-materials-for-the-detergent-and-cosmetics-industry\/\",\"url\":\"https:\/\/genkim.com.tr\/en\/raw-materials-for-the-detergent-and-cosmetics-industry\/\",\"name\":\"Raw Mater\u0131als For The Detergent And Cosmet\u0131cs Industry - GENK\u0130M\",\"isPartOf\":{\"@id\":\"https:\/\/genkim.com.tr\/#website\"},\"datePublished\":\"2022-06-25T17:39:52+00:00\",\"dateModified\":\"2022-06-25T17:39:52+00:00\",\"breadcrumb\":{\"@id\":\"https:\/\/genkim.com.tr\/en\/raw-materials-for-the-detergent-and-cosmetics-industry\/#breadcrumb\"},\"inLanguage\":\"en-US\",\"potentialAction\":[{\"@type\":\"ReadAction\",\"target\":[\"https:\/\/genkim.com.tr\/en\/raw-materials-for-the-detergent-and-cosmetics-industry\/\"]}]},{\"@type\":\"BreadcrumbList\",\"@id\":\"https:\/\/genkim.com.tr\/en\/raw-materials-for-the-detergent-and-cosmetics-industry\/#breadcrumb\",\"itemListElement\":[{\"@type\":\"ListItem\",\"position\":1,\"name\":\"Anasayfa\",\"item\":\"https:\/\/genkim.com.tr\/en\/\"},{\"@type\":\"ListItem\",\"position\":2,\"name\":\"Raw Mater\u0131als For The Detergent And Cosmet\u0131cs Industry\"}]},{\"@type\":\"WebSite\",\"@id\":\"https:\/\/genkim.com.tr\/#website\",\"url\":\"https:\/\/genkim.com.tr\/\",\"name\":\"GENK\u0130M\",\"description\":\"Genel End\u00fcstriyel Kimyevi Maddeler\u0130 | Bursa\",\"potentialAction\":[{\"@type\":\"SearchAction\",\"target\":{\"@type\":\"EntryPoint\",\"urlTemplate\":\"https:\/\/genkim.com.tr\/?s={search_term_string}\"},\"query-input\":{\"@type\":\"PropertyValueSpecification\",\"valueRequired\":true,\"valueName\":\"search_term_string\"}}],\"inLanguage\":\"en-US\"}]}<\/script>\n<!-- \/ Yoast SEO plugin. -->","yoast_head_json":{"title":"Raw Mater\u0131als For The Detergent And Cosmet\u0131cs Industry - GENK\u0130M","robots":{"index":"index","follow":"follow","max-snippet":"max-snippet:-1","max-image-preview":"max-image-preview:large","max-video-preview":"max-video-preview:-1"},"canonical":"https:\/\/genkim.com.tr\/en\/raw-materials-for-the-detergent-and-cosmetics-industry\/","og_locale":"en_US","og_type":"article","og_title":"Raw Mater\u0131als For The Detergent And Cosmet\u0131cs Industry - GENK\u0130M","og_description":"[vc_row][vc_column][vc_column_text] Product Name Ionic Character Application Field TURQUAT AA 9.9 Vegetable based esterquat for fabric softener. TURKUAT AA9.1 Vegetable based esterquat for fabric softener. BUILDER SFV Viscosifier and foam stabilizer for detergents and cosmetics. DR FOAM SGA Highly effective concentrated defoamer. GENKIM BAC KONZ Industrial use. GENKIM QAC KONZ Industrial use. CAPULAN MEISTER ECOTECH 4500&hellip;","og_url":"https:\/\/genkim.com.tr\/en\/raw-materials-for-the-detergent-and-cosmetics-industry\/","og_site_name":"GENK\u0130M","twitter_card":"summary_large_image","twitter_misc":{"Est. reading time":"1 minute"},"schema":{"@context":"https:\/\/schema.org","@graph":[{"@type":"WebPage","@id":"https:\/\/genkim.com.tr\/en\/raw-materials-for-the-detergent-and-cosmetics-industry\/","url":"https:\/\/genkim.com.tr\/en\/raw-materials-for-the-detergent-and-cosmetics-industry\/","name":"Raw Mater\u0131als For The Detergent And Cosmet\u0131cs Industry - GENK\u0130M","isPartOf":{"@id":"https:\/\/genkim.com.tr\/#website"},"datePublished":"2022-06-25T17:39:52+00:00","dateModified":"2022-06-25T17:39:52+00:00","breadcrumb":{"@id":"https:\/\/genkim.com.tr\/en\/raw-materials-for-the-detergent-and-cosmetics-industry\/#breadcrumb"},"inLanguage":"en-US","potentialAction":[{"@type":"ReadAction","target":["https:\/\/genkim.com.tr\/en\/raw-materials-for-the-detergent-and-cosmetics-industry\/"]}]},{"@type":"BreadcrumbList","@id":"https:\/\/genkim.com.tr\/en\/raw-materials-for-the-detergent-and-cosmetics-industry\/#breadcrumb","itemListElement":[{"@type":"ListItem","position":1,"name":"Anasayfa","item":"https:\/\/genkim.com.tr\/en\/"},{"@type":"ListItem","position":2,"name":"Raw Mater\u0131als For The Detergent And Cosmet\u0131cs Industry"}]},{"@type":"WebSite","@id":"https:\/\/genkim.com.tr\/#website","url":"https:\/\/genkim.com.tr\/","name":"GENK\u0130M","description":"Genel End\u00fcstriyel Kimyevi Maddeler\u0130 | Bursa","potentialAction":[{"@type":"SearchAction","target":{"@type":"EntryPoint","urlTemplate":"https:\/\/genkim.com.tr\/?s={search_term_string}"},"query-input":{"@type":"PropertyValueSpecification","valueRequired":true,"valueName":"search_term_string"}}],"inLanguage":"en-US"}]}},"_links":{"self":[{"href":"https:\/\/genkim.com.tr\/en\/wp-json\/wp\/v2\/pages\/1131\/"}],"collection":[{"href":"https:\/\/genkim.com.tr\/en\/wp-json\/wp\/v2\/pages\/"}],"about":[{"href":"https:\/\/genkim.com.tr\/en\/wp-json\/wp\/v2\/types\/page\/"}],"author":[{"embeddable":true,"href":"https:\/\/genkim.com.tr\/en\/wp-json\/wp\/v2\/users\/1\/"}],"replies":[{"embeddable":true,"href":"https:\/\/genkim.com.tr\/en\/wp-json\/wp\/v2\/comments\/?post=1131"}],"version-history":[{"count":1,"href":"https:\/\/genkim.com.tr\/en\/wp-json\/wp\/v2\/pages\/1131\/revisions\/"}],"predecessor-version":[{"id":1133,"href":"https:\/\/genkim.com.tr\/en\/wp-json\/wp\/v2\/pages\/1131\/revisions\/1133\/"}],"wp:attachment":[{"href":"https:\/\/genkim.com.tr\/en\/wp-json\/wp\/v2\/media\/?parent=1131"}],"curies":[{"name":"wp","href":"https:\/\/api.w.org\/{rel}","templated":true}]}}